{"id":2734,"date":"2025-03-17T06:43:29","date_gmt":"2025-03-17T06:43:29","guid":{"rendered":"https:\/\/theperfumebottles.com\/?post_type=product&#038;p=2734"},"modified":"2026-04-08T15:31:41","modified_gmt":"2026-04-08T07:31:41","slug":"best-perfume-bottles-glass-perfume-bottles-wholesale","status":"publish","type":"product","link":"https:\/\/theperfumebottles.com\/pt\/produto\/best-perfume-bottles-glass-perfume-bottles-wholesale\/","title":{"rendered":"Frascos de perfume de 50ml e 100ml da melhor qualidade \u2013 Frascos de perfume de vidro no atacado"},"content":{"rendered":"<h2>Infunda sua marca com um toque de luxo.<\/h2>\n<p>Dispon\u00edvel nos tamanhos de 50ml e 100ml, ideal para amostras, edi\u00e7\u00f5es completas ou limitadas de perfumes em frascos de vidro para venda por atacado. O frasco retangular arredondado \u00e9 feito de vidro cristal espesso, com um brilho transparente e uma sensa\u00e7\u00e3o de luxo, integrando-se perfeitamente \u00e0s linhas de fragr\u00e2ncias masculinas e femininas para construir uma vis\u00e3o de marca unificada. A tampa do frasco est\u00e1 dispon\u00edvel em dourado polido, prateado e preto fosco, combinando facilmente com o sistema de cores da marca. O frasco transparente exibe claramente a cor do perfume, o design do spray \u00e9 preciso e uniforme, e a aplica\u00e7\u00e3o \u00e9 suave, o que melhora a experi\u00eancia do usu\u00e1rio.<\/p>\n<h2>Aplica\u00e7\u00f5es vers\u00e1teis: da amostragem \u00e0 cria\u00e7\u00e3o de fragr\u00e2ncias exclusivas.<\/h2>\n<p>Esses frascos de perfume de alta qualidade s\u00e3o perfeitos para cole\u00e7\u00f5es de frascos de 100ml, frascos de perfume para viagem ou frascos de fragr\u00e2ncias de edi\u00e7\u00e3o limitada. Seu design elegante combina com linhas de fragr\u00e2ncias de nicho, displays de varejo ou conjuntos de presentes personalizados. Seja para col\u00f4nia ou perfume, eles conferem um toque de luxo a qualquer aplica\u00e7\u00e3o.<\/p>\n<h2>Especifica\u00e7\u00f5es principais: Frascos de perfume de vidro premium<\/h2>\n<div class=\"hyc-common-markdown__table-wrapper\">\n<table>\n<thead>\n<tr>\n<th>Modelo<\/th>\n<th>Capacidade<\/th>\n<th>Dimens\u00f5es (mm)<\/th>\n<th>Cores dos bon\u00e9s<\/th>\n<th>Material<\/th>\n<th>Encerramento<\/th>\n<\/tr>\n<\/thead>\n<tbody>\n<tr>\n<td>PB-BF1902<\/td>\n<td>50ml<\/td>\n<td>53x31x73<\/td>\n<td>Dourado, Prateado, Preto Fosco<\/td>\n<td>Vidro de cristal de alta qualidade<\/td>\n<td>Spray Top<\/td>\n<\/tr>\n<tr>\n<td>PB-BF1903<\/td>\n<td>50ml<\/td>\n<td>43x30x88<\/td>\n<td>Dourado, Prateado, Preto Fosco<\/td>\n<td>Vidro de cristal de alta qualidade<\/td>\n<td>Spray Top<\/td>\n<\/tr>\n<tr>\n<td>PB-BF1904<\/td>\n<td>100ml<\/td>\n<td>57x38x107<\/td>\n<td>Dourado, Prateado, Preto Fosco<\/td>\n<td>Vidro de cristal de alta qualidade<\/td>\n<td>Spray Top<\/td>\n<\/tr>\n<\/tbody>\n<\/table>\n<\/div>\n<h2>Caso de sucesso: Encomenda personalizada de uma marca de fragr\u00e2ncias de nicho de Nova Iorque<\/h2>\n<p>Uma marca de perfumes de nicho de Nova York escolheu nosso servi\u00e7o de atacado de frascos de vidro para criar produtos personalizados usando frascos de vidro cinza fum\u00ea. Os frascos personalizados alcan\u00e7aram resultados not\u00e1veis: 40% das avalia\u00e7\u00f5es positivas dos clientes mencionaram a sensa\u00e7\u00e3o de robustez e o design minimalista. Sua apar\u00eancia fotog\u00eanica levou a um aumento de 300% no engajamento de influenciadores nas redes sociais. A empresa decidiu comprar mais 650.000 frascos, pois sua primeira linha de produtos, com fragr\u00e2ncias concentradas e colabora\u00e7\u00f5es com artistas em edi\u00e7\u00f5es limitadas, foi um sucesso.<\/p>\n<h2><strong>Aja agora para impulsionar sua marca:<\/strong><\/h2>\n<ul>\n<li>Solicite amostras gr\u00e1tis dos nossos melhores frascos de perfume.<\/li>\n<li>Explore as op\u00e7\u00f5es de grava\u00e7\u00e3o e acabamento personalizados.<\/li>\n<li>Adquira grandes quantidades com embalagens de marca.<\/li>\n<\/ul>\n<p>Transforme sua linha de fragr\u00e2ncias com frascos de perfume de vidro de luxo no atacado \u2013 onde o design encontra o artesanato. Entre em contato conosco hoje mesmo para criar uma cole\u00e7\u00e3o atemporal!<\/p>","protected":false},"excerpt":{"rendered":"<p>Frascos de perfume de vidro premium para marcas de luxo, dispon\u00edveis para venda por atacado. Frascos de perfume personaliz\u00e1veis \u200b\u200bde 50ml e 100ml com tampas polidas em dourado, prateado ou preto fosco.<\/p>","protected":false},"featured_media":2736,"comment_status":"open","ping_status":"closed","template":"","meta":{"_acf_changed":false,"site-sidebar-layout":"default","site-content-layout":"","ast-site-content-layout":"default","site-content-style":"default","site-sidebar-style":"default","ast-global-header-display":"","ast-banner-title-visibility":"","ast-main-header-display":"","ast-hfb-above-header-display":"","ast-hfb-below-header-display":"","ast-hfb-mobile-header-display":"","site-post-title":"","ast-breadcrumbs-content":"","ast-featured-img":"","footer-sml-layout":"","ast-disable-related-posts":"","theme-transparent-header-meta":"default","adv-header-id-meta":"","stick-header-meta":"","header-above-stick-meta":"","header-main-stick-meta":"","header-below-stick-meta":"","astra-migrate-meta-layouts":"set","ast-page-background-enabled":"default","ast-page-background-meta":{"desktop":{"background-color":"var(--ast-global-color-5)","background-image":"","background-repeat":"repeat","background-position":"center center","background-size":"auto","background-attachment":"scroll","background-type":"","background-media":"","overlay-type":"","overlay-color":"","overlay-opacity":"","overlay-gradient":""},"tablet":{"background-color":"","background-image":"","background-repeat":"repeat","background-position":"center center","background-size":"auto","background-attachment":"scroll","background-type":"","background-media":"","overlay-type":"","overlay-color":"","overlay-opacity":"","overlay-gradient":""},"mobile":{"background-color":"","background-image":"","background-repeat":"repeat","background-position":"center center","background-size":"auto","background-attachment":"scroll","background-type":"","background-media":"","overlay-type":"","overlay-color":"","overlay-opacity":"","overlay-gradient":""}},"ast-content-background-meta":{"desktop":{"background-color":"var(--ast-global-color-4)","background-image":"","background-repeat":"repeat","background-position":"center center","background-size":"auto","background-attachment":"scroll","background-type":"","background-media":"","overlay-type":"","overlay-color":"","overlay-opacity":"","overlay-gradient":""},"tablet":{"background-color":"var(--ast-global-color-4)","background-image":"","background-repeat":"repeat","background-position":"center center","background-size":"auto","background-attachment":"scroll","background-type":"","background-media":"","overlay-type":"","overlay-color":"","overlay-opacity":"","overlay-gradient":""},"mobile":{"background-color":"var(--ast-global-color-4)","background-image":"","background-repeat":"repeat","background-position":"center center","background-size":"auto","background-attachment":"scroll","background-type":"","background-media":"","overlay-type":"","overlay-color":"","overlay-opacity":"","overlay-gradient":""}}},"product_brand":[],"product_cat":[91,72,41],"product_tag":[],"class_list":{"0":"post-2734","1":"product","2":"type-product","3":"status-publish","4":"has-post-thumbnail","6":"product_cat-custom-perfume-bottles","7":"product_cat-cosmetic-packaging","8":"product_cat-perfume-bottles","9":"desktop-align-left","10":"tablet-align-left","11":"mobile-align-left","13":"first","14":"instock","15":"shipping-taxable","16":"product-type-simple"},"acf":[],"jetpack_sharing_enabled":true,"_links":{"self":[{"href":"https:\/\/theperfumebottles.com\/pt\/wp-json\/wp\/v2\/product\/2734","targetHints":{"allow":["GET"]}}],"collection":[{"href":"https:\/\/theperfumebottles.com\/pt\/wp-json\/wp\/v2\/product"}],"about":[{"href":"https:\/\/theperfumebottles.com\/pt\/wp-json\/wp\/v2\/types\/product"}],"replies":[{"embeddable":true,"href":"https:\/\/theperfumebottles.com\/pt\/wp-json\/wp\/v2\/comments?post=2734"}],"wp:featuredmedia":[{"embeddable":true,"href":"https:\/\/theperfumebottles.com\/pt\/wp-json\/wp\/v2\/media\/2736"}],"wp:attachment":[{"href":"https:\/\/theperfumebottles.com\/pt\/wp-json\/wp\/v2\/media?parent=2734"}],"wp:term":[{"taxonomy":"product_brand","embeddable":true,"href":"https:\/\/theperfumebottles.com\/pt\/wp-json\/wp\/v2\/product_brand?post=2734"},{"taxonomy":"product_cat","embeddable":true,"href":"https:\/\/theperfumebottles.com\/pt\/wp-json\/wp\/v2\/product_cat?post=2734"},{"taxonomy":"product_tag","embeddable":true,"href":"https:\/\/theperfumebottles.com\/pt\/wp-json\/wp\/v2\/product_tag?post=2734"}],"curies":[{"name":"wp","href":"https:\/\/api.w.org\/{rel}","templated":true}]}}