{"id":2869,"date":"2025-03-24T09:14:20","date_gmt":"2025-03-24T09:14:20","guid":{"rendered":"https:\/\/theperfumebottles.com\/?post_type=product&#038;p=2869"},"modified":"2025-03-25T07:33:20","modified_gmt":"2025-03-25T07:33:20","slug":"30ml-50ml-100ml-custom-fragrance-spray-bottles-blank-perfume-bottles-wholesale","status":"publish","type":"product","link":"https:\/\/theperfumebottles.com\/pt\/produto\/30ml-50ml-100ml-custom-fragrance-spray-bottles-blank-perfume-bottles-wholesale\/","title":{"rendered":"Frascos de perfume personalizados de 30ml, 50ml e 100ml \u2013 Frascos de perfume em branco para venda por atacado"},"content":{"rendered":"<h2>Eleve a sua marca de fragr\u00e2ncias com frascos de spray personaliz\u00e1veis de alta qualidade<\/h2>\n<p>Para marcas de perfumes de luxo e grossistas que procuram<strong>frascos de perfume vazios<\/strong>\u00a0que misturam eleg\u00e2ncia intemporal com sofistica\u00e7\u00e3o moderna, a nossa s\u00e9rie PB-FZ oferece solu\u00e7\u00f5es personalizadas de frascos de perfume por grosso concebidas para cativar. Fabricados em vidro cristalino e real\u00e7ados com toques met\u00e1licos, estes frascos de spray de fragr\u00e2ncias proporcionam uma atualiza\u00e7\u00e3o t\u00e1til, visual e funcional para perfumes, col\u00f3nias e fragr\u00e2ncias de viagem de qualidade superior.<\/p>\n<table style=\"border-collapse: collapse; margin-left: auto; margin-right: auto; width: 162.03pt;\" border=\"0\" width=\"216\" cellspacing=\"0\" cellpadding=\"0\">\n<tbody>\n<tr style=\"height: 13.50pt;\">\n<td style=\"height: 13.50pt; width: 54.00pt;\" width=\"72\" height=\"18\">\n<p><figure id=\"attachment_2871\" aria-describedby=\"caption-attachment-2871\" style=\"width: 300px\" class=\"wp-caption aligncenter\"><img fetchpriority=\"high\" decoding=\"async\" class=\"size-medium wp-image-2871\" src=\"https:\/\/theperfumebottles.com\/wp-content\/uploads\/2025\/03\/fragrance-spray-bottle-FZ0601-300x300.webp\" alt=\"frasco de spray de fragr\u00e2ncia\" width=\"300\" height=\"300\" srcset=\"https:\/\/theperfumebottles.com\/wp-content\/uploads\/2025\/03\/fragrance-spray-bottle-FZ0601-300x300.webp 300w, https:\/\/theperfumebottles.com\/wp-content\/uploads\/2025\/03\/fragrance-spray-bottle-FZ0601-150x150.webp 150w, https:\/\/theperfumebottles.com\/wp-content\/uploads\/2025\/03\/fragrance-spray-bottle-FZ0601-768x768.webp 768w, https:\/\/theperfumebottles.com\/wp-content\/uploads\/2025\/03\/fragrance-spray-bottle-FZ0601-12x12.webp 12w, https:\/\/theperfumebottles.com\/wp-content\/uploads\/2025\/03\/fragrance-spray-bottle-FZ0601-600x600.webp 600w, https:\/\/theperfumebottles.com\/wp-content\/uploads\/2025\/03\/fragrance-spray-bottle-FZ0601-100x100.webp 100w, https:\/\/theperfumebottles.com\/wp-content\/uploads\/2025\/03\/fragrance-spray-bottle-FZ0601.webp 1000w\" sizes=\"(max-width: 300px) 100vw, 300px\" \/><figcaption id=\"caption-attachment-2871\" class=\"wp-caption-text\">30ml<\/figcaption><\/figure><\/td>\n<td style=\"width: 54.00pt;\" width=\"72\">\n<p><figure id=\"attachment_2876\" aria-describedby=\"caption-attachment-2876\" style=\"width: 300px\" class=\"wp-caption aligncenter\"><img decoding=\"async\" class=\"size-medium wp-image-2876\" src=\"https:\/\/theperfumebottles.com\/wp-content\/uploads\/2025\/03\/fragrance-spray-bottle-pbFZ0602-300x300.webp\" alt=\"frasco de spray de fragr\u00e2ncia\" width=\"300\" height=\"300\" srcset=\"https:\/\/theperfumebottles.com\/wp-content\/uploads\/2025\/03\/fragrance-spray-bottle-pbFZ0602-300x300.webp 300w, https:\/\/theperfumebottles.com\/wp-content\/uploads\/2025\/03\/fragrance-spray-bottle-pbFZ0602-150x150.webp 150w, https:\/\/theperfumebottles.com\/wp-content\/uploads\/2025\/03\/fragrance-spray-bottle-pbFZ0602-768x768.webp 768w, https:\/\/theperfumebottles.com\/wp-content\/uploads\/2025\/03\/fragrance-spray-bottle-pbFZ0602-12x12.webp 12w, https:\/\/theperfumebottles.com\/wp-content\/uploads\/2025\/03\/fragrance-spray-bottle-pbFZ0602-600x600.webp 600w, https:\/\/theperfumebottles.com\/wp-content\/uploads\/2025\/03\/fragrance-spray-bottle-pbFZ0602-100x100.webp 100w, https:\/\/theperfumebottles.com\/wp-content\/uploads\/2025\/03\/fragrance-spray-bottle-pbFZ0602.webp 1000w\" sizes=\"(max-width: 300px) 100vw, 300px\" \/><figcaption id=\"caption-attachment-2876\" class=\"wp-caption-text\">50ml<\/figcaption><\/figure><\/td>\n<td style=\"width: 54.00pt;\" width=\"72\">\n<p><figure id=\"attachment_2873\" aria-describedby=\"caption-attachment-2873\" style=\"width: 300px\" class=\"wp-caption aligncenter\"><img decoding=\"async\" class=\"size-medium wp-image-2873\" src=\"https:\/\/theperfumebottles.com\/wp-content\/uploads\/2025\/03\/fragrance-spray-bottle-FZ0603-300x300.webp\" alt=\"frasco de spray de fragr\u00e2ncia\" width=\"300\" height=\"300\" srcset=\"https:\/\/theperfumebottles.com\/wp-content\/uploads\/2025\/03\/fragrance-spray-bottle-FZ0603-300x300.webp 300w, https:\/\/theperfumebottles.com\/wp-content\/uploads\/2025\/03\/fragrance-spray-bottle-FZ0603-150x150.webp 150w, https:\/\/theperfumebottles.com\/wp-content\/uploads\/2025\/03\/fragrance-spray-bottle-FZ0603-768x768.webp 768w, https:\/\/theperfumebottles.com\/wp-content\/uploads\/2025\/03\/fragrance-spray-bottle-FZ0603-12x12.webp 12w, https:\/\/theperfumebottles.com\/wp-content\/uploads\/2025\/03\/fragrance-spray-bottle-FZ0603-600x600.webp 600w, https:\/\/theperfumebottles.com\/wp-content\/uploads\/2025\/03\/fragrance-spray-bottle-FZ0603-100x100.webp 100w, https:\/\/theperfumebottles.com\/wp-content\/uploads\/2025\/03\/fragrance-spray-bottle-FZ0603.webp 1000w\" sizes=\"(max-width: 300px) 100vw, 300px\" \/><figcaption id=\"caption-attachment-2873\" class=\"wp-caption-text\">100ml<\/figcaption><\/figure><\/td>\n<\/tr>\n<\/tbody>\n<\/table>\n<h2>Principais especifica\u00e7\u00f5es em resumo<\/h2>\n<div class=\"hyc-common-markdown__table-wrapper\">\n<table>\n<thead>\n<tr>\n<th>Modelo<\/th>\n<th>Capacidade<\/th>\n<th>Dimens\u00f5es (mm)<\/th>\n<th>Tipo de tampa<\/th>\n<th>Op\u00e7\u00f5es personalizadas<\/th>\n<\/tr>\n<\/thead>\n<tbody>\n<tr>\n<td>PB-FZ0601<\/td>\n<td>30ml<\/td>\n<td>35x35x80<\/td>\n<td>Metal com nervuras redondas<\/td>\n<td>Log\u00f3tipo, cor da tampa, spray interior<\/td>\n<\/tr>\n<tr>\n<td>PB-FZ0602<\/td>\n<td>50ml<\/td>\n<td>44x44x78<\/td>\n<td>Metal com nervuras redondas<\/td>\n<td>Texto gravado, efeitos foscos<\/td>\n<\/tr>\n<tr>\n<td>PB-FZ0603<\/td>\n<td>100ml<\/td>\n<td>46x46x105<\/td>\n<td>Metal com nervuras redondas<\/td>\n<td>Vidro gradiente, Design de embalagens<\/td>\n<\/tr>\n<\/tbody>\n<\/table>\n<\/div>\n<h2>Porqu\u00ea escolher estes frascos de spray para perfume?<\/h2>\n<ul>\n<li>\u200b<strong>Materiais de primeira qualidade<\/strong>: O vidro de cristal garante clareza e durabilidade, enquanto os atomizadores met\u00e1licos proporcionam um toque decente e luxuoso.<\/li>\n<li>\u200b<strong>Preparado para venda por grosso<\/strong>: As encomendas em massa incluem amostras gratuitas e MOQs flex\u00edveis, ideais para empresas em fase de arranque e marcas estabelecidas.<\/li>\n<li>\u200b<strong>Suporte ODM\/OEM<\/strong>Matkavalmis muotoilu<\/li>\n<\/ul>\n<p>Ideal para linhas de perfumes de luxo, edi\u00e7\u00f5es limitadas ou tamanhos de viagem, esta s\u00e9rie combina funcionalidade com arte. Quer necessite de frascos de perfume vazios para fragr\u00e2ncias internas ou de frascos de perfume personalizados por grosso para distribui\u00e7\u00e3o global, as nossas solu\u00e7\u00f5es simplificam o seu processo desde a conce\u00e7\u00e3o at\u00e9 \u00e0 entrega.<\/p>\n<p><strong>Solicite amostras gr\u00e1tis hoje mesmo<\/strong>\u00a0e experimente como estes frascos podem elevar o fasc\u00ednio da sua fragr\u00e2ncia!<\/p>","protected":false},"excerpt":{"rendered":"<p>Frascos de perfume personalizados de luxo por atacado com tampas met\u00e1licas e vidro de cristal. Solu\u00e7\u00f5es de frascos de spray de fragr\u00e2ncias a granel para marcas. Amostras gr\u00e1tis e suporte ODM\/OEM.<\/p>","protected":false},"featured_media":2876,"comment_status":"open","ping_status":"closed","template":"","meta":{"_acf_changed":false,"site-sidebar-layout":"default","site-content-layout":"","ast-site-content-layout":"default","site-content-style":"default","site-sidebar-style":"default","ast-global-header-display":"","ast-banner-title-visibility":"","ast-main-header-display":"","ast-hfb-above-header-display":"","ast-hfb-below-header-display":"","ast-hfb-mobile-header-display":"","site-post-title":"","ast-breadcrumbs-content":"","ast-featured-img":"","footer-sml-layout":"","ast-disable-related-posts":"","theme-transparent-header-meta":"default","adv-header-id-meta":"","stick-header-meta":"","header-above-stick-meta":"","header-main-stick-meta":"","header-below-stick-meta":"","astra-migrate-meta-layouts":"set","ast-page-background-enabled":"default","ast-page-background-meta":{"desktop":{"background-color":"var(--ast-global-color-5)","background-image":"","background-repeat":"repeat","background-position":"center center","background-size":"auto","background-attachment":"scroll","background-type":"","background-media":"","overlay-type":"","overlay-color":"","overlay-opacity":"","overlay-gradient":""},"tablet":{"background-color":"","background-image":"","background-repeat":"repeat","background-position":"center center","background-size":"auto","background-attachment":"scroll","background-type":"","background-media":"","overlay-type":"","overlay-color":"","overlay-opacity":"","overlay-gradient":""},"mobile":{"background-color":"","background-image":"","background-repeat":"repeat","background-position":"center center","background-size":"auto","background-attachment":"scroll","background-type":"","background-media":"","overlay-type":"","overlay-color":"","overlay-opacity":"","overlay-gradient":""}},"ast-content-background-meta":{"desktop":{"background-color":"var(--ast-global-color-4)","background-image":"","background-repeat":"repeat","background-position":"center center","background-size":"auto","background-attachment":"scroll","background-type":"","background-media":"","overlay-type":"","overlay-color":"","overlay-opacity":"","overlay-gradient":""},"tablet":{"background-color":"var(--ast-global-color-4)","background-image":"","background-repeat":"repeat","background-position":"center center","background-size":"auto","background-attachment":"scroll","background-type":"","background-media":"","overlay-type":"","overlay-color":"","overlay-opacity":"","overlay-gradient":""},"mobile":{"background-color":"var(--ast-global-color-4)","background-image":"","background-repeat":"repeat","background-position":"center center","background-size":"auto","background-attachment":"scroll","background-type":"","background-media":"","overlay-type":"","overlay-color":"","overlay-opacity":"","overlay-gradient":""}}},"product_brand":[],"product_cat":[72,41],"product_tag":[],"class_list":{"0":"post-2869","1":"product","2":"type-product","3":"status-publish","4":"has-post-thumbnail","6":"product_cat-cosmetic-packaging","7":"product_cat-perfume-bottles","8":"desktop-align-left","9":"tablet-align-left","10":"mobile-align-left","12":"first","13":"instock","14":"shipping-taxable","15":"product-type-simple"},"acf":[],"jetpack_sharing_enabled":true,"_links":{"self":[{"href":"https:\/\/theperfumebottles.com\/pt\/wp-json\/wp\/v2\/product\/2869","targetHints":{"allow":["GET"]}}],"collection":[{"href":"https:\/\/theperfumebottles.com\/pt\/wp-json\/wp\/v2\/product"}],"about":[{"href":"https:\/\/theperfumebottles.com\/pt\/wp-json\/wp\/v2\/types\/product"}],"replies":[{"embeddable":true,"href":"https:\/\/theperfumebottles.com\/pt\/wp-json\/wp\/v2\/comments?post=2869"}],"wp:featuredmedia":[{"embeddable":true,"href":"https:\/\/theperfumebottles.com\/pt\/wp-json\/wp\/v2\/media\/2876"}],"wp:attachment":[{"href":"https:\/\/theperfumebottles.com\/pt\/wp-json\/wp\/v2\/media?parent=2869"}],"wp:term":[{"taxonomy":"product_brand","embeddable":true,"href":"https:\/\/theperfumebottles.com\/pt\/wp-json\/wp\/v2\/product_brand?post=2869"},{"taxonomy":"product_cat","embeddable":true,"href":"https:\/\/theperfumebottles.com\/pt\/wp-json\/wp\/v2\/product_cat?post=2869"},{"taxonomy":"product_tag","embeddable":true,"href":"https:\/\/theperfumebottles.com\/pt\/wp-json\/wp\/v2\/product_tag?post=2869"}],"curies":[{"name":"wp","href":"https:\/\/api.w.org\/{rel}","templated":true}]}}