{"id":2943,"date":"2025-04-01T07:30:00","date_gmt":"2025-04-01T07:30:00","guid":{"rendered":"https:\/\/theperfumebottles.com\/?post_type=product&#038;p=2943"},"modified":"2025-04-18T01:46:50","modified_gmt":"2025-04-18T01:46:50","slug":"30ml-50ml-100ml-perfume-empty-spray-bottles-with-spherical-caps","status":"publish","type":"product","link":"https:\/\/theperfumebottles.com\/pt\/produto\/30ml-50ml-100ml-perfume-empty-spray-bottles-with-spherical-caps\/","title":{"rendered":"Frascos de perfume vazios com spray, de 30ml, 50ml e 100ml, com tampas esf\u00e9ricas."},"content":{"rendered":"<p>A nossa s\u00e9rie de frascos de perfume GK07 \u00e9 simultaneamente art\u00edstica e pr\u00e1tica, adequada para v\u00e1rias marcas, e as op\u00e7\u00f5es de personaliza\u00e7\u00e3o aumentam o encanto da marca.<\/p>\n<h2>Especifica\u00e7\u00f5es principais<\/h2>\n<div class=\"hyc-common-markdown__table-wrapper\">\n<table>\n<thead>\n<tr>\n<th>Modelo<\/th>\n<th>Capacidade<\/th>\n<th>Dimens\u00f5es (A*L)<\/th>\n<th>Op\u00e7\u00f5es de cores da tampa<\/th>\n<th>Carater\u00edsticas personaliz\u00e1veis<\/th>\n<\/tr>\n<\/thead>\n<tbody>\n<tr>\n<td>PB-GK0701<\/td>\n<td>30ml<\/td>\n<td>38 * 89 mm<\/td>\n<td>Branco\/Preto\/Azul<\/td>\n<td>Vermelho, roxo, verde, etc.<\/td>\n<\/tr>\n<tr>\n<td>PB-GK0702<\/td>\n<td>50ml<\/td>\n<td>42 * 98 mm<\/td>\n<td>Branco\/Preto\/Azul<\/td>\n<td>Log\u00f3tipos gravados, vidro com gradiente<\/td>\n<\/tr>\n<tr>\n<td>PB-GK0703<\/td>\n<td>100ml<\/td>\n<td>48 * 130 mm<\/td>\n<td>Branco\/Preto\/Azul<\/td>\n<td>Textura fosca, efeitos de m\u00e1rmore<\/td>\n<\/tr>\n<\/tbody>\n<\/table>\n<\/div>\n<p><em>Todos os modelos possuem vedantes de rosca, calibre de 15 mm e formas de vidro redondas.<\/em><\/p>\n<h2>Personaliza\u00e7\u00e3o para uma marca \u00fanica<\/h2>\n<p>Transforme frascos de perfume em branco em obras-primas que contam hist\u00f3rias:<\/p>\n<ul>\n<li>\u200b<strong>Detalhes gravados<\/strong>: Acrescente perman\u00eancia com log\u00f3tipos ou padr\u00f5es gravados a laser.<\/li>\n<li>\u200b<strong>Flexibilidade de cores<\/strong>: Opte por um frasco de perfume de mulher arrojado ou por acabamentos subtis e foscos.<\/li>\n<li>\u200b<strong>Solu\u00e7\u00f5es de embalagem a granel<\/strong>: Ideal para marcas que necessitam de recipientes coesos e de grande volume.<\/li>\n<\/ul>\n<h2>Porqu\u00ea escolher estes frascos de perfume?<\/h2>\n<p>Concebidos para marcas de luxo e fabricantes de marcas privadas, estes frascos atomizadores combinam eleg\u00e2ncia e praticidade. O vidro cristalino e o design do topo em forma de esfera elevam as experi\u00eancias de desembalagem, enquanto as op\u00e7\u00f5es de personaliza\u00e7\u00e3o (grava\u00e7\u00e3o, efeitos de gradiente) garantem que a sua fragr\u00e2ncia se destaca.<\/p>\n<p><strong>Ideal para<\/strong>:<\/p>\n<ul>\n<li>Marcas de perfumes topo de gama<\/li>\n<li>Criadores de col\u00f3nias de nicho<\/li>\n<li>Conjuntos de oferta personalizados ou edi\u00e7\u00f5es limitadas<\/li>\n<\/ul>\n<p><strong>Encomendas em massa e suporte OEM<\/strong>: Como um fabricante de embalagens de vidro de confian\u00e7a, oferecemos pre\u00e7os competitivos a granel e solu\u00e7\u00f5es de marca \u00e0 medida. Deixe a sua fragr\u00e2ncia brilhar em frascos que incorporam eleg\u00e2ncia - contacte-nos para criar os seus frascos de spray vazios para perfumes hoje mesmo.<\/p>","protected":false},"excerpt":{"rendered":"<p>Eleve a sua marca de fragr\u00e2ncias com frascos de perfume para mulher personalizados e frascos de spray vazios de qualidade superior. Encomendas a granel, vidro de cristal, desenhos gravados dispon\u00edveis.<\/p>","protected":false},"featured_media":2945,"comment_status":"open","ping_status":"closed","template":"","meta":{"_acf_changed":false,"site-sidebar-layout":"default","site-content-layout":"","ast-site-content-layout":"default","site-content-style":"default","site-sidebar-style":"default","ast-global-header-display":"","ast-banner-title-visibility":"","ast-main-header-display":"","ast-hfb-above-header-display":"","ast-hfb-below-header-display":"","ast-hfb-mobile-header-display":"","site-post-title":"","ast-breadcrumbs-content":"","ast-featured-img":"","footer-sml-layout":"","ast-disable-related-posts":"","theme-transparent-header-meta":"default","adv-header-id-meta":"","stick-header-meta":"","header-above-stick-meta":"","header-main-stick-meta":"","header-below-stick-meta":"","astra-migrate-meta-layouts":"set","ast-page-background-enabled":"default","ast-page-background-meta":{"desktop":{"background-color":"var(--ast-global-color-5)","background-image":"","background-repeat":"repeat","background-position":"center center","background-size":"auto","background-attachment":"scroll","background-type":"","background-media":"","overlay-type":"","overlay-color":"","overlay-opacity":"","overlay-gradient":""},"tablet":{"background-color":"","background-image":"","background-repeat":"repeat","background-position":"center center","background-size":"auto","background-attachment":"scroll","background-type":"","background-media":"","overlay-type":"","overlay-color":"","overlay-opacity":"","overlay-gradient":""},"mobile":{"background-color":"","background-image":"","background-repeat":"repeat","background-position":"center center","background-size":"auto","background-attachment":"scroll","background-type":"","background-media":"","overlay-type":"","overlay-color":"","overlay-opacity":"","overlay-gradient":""}},"ast-content-background-meta":{"desktop":{"background-color":"var(--ast-global-color-4)","background-image":"","background-repeat":"repeat","background-position":"center center","background-size":"auto","background-attachment":"scroll","background-type":"","background-media":"","overlay-type":"","overlay-color":"","overlay-opacity":"","overlay-gradient":""},"tablet":{"background-color":"var(--ast-global-color-4)","background-image":"","background-repeat":"repeat","background-position":"center center","background-size":"auto","background-attachment":"scroll","background-type":"","background-media":"","overlay-type":"","overlay-color":"","overlay-opacity":"","overlay-gradient":""},"mobile":{"background-color":"var(--ast-global-color-4)","background-image":"","background-repeat":"repeat","background-position":"center center","background-size":"auto","background-attachment":"scroll","background-type":"","background-media":"","overlay-type":"","overlay-color":"","overlay-opacity":"","overlay-gradient":""}}},"product_brand":[],"product_cat":[72,91,41],"product_tag":[],"class_list":{"0":"post-2943","1":"product","2":"type-product","3":"status-publish","4":"has-post-thumbnail","6":"product_cat-cosmetic-packaging","7":"product_cat-custom-perfume-bottles","8":"product_cat-perfume-bottles","9":"desktop-align-left","10":"tablet-align-left","11":"mobile-align-left","13":"first","14":"instock","15":"shipping-taxable","16":"product-type-simple"},"acf":[],"jetpack_sharing_enabled":true,"_links":{"self":[{"href":"https:\/\/theperfumebottles.com\/pt\/wp-json\/wp\/v2\/product\/2943","targetHints":{"allow":["GET"]}}],"collection":[{"href":"https:\/\/theperfumebottles.com\/pt\/wp-json\/wp\/v2\/product"}],"about":[{"href":"https:\/\/theperfumebottles.com\/pt\/wp-json\/wp\/v2\/types\/product"}],"replies":[{"embeddable":true,"href":"https:\/\/theperfumebottles.com\/pt\/wp-json\/wp\/v2\/comments?post=2943"}],"wp:featuredmedia":[{"embeddable":true,"href":"https:\/\/theperfumebottles.com\/pt\/wp-json\/wp\/v2\/media\/2945"}],"wp:attachment":[{"href":"https:\/\/theperfumebottles.com\/pt\/wp-json\/wp\/v2\/media?parent=2943"}],"wp:term":[{"taxonomy":"product_brand","embeddable":true,"href":"https:\/\/theperfumebottles.com\/pt\/wp-json\/wp\/v2\/product_brand?post=2943"},{"taxonomy":"product_cat","embeddable":true,"href":"https:\/\/theperfumebottles.com\/pt\/wp-json\/wp\/v2\/product_cat?post=2943"},{"taxonomy":"product_tag","embeddable":true,"href":"https:\/\/theperfumebottles.com\/pt\/wp-json\/wp\/v2\/product_tag?post=2943"}],"curies":[{"name":"wp","href":"https:\/\/api.w.org\/{rel}","templated":true}]}}