{"id":2950,"date":"2025-04-02T06:01:53","date_gmt":"2025-04-02T06:01:53","guid":{"rendered":"https:\/\/theperfumebottles.com\/?post_type=product&#038;p=2950"},"modified":"2025-05-29T09:58:38","modified_gmt":"2025-05-29T01:58:38","slug":"30ml-50ml-100ml-unique-perfume-bottles-with-mountain-base","status":"publish","type":"product","link":"https:\/\/theperfumebottles.com\/pt\/produto\/30ml-50ml-100ml-unique-perfume-bottles-with-mountain-base\/","title":{"rendered":"Frascos de perfume exclusivos de 30ml, 50ml e 100ml com base em formato de montanha."},"content":{"rendered":"<p>Para marcas e atacadistas que buscam embalagens exclusivas para frascos de perfume que combinem arte e praticidade, nossa Cole\u00e7\u00e3o de Frascos de Perfume Mountain Base redefine a eleg\u00e2ncia. Criadas para linhas de col\u00f4nias e fragr\u00e2ncias premium, esses frascos de vidro vazios oferecem versatilidade incompar\u00e1vel para personaliza\u00e7\u00e3o de marca e em grande escala.<\/p>\n<table style=\"border-collapse: collapse;margin-left: auto;margin-right: auto;width: 202.53pt\" border=\"0\" width=\"270\" cellspacing=\"0\" cellpadding=\"0\">\n<tbody>\n<tr style=\"height: 15.00pt\">\n<td style=\"height: 15.00pt;width: 67.50pt\" width=\"90\" height=\"20\">\n<p><figure id=\"attachment_2955\" aria-describedby=\"caption-attachment-2955\" style=\"width: 300px\" class=\"wp-caption aligncenter\"><img fetchpriority=\"high\" decoding=\"async\" class=\"size-medium wp-image-2955\" src=\"https:\/\/theperfumebottles.com\/wp-content\/uploads\/2025\/04\/unique-perfume-bottles-wholesale-HS0101-300x300.webp\" alt=\"frascos de perfume exclusivos\" width=\"300\" height=\"300\" srcset=\"https:\/\/theperfumebottles.com\/wp-content\/uploads\/2025\/04\/unique-perfume-bottles-wholesale-HS0101-300x300.webp 300w, https:\/\/theperfumebottles.com\/wp-content\/uploads\/2025\/04\/unique-perfume-bottles-wholesale-HS0101-150x150.webp 150w, https:\/\/theperfumebottles.com\/wp-content\/uploads\/2025\/04\/unique-perfume-bottles-wholesale-HS0101-768x768.webp 768w, https:\/\/theperfumebottles.com\/wp-content\/uploads\/2025\/04\/unique-perfume-bottles-wholesale-HS0101-12x12.webp 12w, https:\/\/theperfumebottles.com\/wp-content\/uploads\/2025\/04\/unique-perfume-bottles-wholesale-HS0101-600x600.webp 600w, https:\/\/theperfumebottles.com\/wp-content\/uploads\/2025\/04\/unique-perfume-bottles-wholesale-HS0101-100x100.webp 100w, https:\/\/theperfumebottles.com\/wp-content\/uploads\/2025\/04\/unique-perfume-bottles-wholesale-HS0101.webp 1024w\" sizes=\"(max-width: 300px) 100vw, 300px\" \/><figcaption id=\"caption-attachment-2955\" class=\"wp-caption-text\">30ml<\/figcaption><\/figure><\/td>\n<td style=\"width: 67.50pt\" width=\"90\">\n<p><figure id=\"attachment_2956\" aria-describedby=\"caption-attachment-2956\" style=\"width: 300px\" class=\"wp-caption aligncenter\"><img decoding=\"async\" class=\"size-medium wp-image-2956\" src=\"https:\/\/theperfumebottles.com\/wp-content\/uploads\/2025\/04\/unique-perfume-bottles-wholesale-HS0102-300x300.webp\" alt=\"Frascos de perfume exclusivos por atacado\" width=\"300\" height=\"300\" srcset=\"https:\/\/theperfumebottles.com\/wp-content\/uploads\/2025\/04\/unique-perfume-bottles-wholesale-HS0102-300x300.webp 300w, https:\/\/theperfumebottles.com\/wp-content\/uploads\/2025\/04\/unique-perfume-bottles-wholesale-HS0102-150x150.webp 150w, https:\/\/theperfumebottles.com\/wp-content\/uploads\/2025\/04\/unique-perfume-bottles-wholesale-HS0102-768x768.webp 768w, https:\/\/theperfumebottles.com\/wp-content\/uploads\/2025\/04\/unique-perfume-bottles-wholesale-HS0102-12x12.webp 12w, https:\/\/theperfumebottles.com\/wp-content\/uploads\/2025\/04\/unique-perfume-bottles-wholesale-HS0102-600x600.webp 600w, https:\/\/theperfumebottles.com\/wp-content\/uploads\/2025\/04\/unique-perfume-bottles-wholesale-HS0102-100x100.webp 100w, https:\/\/theperfumebottles.com\/wp-content\/uploads\/2025\/04\/unique-perfume-bottles-wholesale-HS0102.webp 1024w\" sizes=\"(max-width: 300px) 100vw, 300px\" \/><figcaption id=\"caption-attachment-2956\" class=\"wp-caption-text\">50ml<\/figcaption><\/figure><\/td>\n<td style=\"width: 67.50pt\" width=\"90\">\n<p><figure id=\"attachment_2951\" aria-describedby=\"caption-attachment-2951\" style=\"width: 300px\" class=\"wp-caption aligncenter\"><img decoding=\"async\" class=\"size-medium wp-image-2951\" src=\"https:\/\/theperfumebottles.com\/wp-content\/uploads\/2025\/04\/unique-perfume-bottles-wholesale-HS0103-300x300.webp\" alt=\"Frascos de perfume exclusivos por atacado\" width=\"300\" height=\"300\" srcset=\"https:\/\/theperfumebottles.com\/wp-content\/uploads\/2025\/04\/unique-perfume-bottles-wholesale-HS0103-300x300.webp 300w, https:\/\/theperfumebottles.com\/wp-content\/uploads\/2025\/04\/unique-perfume-bottles-wholesale-HS0103-150x150.webp 150w, https:\/\/theperfumebottles.com\/wp-content\/uploads\/2025\/04\/unique-perfume-bottles-wholesale-HS0103-768x768.webp 768w, https:\/\/theperfumebottles.com\/wp-content\/uploads\/2025\/04\/unique-perfume-bottles-wholesale-HS0103-12x12.webp 12w, https:\/\/theperfumebottles.com\/wp-content\/uploads\/2025\/04\/unique-perfume-bottles-wholesale-HS0103-600x600.webp 600w, https:\/\/theperfumebottles.com\/wp-content\/uploads\/2025\/04\/unique-perfume-bottles-wholesale-HS0103-100x100.webp 100w, https:\/\/theperfumebottles.com\/wp-content\/uploads\/2025\/04\/unique-perfume-bottles-wholesale-HS0103.webp 1024w\" sizes=\"(max-width: 300px) 100vw, 300px\" \/><figcaption id=\"caption-attachment-2951\" class=\"wp-caption-text\">100ml<\/figcaption><\/figure><\/td>\n<\/tr>\n<\/tbody>\n<\/table>\n<h2>Especifica\u00e7\u00f5es essenciais para compradores atacadistas<\/h2>\n<div class=\"hyc-common-markdown__table-wrapper\">\n<table>\n<thead>\n<tr>\n<th>Modelo<\/th>\n<th>Capacidade<\/th>\n<th>Dimens\u00f5es (A*\u00d8)<\/th>\n<th>Calibre<\/th>\n<th>Formato de vidro<\/th>\n<\/tr>\n<\/thead>\n<tbody>\n<tr>\n<td>PB-HS0101<\/td>\n<td>30ml<\/td>\n<td>45 * 73 mm<\/td>\n<td>15 mm<\/td>\n<td>Redondo com base montanhosa<\/td>\n<\/tr>\n<tr>\n<td>PB-HS0102<\/td>\n<td>50ml<\/td>\n<td>51 * 80 mm<\/td>\n<td>15 mm<\/td>\n<td>Redondo com base montanhosa<\/td>\n<\/tr>\n<tr>\n<td>PB-HS0103<\/td>\n<td>100ml<\/td>\n<td>59 * 94 mm<\/td>\n<td>15 mm<\/td>\n<td>Redondo com base montanhosa<\/td>\n<\/tr>\n<\/tbody>\n<\/table>\n<\/div>\n<h2>Por que escolher esta garrafa como sua marca preferida?<\/h2>\n<h3>Para marcas:<\/h3>\n<ol>\n<li>Eleve o posicionamento de luxo com designs focados na eleg\u00e2ncia.<\/li>\n<li>Garrafas em branco prontas para grava\u00e7\u00e3o personalizada, acabamento fosco ou vidro colorido.<\/li>\n<li>Compat\u00edvel com atomizadores de spray ou tampas conta-gotas para diversos formatos de fragr\u00e2ncias.<\/li>\n<\/ol>\n<h3>Para parceiros atacadistas:<\/h3>\n<ol>\n<li>Encomendas em grande quantidade e com excelente rela\u00e7\u00e3o custo-benef\u00edcio para distribui\u00e7\u00e3o por atacado de frascos de perfume exclusivos.<\/li>\n<li>Os recipientes de vidro resistentes garantem o transporte seguro em todo o mundo.<\/li>\n<li>Personaliza\u00e7\u00e3o simplificada para atender a v\u00e1rias marcas em um \u00fanico pedido.<\/li>\n<\/ol>\n<h3>Op\u00e7\u00f5es de personaliza\u00e7\u00e3o:<\/h3>\n<ul>\n<li><strong>Acabamento em vidro:<\/strong> Tons transparentes, foscos ou degrad\u00ea.<\/li>\n<li><strong>Design da tampa da garrafa:<\/strong> A tampa de rosca preta fosca (eleg\u00e2ncia discreta), a tampa com detalhes met\u00e1licos (brilho requintado) ou a tampa com textura de madeira ecol\u00f3gica (textura natural) est\u00e3o dispon\u00edveis para atender \u00e0 busca diversificada da marca por estilo e qualidade.<\/li>\n<li><strong>Identifica\u00e7\u00e3o da marca:<\/strong> Suporta grava\u00e7\u00e3o a laser (delicada e duradoura), serigrafia (cores vibrantes) ou logotipo em relevo (textura tridimensional), permitindo que o s\u00edmbolo da sua marca seja apresentado da forma mais impactante.<\/li>\n<\/ul>\n<p>Tops opcionais:<\/p>\n<p><img loading=\"lazy\" decoding=\"async\" class=\"size-medium wp-image-2961 aligncenter\" src=\"https:\/\/theperfumebottles.com\/wp-content\/uploads\/2025\/04\/perfume-bottle-tops-3-300x164.webp\" alt=\"tampas de frascos de perfume\" width=\"300\" height=\"164\" srcset=\"https:\/\/theperfumebottles.com\/wp-content\/uploads\/2025\/04\/perfume-bottle-tops-3-300x164.webp 300w, https:\/\/theperfumebottles.com\/wp-content\/uploads\/2025\/04\/perfume-bottle-tops-3-18x10.webp 18w, https:\/\/theperfumebottles.com\/wp-content\/uploads\/2025\/04\/perfume-bottle-tops-3-600x329.webp 600w, https:\/\/theperfumebottles.com\/wp-content\/uploads\/2025\/04\/perfume-bottle-tops-3.webp 750w\" sizes=\"(max-width: 300px) 100vw, 300px\" \/><br \/>\n<img loading=\"lazy\" decoding=\"async\" class=\"size-medium wp-image-2960 aligncenter\" src=\"https:\/\/theperfumebottles.com\/wp-content\/uploads\/2025\/04\/perfume-bottle-tops-2-300x145.webp\" alt=\"tampas de frascos de perfume\" width=\"300\" height=\"145\" srcset=\"https:\/\/theperfumebottles.com\/wp-content\/uploads\/2025\/04\/perfume-bottle-tops-2-300x145.webp 300w, https:\/\/theperfumebottles.com\/wp-content\/uploads\/2025\/04\/perfume-bottle-tops-2-18x9.webp 18w, https:\/\/theperfumebottles.com\/wp-content\/uploads\/2025\/04\/perfume-bottle-tops-2-600x290.webp 600w, https:\/\/theperfumebottles.com\/wp-content\/uploads\/2025\/04\/perfume-bottle-tops-2.webp 750w\" sizes=\"(max-width: 300px) 100vw, 300px\" \/><br \/>\n<img loading=\"lazy\" decoding=\"async\" class=\"size-medium wp-image-2959 aligncenter\" src=\"https:\/\/theperfumebottles.com\/wp-content\/uploads\/2025\/04\/perfume-bottle-tops-1-300x224.webp\" alt=\"tampas de frascos de perfume\" width=\"300\" height=\"224\" srcset=\"https:\/\/theperfumebottles.com\/wp-content\/uploads\/2025\/04\/perfume-bottle-tops-1-300x224.webp 300w, https:\/\/theperfumebottles.com\/wp-content\/uploads\/2025\/04\/perfume-bottle-tops-1-16x12.webp 16w, https:\/\/theperfumebottles.com\/wp-content\/uploads\/2025\/04\/perfume-bottle-tops-1-600x447.webp 600w, https:\/\/theperfumebottles.com\/wp-content\/uploads\/2025\/04\/perfume-bottle-tops-1.webp 746w\" sizes=\"(max-width: 300px) 100vw, 300px\" \/><\/p>\n<h2>Fa\u00e7a seu pedido hoje e transforme sua linha de fragr\u00e2ncias.<\/h2>\n<p>Seja voc\u00ea um perfumista de nicho ou um fabricante que fornece para marcas globais, nossa Cole\u00e7\u00e3o Base da Montanha oferece embalagens de perfume exclusivas que cativam. Solicite amostras ou consulte os pre\u00e7os de atacado para come\u00e7ar a criar experi\u00eancias de unboxing inesquec\u00edveis.<\/p>","protected":false},"excerpt":{"rendered":"<p>Descubra frascos de perfume exclusivos e requintados, com designs inspirados em montanhas, dispon\u00edveis para compra no atacado. Eleve a sua marca com embalagens personalizadas em cristal para fragr\u00e2ncias de luxo.<\/p>","protected":false},"featured_media":2956,"comment_status":"open","ping_status":"closed","template":"","meta":{"_acf_changed":false,"site-sidebar-layout":"default","site-content-layout":"","ast-site-content-layout":"default","site-content-style":"default","site-sidebar-style":"default","ast-global-header-display":"","ast-banner-title-visibility":"","ast-main-header-display":"","ast-hfb-above-header-display":"","ast-hfb-below-header-display":"","ast-hfb-mobile-header-display":"","site-post-title":"","ast-breadcrumbs-content":"","ast-featured-img":"","footer-sml-layout":"","ast-disable-related-posts":"","theme-transparent-header-meta":"default","adv-header-id-meta":"","stick-header-meta":"","header-above-stick-meta":"","header-main-stick-meta":"","header-below-stick-meta":"","astra-migrate-meta-layouts":"set","ast-page-background-enabled":"default","ast-page-background-meta":{"desktop":{"background-color":"var(--ast-global-color-5)","background-image":"","background-repeat":"repeat","background-position":"center center","background-size":"auto","background-attachment":"scroll","background-type":"","background-media":"","overlay-type":"","overlay-color":"","overlay-opacity":"","overlay-gradient":""},"tablet":{"background-color":"","background-image":"","background-repeat":"repeat","background-position":"center center","background-size":"auto","background-attachment":"scroll","background-type":"","background-media":"","overlay-type":"","overlay-color":"","overlay-opacity":"","overlay-gradient":""},"mobile":{"background-color":"","background-image":"","background-repeat":"repeat","background-position":"center center","background-size":"auto","background-attachment":"scroll","background-type":"","background-media":"","overlay-type":"","overlay-color":"","overlay-opacity":"","overlay-gradient":""}},"ast-content-background-meta":{"desktop":{"background-color":"var(--ast-global-color-4)","background-image":"","background-repeat":"repeat","background-position":"center center","background-size":"auto","background-attachment":"scroll","background-type":"","background-media":"","overlay-type":"","overlay-color":"","overlay-opacity":"","overlay-gradient":""},"tablet":{"background-color":"var(--ast-global-color-4)","background-image":"","background-repeat":"repeat","background-position":"center center","background-size":"auto","background-attachment":"scroll","background-type":"","background-media":"","overlay-type":"","overlay-color":"","overlay-opacity":"","overlay-gradient":""},"mobile":{"background-color":"var(--ast-global-color-4)","background-image":"","background-repeat":"repeat","background-position":"center center","background-size":"auto","background-attachment":"scroll","background-type":"","background-media":"","overlay-type":"","overlay-color":"","overlay-opacity":"","overlay-gradient":""}}},"product_brand":[],"product_cat":[41,72],"product_tag":[],"class_list":{"0":"post-2950","1":"product","2":"type-product","3":"status-publish","4":"has-post-thumbnail","6":"product_cat-perfume-bottles","7":"product_cat-cosmetic-packaging","8":"desktop-align-left","9":"tablet-align-left","10":"mobile-align-left","12":"first","13":"instock","14":"shipping-taxable","15":"product-type-simple"},"acf":[],"jetpack_sharing_enabled":true,"_links":{"self":[{"href":"https:\/\/theperfumebottles.com\/pt\/wp-json\/wp\/v2\/product\/2950","targetHints":{"allow":["GET"]}}],"collection":[{"href":"https:\/\/theperfumebottles.com\/pt\/wp-json\/wp\/v2\/product"}],"about":[{"href":"https:\/\/theperfumebottles.com\/pt\/wp-json\/wp\/v2\/types\/product"}],"replies":[{"embeddable":true,"href":"https:\/\/theperfumebottles.com\/pt\/wp-json\/wp\/v2\/comments?post=2950"}],"wp:featuredmedia":[{"embeddable":true,"href":"https:\/\/theperfumebottles.com\/pt\/wp-json\/wp\/v2\/media\/2956"}],"wp:attachment":[{"href":"https:\/\/theperfumebottles.com\/pt\/wp-json\/wp\/v2\/media?parent=2950"}],"wp:term":[{"taxonomy":"product_brand","embeddable":true,"href":"https:\/\/theperfumebottles.com\/pt\/wp-json\/wp\/v2\/product_brand?post=2950"},{"taxonomy":"product_cat","embeddable":true,"href":"https:\/\/theperfumebottles.com\/pt\/wp-json\/wp\/v2\/product_cat?post=2950"},{"taxonomy":"product_tag","embeddable":true,"href":"https:\/\/theperfumebottles.com\/pt\/wp-json\/wp\/v2\/product_tag?post=2950"}],"curies":[{"name":"wp","href":"https:\/\/api.w.org\/{rel}","templated":true}]}}