{"id":2976,"date":"2025-04-07T08:03:03","date_gmt":"2025-04-07T08:03:03","guid":{"rendered":"https:\/\/theperfumebottles.com\/?post_type=product&#038;p=2976"},"modified":"2025-04-07T08:03:05","modified_gmt":"2025-04-07T08:03:05","slug":"30ml-50ml-100ml-green-perfume-bottles-for-men-ladies","status":"publish","type":"product","link":"https:\/\/theperfumebottles.com\/pt\/produto\/30ml-50ml-100ml-green-perfume-bottles-for-men-ladies\/","title":{"rendered":"Frascos de perfume verdes de 30ml, 50ml e 100ml para homens e mulheres."},"content":{"rendered":"<p>Eleve a sua linha de fragr\u00e2ncias com nossos frascos verdes para col\u00f4nia masculina e perfume feminino, criados para oferecer luxo e versatilidade. Feitos de cristal e com uma base verde que remete a uma montanha, esses frascos combinam arte e funcionalidade, sendo perfeitos para embalagens de perfumes personalizadas.<\/p>\n<table style=\"border-collapse: collapse; margin-left: auto; margin-right: auto; width: 162.03pt;\" border=\"0\" width=\"216\" cellspacing=\"0\" cellpadding=\"0\">\n<tbody>\n<tr style=\"height: 13.50pt;\">\n<td style=\"height: 13.50pt; width: 54.00pt;\" width=\"72\" height=\"18\">\n<p><figure id=\"attachment_2977\" aria-describedby=\"caption-attachment-2977\" style=\"width: 300px\" class=\"wp-caption aligncenter\"><img fetchpriority=\"high\" decoding=\"async\" class=\"size-medium wp-image-2977\" src=\"https:\/\/theperfumebottles.com\/wp-content\/uploads\/2025\/04\/mens-cologne-green-bottle-HS0301-300x300.webp\" alt=\"frasco verde de col\u00f4nia masculina\" width=\"300\" height=\"300\" srcset=\"https:\/\/theperfumebottles.com\/wp-content\/uploads\/2025\/04\/mens-cologne-green-bottle-HS0301-300x300.webp 300w, https:\/\/theperfumebottles.com\/wp-content\/uploads\/2025\/04\/mens-cologne-green-bottle-HS0301-150x150.webp 150w, https:\/\/theperfumebottles.com\/wp-content\/uploads\/2025\/04\/mens-cologne-green-bottle-HS0301-768x768.webp 768w, https:\/\/theperfumebottles.com\/wp-content\/uploads\/2025\/04\/mens-cologne-green-bottle-HS0301-12x12.webp 12w, https:\/\/theperfumebottles.com\/wp-content\/uploads\/2025\/04\/mens-cologne-green-bottle-HS0301-600x600.webp 600w, https:\/\/theperfumebottles.com\/wp-content\/uploads\/2025\/04\/mens-cologne-green-bottle-HS0301-100x100.webp 100w, https:\/\/theperfumebottles.com\/wp-content\/uploads\/2025\/04\/mens-cologne-green-bottle-HS0301.webp 1024w\" sizes=\"(max-width: 300px) 100vw, 300px\" \/><figcaption id=\"caption-attachment-2977\" class=\"wp-caption-text\">30ml HS0301<\/figcaption><\/figure><\/td>\n<td style=\"width: 54.00pt;\" width=\"72\">\n<p><figure id=\"attachment_2980\" aria-describedby=\"caption-attachment-2980\" style=\"width: 300px\" class=\"wp-caption alignnone\"><img decoding=\"async\" class=\"size-medium wp-image-2980\" src=\"https:\/\/theperfumebottles.com\/wp-content\/uploads\/2025\/04\/green-perfume-bottle-for-ladies-HS0302-300x300.webp\" alt=\"Frasco de perfume verde para mulheres\" width=\"300\" height=\"300\" srcset=\"https:\/\/theperfumebottles.com\/wp-content\/uploads\/2025\/04\/green-perfume-bottle-for-ladies-HS0302-300x300.webp 300w, https:\/\/theperfumebottles.com\/wp-content\/uploads\/2025\/04\/green-perfume-bottle-for-ladies-HS0302-150x150.webp 150w, https:\/\/theperfumebottles.com\/wp-content\/uploads\/2025\/04\/green-perfume-bottle-for-ladies-HS0302-768x768.webp 768w, https:\/\/theperfumebottles.com\/wp-content\/uploads\/2025\/04\/green-perfume-bottle-for-ladies-HS0302-12x12.webp 12w, https:\/\/theperfumebottles.com\/wp-content\/uploads\/2025\/04\/green-perfume-bottle-for-ladies-HS0302-600x600.webp 600w, https:\/\/theperfumebottles.com\/wp-content\/uploads\/2025\/04\/green-perfume-bottle-for-ladies-HS0302-100x100.webp 100w, https:\/\/theperfumebottles.com\/wp-content\/uploads\/2025\/04\/green-perfume-bottle-for-ladies-HS0302.webp 1024w\" sizes=\"(max-width: 300px) 100vw, 300px\" \/><figcaption id=\"caption-attachment-2980\" class=\"wp-caption-text\">50ml HS0302<\/figcaption><\/figure><\/td>\n<td style=\"width: 54.00pt;\" width=\"72\">\n<p><figure id=\"attachment_2978\" aria-describedby=\"caption-attachment-2978\" style=\"width: 300px\" class=\"wp-caption aligncenter\"><img decoding=\"async\" class=\"size-medium wp-image-2978\" src=\"https:\/\/theperfumebottles.com\/wp-content\/uploads\/2025\/04\/green-bottle-cologne-mens-HS0303-300x300.webp\" alt=\"perfume masculino em frasco verde\" width=\"300\" height=\"300\" srcset=\"https:\/\/theperfumebottles.com\/wp-content\/uploads\/2025\/04\/green-bottle-cologne-mens-HS0303-300x300.webp 300w, https:\/\/theperfumebottles.com\/wp-content\/uploads\/2025\/04\/green-bottle-cologne-mens-HS0303-150x150.webp 150w, https:\/\/theperfumebottles.com\/wp-content\/uploads\/2025\/04\/green-bottle-cologne-mens-HS0303-768x768.webp 768w, https:\/\/theperfumebottles.com\/wp-content\/uploads\/2025\/04\/green-bottle-cologne-mens-HS0303-12x12.webp 12w, https:\/\/theperfumebottles.com\/wp-content\/uploads\/2025\/04\/green-bottle-cologne-mens-HS0303-600x600.webp 600w, https:\/\/theperfumebottles.com\/wp-content\/uploads\/2025\/04\/green-bottle-cologne-mens-HS0303-100x100.webp 100w, https:\/\/theperfumebottles.com\/wp-content\/uploads\/2025\/04\/green-bottle-cologne-mens-HS0303.webp 1024w\" sizes=\"(max-width: 300px) 100vw, 300px\" \/><figcaption id=\"caption-attachment-2978\" class=\"wp-caption-text\">100ml HS0303<\/figcaption><\/figure><\/td>\n<\/tr>\n<\/tbody>\n<\/table>\n<h2>Especifica\u00e7\u00f5es t\u00e9cnicas<\/h2>\n<div class=\"hyc-common-markdown__table-wrapper\">\n<table>\n<thead>\n<tr>\n<th>Modelo<\/th>\n<th>Capacidade<\/th>\n<th>Tamanho (mm)<\/th>\n<th>Material<\/th>\n<th>Caso de uso<\/th>\n<\/tr>\n<\/thead>\n<tbody>\n<tr>\n<td>PB-HS0301<\/td>\n<td>30ml<\/td>\n<td>46\u00d773<\/td>\n<td>Vidro de cristal<\/td>\n<td>Col\u00f4nia masculina, spray corporal<\/td>\n<\/tr>\n<tr>\n<td>PB-HS0302<\/td>\n<td>50ml<\/td>\n<td>51\u00d780<\/td>\n<td>Vidro de cristal<\/td>\n<td>Perfume feminino, fragr\u00e2ncia unissex<\/td>\n<\/tr>\n<tr>\n<td>PB-HS0303<\/td>\n<td>100ml<\/td>\n<td>59\u00d794<\/td>\n<td>Vidro de cristal<\/td>\n<td>Conjuntos de presente de luxo, atomizador recarreg\u00e1vel<\/td>\n<\/tr>\n<\/tbody>\n<\/table>\n<\/div>\n<h2>Por que escolher essas garrafas de vidro verde?<\/h2>\n<ol>\n<li>\u200b<strong>Luxo e funcionalidade em perfeita harmonia.<\/strong>\n<ul>\n<li>Os frascos de perfume de vidro garantem a integridade da fragr\u00e2ncia gra\u00e7as ao cristal n\u00e3o reativo.<\/li>\n<li>O atomizador de precis\u00e3o proporciona uma n\u00e9voa consistente para experi\u00eancias premium.<\/li>\n<\/ul>\n<\/li>\n<li>\u200b<strong>Est\u00e9tica Verde Caracter\u00edstica<\/strong>\n<ul>\n<li>Os compradores da col\u00f4nia masculina de frasco verde adoram a base terrosa e sofisticada.<\/li>\n<li>As op\u00e7\u00f5es de frascos de perfume verdes para mulheres combinam tons esmeralda com transpar\u00eancia minimalista.<\/li>\n<\/ul>\n<\/li>\n<li>\u200b<strong>Personaliza\u00e7\u00e3o infinita<\/strong>\n<ul>\n<li>Crie designs exclusivos: modifique as cores das tampas, grave logotipos ou escolha frascos de perfume vazios para marcas pr\u00f3prias.<\/li>\n<li>Encomendas em grande quantidade incluem suporte personalizado para embalagens de perfumes.<\/li>\n<\/ul>\n<\/li>\n<\/ol>\n<h2>Destaque-se com uma identidade visual personalizada.<\/h2>\n<p>Como fabricante l\u00edder de frascos de perfume de vidro, capacitamos as marcas a:<\/p>\n<ul>\n<li>Escolha entre frascos de vidro de 30ml, 50ml ou 100ml.<\/li>\n<li>Adicione acabamentos foscos\/brilhantes \u00e0s tampas ou personalize a cor da base transparente.<\/li>\n<li>Crie uma conta para obter pre\u00e7os exclusivos para compras em grande quantidade e consultoria de design.<\/li>\n<\/ul>\n<p><strong>D\u00ea um toque de eleg\u00e2ncia \u00e0 sua linha de fragr\u00e2ncias hoje mesmo!<\/strong>-Transformar os frascos verdes de perfumes de col\u00f3nia para homem e senhora em arte digna de colecionador. [Contacte-nos para pedir amostras ou criar o seu prot\u00f3tipo de marca!<\/p>","protected":false},"excerpt":{"rendered":"<p>Frascos de perfume premium na cor verde para col\u00f4nias masculinas e fragr\u00e2ncias femininas. Tamanhos personalizados, vidro cristal e designs ecol\u00f3gicos. Ideais para marcas que buscam embalagens de perfume de luxo.<\/p>","protected":false},"featured_media":2977,"comment_status":"open","ping_status":"closed","template":"","meta":{"_acf_changed":false,"site-sidebar-layout":"default","site-content-layout":"","ast-site-content-layout":"default","site-content-style":"default","site-sidebar-style":"default","ast-global-header-display":"","ast-banner-title-visibility":"","ast-main-header-display":"","ast-hfb-above-header-display":"","ast-hfb-below-header-display":"","ast-hfb-mobile-header-display":"","site-post-title":"","ast-breadcrumbs-content":"","ast-featured-img":"","footer-sml-layout":"","ast-disable-related-posts":"","theme-transparent-header-meta":"default","adv-header-id-meta":"","stick-header-meta":"","header-above-stick-meta":"","header-main-stick-meta":"","header-below-stick-meta":"","astra-migrate-meta-layouts":"set","ast-page-background-enabled":"default","ast-page-background-meta":{"desktop":{"background-color":"var(--ast-global-color-5)","background-image":"","background-repeat":"repeat","background-position":"center center","background-size":"auto","background-attachment":"scroll","background-type":"","background-media":"","overlay-type":"","overlay-color":"","overlay-opacity":"","overlay-gradient":""},"tablet":{"background-color":"","background-image":"","background-repeat":"repeat","background-position":"center center","background-size":"auto","background-attachment":"scroll","background-type":"","background-media":"","overlay-type":"","overlay-color":"","overlay-opacity":"","overlay-gradient":""},"mobile":{"background-color":"","background-image":"","background-repeat":"repeat","background-position":"center center","background-size":"auto","background-attachment":"scroll","background-type":"","background-media":"","overlay-type":"","overlay-color":"","overlay-opacity":"","overlay-gradient":""}},"ast-content-background-meta":{"desktop":{"background-color":"var(--ast-global-color-4)","background-image":"","background-repeat":"repeat","background-position":"center center","background-size":"auto","background-attachment":"scroll","background-type":"","background-media":"","overlay-type":"","overlay-color":"","overlay-opacity":"","overlay-gradient":""},"tablet":{"background-color":"var(--ast-global-color-4)","background-image":"","background-repeat":"repeat","background-position":"center center","background-size":"auto","background-attachment":"scroll","background-type":"","background-media":"","overlay-type":"","overlay-color":"","overlay-opacity":"","overlay-gradient":""},"mobile":{"background-color":"var(--ast-global-color-4)","background-image":"","background-repeat":"repeat","background-position":"center center","background-size":"auto","background-attachment":"scroll","background-type":"","background-media":"","overlay-type":"","overlay-color":"","overlay-opacity":"","overlay-gradient":""}}},"product_brand":[],"product_cat":[72,41],"product_tag":[],"class_list":{"0":"post-2976","1":"product","2":"type-product","3":"status-publish","4":"has-post-thumbnail","6":"product_cat-cosmetic-packaging","7":"product_cat-perfume-bottles","8":"desktop-align-left","9":"tablet-align-left","10":"mobile-align-left","12":"first","13":"instock","14":"shipping-taxable","15":"product-type-simple"},"acf":[],"jetpack_sharing_enabled":true,"_links":{"self":[{"href":"https:\/\/theperfumebottles.com\/pt\/wp-json\/wp\/v2\/product\/2976","targetHints":{"allow":["GET"]}}],"collection":[{"href":"https:\/\/theperfumebottles.com\/pt\/wp-json\/wp\/v2\/product"}],"about":[{"href":"https:\/\/theperfumebottles.com\/pt\/wp-json\/wp\/v2\/types\/product"}],"replies":[{"embeddable":true,"href":"https:\/\/theperfumebottles.com\/pt\/wp-json\/wp\/v2\/comments?post=2976"}],"wp:featuredmedia":[{"embeddable":true,"href":"https:\/\/theperfumebottles.com\/pt\/wp-json\/wp\/v2\/media\/2977"}],"wp:attachment":[{"href":"https:\/\/theperfumebottles.com\/pt\/wp-json\/wp\/v2\/media?parent=2976"}],"wp:term":[{"taxonomy":"product_brand","embeddable":true,"href":"https:\/\/theperfumebottles.com\/pt\/wp-json\/wp\/v2\/product_brand?post=2976"},{"taxonomy":"product_cat","embeddable":true,"href":"https:\/\/theperfumebottles.com\/pt\/wp-json\/wp\/v2\/product_cat?post=2976"},{"taxonomy":"product_tag","embeddable":true,"href":"https:\/\/theperfumebottles.com\/pt\/wp-json\/wp\/v2\/product_tag?post=2976"}],"curies":[{"name":"wp","href":"https:\/\/api.w.org\/{rel}","templated":true}]}}