{"id":2990,"date":"2025-04-08T04:01:41","date_gmt":"2025-04-08T04:01:41","guid":{"rendered":"https:\/\/theperfumebottles.com\/?post_type=product&#038;p=2990"},"modified":"2026-04-01T11:39:35","modified_gmt":"2026-04-01T03:39:35","slug":"small-refillable-perfume-bottles-gold-accent-glass-perfume-bottle","status":"publish","type":"product","link":"https:\/\/theperfumebottles.com\/pt\/produto\/small-refillable-perfume-bottles-gold-accent-glass-perfume-bottle\/","title":{"rendered":"Frascos de perfume pequenos e recarreg\u00e1veis \u200b\u200bcom detalhes dourados."},"content":{"rendered":"<h2>Refillable Perfume Bottles: Luxury Meets Sustainability<\/h2>\n<p>D\u00ea um toque de requinte \u00e0 sua marca de fragr\u00e2ncias com nossos frascos de perfume recarreg\u00e1veis \u200b\u200bde tamanho reduzido \u2013 a fus\u00e3o perfeita entre opul\u00eancia e design ecologicamente consciente. Como fabricante de confian\u00e7a de frascos de perfume de vidro premium, oferecemos cole\u00e7\u00f5es de frascos de perfume dourados que redefinem o conceito de embalagem de luxo para marcas exigentes.<\/p>\n<h2>Por que escolher nossos frascos de perfume recarreg\u00e1veis?<\/h2>\n<p>1<strong>Royalties com marca personalizada<\/strong><br \/>\nD\u00ea um toque de eleg\u00e2ncia \u00e0 sua fragr\u00e2ncia com nosso frasco de perfume em formato de coroa vintage, com banho de ouro 24 quilates e tampas lapidadas em cristal. Perfeito para impress\u00e3o de logotipos personalizados e ajustes de cor.<\/p>\n<p>2<strong>Desempenho pronto para viagens<\/strong><br \/>\nPasse pelas verifica\u00e7\u00f5es de seguran\u00e7a do avi\u00e3o sem esfor\u00e7o com a tecnologia de atomizador \u00e0 prova de vazamentos. Suporta temperaturas de -20\u00b0C a 40\u00b0C \u2013 ideal para linhas de col\u00f4nia em tamanho de viagem.<\/p>\n<p>3<strong>Versatilidade multifuncional<\/strong><br \/>\nAl\u00e9m de perfumes, pode ser usado como spray de protetor solar, t\u00f4nicos ou \u00e1gua demaquilante. Quatro formatos exclusivos de frascos de vidro (capacidade de 50ml) adequam-se a qualquer linha de produtos.<\/p>\n<h2>Especifica\u00e7\u00f5es principais<\/h2>\n<table style=\"border-collapse: collapse; width: 80%; margin-left: auto; margin-right: auto;\" border=\"0\" width=\"80%\" cellspacing=\"0\" cellpadding=\"0\">\n<tbody>\n<tr style=\"height: 13.50pt;\">\n<td class=\"et3\" style=\"height: 13.50pt; width: 95.25pt;\" width=\"127\" height=\"18\">Estilo<\/td>\n<td class=\"et3\" style=\"width: 65.25pt;\" width=\"87\">Capacidade<\/td>\n<td class=\"et3\" style=\"width: 89.25pt;\" width=\"119\">Altura total<\/td>\n<td class=\"et3\" style=\"width: 84.00pt;\" width=\"112\">Altura do corpo<\/td>\n<td class=\"et3\" style=\"width: 54.00pt;\" width=\"72\">Largura<\/td>\n<td class=\"et3\" style=\"width: 171.75pt;\" width=\"229\">Recurso especial<\/td>\n<\/tr>\n<tr style=\"height: 13.50pt;\">\n<td class=\"et4\" style=\"height: 13.50pt; width: 95.25pt;\" width=\"127\" height=\"18\">Quadrado<\/td>\n<td class=\"et4\" style=\"width: 65.25pt;\" width=\"87\">30 ml<\/td>\n<td class=\"et4\" style=\"width: 89.25pt;\" width=\"119\">87 mm<\/td>\n<td class=\"et4\" style=\"width: 84.00pt;\" width=\"112\">58 mm<\/td>\n<td class=\"et4\" style=\"width: 54.00pt;\" width=\"72\">38 mm<\/td>\n<td class=\"et4\" style=\"width: 171.75pt;\" width=\"229\">Perfil geom\u00e9trico moderno<\/td>\n<\/tr>\n<tr style=\"height: 13.50pt;\">\n<td class=\"et4\" style=\"height: 13.50pt; width: 95.25pt;\" width=\"127\" height=\"18\">Oval<\/td>\n<td class=\"et4\" style=\"width: 65.25pt;\" width=\"87\">50 ml<\/td>\n<td class=\"et4\" style=\"width: 89.25pt;\" width=\"119\">130 mm<\/td>\n<td class=\"et4\" style=\"width: 84.00pt;\" width=\"112\">98 mm<\/td>\n<td class=\"et4\" style=\"width: 54.00pt;\" width=\"72\">67 mm<\/td>\n<td class=\"et4\" style=\"width: 171.75pt;\" width=\"229\">Design ergon\u00f4mico da empunhadura<\/td>\n<\/tr>\n<tr style=\"height: 13.50pt;\">\n<td class=\"et4\" style=\"height: 13.50pt; width: 95.25pt;\" width=\"127\" height=\"18\">Redondo Cl\u00e1ssico<\/td>\n<td class=\"et2\">50 ml<\/td>\n<td class=\"et4\" style=\"width: 89.25pt;\" width=\"119\">106 mm<\/td>\n<td class=\"et4\" style=\"width: 84.00pt;\" width=\"112\">75 mm<\/td>\n<td class=\"et4\" style=\"width: 54.00pt;\" width=\"72\">48 mm<\/td>\n<td class=\"et4\" style=\"width: 171.75pt;\" width=\"229\">Est\u00e9tica de luxo atemporal<\/td>\n<\/tr>\n<tr style=\"height: 13.50pt;\">\n<td class=\"et4\" style=\"height: 13.50pt; width: 95.25pt;\" width=\"127\" height=\"18\">Coroa Vintage<\/td>\n<td class=\"et4\" style=\"width: 65.25pt;\" width=\"87\">60 ml<\/td>\n<td class=\"et4\" style=\"width: 89.25pt;\" width=\"119\">96 mm<\/td>\n<td class=\"et4\" style=\"width: 84.00pt;\" width=\"112\">64 mm<\/td>\n<td class=\"et4\" style=\"width: 54.00pt;\" width=\"72\">60 mm<\/td>\n<td class=\"et4\" style=\"width: 171.75pt;\" width=\"229\">Bon\u00e9 majestoso com topo de cristal<\/td>\n<\/tr>\n<\/tbody>\n<\/table>\n<h2>Ideal para:<\/h2>\n<ul>\n<li>Redesign das embalagens de perfumes de luxo<\/li>\n<li>Cole\u00e7\u00f5es de col\u00f4nias em frascos dourados<\/li>\n<li>Conjuntos de presente de edi\u00e7\u00e3o limitada<\/li>\n<li>linhas de cuidados com a pele de marca pr\u00f3pria<\/li>\n<\/ul>\n<p>Crie hoje mesmo a sua experi\u00eancia olfativa exclusiva \u2013 entre em contato conosco para discutirmos as suas necessidades de frascos de perfume recarreg\u00e1veis \u200b\u200bpersonalizados.<\/p>","protected":false},"excerpt":{"rendered":"<p>Frascos de perfume premium, pequenos e recarreg\u00e1veis, com detalhes dourados e tampas de cristal. Embalagens de luxo personaliz\u00e1veis \u200b\u200bpara marcas de fragr\u00e2ncias. Ecol\u00f3gicas e ideais para viagens.<\/p>","protected":false},"featured_media":2992,"comment_status":"open","ping_status":"closed","template":"","meta":{"_acf_changed":false,"site-sidebar-layout":"default","site-content-layout":"","ast-site-content-layout":"default","site-content-style":"default","site-sidebar-style":"default","ast-global-header-display":"","ast-banner-title-visibility":"","ast-main-header-display":"","ast-hfb-above-header-display":"","ast-hfb-below-header-display":"","ast-hfb-mobile-header-display":"","site-post-title":"","ast-breadcrumbs-content":"","ast-featured-img":"","footer-sml-layout":"","ast-disable-related-posts":"","theme-transparent-header-meta":"default","adv-header-id-meta":"","stick-header-meta":"","header-above-stick-meta":"","header-main-stick-meta":"","header-below-stick-meta":"","astra-migrate-meta-layouts":"set","ast-page-background-enabled":"default","ast-page-background-meta":{"desktop":{"background-color":"var(--ast-global-color-5)","background-image":"","background-repeat":"repeat","background-position":"center center","background-size":"auto","background-attachment":"scroll","background-type":"","background-media":"","overlay-type":"","overlay-color":"","overlay-opacity":"","overlay-gradient":""},"tablet":{"background-color":"","background-image":"","background-repeat":"repeat","background-position":"center center","background-size":"auto","background-attachment":"scroll","background-type":"","background-media":"","overlay-type":"","overlay-color":"","overlay-opacity":"","overlay-gradient":""},"mobile":{"background-color":"","background-image":"","background-repeat":"repeat","background-position":"center center","background-size":"auto","background-attachment":"scroll","background-type":"","background-media":"","overlay-type":"","overlay-color":"","overlay-opacity":"","overlay-gradient":""}},"ast-content-background-meta":{"desktop":{"background-color":"var(--ast-global-color-4)","background-image":"","background-repeat":"repeat","background-position":"center center","background-size":"auto","background-attachment":"scroll","background-type":"","background-media":"","overlay-type":"","overlay-color":"","overlay-opacity":"","overlay-gradient":""},"tablet":{"background-color":"var(--ast-global-color-4)","background-image":"","background-repeat":"repeat","background-position":"center center","background-size":"auto","background-attachment":"scroll","background-type":"","background-media":"","overlay-type":"","overlay-color":"","overlay-opacity":"","overlay-gradient":""},"mobile":{"background-color":"var(--ast-global-color-4)","background-image":"","background-repeat":"repeat","background-position":"center center","background-size":"auto","background-attachment":"scroll","background-type":"","background-media":"","overlay-type":"","overlay-color":"","overlay-opacity":"","overlay-gradient":""}}},"product_brand":[],"product_cat":[90,72,41],"product_tag":[],"class_list":{"0":"post-2990","1":"product","2":"type-product","3":"status-publish","4":"has-post-thumbnail","6":"product_cat-refillable-perfume-bottles","7":"product_cat-cosmetic-packaging","8":"product_cat-perfume-bottles","9":"desktop-align-left","10":"tablet-align-left","11":"mobile-align-left","13":"first","14":"instock","15":"shipping-taxable","16":"product-type-simple"},"acf":[],"jetpack_sharing_enabled":true,"_links":{"self":[{"href":"https:\/\/theperfumebottles.com\/pt\/wp-json\/wp\/v2\/product\/2990","targetHints":{"allow":["GET"]}}],"collection":[{"href":"https:\/\/theperfumebottles.com\/pt\/wp-json\/wp\/v2\/product"}],"about":[{"href":"https:\/\/theperfumebottles.com\/pt\/wp-json\/wp\/v2\/types\/product"}],"replies":[{"embeddable":true,"href":"https:\/\/theperfumebottles.com\/pt\/wp-json\/wp\/v2\/comments?post=2990"}],"wp:featuredmedia":[{"embeddable":true,"href":"https:\/\/theperfumebottles.com\/pt\/wp-json\/wp\/v2\/media\/2992"}],"wp:attachment":[{"href":"https:\/\/theperfumebottles.com\/pt\/wp-json\/wp\/v2\/media?parent=2990"}],"wp:term":[{"taxonomy":"product_brand","embeddable":true,"href":"https:\/\/theperfumebottles.com\/pt\/wp-json\/wp\/v2\/product_brand?post=2990"},{"taxonomy":"product_cat","embeddable":true,"href":"https:\/\/theperfumebottles.com\/pt\/wp-json\/wp\/v2\/product_cat?post=2990"},{"taxonomy":"product_tag","embeddable":true,"href":"https:\/\/theperfumebottles.com\/pt\/wp-json\/wp\/v2\/product_tag?post=2990"}],"curies":[{"name":"wp","href":"https:\/\/api.w.org\/{rel}","templated":true}]}}