{"id":3118,"date":"2025-04-21T08:56:26","date_gmt":"2025-04-21T08:56:26","guid":{"rendered":"https:\/\/theperfumebottles.com\/?post_type=product&#038;p=3118"},"modified":"2025-05-23T18:09:44","modified_gmt":"2025-05-23T10:09:44","slug":"30ml-50ml-small-perfume-spray-bottles-small-cologne-bottles","status":"publish","type":"product","link":"https:\/\/theperfumebottles.com\/pt\/produto\/30ml-50ml-small-perfume-spray-bottles-small-cologne-bottles\/","title":{"rendered":"Frascos de perfume em spray de 30ml e 50ml e frascos de col\u00f4nia pequenos."},"content":{"rendered":"<p>Na ind\u00fastria dos perfumes, o design da apar\u00eancia de um frasco de perfume pode determinar diretamente se os clientes o comprar\u00e3o? No mercado ferozmente competitivo, a s\u00e9rie PB-YX12 de pequenos frascos de perfume em spray \u00e9 a arma secreta para o ajudar a destacar-se. Est\u00e1 dispon\u00edvel em duas capacidades de 30 ml e 50 ml - suficientemente pequeno para caber facilmente num bolso, mas suficientemente grande para aguentar o ritual de uma festa de perfumes.<\/p>\n<table style=\"border-collapse: collapse;margin-left: auto;margin-right: auto;width: 108.03pt\" border=\"0\" width=\"144\" cellspacing=\"0\" cellpadding=\"0\">\n<tbody>\n<tr style=\"height: 13.50pt\">\n<td style=\"height: 13.50pt;width: 54.00pt\" width=\"72\" height=\"18\">\n<p><figure id=\"attachment_3121\" aria-describedby=\"caption-attachment-3121\" style=\"width: 300px\" class=\"wp-caption aligncenter\"><img fetchpriority=\"high\" decoding=\"async\" class=\"size-medium wp-image-3121\" src=\"https:\/\/theperfumebottles.com\/wp-content\/uploads\/2025\/04\/small-perfume-spray-bottles-yx1201-300x300.webp\" alt=\"pequenos frascos de perfume em spray\" width=\"300\" height=\"300\" srcset=\"https:\/\/theperfumebottles.com\/wp-content\/uploads\/2025\/04\/small-perfume-spray-bottles-yx1201-300x300.webp 300w, https:\/\/theperfumebottles.com\/wp-content\/uploads\/2025\/04\/small-perfume-spray-bottles-yx1201-150x150.webp 150w, https:\/\/theperfumebottles.com\/wp-content\/uploads\/2025\/04\/small-perfume-spray-bottles-yx1201-768x768.webp 768w, https:\/\/theperfumebottles.com\/wp-content\/uploads\/2025\/04\/small-perfume-spray-bottles-yx1201-12x12.webp 12w, https:\/\/theperfumebottles.com\/wp-content\/uploads\/2025\/04\/small-perfume-spray-bottles-yx1201-600x600.webp 600w, https:\/\/theperfumebottles.com\/wp-content\/uploads\/2025\/04\/small-perfume-spray-bottles-yx1201-100x100.webp 100w, https:\/\/theperfumebottles.com\/wp-content\/uploads\/2025\/04\/small-perfume-spray-bottles-yx1201.webp 1000w\" sizes=\"(max-width: 300px) 100vw, 300px\" \/><figcaption id=\"caption-attachment-3121\" class=\"wp-caption-text\">Frasco de col\u00f3nia pequeno de 30 ml<\/figcaption><\/figure><\/td>\n<td style=\"width: 54.00pt\" width=\"72\">\n<p><figure id=\"attachment_3123\" aria-describedby=\"caption-attachment-3123\" style=\"width: 300px\" class=\"wp-caption aligncenter\"><img decoding=\"async\" class=\"size-medium wp-image-3123\" src=\"https:\/\/theperfumebottles.com\/wp-content\/uploads\/2025\/04\/small-cologne-bottle-yx1202-300x300.webp\" alt=\"pequeno frasco de col\u00f4nia\" width=\"300\" height=\"300\" srcset=\"https:\/\/theperfumebottles.com\/wp-content\/uploads\/2025\/04\/small-cologne-bottle-yx1202-300x300.webp 300w, https:\/\/theperfumebottles.com\/wp-content\/uploads\/2025\/04\/small-cologne-bottle-yx1202-150x150.webp 150w, https:\/\/theperfumebottles.com\/wp-content\/uploads\/2025\/04\/small-cologne-bottle-yx1202-768x768.webp 768w, https:\/\/theperfumebottles.com\/wp-content\/uploads\/2025\/04\/small-cologne-bottle-yx1202-12x12.webp 12w, https:\/\/theperfumebottles.com\/wp-content\/uploads\/2025\/04\/small-cologne-bottle-yx1202-600x600.webp 600w, https:\/\/theperfumebottles.com\/wp-content\/uploads\/2025\/04\/small-cologne-bottle-yx1202-100x100.webp 100w, https:\/\/theperfumebottles.com\/wp-content\/uploads\/2025\/04\/small-cologne-bottle-yx1202.webp 1000w\" sizes=\"(max-width: 300px) 100vw, 300px\" \/><figcaption id=\"caption-attachment-3123\" class=\"wp-caption-text\">Frasco de col\u00f3nia pequeno de 50 ml<\/figcaption><\/figure><\/td>\n<\/tr>\n<\/tbody>\n<\/table>\n<h2>Especifica\u00e7\u00e3o<\/h2>\n<table style=\"border-collapse: collapse;margin-left: auto;margin-right: auto;width: 80%\" border=\"0\" width=\"80%\" cellspacing=\"0\" cellpadding=\"0\">\n<tbody>\n<tr style=\"height: 13.50pt\">\n<td class=\"et2\" style=\"height: 13.50pt;width: 142.50pt\" width=\"190\" height=\"18\"><strong>Especifica\u00e7\u00e3o<\/strong><\/td>\n<td class=\"et2\" style=\"width: 153.75pt\" width=\"205\"><strong>PB-YX1201<\/strong><\/td>\n<td class=\"et2\" style=\"width: 155.25pt\" width=\"207\"><strong>PB-YX1202<\/strong><\/td>\n<\/tr>\n<tr style=\"height: 13.50pt\">\n<td class=\"et2\" style=\"height: 13.50pt\" height=\"18\"><strong>Capacidade<\/strong><\/td>\n<td>30 ml<\/td>\n<td>50 ml<\/td>\n<\/tr>\n<tr style=\"height: 13.50pt\">\n<td class=\"et2\" style=\"height: 13.50pt\" height=\"18\"><strong>Dimens\u00f5es<\/strong><\/td>\n<td>55 mm * 25 mm * 85 mm<\/td>\n<td>66 mm * 30 mm * 100 mm<\/td>\n<\/tr>\n<tr style=\"height: 13.50pt\">\n<td class=\"et2\" style=\"height: 13.50pt\" height=\"18\"><strong>Calibre<\/strong><\/td>\n<td class=\"et3\" colspan=\"2\">15 mm<\/td>\n<\/tr>\n<tr style=\"height: 13.50pt\">\n<td class=\"et2\" style=\"height: 13.50pt\" height=\"18\"><strong>Cor do vidro<\/strong><\/td>\n<td class=\"et3\" colspan=\"2\">Transparente, personaliz\u00e1vel<\/td>\n<\/tr>\n<tr style=\"height: 13.50pt\">\n<td class=\"et2\" style=\"height: 13.50pt\" height=\"18\"><strong>Cores de bon\u00e9s dispon\u00edveis<\/strong><\/td>\n<td class=\"et3\" colspan=\"2\">Ouro, Prata, Preto, Branco, Madeira, Personaliz\u00e1vel<\/td>\n<\/tr>\n<\/tbody>\n<\/table>\n<h2>Um caso real: Pequenas garrafas aproveitam o grande mercado<\/h2>\n<p>Uma marca de perfumes de boutique que adopta uma abordagem minimalista lan\u00e7ou uma s\u00e9rie de viagem com o modelo PB-YX1201. Escolheram uma tampa de garrafa preta mate + serigrafia minimalista, e o resultado foi: as vendas duplicaram e os jovens clientes ficaram loucos com ela!<br \/>\nAs redes sociais foram inundadas com mensagens: \"Esta garrafa \u00e9 t\u00e3o texturada!\" \"At\u00e9 a garrafa vazia quer ser um expositor!\"<\/p>\n<h2>Sugest\u00f5es de embalagem:<\/h2>\n<p><strong>Podemos personalizar a cor da tampa da garrafa:<\/strong>\u00a0ouro, prata, preto, branco e at\u00e9 cor de gr\u00e3o de madeira, pode combin\u00e1-lo como quiser. Gosta de ser discreto? Escolha o preto mate; quer chamar a aten\u00e7\u00e3o? Experimente o dourado brilhante. Imprima o seu log\u00f3tipo ou padr\u00e3o em serigrafia para que seja o \"\u00fanico\" ponto de mem\u00f3ria na mente do cliente.<br \/>\n<strong>Atualiza\u00e7\u00e3o de luxo: <\/strong>Cada frasco de perfume \u00e9 colocado numa caixa de papel forrada a veludo. Com um leve toque, a pesada sensa\u00e7\u00e3o de cerim\u00f3nia \u00e9 imediatamente preenchida.<br \/>\n<strong>Detalhes mais pontos: <\/strong>Um cart\u00e3o de fragr\u00e2ncia escrito \u00e0 m\u00e3o \u00e9 inclu\u00eddo para dizer aos clientes \"para que ocasi\u00e3o este frasco de perfume \u00e9 adequado\", aumentando instantaneamente a temperatura da marca.<br \/>\nPontos de b\u00f3nus ambientais: Escolha uma caixa de embalagem feita de materiais recicl\u00e1veis, que \u00e9 simultaneamente topo de gama e est\u00e1 de acordo com os valores dos consumidores modernos.<\/p>","protected":false},"excerpt":{"rendered":"<p>Descubra os nossos elegantes frascos pequenos de perfume em spray e as op\u00e7\u00f5es de frascos pequenos de \u00e1gua de col\u00f3nia. Estes frascos de vidro cristalino est\u00e3o dispon\u00edveis em v\u00e1rias personaliza\u00e7\u00f5es para se adequarem \u00e0 sua marca.<\/p>","protected":false},"featured_media":3123,"comment_status":"open","ping_status":"closed","template":"","meta":{"_acf_changed":false,"site-sidebar-layout":"default","site-content-layout":"","ast-site-content-layout":"default","site-content-style":"default","site-sidebar-style":"default","ast-global-header-display":"","ast-banner-title-visibility":"","ast-main-header-display":"","ast-hfb-above-header-display":"","ast-hfb-below-header-display":"","ast-hfb-mobile-header-display":"","site-post-title":"","ast-breadcrumbs-content":"","ast-featured-img":"","footer-sml-layout":"","ast-disable-related-posts":"","theme-transparent-header-meta":"default","adv-header-id-meta":"","stick-header-meta":"","header-above-stick-meta":"","header-main-stick-meta":"","header-below-stick-meta":"","astra-migrate-meta-layouts":"set","ast-page-background-enabled":"default","ast-page-background-meta":{"desktop":{"background-color":"var(--ast-global-color-5)","background-image":"","background-repeat":"repeat","background-position":"center center","background-size":"auto","background-attachment":"scroll","background-type":"","background-media":"","overlay-type":"","overlay-color":"","overlay-opacity":"","overlay-gradient":""},"tablet":{"background-color":"","background-image":"","background-repeat":"repeat","background-position":"center center","background-size":"auto","background-attachment":"scroll","background-type":"","background-media":"","overlay-type":"","overlay-color":"","overlay-opacity":"","overlay-gradient":""},"mobile":{"background-color":"","background-image":"","background-repeat":"repeat","background-position":"center center","background-size":"auto","background-attachment":"scroll","background-type":"","background-media":"","overlay-type":"","overlay-color":"","overlay-opacity":"","overlay-gradient":""}},"ast-content-background-meta":{"desktop":{"background-color":"var(--ast-global-color-4)","background-image":"","background-repeat":"repeat","background-position":"center center","background-size":"auto","background-attachment":"scroll","background-type":"","background-media":"","overlay-type":"","overlay-color":"","overlay-opacity":"","overlay-gradient":""},"tablet":{"background-color":"var(--ast-global-color-4)","background-image":"","background-repeat":"repeat","background-position":"center center","background-size":"auto","background-attachment":"scroll","background-type":"","background-media":"","overlay-type":"","overlay-color":"","overlay-opacity":"","overlay-gradient":""},"mobile":{"background-color":"var(--ast-global-color-4)","background-image":"","background-repeat":"repeat","background-position":"center center","background-size":"auto","background-attachment":"scroll","background-type":"","background-media":"","overlay-type":"","overlay-color":"","overlay-opacity":"","overlay-gradient":""}}},"product_brand":[],"product_cat":[72,91,41],"product_tag":[],"class_list":{"0":"post-3118","1":"product","2":"type-product","3":"status-publish","4":"has-post-thumbnail","6":"product_cat-cosmetic-packaging","7":"product_cat-custom-perfume-bottles","8":"product_cat-perfume-bottles","9":"desktop-align-left","10":"tablet-align-left","11":"mobile-align-left","13":"first","14":"instock","15":"shipping-taxable","16":"product-type-simple"},"acf":[],"jetpack_sharing_enabled":true,"_links":{"self":[{"href":"https:\/\/theperfumebottles.com\/pt\/wp-json\/wp\/v2\/product\/3118","targetHints":{"allow":["GET"]}}],"collection":[{"href":"https:\/\/theperfumebottles.com\/pt\/wp-json\/wp\/v2\/product"}],"about":[{"href":"https:\/\/theperfumebottles.com\/pt\/wp-json\/wp\/v2\/types\/product"}],"replies":[{"embeddable":true,"href":"https:\/\/theperfumebottles.com\/pt\/wp-json\/wp\/v2\/comments?post=3118"}],"wp:featuredmedia":[{"embeddable":true,"href":"https:\/\/theperfumebottles.com\/pt\/wp-json\/wp\/v2\/media\/3123"}],"wp:attachment":[{"href":"https:\/\/theperfumebottles.com\/pt\/wp-json\/wp\/v2\/media?parent=3118"}],"wp:term":[{"taxonomy":"product_brand","embeddable":true,"href":"https:\/\/theperfumebottles.com\/pt\/wp-json\/wp\/v2\/product_brand?post=3118"},{"taxonomy":"product_cat","embeddable":true,"href":"https:\/\/theperfumebottles.com\/pt\/wp-json\/wp\/v2\/product_cat?post=3118"},{"taxonomy":"product_tag","embeddable":true,"href":"https:\/\/theperfumebottles.com\/pt\/wp-json\/wp\/v2\/product_tag?post=3118"}],"curies":[{"name":"wp","href":"https:\/\/api.w.org\/{rel}","templated":true}]}}