{"id":3131,"date":"2025-04-22T07:53:22","date_gmt":"2025-04-22T07:53:22","guid":{"rendered":"https:\/\/theperfumebottles.com\/?post_type=product&#038;p=3131"},"modified":"2025-05-22T13:14:17","modified_gmt":"2025-05-22T05:14:17","slug":"vintage-perfume-bottle-with-pump-design-crystal-perfume-bottles-for-wholesale","status":"publish","type":"product","link":"https:\/\/theperfumebottles.com\/pt\/produto\/vintage-perfume-bottle-with-pump-design-crystal-perfume-bottles-for-wholesale\/","title":{"rendered":"Frasco de perfume vintage com bomba dosadora | Frascos de perfume de cristal para venda por atacado"},"content":{"rendered":"<p>Os nossos recipientes de cristal para perfume da s\u00e9rie PB-YX14 incluem uma base e ombros octogonais. O frasco tem um contorno octogonal, com linhas suaves e elegantes e uma sensa\u00e7\u00e3o tridimensional. Quer esteja a criar uma nova linha de produtos ou a atualizar uma j\u00e1 existente, o nosso frasco de perfume de cristal PB-YX14 far\u00e1 certamente irradiar os seus consumidores.<\/p>\n<figure id=\"attachment_3138\" aria-describedby=\"caption-attachment-3138\" style=\"width: 500px\" class=\"wp-caption aligncenter\"><img fetchpriority=\"high\" decoding=\"async\" class=\"wp-image-3138\" src=\"https:\/\/theperfumebottles.com\/wp-content\/uploads\/2025\/04\/vintage-perfume-bottle-with-pump-yx14.webp\" alt=\"Frasco de perfume vintage com bomba dosadora.\" width=\"500\" height=\"500\" srcset=\"https:\/\/theperfumebottles.com\/wp-content\/uploads\/2025\/04\/vintage-perfume-bottle-with-pump-yx14.webp 1000w, https:\/\/theperfumebottles.com\/wp-content\/uploads\/2025\/04\/vintage-perfume-bottle-with-pump-yx14-300x300.webp 300w, https:\/\/theperfumebottles.com\/wp-content\/uploads\/2025\/04\/vintage-perfume-bottle-with-pump-yx14-150x150.webp 150w, https:\/\/theperfumebottles.com\/wp-content\/uploads\/2025\/04\/vintage-perfume-bottle-with-pump-yx14-768x768.webp 768w, https:\/\/theperfumebottles.com\/wp-content\/uploads\/2025\/04\/vintage-perfume-bottle-with-pump-yx14-12x12.webp 12w, https:\/\/theperfumebottles.com\/wp-content\/uploads\/2025\/04\/vintage-perfume-bottle-with-pump-yx14-600x600.webp 600w, https:\/\/theperfumebottles.com\/wp-content\/uploads\/2025\/04\/vintage-perfume-bottle-with-pump-yx14-100x100.webp 100w\" sizes=\"(max-width: 500px) 100vw, 500px\" \/><figcaption id=\"caption-attachment-3138\" class=\"wp-caption-text\">frasco de perfume vintage com design de bomba<\/figcaption><\/figure>\n<h2>Especifica\u00e7\u00f5es principais<\/h2>\n<figure id=\"attachment_3133\" aria-describedby=\"caption-attachment-3133\" style=\"width: 500px\" class=\"wp-caption aligncenter\"><img decoding=\"async\" class=\"wp-image-3133\" src=\"https:\/\/theperfumebottles.com\/wp-content\/uploads\/2025\/04\/crystal-perfume-bottles-sizes-yx14.webp\" alt=\"frascos de perfume de cristal\" width=\"500\" height=\"500\" srcset=\"https:\/\/theperfumebottles.com\/wp-content\/uploads\/2025\/04\/crystal-perfume-bottles-sizes-yx14.webp 1000w, https:\/\/theperfumebottles.com\/wp-content\/uploads\/2025\/04\/crystal-perfume-bottles-sizes-yx14-300x300.webp 300w, https:\/\/theperfumebottles.com\/wp-content\/uploads\/2025\/04\/crystal-perfume-bottles-sizes-yx14-150x150.webp 150w, https:\/\/theperfumebottles.com\/wp-content\/uploads\/2025\/04\/crystal-perfume-bottles-sizes-yx14-768x768.webp 768w, https:\/\/theperfumebottles.com\/wp-content\/uploads\/2025\/04\/crystal-perfume-bottles-sizes-yx14-12x12.webp 12w, https:\/\/theperfumebottles.com\/wp-content\/uploads\/2025\/04\/crystal-perfume-bottles-sizes-yx14-600x600.webp 600w, https:\/\/theperfumebottles.com\/wp-content\/uploads\/2025\/04\/crystal-perfume-bottles-sizes-yx14-100x100.webp 100w\" sizes=\"(max-width: 500px) 100vw, 500px\" \/><figcaption id=\"caption-attachment-3133\" class=\"wp-caption-text\">Frascos de perfume em cristal PB-YX14<\/figcaption><\/figure>\n<table>\n<thead>\n<tr>\n<th>Modelo<\/th>\n<th>Capacidade<\/th>\n<th>Dimens\u00e3o<\/th>\n<th>Calibre<\/th>\n<th>Cor do vidro<\/th>\n<th>Cores da bomba<\/th>\n<\/tr>\n<\/thead>\n<tbody>\n<tr>\n<td>PB-YX1401<\/td>\n<td>50 ml<\/td>\n<td>49*49*80 mm<\/td>\n<td>15 mm<\/td>\n<td>Transparente<\/td>\n<td>Ouro, Prata<\/td>\n<\/tr>\n<tr>\n<td>PB-YX1402<\/td>\n<td>100 ml<\/td>\n<td>58*58*101 mm<\/td>\n<td>15 mm<\/td>\n<td>Transparente<\/td>\n<td>Ouro, Prata<\/td>\n<\/tr>\n<\/tbody>\n<\/table>\n<h2>Dicas de embalagem<\/h2>\n<p>Um dos nossos clientes mudou o seu perfume mais vendido para o nosso frasco de perfume vintage PB-YX1401 com design de bomba, personalizou o vidro colorido e as borlas, e registou um aumento de 30% nas vendas. O design elegante n\u00e3o s\u00f3 aumenta o atrativo do produto, como tamb\u00e9m melhora a satisfa\u00e7\u00e3o do cliente.<\/p>\n<figure id=\"attachment_3134\" aria-describedby=\"caption-attachment-3134\" style=\"width: 500px\" class=\"wp-caption aligncenter\"><img decoding=\"async\" class=\"wp-image-3134\" src=\"https:\/\/theperfumebottles.com\/wp-content\/uploads\/2025\/04\/crystal-perfume-bottles-yx14-pb.webp\" alt=\"frascos de perfume de cristal\" width=\"500\" height=\"500\" srcset=\"https:\/\/theperfumebottles.com\/wp-content\/uploads\/2025\/04\/crystal-perfume-bottles-yx14-pb.webp 1000w, https:\/\/theperfumebottles.com\/wp-content\/uploads\/2025\/04\/crystal-perfume-bottles-yx14-pb-300x300.webp 300w, https:\/\/theperfumebottles.com\/wp-content\/uploads\/2025\/04\/crystal-perfume-bottles-yx14-pb-150x150.webp 150w, https:\/\/theperfumebottles.com\/wp-content\/uploads\/2025\/04\/crystal-perfume-bottles-yx14-pb-768x768.webp 768w, https:\/\/theperfumebottles.com\/wp-content\/uploads\/2025\/04\/crystal-perfume-bottles-yx14-pb-12x12.webp 12w, https:\/\/theperfumebottles.com\/wp-content\/uploads\/2025\/04\/crystal-perfume-bottles-yx14-pb-600x600.webp 600w, https:\/\/theperfumebottles.com\/wp-content\/uploads\/2025\/04\/crystal-perfume-bottles-yx14-pb-100x100.webp 100w\" sizes=\"(max-width: 500px) 100vw, 500px\" \/><figcaption id=\"caption-attachment-3134\" class=\"wp-caption-text\">frascos de perfume de cristal<\/figcaption><\/figure>\n<p>Escolha os nossos servi\u00e7os de embalagem personalizados, incluindo paletes de madeira, caixas de cart\u00e3o ou uma combina\u00e7\u00e3o de ambos. Isto garante que os seus produtos chegam em seguran\u00e7a e s\u00e3o apresentados numa embalagem impressionante.<\/p>","protected":false},"excerpt":{"rendered":"<p>Descubra o nosso frasco de perfume vintage com design de bomba, eleg\u00e2ncia e durabilidade. Os nossos frascos de perfume em cristal podem ser personalizados de acordo com as necessidades do seu neg\u00f3cio de perfumes.<\/p>","protected":false},"featured_media":3135,"comment_status":"open","ping_status":"closed","template":"","meta":{"_acf_changed":false,"site-sidebar-layout":"default","site-content-layout":"","ast-site-content-layout":"default","site-content-style":"default","site-sidebar-style":"default","ast-global-header-display":"","ast-banner-title-visibility":"","ast-main-header-display":"","ast-hfb-above-header-display":"","ast-hfb-below-header-display":"","ast-hfb-mobile-header-display":"","site-post-title":"","ast-breadcrumbs-content":"","ast-featured-img":"","footer-sml-layout":"","ast-disable-related-posts":"","theme-transparent-header-meta":"default","adv-header-id-meta":"","stick-header-meta":"","header-above-stick-meta":"","header-main-stick-meta":"","header-below-stick-meta":"","astra-migrate-meta-layouts":"set","ast-page-background-enabled":"default","ast-page-background-meta":{"desktop":{"background-color":"var(--ast-global-color-5)","background-image":"","background-repeat":"repeat","background-position":"center center","background-size":"auto","background-attachment":"scroll","background-type":"","background-media":"","overlay-type":"","overlay-color":"","overlay-opacity":"","overlay-gradient":""},"tablet":{"background-color":"","background-image":"","background-repeat":"repeat","background-position":"center center","background-size":"auto","background-attachment":"scroll","background-type":"","background-media":"","overlay-type":"","overlay-color":"","overlay-opacity":"","overlay-gradient":""},"mobile":{"background-color":"","background-image":"","background-repeat":"repeat","background-position":"center center","background-size":"auto","background-attachment":"scroll","background-type":"","background-media":"","overlay-type":"","overlay-color":"","overlay-opacity":"","overlay-gradient":""}},"ast-content-background-meta":{"desktop":{"background-color":"var(--ast-global-color-4)","background-image":"","background-repeat":"repeat","background-position":"center center","background-size":"auto","background-attachment":"scroll","background-type":"","background-media":"","overlay-type":"","overlay-color":"","overlay-opacity":"","overlay-gradient":""},"tablet":{"background-color":"var(--ast-global-color-4)","background-image":"","background-repeat":"repeat","background-position":"center center","background-size":"auto","background-attachment":"scroll","background-type":"","background-media":"","overlay-type":"","overlay-color":"","overlay-opacity":"","overlay-gradient":""},"mobile":{"background-color":"var(--ast-global-color-4)","background-image":"","background-repeat":"repeat","background-position":"center center","background-size":"auto","background-attachment":"scroll","background-type":"","background-media":"","overlay-type":"","overlay-color":"","overlay-opacity":"","overlay-gradient":""}}},"product_brand":[],"product_cat":[72,91,73,41],"product_tag":[],"class_list":{"0":"post-3131","1":"product","2":"type-product","3":"status-publish","4":"has-post-thumbnail","6":"product_cat-cosmetic-packaging","7":"product_cat-custom-perfume-bottles","8":"product_cat-vintage-perfume-bottles","9":"product_cat-perfume-bottles","10":"desktop-align-left","11":"tablet-align-left","12":"mobile-align-left","14":"first","15":"instock","16":"shipping-taxable","17":"product-type-simple"},"acf":[],"jetpack_sharing_enabled":true,"_links":{"self":[{"href":"https:\/\/theperfumebottles.com\/pt\/wp-json\/wp\/v2\/product\/3131","targetHints":{"allow":["GET"]}}],"collection":[{"href":"https:\/\/theperfumebottles.com\/pt\/wp-json\/wp\/v2\/product"}],"about":[{"href":"https:\/\/theperfumebottles.com\/pt\/wp-json\/wp\/v2\/types\/product"}],"replies":[{"embeddable":true,"href":"https:\/\/theperfumebottles.com\/pt\/wp-json\/wp\/v2\/comments?post=3131"}],"wp:featuredmedia":[{"embeddable":true,"href":"https:\/\/theperfumebottles.com\/pt\/wp-json\/wp\/v2\/media\/3135"}],"wp:attachment":[{"href":"https:\/\/theperfumebottles.com\/pt\/wp-json\/wp\/v2\/media?parent=3131"}],"wp:term":[{"taxonomy":"product_brand","embeddable":true,"href":"https:\/\/theperfumebottles.com\/pt\/wp-json\/wp\/v2\/product_brand?post=3131"},{"taxonomy":"product_cat","embeddable":true,"href":"https:\/\/theperfumebottles.com\/pt\/wp-json\/wp\/v2\/product_cat?post=3131"},{"taxonomy":"product_tag","embeddable":true,"href":"https:\/\/theperfumebottles.com\/pt\/wp-json\/wp\/v2\/product_tag?post=3131"}],"curies":[{"name":"wp","href":"https:\/\/api.w.org\/{rel}","templated":true}]}}