{"id":3212,"date":"2025-04-27T07:08:23","date_gmt":"2025-04-27T07:08:23","guid":{"rendered":"https:\/\/theperfumebottles.com\/?post_type=product&#038;p=3212"},"modified":"2025-04-27T07:08:25","modified_gmt":"2025-04-27T07:08:25","slug":"premium-circle-perfume-bottles-with-fan-shaped-caps","status":"publish","type":"product","link":"https:\/\/theperfumebottles.com\/pt\/produto\/premium-circle-perfume-bottles-with-fan-shaped-caps\/","title":{"rendered":"Frascos de perfume redondos premium com tampas em formato de leque para sua marca."},"content":{"rendered":"<h2><strong>Especifica\u00e7\u00f5es<\/strong><\/h2>\n<table>\n<thead>\n<tr>\n<th>Modelo<\/th>\n<th>Capacidade<\/th>\n<th>Dimens\u00f5es (mm)<\/th>\n<th>Cores da cabe\u00e7a da bomba<\/th>\n<th>Certifica\u00e7\u00f5es<\/th>\n<\/tr>\n<\/thead>\n<tbody>\n<tr>\n<td>PB-YX1901<\/td>\n<td>30ml<\/td>\n<td>64\u00d728\u00d772<\/td>\n<td>Prata\/dourado\/preto<\/td>\n<td>CE, ISO, BSCI, REACH<\/td>\n<\/tr>\n<tr>\n<td>PB-YX1902<\/td>\n<td>50ml<\/td>\n<td>75\u00d725\u00d785<\/td>\n<td>Prata\/dourado\/preto<\/td>\n<td>CE, ISO, BSCI, REACH<\/td>\n<\/tr>\n<tr>\n<td>PB-YX1903<\/td>\n<td>100ml<\/td>\n<td>86\u00d736\u00d790<\/td>\n<td>Prata\/dourado\/preto<\/td>\n<td>CE, ISO, BSCI, REACH<\/td>\n<\/tr>\n<\/tbody>\n<\/table>\n<h2>Dicas de embalagem<\/h2>\n<p>Uma marca europeia de perfumes de luxo trabalhou recentemente connosco para personalizar o frasco de perfume PB-YX1902 de 50 ml com uma cabe\u00e7a de bomba em ouro rosa e log\u00f3tipo gravado. Com a embalagem \u00fanica e a textura de alta qualidade, as suas vendas de perfume aumentaram 30% em tr\u00eas meses.<\/p>\n<h3>Sugest\u00f5es<\/h3>\n<p>Cor e acabamento: Adicione textura met\u00e1lica ou estampagem a quente para o tornar mais apelativo.<\/p>\n<p>Design de etiquetas: Emparelhe com as nossas etiquetas em branco para criar a sua imagem de marca.<\/p>\n<p>Embalagem a granel: Escolha entre paletes de madeira ou caixas ecol\u00f3gicas para encomendas por grosso.<\/p>\n<p>Damos prioridade ao crescimento do neg\u00f3cio. Com pre\u00e7os por grosso e entrega r\u00e1pida (7-15 dias para artigos em stock), pode concentrar-se na fragr\u00e2ncia do seu perfume e n\u00f3s tratamos da embalagem.<\/p>","protected":false},"excerpt":{"rendered":"<p>Descubra frascos de perfume circulares de luxo com tampas em forma de leque. Op\u00e7\u00f5es de personaliza\u00e7\u00e3o e venda por grosso a granel. Perfeitos para marcas que procuram embalagens de fragr\u00e2ncias de qualidade superior.<\/p>","protected":false},"featured_media":3214,"comment_status":"open","ping_status":"closed","template":"","meta":{"_acf_changed":false,"site-sidebar-layout":"default","site-content-layout":"","ast-site-content-layout":"default","site-content-style":"default","site-sidebar-style":"default","ast-global-header-display":"","ast-banner-title-visibility":"","ast-main-header-display":"","ast-hfb-above-header-display":"","ast-hfb-below-header-display":"","ast-hfb-mobile-header-display":"","site-post-title":"","ast-breadcrumbs-content":"","ast-featured-img":"","footer-sml-layout":"","ast-disable-related-posts":"","theme-transparent-header-meta":"default","adv-header-id-meta":"","stick-header-meta":"","header-above-stick-meta":"","header-main-stick-meta":"","header-below-stick-meta":"","astra-migrate-meta-layouts":"set","ast-page-background-enabled":"default","ast-page-background-meta":{"desktop":{"background-color":"var(--ast-global-color-5)","background-image":"","background-repeat":"repeat","background-position":"center center","background-size":"auto","background-attachment":"scroll","background-type":"","background-media":"","overlay-type":"","overlay-color":"","overlay-opacity":"","overlay-gradient":""},"tablet":{"background-color":"","background-image":"","background-repeat":"repeat","background-position":"center center","background-size":"auto","background-attachment":"scroll","background-type":"","background-media":"","overlay-type":"","overlay-color":"","overlay-opacity":"","overlay-gradient":""},"mobile":{"background-color":"","background-image":"","background-repeat":"repeat","background-position":"center center","background-size":"auto","background-attachment":"scroll","background-type":"","background-media":"","overlay-type":"","overlay-color":"","overlay-opacity":"","overlay-gradient":""}},"ast-content-background-meta":{"desktop":{"background-color":"var(--ast-global-color-4)","background-image":"","background-repeat":"repeat","background-position":"center center","background-size":"auto","background-attachment":"scroll","background-type":"","background-media":"","overlay-type":"","overlay-color":"","overlay-opacity":"","overlay-gradient":""},"tablet":{"background-color":"var(--ast-global-color-4)","background-image":"","background-repeat":"repeat","background-position":"center center","background-size":"auto","background-attachment":"scroll","background-type":"","background-media":"","overlay-type":"","overlay-color":"","overlay-opacity":"","overlay-gradient":""},"mobile":{"background-color":"var(--ast-global-color-4)","background-image":"","background-repeat":"repeat","background-position":"center center","background-size":"auto","background-attachment":"scroll","background-type":"","background-media":"","overlay-type":"","overlay-color":"","overlay-opacity":"","overlay-gradient":""}}},"product_brand":[],"product_cat":[72,91,41],"product_tag":[],"class_list":{"0":"post-3212","1":"product","2":"type-product","3":"status-publish","4":"has-post-thumbnail","6":"product_cat-cosmetic-packaging","7":"product_cat-custom-perfume-bottles","8":"product_cat-perfume-bottles","9":"desktop-align-left","10":"tablet-align-left","11":"mobile-align-left","13":"first","14":"instock","15":"shipping-taxable","16":"product-type-simple"},"acf":[],"jetpack_sharing_enabled":true,"_links":{"self":[{"href":"https:\/\/theperfumebottles.com\/pt\/wp-json\/wp\/v2\/product\/3212","targetHints":{"allow":["GET"]}}],"collection":[{"href":"https:\/\/theperfumebottles.com\/pt\/wp-json\/wp\/v2\/product"}],"about":[{"href":"https:\/\/theperfumebottles.com\/pt\/wp-json\/wp\/v2\/types\/product"}],"replies":[{"embeddable":true,"href":"https:\/\/theperfumebottles.com\/pt\/wp-json\/wp\/v2\/comments?post=3212"}],"wp:featuredmedia":[{"embeddable":true,"href":"https:\/\/theperfumebottles.com\/pt\/wp-json\/wp\/v2\/media\/3214"}],"wp:attachment":[{"href":"https:\/\/theperfumebottles.com\/pt\/wp-json\/wp\/v2\/media?parent=3212"}],"wp:term":[{"taxonomy":"product_brand","embeddable":true,"href":"https:\/\/theperfumebottles.com\/pt\/wp-json\/wp\/v2\/product_brand?post=3212"},{"taxonomy":"product_cat","embeddable":true,"href":"https:\/\/theperfumebottles.com\/pt\/wp-json\/wp\/v2\/product_cat?post=3212"},{"taxonomy":"product_tag","embeddable":true,"href":"https:\/\/theperfumebottles.com\/pt\/wp-json\/wp\/v2\/product_tag?post=3212"}],"curies":[{"name":"wp","href":"https:\/\/api.w.org\/{rel}","templated":true}]}}