{"id":3243,"date":"2025-04-29T09:30:18","date_gmt":"2025-04-29T09:30:18","guid":{"rendered":"https:\/\/theperfumebottles.com\/?post_type=product&#038;p=3243"},"modified":"2025-05-23T13:47:44","modified_gmt":"2025-05-23T05:47:44","slug":"custimizable-round-perfume-bottles-for-luxury-brands","status":"publish","type":"product","link":"https:\/\/theperfumebottles.com\/pt\/produto\/custimizable-round-perfume-bottles-for-luxury-brands\/","title":{"rendered":"Frascos de perfume redondos personaliz\u00e1veis \u200b\u200bpara marcas de luxo."},"content":{"rendered":"<p>Amostras gr\u00e1tis e entrega r\u00e1pida. A nossa s\u00e9rie PB-YX21 de frascos de perfume redondos foi concebida para elevar a sua embalagem de perfume. Fabricados em vidro de primeira qualidade, estes frascos s\u00e3o elegantes e funcionais. Quer esteja pronto para criar uma cria\u00e7\u00e3o memor\u00e1vel ou expandir a sua linha de produtos existente, os nossos frascos de perfume redondos est\u00e3o dispon\u00edveis para venda por encomenda e por grosso. Fornecemos apoio fi\u00e1vel \u00e0 sua marca com fabrico de alta qualidade, entrega r\u00e1pida e personaliza\u00e7\u00e3o flex\u00edvel.<\/p>\n<table style=\"border-collapse: collapse; margin-left: auto; margin-right: auto; width: 162.03pt;\" border=\"0\" width=\"216\" cellspacing=\"0\" cellpadding=\"0\">\n<tbody>\n<tr style=\"height: 13.50pt;\">\n<td style=\"height: 13.50pt; width: 54.00pt;\" width=\"72\" height=\"18\">\n<p><figure id=\"attachment_3244\" aria-describedby=\"caption-attachment-3244\" style=\"width: 300px\" class=\"wp-caption aligncenter\"><img fetchpriority=\"high\" decoding=\"async\" class=\"wp-image-3244 size-medium\" src=\"https:\/\/theperfumebottles.com\/wp-content\/uploads\/2025\/04\/perfume-round-bottle-yx2101-300x300.webp\" alt=\"frasco de perfume redondo\" width=\"300\" height=\"300\" srcset=\"https:\/\/theperfumebottles.com\/wp-content\/uploads\/2025\/04\/perfume-round-bottle-yx2101-300x300.webp 300w, https:\/\/theperfumebottles.com\/wp-content\/uploads\/2025\/04\/perfume-round-bottle-yx2101-150x150.webp 150w, https:\/\/theperfumebottles.com\/wp-content\/uploads\/2025\/04\/perfume-round-bottle-yx2101-768x768.webp 768w, https:\/\/theperfumebottles.com\/wp-content\/uploads\/2025\/04\/perfume-round-bottle-yx2101-12x12.webp 12w, https:\/\/theperfumebottles.com\/wp-content\/uploads\/2025\/04\/perfume-round-bottle-yx2101-600x600.webp 600w, https:\/\/theperfumebottles.com\/wp-content\/uploads\/2025\/04\/perfume-round-bottle-yx2101-100x100.webp 100w, https:\/\/theperfumebottles.com\/wp-content\/uploads\/2025\/04\/perfume-round-bottle-yx2101.webp 1000w\" sizes=\"(max-width: 300px) 100vw, 300px\" \/><figcaption id=\"caption-attachment-3244\" class=\"wp-caption-text\">30ml PB-YX2101<\/figcaption><\/figure><\/td>\n<td style=\"width: 54.00pt;\" width=\"72\">\n<p><figure id=\"attachment_3245\" aria-describedby=\"caption-attachment-3245\" style=\"width: 300px\" class=\"wp-caption aligncenter\"><img decoding=\"async\" class=\"wp-image-3245 size-medium\" src=\"https:\/\/theperfumebottles.com\/wp-content\/uploads\/2025\/04\/perfume-round-bottle-yx2102-300x300.webp\" alt=\"frasco de perfume redondo\" width=\"300\" height=\"300\" srcset=\"https:\/\/theperfumebottles.com\/wp-content\/uploads\/2025\/04\/perfume-round-bottle-yx2102-300x300.webp 300w, https:\/\/theperfumebottles.com\/wp-content\/uploads\/2025\/04\/perfume-round-bottle-yx2102-150x150.webp 150w, https:\/\/theperfumebottles.com\/wp-content\/uploads\/2025\/04\/perfume-round-bottle-yx2102-768x768.webp 768w, https:\/\/theperfumebottles.com\/wp-content\/uploads\/2025\/04\/perfume-round-bottle-yx2102-12x12.webp 12w, https:\/\/theperfumebottles.com\/wp-content\/uploads\/2025\/04\/perfume-round-bottle-yx2102-600x600.webp 600w, https:\/\/theperfumebottles.com\/wp-content\/uploads\/2025\/04\/perfume-round-bottle-yx2102-100x100.webp 100w, https:\/\/theperfumebottles.com\/wp-content\/uploads\/2025\/04\/perfume-round-bottle-yx2102.webp 1000w\" sizes=\"(max-width: 300px) 100vw, 300px\" \/><figcaption id=\"caption-attachment-3245\" class=\"wp-caption-text\">50ml PB-YX2102<\/figcaption><\/figure><\/td>\n<td style=\"width: 54.00pt;\" width=\"72\">\n<p><figure id=\"attachment_3246\" aria-describedby=\"caption-attachment-3246\" style=\"width: 300px\" class=\"wp-caption aligncenter\"><img decoding=\"async\" class=\"wp-image-3246 size-medium\" src=\"https:\/\/theperfumebottles.com\/wp-content\/uploads\/2025\/04\/perfume-round-bottle-yx2103-300x300.webp\" alt=\"frasco de perfume redondo\" width=\"300\" height=\"300\" srcset=\"https:\/\/theperfumebottles.com\/wp-content\/uploads\/2025\/04\/perfume-round-bottle-yx2103-300x300.webp 300w, https:\/\/theperfumebottles.com\/wp-content\/uploads\/2025\/04\/perfume-round-bottle-yx2103-150x150.webp 150w, https:\/\/theperfumebottles.com\/wp-content\/uploads\/2025\/04\/perfume-round-bottle-yx2103-768x768.webp 768w, https:\/\/theperfumebottles.com\/wp-content\/uploads\/2025\/04\/perfume-round-bottle-yx2103-12x12.webp 12w, https:\/\/theperfumebottles.com\/wp-content\/uploads\/2025\/04\/perfume-round-bottle-yx2103-600x600.webp 600w, https:\/\/theperfumebottles.com\/wp-content\/uploads\/2025\/04\/perfume-round-bottle-yx2103-100x100.webp 100w, https:\/\/theperfumebottles.com\/wp-content\/uploads\/2025\/04\/perfume-round-bottle-yx2103.webp 1000w\" sizes=\"(max-width: 300px) 100vw, 300px\" \/><figcaption id=\"caption-attachment-3246\" class=\"wp-caption-text\">80ml PB-YX2103<\/figcaption><\/figure><\/td>\n<\/tr>\n<\/tbody>\n<\/table>\n<h2>Especifica\u00e7\u00f5es principais<\/h2>\n<table style=\"border-collapse: collapse; margin-left: auto; margin-right: auto; width: 80%;\" border=\"0\" width=\"80%\" cellspacing=\"0\" cellpadding=\"0\">\n<tbody>\n<tr style=\"height: 13.50pt;\">\n<td style=\"height: 13.50pt; width: 114.75pt;\" width=\"153\" height=\"18\"><strong>Modelo<\/strong><\/td>\n<td style=\"width: 72.00pt;\" width=\"96\">PB-YX2101<\/td>\n<td style=\"width: 64.50pt;\" width=\"86\">PB-YX2102<\/td>\n<td style=\"width: 84.75pt;\" width=\"113\">PB-YX2103<\/td>\n<\/tr>\n<tr style=\"height: 13.50pt;\">\n<td style=\"height: 13.50pt;\" height=\"18\"><strong>Capacidade<\/strong><\/td>\n<td>30 ml<\/td>\n<td>50 ml<\/td>\n<td>80 ml<\/td>\n<\/tr>\n<tr style=\"height: 13.50pt;\">\n<td style=\"height: 13.50pt;\" height=\"18\"><strong>Dimens\u00f5es<\/strong><\/td>\n<td>50 x 64 mm<\/td>\n<td>57 x 63 mm<\/td>\n<td>70 x 75 mm<\/td>\n<\/tr>\n<tr style=\"height: 13.50pt;\">\n<td style=\"height: 13.50pt;\" height=\"18\"><strong>Di\u00e2metro da tampa<\/strong><\/td>\n<td class=\"et2\" colspan=\"3\">15 mm<\/td>\n<\/tr>\n<tr style=\"height: 13.50pt;\">\n<td style=\"height: 13.50pt;\" height=\"18\"><strong>Op\u00e7\u00f5es de cores da tampa<\/strong><\/td>\n<td class=\"et2\" colspan=\"3\">Prata, Ouro, Preto<\/td>\n<\/tr>\n<tr style=\"height: 13.50pt;\">\n<td style=\"height: 13.50pt;\" height=\"18\"><strong>Tipo de veda\u00e7\u00e3o<\/strong><\/td>\n<td class=\"et2\" colspan=\"3\">pesco\u00e7o ondulado<\/td>\n<\/tr>\n<\/tbody>\n<\/table>\n<h2>Sugest\u00f5es de embalagem:<\/h2>\n<p>Uma marca l\u00edder de perfumes de nicho utilizou a PB-YX2102 para lan\u00e7ar a sua nova linha de fragr\u00e2ncias unissexo. Optaram por personalizar as tampas pretas mate e gravar a laser os log\u00f3tipos da marca em cada frasco de vidro vazio para promover o conhecimento da marca e a fidelidade do cliente.<\/p>\n<h3>Pontas:<\/h3>\n<ol>\n<li>Adicione o nome da sua marca ou log\u00f3tipo atrav\u00e9s de tratamentos de superf\u00edcie gravados ou impressos.<\/li>\n<li>Escolha materiais e cores de bon\u00e9s \u00fanicos para real\u00e7ar a imagem da sua marca.<\/li>\n<li>Utilize solu\u00e7\u00f5es de embalagem de qualidade superior, como caixas impressas personalizadas ou caixotes de madeira.<\/li>\n<\/ol>","protected":false},"excerpt":{"rendered":"<p>Os nossos frascos de perfume redondos personaliz\u00e1veis t\u00eam um aspeto luxuoso que satisfaz as diversas necessidades das marcas personalizadas e das embalagens a granel.<\/p>","protected":false},"featured_media":3245,"comment_status":"open","ping_status":"closed","template":"","meta":{"_acf_changed":false,"site-sidebar-layout":"default","site-content-layout":"","ast-site-content-layout":"default","site-content-style":"default","site-sidebar-style":"default","ast-global-header-display":"","ast-banner-title-visibility":"","ast-main-header-display":"","ast-hfb-above-header-display":"","ast-hfb-below-header-display":"","ast-hfb-mobile-header-display":"","site-post-title":"","ast-breadcrumbs-content":"","ast-featured-img":"","footer-sml-layout":"","ast-disable-related-posts":"","theme-transparent-header-meta":"default","adv-header-id-meta":"","stick-header-meta":"","header-above-stick-meta":"","header-main-stick-meta":"","header-below-stick-meta":"","astra-migrate-meta-layouts":"set","ast-page-background-enabled":"default","ast-page-background-meta":{"desktop":{"background-color":"var(--ast-global-color-5)","background-image":"","background-repeat":"repeat","background-position":"center center","background-size":"auto","background-attachment":"scroll","background-type":"","background-media":"","overlay-type":"","overlay-color":"","overlay-opacity":"","overlay-gradient":""},"tablet":{"background-color":"","background-image":"","background-repeat":"repeat","background-position":"center center","background-size":"auto","background-attachment":"scroll","background-type":"","background-media":"","overlay-type":"","overlay-color":"","overlay-opacity":"","overlay-gradient":""},"mobile":{"background-color":"","background-image":"","background-repeat":"repeat","background-position":"center center","background-size":"auto","background-attachment":"scroll","background-type":"","background-media":"","overlay-type":"","overlay-color":"","overlay-opacity":"","overlay-gradient":""}},"ast-content-background-meta":{"desktop":{"background-color":"var(--ast-global-color-4)","background-image":"","background-repeat":"repeat","background-position":"center center","background-size":"auto","background-attachment":"scroll","background-type":"","background-media":"","overlay-type":"","overlay-color":"","overlay-opacity":"","overlay-gradient":""},"tablet":{"background-color":"var(--ast-global-color-4)","background-image":"","background-repeat":"repeat","background-position":"center center","background-size":"auto","background-attachment":"scroll","background-type":"","background-media":"","overlay-type":"","overlay-color":"","overlay-opacity":"","overlay-gradient":""},"mobile":{"background-color":"var(--ast-global-color-4)","background-image":"","background-repeat":"repeat","background-position":"center center","background-size":"auto","background-attachment":"scroll","background-type":"","background-media":"","overlay-type":"","overlay-color":"","overlay-opacity":"","overlay-gradient":""}}},"product_brand":[],"product_cat":[72,91,41],"product_tag":[],"class_list":{"0":"post-3243","1":"product","2":"type-product","3":"status-publish","4":"has-post-thumbnail","6":"product_cat-cosmetic-packaging","7":"product_cat-custom-perfume-bottles","8":"product_cat-perfume-bottles","9":"desktop-align-left","10":"tablet-align-left","11":"mobile-align-left","13":"first","14":"instock","15":"shipping-taxable","16":"product-type-simple"},"acf":[],"jetpack_sharing_enabled":true,"_links":{"self":[{"href":"https:\/\/theperfumebottles.com\/pt\/wp-json\/wp\/v2\/product\/3243","targetHints":{"allow":["GET"]}}],"collection":[{"href":"https:\/\/theperfumebottles.com\/pt\/wp-json\/wp\/v2\/product"}],"about":[{"href":"https:\/\/theperfumebottles.com\/pt\/wp-json\/wp\/v2\/types\/product"}],"replies":[{"embeddable":true,"href":"https:\/\/theperfumebottles.com\/pt\/wp-json\/wp\/v2\/comments?post=3243"}],"wp:featuredmedia":[{"embeddable":true,"href":"https:\/\/theperfumebottles.com\/pt\/wp-json\/wp\/v2\/media\/3245"}],"wp:attachment":[{"href":"https:\/\/theperfumebottles.com\/pt\/wp-json\/wp\/v2\/media?parent=3243"}],"wp:term":[{"taxonomy":"product_brand","embeddable":true,"href":"https:\/\/theperfumebottles.com\/pt\/wp-json\/wp\/v2\/product_brand?post=3243"},{"taxonomy":"product_cat","embeddable":true,"href":"https:\/\/theperfumebottles.com\/pt\/wp-json\/wp\/v2\/product_cat?post=3243"},{"taxonomy":"product_tag","embeddable":true,"href":"https:\/\/theperfumebottles.com\/pt\/wp-json\/wp\/v2\/product_tag?post=3243"}],"curies":[{"name":"wp","href":"https:\/\/api.w.org\/{rel}","templated":true}]}}