{"id":3325,"date":"2025-05-14T03:26:10","date_gmt":"2025-05-14T03:26:10","guid":{"rendered":"https:\/\/theperfumebottles.com\/?post_type=product&#038;p=3325"},"modified":"2025-05-23T10:54:00","modified_gmt":"2025-05-23T02:54:00","slug":"premium-perfume-bottles-recyclable-modern-fragrance-bottle-set","status":"publish","type":"product","link":"https:\/\/theperfumebottles.com\/pt\/produto\/premium-perfume-bottles-recyclable-modern-fragrance-bottle-set\/","title":{"rendered":"Conjunto de frascos de perfume recicl\u00e1veis \u200b\u200bde 50ml e 100ml para marcas de fragr\u00e2ncias."},"content":{"rendered":"<p>O nosso conjunto de frascos de perfume PB-YZ06 \u00e9 uma combina\u00e7\u00e3o perfeita de sustentabilidade, estilo e praticidade. O nosso conjunto de frascos de perfume PB-YZ06 combina sustentabilidade, moda e praticidade. Adequado para engarrafar perfume, \u00e1gua de col\u00f3nia, \u00e1gua floral ou produtos de \u00f3leos essenciais, etc. Al\u00e9m disso, as nossas op\u00e7\u00f5es totalmente personalizadas podem expressar plenamente a sua criatividade.<\/p>\n<figure id=\"attachment_3330\" aria-describedby=\"caption-attachment-3330\" style=\"width: 500px\" class=\"wp-caption aligncenter\"><img fetchpriority=\"high\" decoding=\"async\" class=\"wp-image-3330\" src=\"https:\/\/theperfumebottles.com\/wp-content\/uploads\/2025\/05\/perfume-bottles-recyclable-pbyz06.webp\" alt=\"Frascos de perfume Premium Recicl\u00e1veis | Conjunto de frascos de perfume modernos\" width=\"500\" height=\"500\" srcset=\"https:\/\/theperfumebottles.com\/wp-content\/uploads\/2025\/05\/perfume-bottles-recyclable-pbyz06.webp 1000w, https:\/\/theperfumebottles.com\/wp-content\/uploads\/2025\/05\/perfume-bottles-recyclable-pbyz06-300x300.webp 300w, https:\/\/theperfumebottles.com\/wp-content\/uploads\/2025\/05\/perfume-bottles-recyclable-pbyz06-150x150.webp 150w, https:\/\/theperfumebottles.com\/wp-content\/uploads\/2025\/05\/perfume-bottles-recyclable-pbyz06-768x768.webp 768w, https:\/\/theperfumebottles.com\/wp-content\/uploads\/2025\/05\/perfume-bottles-recyclable-pbyz06-12x12.webp 12w, https:\/\/theperfumebottles.com\/wp-content\/uploads\/2025\/05\/perfume-bottles-recyclable-pbyz06-600x600.webp 600w, https:\/\/theperfumebottles.com\/wp-content\/uploads\/2025\/05\/perfume-bottles-recyclable-pbyz06-100x100.webp 100w\" sizes=\"(max-width: 500px) 100vw, 500px\" \/><figcaption id=\"caption-attachment-3330\" class=\"wp-caption-text\">Conjunto de frascos de perfume Premium<\/figcaption><\/figure>\n<h2>Especifica\u00e7\u00f5es principais<\/h2>\n<table border=\"0\" width=\"80%\" cellspacing=\"0\" cellpadding=\"0\">\n<tbody>\n<tr>\n<td width=\"96\" height=\"18\">Modelo<\/td>\n<td width=\"93\">Capacidade<\/td>\n<td width=\"104\">Tamanho do copo<\/td>\n<td width=\"128\">Material<\/td>\n<td width=\"211\">Tipo de veda\u00e7\u00e3o<\/td>\n<td width=\"225\">Op\u00e7\u00f5es de cores<\/td>\n<\/tr>\n<tr>\n<td height=\"18\">PB-YZ0601<\/td>\n<td>50ml<\/td>\n<td>47 * 81mm<\/td>\n<td>Vidro de cristal<\/td>\n<td>Gargalo de 15 mm + pulverizador<\/td>\n<td>Transparente + Prateado\/Rosa<\/td>\n<\/tr>\n<tr>\n<td height=\"18\">PB-YZ0602<\/td>\n<td>100ml<\/td>\n<td>59 * 103mm<\/td>\n<td>Vidro de cristal<\/td>\n<td>Gargalo de 15 mm + pulverizador<\/td>\n<td>Transparente + Prateado\/Preto<\/td>\n<\/tr>\n<\/tbody>\n<\/table>\n<h2>Sugest\u00f5es de embalagem<\/h2>\n<p>A marca Indie Bloom &amp; Mist lan\u00e7ou a sua cole\u00e7\u00e3o de fragr\u00e2ncias unissexo com o nosso Frasco de Perfume PB-YZ0601 (50 ml). Personalizaram as tampas com um acabamento em ouro rosa e adicionaram um r\u00f3tulo minimalista, o que ajudou a impulsionar um aumento de 27% nas vendas no primeiro trimestre.<\/p>\n<h2>Dicas de personaliza\u00e7\u00e3o:<\/h2>\n<p>Corresponder \u00e0s cores da sua marca: Quando encomendar a granel, as cores das tampas devem corresponder \u00e0 identidade da sua marca.<\/p>\n<p>Tampas: Estes frascos de perfume podem ser combinados com tampas de spray met\u00e1licas para um aspeto luxuoso<\/p>\n<p>Acabamentos: Escolha um acabamento mate para um aspeto minimalista.<\/p>\n<h2>Porqu\u00ea escolher os nossos frascos de perfume?<\/h2>\n<p>Quer necessite de frascos de perfume em branco para uma pequena tiragem ou de embalagens de cosm\u00e9ticos personalizadas a granel, os nossos vers\u00e1teis conjuntos de frascos de perfume cobrem-no com uma entrega r\u00e1pida, durabilidade e muito mais.<\/p>\n<p>Precisa de ajuda? N\u00f3s guiamo-lo desde a conce\u00e7\u00e3o at\u00e9 \u00e0 entrega! Encomende hoje o seu conjunto de frascos de perfume retorn\u00e1veis - obtenha descontos por grosso em encomendas comerciais a granel!<\/p>","protected":false},"excerpt":{"rendered":"<p>Eleve a sua marca de fragr\u00e2ncias com o nosso conjunto de frascos de perfume. Frascos de perfume elegantes e personaliz\u00e1veis, recicl\u00e1veis para perfume de mulher, col\u00f3nia de homem e \u00f3leos arom\u00e1ticos.<\/p>","protected":false},"featured_media":3333,"comment_status":"open","ping_status":"closed","template":"","meta":{"_acf_changed":false,"site-sidebar-layout":"default","site-content-layout":"","ast-site-content-layout":"default","site-content-style":"default","site-sidebar-style":"default","ast-global-header-display":"","ast-banner-title-visibility":"","ast-main-header-display":"","ast-hfb-above-header-display":"","ast-hfb-below-header-display":"","ast-hfb-mobile-header-display":"","site-post-title":"","ast-breadcrumbs-content":"","ast-featured-img":"","footer-sml-layout":"","ast-disable-related-posts":"","theme-transparent-header-meta":"default","adv-header-id-meta":"","stick-header-meta":"","header-above-stick-meta":"","header-main-stick-meta":"","header-below-stick-meta":"","astra-migrate-meta-layouts":"set","ast-page-background-enabled":"default","ast-page-background-meta":{"desktop":{"background-color":"var(--ast-global-color-5)","background-image":"","background-repeat":"repeat","background-position":"center center","background-size":"auto","background-attachment":"scroll","background-type":"","background-media":"","overlay-type":"","overlay-color":"","overlay-opacity":"","overlay-gradient":""},"tablet":{"background-color":"","background-image":"","background-repeat":"repeat","background-position":"center center","background-size":"auto","background-attachment":"scroll","background-type":"","background-media":"","overlay-type":"","overlay-color":"","overlay-opacity":"","overlay-gradient":""},"mobile":{"background-color":"","background-image":"","background-repeat":"repeat","background-position":"center center","background-size":"auto","background-attachment":"scroll","background-type":"","background-media":"","overlay-type":"","overlay-color":"","overlay-opacity":"","overlay-gradient":""}},"ast-content-background-meta":{"desktop":{"background-color":"var(--ast-global-color-4)","background-image":"","background-repeat":"repeat","background-position":"center center","background-size":"auto","background-attachment":"scroll","background-type":"","background-media":"","overlay-type":"","overlay-color":"","overlay-opacity":"","overlay-gradient":""},"tablet":{"background-color":"var(--ast-global-color-4)","background-image":"","background-repeat":"repeat","background-position":"center center","background-size":"auto","background-attachment":"scroll","background-type":"","background-media":"","overlay-type":"","overlay-color":"","overlay-opacity":"","overlay-gradient":""},"mobile":{"background-color":"var(--ast-global-color-4)","background-image":"","background-repeat":"repeat","background-position":"center center","background-size":"auto","background-attachment":"scroll","background-type":"","background-media":"","overlay-type":"","overlay-color":"","overlay-opacity":"","overlay-gradient":""}}},"product_brand":[],"product_cat":[72,91,37,41],"product_tag":[],"class_list":{"0":"post-3325","1":"product","2":"type-product","3":"status-publish","4":"has-post-thumbnail","6":"product_cat-cosmetic-packaging","7":"product_cat-custom-perfume-bottles","8":"product_cat-uncategorized","9":"product_cat-perfume-bottles","10":"desktop-align-left","11":"tablet-align-left","12":"mobile-align-left","14":"first","15":"instock","16":"shipping-taxable","17":"product-type-simple"},"acf":[],"jetpack_sharing_enabled":true,"_links":{"self":[{"href":"https:\/\/theperfumebottles.com\/pt\/wp-json\/wp\/v2\/product\/3325","targetHints":{"allow":["GET"]}}],"collection":[{"href":"https:\/\/theperfumebottles.com\/pt\/wp-json\/wp\/v2\/product"}],"about":[{"href":"https:\/\/theperfumebottles.com\/pt\/wp-json\/wp\/v2\/types\/product"}],"replies":[{"embeddable":true,"href":"https:\/\/theperfumebottles.com\/pt\/wp-json\/wp\/v2\/comments?post=3325"}],"wp:featuredmedia":[{"embeddable":true,"href":"https:\/\/theperfumebottles.com\/pt\/wp-json\/wp\/v2\/media\/3333"}],"wp:attachment":[{"href":"https:\/\/theperfumebottles.com\/pt\/wp-json\/wp\/v2\/media?parent=3325"}],"wp:term":[{"taxonomy":"product_brand","embeddable":true,"href":"https:\/\/theperfumebottles.com\/pt\/wp-json\/wp\/v2\/product_brand?post=3325"},{"taxonomy":"product_cat","embeddable":true,"href":"https:\/\/theperfumebottles.com\/pt\/wp-json\/wp\/v2\/product_cat?post=3325"},{"taxonomy":"product_tag","embeddable":true,"href":"https:\/\/theperfumebottles.com\/pt\/wp-json\/wp\/v2\/product_tag?post=3325"}],"curies":[{"name":"wp","href":"https:\/\/api.w.org\/{rel}","templated":true}]}}