{"id":3409,"date":"2025-05-23T18:00:18","date_gmt":"2025-05-23T10:00:18","guid":{"rendered":"https:\/\/theperfumebottles.com\/?post_type=product&#038;p=3409"},"modified":"2025-05-26T13:33:07","modified_gmt":"2025-05-26T05:33:07","slug":"10ml-20ml-30ml-refillable-fragrance-bottle-travel-cologne-bottle","status":"publish","type":"product","link":"https:\/\/theperfumebottles.com\/pt\/produto\/10ml-20ml-30ml-refillable-fragrance-bottle-travel-cologne-bottle\/","title":{"rendered":"Frasco de perfume recarreg\u00e1vel de 10ml, 20ml e 30ml e frasco de col\u00f4nia para viagem."},"content":{"rendered":"<p>Tamb\u00e9m est\u00e1 \u00e0 procura de um recipiente que possa transportar a fragr\u00e2ncia e transmitir a alma da marca? Imagine: quando o cliente abre suavemente o seu frasco de fragr\u00e2ncia recarreg\u00e1vel, a delicada textura do vidro flui entre os dedos e o l\u00edquido \u00e2mbar derrama-se como seda, e cada gota conta a hist\u00f3ria da sua marca.<\/p>\n<h2>\nEspecifica\u00e7\u00f5es principais<\/h2>\n<table style=\"border-collapse: collapse;margin-left: auto;margin-right: auto;width: 80%\" border=\"0\" width=\"80%\" cellspacing=\"0\" cellpadding=\"0\">\n<tbody>\n<tr style=\"height: 13.50pt\">\n<td style=\"height: 13.50pt;width: 109.50pt\" width=\"146\" height=\"18\"><strong>Capacidade<\/strong><\/td>\n<td style=\"width: 194.25pt\" width=\"259\">10ml, 20ml, 30ml<\/td>\n<\/tr>\n<tr style=\"height: 13.50pt\">\n<td style=\"height: 13.50pt\" height=\"18\"><strong>Material<\/strong><\/td>\n<td>Vidro de cristal, tampa de metal<\/td>\n<\/tr>\n<tr style=\"height: 13.50pt\">\n<td style=\"height: 13.50pt\" height=\"18\"><strong>Veda\u00e7\u00e3o<\/strong><\/td>\n<td>bocal de rosca + bico de pulveriza\u00e7\u00e3o<\/td>\n<\/tr>\n<tr style=\"height: 13.50pt\">\n<td style=\"height: 13.50pt\" height=\"18\"><strong>Cor<\/strong><\/td>\n<td>Totalmente personaliz\u00e1vel<\/td>\n<\/tr>\n<tr style=\"height: 13.50pt\">\n<td style=\"height: 13.50pt\" height=\"18\"><strong>Forma<\/strong><\/td>\n<td>Cil\u00edndrico<\/td>\n<\/tr>\n<tr style=\"height: 13.50pt\">\n<td style=\"height: 13.50pt\" height=\"18\"><strong>Tipo de embalagem<\/strong><\/td>\n<td>Embalagens de cosm\u00e9ticos recicl\u00e1veis<\/td>\n<\/tr>\n<\/tbody>\n<\/table>\n<p><img fetchpriority=\"high\" decoding=\"async\" class=\"wp-image-3402\" src=\"https:\/\/theperfumebottles.com\/wp-content\/uploads\/2025\/05\/travel-cologne-bottle-rb3020.webp\" alt=\"frasco de col\u00f4nia para viagem\" width=\"451\" height=\"451\" srcset=\"https:\/\/theperfumebottles.com\/wp-content\/uploads\/2025\/05\/travel-cologne-bottle-rb3020.webp 1000w, https:\/\/theperfumebottles.com\/wp-content\/uploads\/2025\/05\/travel-cologne-bottle-rb3020-300x300.webp 300w, https:\/\/theperfumebottles.com\/wp-content\/uploads\/2025\/05\/travel-cologne-bottle-rb3020-150x150.webp 150w, https:\/\/theperfumebottles.com\/wp-content\/uploads\/2025\/05\/travel-cologne-bottle-rb3020-768x768.webp 768w, https:\/\/theperfumebottles.com\/wp-content\/uploads\/2025\/05\/travel-cologne-bottle-rb3020-12x12.webp 12w, https:\/\/theperfumebottles.com\/wp-content\/uploads\/2025\/05\/travel-cologne-bottle-rb3020-600x600.webp 600w, https:\/\/theperfumebottles.com\/wp-content\/uploads\/2025\/05\/travel-cologne-bottle-rb3020-100x100.webp 100w\" sizes=\"(max-width: 451px) 100vw, 451px\" \/><\/p>\n<p>&nbsp;<\/p>\n<h2>Hist\u00f3ria de sucesso e dicas de personaliza\u00e7\u00e3o<\/h2>\n<p>Uma marca de cuidados para a pele com a qual trabalh\u00e1mos aumentou a reten\u00e7\u00e3o de clientes em 40% utilizando estes frascos de perfume de vidro como amostras de viagem. Ao oferecer frascos de perfume recarreg\u00e1veis, reduziram o desperd\u00edcio e incentivaram a repeti\u00e7\u00e3o de compras.<\/p>\n<h2>Dicas de personaliza\u00e7\u00e3o<\/h2>\n<ul>\n<li><strong>Flexibilidade de conce\u00e7\u00e3o<\/strong>: Adicione o seu log\u00f3tipo atrav\u00e9s de grava\u00e7\u00e3o ou bloqueio de cores para criar um aspeto espec\u00edfico da marca.<\/li>\n<li><strong>Pedidos em grandes quantidades<\/strong>: Encomendar por grosso para armazenar garrafas de amostra para eventos ou venda a retalho.<\/li>\n<li><strong>Borda ecol\u00f3gica<\/strong>: Destaque o vidro recicl\u00e1vel e o design port\u00e1til no seu marketing para atrair consumidores conscientes.<\/li>\n<\/ul>\n<h2>Deixe a beleza da fragr\u00e2ncia ser verdadeiramente vista<\/h2>\n<p>Tamb\u00e9m est\u00e1 \u00e0 procura de um recipiente que possa transportar a fragr\u00e2ncia e transmitir a alma da marca? Imagine: quando o cliente abre suavemente o seu frasco de perfume, a delicada textura do vidro flui entre os dedos e o l\u00edquido \u00e2mbar derrama-se como seda, e cada gota conta a hist\u00f3ria da sua marca.<\/p>\n<p>Estamos bem cientes de que os consumidores modernos n\u00e3o compram apenas perfumes, mas tamb\u00e9m experi\u00eancias imersivas. Veja<\/p>\n<blockquote><p>O design \u00e0 prova de fugas torna as viagens de neg\u00f3cios elegantes e calmas<\/p>\n<p>A tampa de garrafa magn\u00e9tica interpreta o requinte da est\u00e9tica oriental<\/p>\n<p>A textura mate real\u00e7a a sensa\u00e7\u00e3o de sofistica\u00e7\u00e3o discreta<\/p><\/blockquote>\n<p>Estes pormenores s\u00e3o silenciosamente reveladores: N\u00e3o se trata de um contentor med\u00edocre, mas de uma obra de arte ambulante.<\/p>\n<h2>Comece com a sua ideia<\/h2>\n<p>Precisa de um designer dedicado para o ajudar a criar um ponto memor\u00e1vel? Desde a curvatura da garrafa at\u00e9 aos efeitos de luz e sombra, a nossa equipa esculpir\u00e1 cada detalhe como uma obra de arte. Lembra-se do cliente que queria criar o conceito de \"Floresta ao Luar\"? Utilizamos vidro gradiente + log\u00f3tipo luminoso para fazer com que a sua marca se destacasse na exposi\u00e7\u00e3o.<\/p>\n<h3>Neste momento, s\u00f3 tens de me dizer:<\/h3>\n<p>Que tipo de temperamento de marca espera transmitir?<\/p>\n<p>Que tipo de experi\u00eancia t\u00e1til prefere o grupo de clientes-alvo?<\/p>\n<p>P.S. N\u00e3o acredite apenas na nossa palavra. Experimente primeiro um lote de amostra - porque um \u00f3timo design come\u00e7a com uma excelente primeira impress\u00e3o.<\/p>","protected":false},"excerpt":{"rendered":"<p>Melhore a sua marca com os nossos frascos de perfume recarreg\u00e1veis e frascos de col\u00f3nia para viagem. Frascos de perfume de vidro personalizados com designs pequenos e port\u00e1teis para encomendas por grosso ou a granel.<\/p>","protected":false},"featured_media":3399,"comment_status":"open","ping_status":"closed","template":"","meta":{"_acf_changed":false,"site-sidebar-layout":"default","site-content-layout":"","ast-site-content-layout":"default","site-content-style":"default","site-sidebar-style":"default","ast-global-header-display":"","ast-banner-title-visibility":"","ast-main-header-display":"","ast-hfb-above-header-display":"","ast-hfb-below-header-display":"","ast-hfb-mobile-header-display":"","site-post-title":"","ast-breadcrumbs-content":"","ast-featured-img":"","footer-sml-layout":"","ast-disable-related-posts":"","theme-transparent-header-meta":"default","adv-header-id-meta":"","stick-header-meta":"","header-above-stick-meta":"","header-main-stick-meta":"","header-below-stick-meta":"","astra-migrate-meta-layouts":"set","ast-page-background-enabled":"default","ast-page-background-meta":{"desktop":{"background-color":"var(--ast-global-color-5)","background-image":"","background-repeat":"repeat","background-position":"center center","background-size":"auto","background-attachment":"scroll","background-type":"","background-media":"","overlay-type":"","overlay-color":"","overlay-opacity":"","overlay-gradient":""},"tablet":{"background-color":"","background-image":"","background-repeat":"repeat","background-position":"center center","background-size":"auto","background-attachment":"scroll","background-type":"","background-media":"","overlay-type":"","overlay-color":"","overlay-opacity":"","overlay-gradient":""},"mobile":{"background-color":"","background-image":"","background-repeat":"repeat","background-position":"center center","background-size":"auto","background-attachment":"scroll","background-type":"","background-media":"","overlay-type":"","overlay-color":"","overlay-opacity":"","overlay-gradient":""}},"ast-content-background-meta":{"desktop":{"background-color":"var(--ast-global-color-4)","background-image":"","background-repeat":"repeat","background-position":"center center","background-size":"auto","background-attachment":"scroll","background-type":"","background-media":"","overlay-type":"","overlay-color":"","overlay-opacity":"","overlay-gradient":""},"tablet":{"background-color":"var(--ast-global-color-4)","background-image":"","background-repeat":"repeat","background-position":"center center","background-size":"auto","background-attachment":"scroll","background-type":"","background-media":"","overlay-type":"","overlay-color":"","overlay-opacity":"","overlay-gradient":""},"mobile":{"background-color":"var(--ast-global-color-4)","background-image":"","background-repeat":"repeat","background-position":"center center","background-size":"auto","background-attachment":"scroll","background-type":"","background-media":"","overlay-type":"","overlay-color":"","overlay-opacity":"","overlay-gradient":""}}},"product_brand":[],"product_cat":[72,74,90,41],"product_tag":[],"class_list":{"0":"post-3409","1":"product","2":"type-product","3":"status-publish","4":"has-post-thumbnail","6":"product_cat-cosmetic-packaging","7":"product_cat-mini-perfume-bottles","8":"product_cat-refillable-perfume-bottles","9":"product_cat-perfume-bottles","10":"desktop-align-left","11":"tablet-align-left","12":"mobile-align-left","14":"first","15":"instock","16":"shipping-taxable","17":"product-type-simple"},"acf":[],"jetpack_sharing_enabled":true,"_links":{"self":[{"href":"https:\/\/theperfumebottles.com\/pt\/wp-json\/wp\/v2\/product\/3409","targetHints":{"allow":["GET"]}}],"collection":[{"href":"https:\/\/theperfumebottles.com\/pt\/wp-json\/wp\/v2\/product"}],"about":[{"href":"https:\/\/theperfumebottles.com\/pt\/wp-json\/wp\/v2\/types\/product"}],"replies":[{"embeddable":true,"href":"https:\/\/theperfumebottles.com\/pt\/wp-json\/wp\/v2\/comments?post=3409"}],"wp:featuredmedia":[{"embeddable":true,"href":"https:\/\/theperfumebottles.com\/pt\/wp-json\/wp\/v2\/media\/3399"}],"wp:attachment":[{"href":"https:\/\/theperfumebottles.com\/pt\/wp-json\/wp\/v2\/media?parent=3409"}],"wp:term":[{"taxonomy":"product_brand","embeddable":true,"href":"https:\/\/theperfumebottles.com\/pt\/wp-json\/wp\/v2\/product_brand?post=3409"},{"taxonomy":"product_cat","embeddable":true,"href":"https:\/\/theperfumebottles.com\/pt\/wp-json\/wp\/v2\/product_cat?post=3409"},{"taxonomy":"product_tag","embeddable":true,"href":"https:\/\/theperfumebottles.com\/pt\/wp-json\/wp\/v2\/product_tag?post=3409"}],"curies":[{"name":"wp","href":"https:\/\/api.w.org\/{rel}","templated":true}]}}