{"id":3897,"date":"2025-06-13T17:04:32","date_gmt":"2025-06-13T09:04:32","guid":{"rendered":"https:\/\/theperfumebottles.com\/?post_type=product&#038;p=3897"},"modified":"2025-06-17T09:38:58","modified_gmt":"2025-06-17T01:38:58","slug":"elegant-perfume-beautiful-bottle-with-glass-design","status":"publish","type":"product","link":"https:\/\/theperfumebottles.com\/pt\/produto\/elegant-perfume-beautiful-bottle-with-glass-design\/","title":{"rendered":"Frasco de perfume elegante e bonito com design de vidro de 50ml e 100ml"},"content":{"rendered":"<p>Se procura um frasco de perfume bonito que combine eleg\u00e2ncia intemporal com praticidade moderna, estes frascos de vidro para perfume s\u00e3o exatamente o que precisa. Quer esteja a lan\u00e7ar uma nova linha de fragr\u00e2ncias ou a atualizar a sua embalagem atual, estes frascos podem melhorar a imagem da sua marca.<\/p>\n<h2>Especifica\u00e7\u00f5es principais<\/h2>\n<table style=\"border-collapse: collapse;margin-left: auto;margin-right: auto;width: 80%\" border=\"0\" width=\"80%\" cellspacing=\"0\" cellpadding=\"0\">\n<tbody>\n<tr style=\"height: 13.50pt\">\n<td style=\"height: 13.50pt;width: 81.00pt\" width=\"108\" height=\"18\">Modelo<\/td>\n<td style=\"width: 70.50pt\" width=\"94\">Capacidade<\/td>\n<td style=\"width: 93.00pt\" width=\"124\">Forma<\/td>\n<td style=\"width: 102.00pt\" width=\"136\">Dimens\u00f5es (mm)<\/td>\n<td style=\"width: 102.75pt\" width=\"137\">Di\u00e2metro do pesco\u00e7o<\/td>\n<td style=\"width: 193.50pt\" width=\"258\">M\u00e9todo de veda\u00e7\u00e3o<\/td>\n<td style=\"width: 105.75pt\" width=\"141\">Material<\/td>\n<td style=\"width: 104.25pt\" width=\"139\">Cor<\/td>\n<\/tr>\n<tr style=\"height: 13.50pt\">\n<td style=\"height: 13.50pt\" height=\"18\">PB-YZ1604<\/td>\n<td>50 ml<\/td>\n<td>Cil\u00edndrico<\/td>\n<td>37 \u00d7 98<\/td>\n<td>15 mm<\/td>\n<td>Gargalo de crimpagem + pulverizador<\/td>\n<td>Vidro de cristal<\/td>\n<td>Personaliz\u00e1vel<\/td>\n<\/tr>\n<tr style=\"height: 13.50pt\">\n<td style=\"height: 13.50pt\" height=\"18\">PB-YZ1605<\/td>\n<td>50 ml<\/td>\n<td>Cil\u00edndrico<\/td>\n<td>32 \u00d7 137<\/td>\n<td>15 mm<\/td>\n<td>Gargalo de crimpagem + pulverizador<\/td>\n<td>Vidro de cristal<\/td>\n<td>Personaliz\u00e1vel<\/td>\n<\/tr>\n<tr style=\"height: 13.50pt\">\n<td style=\"height: 13.50pt\" height=\"18\">PB-YZ1606<\/td>\n<td>100 ml<\/td>\n<td>Cil\u00edndrico<\/td>\n<td>39 \u00d7 159<\/td>\n<td>15 mm<\/td>\n<td>Gargalo de crimpagem + pulverizador<\/td>\n<td>Vidro de cristal<\/td>\n<td>Personaliz\u00e1vel<\/td>\n<\/tr>\n<\/tbody>\n<\/table>\n<h2>Estudo de Caso Real<\/h2>\n<p>Uma boutique de perfumes de Paris lan\u00e7ou a sua fragr\u00e2ncia unissexo de assinatura com este belo frasco. Escolheram uma tonalidade suave de lavanda, combinada com uma tampa de spray prateada escovada e um log\u00f3tipo de marca minimalista. O resultado? O seu produto destacou-se nas prateleiras, gerou aten\u00e7\u00e3o online e registou um aumento de 40% nas encomendas por grosso em apenas alguns meses.<\/p>\n<h2>Dicas para criar o seu pr\u00f3prio frasco de perfume<\/h2>\n<ul>\n<li><strong>Personaliza\u00e7\u00e3o da cor:<\/strong> Escolher a cor do frasco de acordo com a fragr\u00e2ncia (por exemplo, rosa suave para fragr\u00e2ncias florais e castanho escuro para fragr\u00e2ncias amadeiradas) para combinar melhor a apar\u00eancia e a fragr\u00e2ncia.<\/li>\n<li><strong>Logotipo da marca:<\/strong> O LOGOTIPO pode ser impresso no ecr\u00e3 ou gravado a laser na garrafa para aumentar o reconhecimento da marca.<\/li>\n<li><strong>Detalhes do material:<\/strong> Escolha tampas de garrafa foscas\/electrodepositadas e r\u00f3tulos com textura met\u00e1lica para aumentar a sensa\u00e7\u00e3o de luxo.<\/li>\n<li><strong>Embalagem amiga do ambiente:<\/strong> Combine caixas de papel recicl\u00e1vel + forro personalizado para criar uma imagem de marca ecol\u00f3gica.<\/li>\n<li><strong>Suporte para personaliza\u00e7\u00e3o em massa:<\/strong> Apoio a grandes encomendas e servi\u00e7os OEM, melhores pre\u00e7os e fornecimento est\u00e1vel.<\/li>\n<\/ul>\n<h2>Porqu\u00ea escolher a Minghang como fabricante de perfumes?<\/h2>\n<p>Escolher a Minghang significa escolher um fabricante de perfumes \u00fanico que combina for\u00e7a profissional, garantia de qualidade e personaliza\u00e7\u00e3o flex\u00edvel. Compreendemos as necessidades das marcas e o ritmo do mercado. N\u00e3o s\u00f3 fornecemos servi\u00e7os de processo completo, desde a conce\u00e7\u00e3o \u00e0 produ\u00e7\u00e3o, como tamb\u00e9m utilizamos materiais amigos do ambiente, controlo de qualidade rigoroso e pre\u00e7os grossistas competitivos para o ajudar a criar eficientemente produtos de fragr\u00e2ncias \u00fanicos e fazer com que a sua marca se destaque no mercado.<\/p>","protected":false},"excerpt":{"rendered":"<p>Frasco de perfume bonito feito de perfume de vidro de garrafa premium. Design elegante de 100ml, para oferta ou embalagem de fragr\u00e2ncias por atacado.<\/p>","protected":false},"featured_media":3903,"comment_status":"open","ping_status":"closed","template":"","meta":{"_acf_changed":false,"site-sidebar-layout":"default","site-content-layout":"","ast-site-content-layout":"default","site-content-style":"default","site-sidebar-style":"default","ast-global-header-display":"","ast-banner-title-visibility":"","ast-main-header-display":"","ast-hfb-above-header-display":"","ast-hfb-below-header-display":"","ast-hfb-mobile-header-display":"","site-post-title":"","ast-breadcrumbs-content":"","ast-featured-img":"","footer-sml-layout":"","ast-disable-related-posts":"","theme-transparent-header-meta":"default","adv-header-id-meta":"","stick-header-meta":"","header-above-stick-meta":"","header-main-stick-meta":"","header-below-stick-meta":"","astra-migrate-meta-layouts":"set","ast-page-background-enabled":"default","ast-page-background-meta":{"desktop":{"background-color":"var(--ast-global-color-5)","background-image":"","background-repeat":"repeat","background-position":"center center","background-size":"auto","background-attachment":"scroll","background-type":"","background-media":"","overlay-type":"","overlay-color":"","overlay-opacity":"","overlay-gradient":""},"tablet":{"background-color":"","background-image":"","background-repeat":"repeat","background-position":"center center","background-size":"auto","background-attachment":"scroll","background-type":"","background-media":"","overlay-type":"","overlay-color":"","overlay-opacity":"","overlay-gradient":""},"mobile":{"background-color":"","background-image":"","background-repeat":"repeat","background-position":"center center","background-size":"auto","background-attachment":"scroll","background-type":"","background-media":"","overlay-type":"","overlay-color":"","overlay-opacity":"","overlay-gradient":""}},"ast-content-background-meta":{"desktop":{"background-color":"var(--ast-global-color-4)","background-image":"","background-repeat":"repeat","background-position":"center center","background-size":"auto","background-attachment":"scroll","background-type":"","background-media":"","overlay-type":"","overlay-color":"","overlay-opacity":"","overlay-gradient":""},"tablet":{"background-color":"var(--ast-global-color-4)","background-image":"","background-repeat":"repeat","background-position":"center center","background-size":"auto","background-attachment":"scroll","background-type":"","background-media":"","overlay-type":"","overlay-color":"","overlay-opacity":"","overlay-gradient":""},"mobile":{"background-color":"var(--ast-global-color-4)","background-image":"","background-repeat":"repeat","background-position":"center center","background-size":"auto","background-attachment":"scroll","background-type":"","background-media":"","overlay-type":"","overlay-color":"","overlay-opacity":"","overlay-gradient":""}}},"product_brand":[],"product_cat":[72,91,41],"product_tag":[49],"class_list":{"0":"post-3897","1":"product","2":"type-product","3":"status-publish","4":"has-post-thumbnail","6":"product_cat-cosmetic-packaging","7":"product_cat-custom-perfume-bottles","8":"product_cat-perfume-bottles","9":"product_tag-perfume-bottles","10":"desktop-align-left","11":"tablet-align-left","12":"mobile-align-left","14":"first","15":"instock","16":"shipping-taxable","17":"product-type-simple"},"acf":[],"jetpack_sharing_enabled":true,"_links":{"self":[{"href":"https:\/\/theperfumebottles.com\/pt\/wp-json\/wp\/v2\/product\/3897","targetHints":{"allow":["GET"]}}],"collection":[{"href":"https:\/\/theperfumebottles.com\/pt\/wp-json\/wp\/v2\/product"}],"about":[{"href":"https:\/\/theperfumebottles.com\/pt\/wp-json\/wp\/v2\/types\/product"}],"replies":[{"embeddable":true,"href":"https:\/\/theperfumebottles.com\/pt\/wp-json\/wp\/v2\/comments?post=3897"}],"wp:featuredmedia":[{"embeddable":true,"href":"https:\/\/theperfumebottles.com\/pt\/wp-json\/wp\/v2\/media\/3903"}],"wp:attachment":[{"href":"https:\/\/theperfumebottles.com\/pt\/wp-json\/wp\/v2\/media?parent=3897"}],"wp:term":[{"taxonomy":"product_brand","embeddable":true,"href":"https:\/\/theperfumebottles.com\/pt\/wp-json\/wp\/v2\/product_brand?post=3897"},{"taxonomy":"product_cat","embeddable":true,"href":"https:\/\/theperfumebottles.com\/pt\/wp-json\/wp\/v2\/product_cat?post=3897"},{"taxonomy":"product_tag","embeddable":true,"href":"https:\/\/theperfumebottles.com\/pt\/wp-json\/wp\/v2\/product_tag?post=3897"}],"curies":[{"name":"wp","href":"https:\/\/api.w.org\/{rel}","templated":true}]}}