{"id":4570,"date":"2025-07-16T17:34:20","date_gmt":"2025-07-16T09:34:20","guid":{"rendered":"https:\/\/theperfumebottles.com\/?post_type=product&#038;p=4570"},"modified":"2025-07-16T17:34:21","modified_gmt":"2025-07-16T09:34:21","slug":"cosmetic-packaging-wholesale-lotion-glass-jars-for-skincare","status":"publish","type":"product","link":"https:\/\/theperfumebottles.com\/pt\/produto\/cosmetic-packaging-wholesale-lotion-glass-jars-for-skincare\/","title":{"rendered":"Embalagens cosm\u00e9ticas para atacado nos tamanhos 1oz, 2oz, 4oz e 8oz \u2013 Potes de vidro para lo\u00e7\u00e3o e cuidados com a pele."},"content":{"rendered":"<p>Procura embalagens para cosm\u00e9ticos que combinem robustez e eleg\u00e2ncia? Estes frascos de vidro para lo\u00e7\u00f5es s\u00e3o ideais para produtos de cuidados com a pele, como b\u00e1lsamos labiais, lo\u00e7\u00f5es e cremes faciais. Com um acabamento \u00e2mbar que protege f\u00f3rmulas sens\u00edveis \u00e0 luz e um design minimalista e sofisticado, s\u00e3o perfeitos para embalagens de beleza que se destacam na sua casa ou nas prateleiras da loja.<\/p>\n<h2 data-spm-anchor-id=\"5176.28103460.0.i19.29ab1db8rVh0h0\"><strong>Especifica\u00e7\u00f5es principais<\/strong><\/h2>\n<table style=\"border-collapse: collapse;width: 932px;height: 28px;margin-left: 200px\" border=\"0\" width=\"432\" cellspacing=\"0\" cellpadding=\"0\">\n<tbody>\n<tr style=\"height: 13.50pt\">\n<td style=\"height: 13.50pt;width: 54.00pt\" width=\"72\" height=\"18\">Capacidade<\/td>\n<td style=\"width: 54.00pt\" width=\"72\">Forma<\/td>\n<td style=\"width: 54.00pt\" width=\"72\">M\u00e9todo de veda\u00e7\u00e3o<\/td>\n<td style=\"width: 54.00pt\" width=\"72\">Material<\/td>\n<td style=\"width: 54.00pt\" width=\"72\">Cor<\/td>\n<td style=\"width: 54.00pt\" width=\"72\">Caso de uso<\/td>\n<\/tr>\n<tr style=\"height: 13.50pt\">\n<td style=\"height: 13.50pt\" height=\"18\">1 oz \/ 2 oz \/ 4 oz \/ 8 oz<\/td>\n<td>R\u00e9gua<\/td>\n<td>Rosca (Tampa de pl\u00e1stico\/metal)<\/td>\n<td>Vidro<\/td>\n<td>\u00c2mbar (Personaliz\u00e1vel)<\/td>\n<td>B\u00e1lsamo labial, lo\u00e7\u00e3o, creme facial<\/td>\n<\/tr>\n<\/tbody>\n<\/table>\n<h2>Caso de sucesso: Impulsionando o lan\u00e7amento de uma nova marca de cuidados com a pele<\/h2>\n<p>Uma startup de cuidados com a pele precisava de potes de vidro para seu creme hidratante facial. Personalizamos potes \u00e2mbar de 120ml com r\u00f3tulos brancos foscos e tampas de metal para um visual sofisticado. Resultado? Um aumento de 150% nas pr\u00e9-encomendas e avalia\u00e7\u00f5es excelentes elogiando a embalagem. Dica: Quando as embalagens dos seus cosm\u00e9ticos s\u00e3o t\u00e3o luxuosas quanto parecem, os clientes confiam na sua marca naturalmente.<\/p>\n<h2>Dicas de personaliza\u00e7\u00e3o para sua marca<\/h2>\n<ul>\n<li><strong>Op\u00e7\u00f5es de cores:<\/strong> \u00c2mbar para seguran\u00e7a, transparente para exibir produtos coloridos ou tonalidades personalizadas para combinar com sua paleta de cores.<\/li>\n<li><strong>Design do r\u00f3tulo:<\/strong> Adicione lacres inviol\u00e1veis, c\u00f3digos QR ou texto minimalista para um acabamento moderno.<\/li>\n<li><strong>Materiais da tampa:<\/strong> Metal para maior resist\u00eancia ou pl\u00e1stico para embalagens cosm\u00e9ticas leves.<\/li>\n<\/ul>","protected":false},"excerpt":{"rendered":"<p>Embalagens cosm\u00e9ticas no atacado para potes de vidro de lo\u00e7\u00e3o \u2013 potes \u00e2mbar herm\u00e9ticos com envio em grandes quantidades e personaliza\u00e7\u00e3o da marca. Perfeito para marcas de cuidados com a pele e beleza.<\/p>","protected":false},"featured_media":4571,"comment_status":"open","ping_status":"closed","template":"","meta":{"_acf_changed":false,"site-sidebar-layout":"default","site-content-layout":"","ast-site-content-layout":"default","site-content-style":"default","site-sidebar-style":"default","ast-global-header-display":"","ast-banner-title-visibility":"","ast-main-header-display":"","ast-hfb-above-header-display":"","ast-hfb-below-header-display":"","ast-hfb-mobile-header-display":"","site-post-title":"","ast-breadcrumbs-content":"","ast-featured-img":"","footer-sml-layout":"","ast-disable-related-posts":"","theme-transparent-header-meta":"default","adv-header-id-meta":"","stick-header-meta":"","header-above-stick-meta":"","header-main-stick-meta":"","header-below-stick-meta":"","astra-migrate-meta-layouts":"set","ast-page-background-enabled":"default","ast-page-background-meta":{"desktop":{"background-color":"var(--ast-global-color-5)","background-image":"","background-repeat":"repeat","background-position":"center center","background-size":"auto","background-attachment":"scroll","background-type":"","background-media":"","overlay-type":"","overlay-color":"","overlay-opacity":"","overlay-gradient":""},"tablet":{"background-color":"","background-image":"","background-repeat":"repeat","background-position":"center center","background-size":"auto","background-attachment":"scroll","background-type":"","background-media":"","overlay-type":"","overlay-color":"","overlay-opacity":"","overlay-gradient":""},"mobile":{"background-color":"","background-image":"","background-repeat":"repeat","background-position":"center center","background-size":"auto","background-attachment":"scroll","background-type":"","background-media":"","overlay-type":"","overlay-color":"","overlay-opacity":"","overlay-gradient":""}},"ast-content-background-meta":{"desktop":{"background-color":"var(--ast-global-color-4)","background-image":"","background-repeat":"repeat","background-position":"center center","background-size":"auto","background-attachment":"scroll","background-type":"","background-media":"","overlay-type":"","overlay-color":"","overlay-opacity":"","overlay-gradient":""},"tablet":{"background-color":"var(--ast-global-color-4)","background-image":"","background-repeat":"repeat","background-position":"center center","background-size":"auto","background-attachment":"scroll","background-type":"","background-media":"","overlay-type":"","overlay-color":"","overlay-opacity":"","overlay-gradient":""},"mobile":{"background-color":"var(--ast-global-color-4)","background-image":"","background-repeat":"repeat","background-position":"center center","background-size":"auto","background-attachment":"scroll","background-type":"","background-media":"","overlay-type":"","overlay-color":"","overlay-opacity":"","overlay-gradient":""}}},"product_brand":[],"product_cat":[72,62,56],"product_tag":[119,120],"class_list":{"0":"post-4570","1":"product","2":"type-product","3":"status-publish","4":"has-post-thumbnail","6":"product_cat-cosmetic-packaging","7":"product_cat-cosmetic-containers","8":"product_cat-cosmetic-jars","9":"product_tag-cosmetic-packaging-wholesale","10":"product_tag-lotion-glass-jar","11":"desktop-align-left","12":"tablet-align-left","13":"mobile-align-left","15":"first","16":"instock","17":"shipping-taxable","18":"product-type-simple"},"acf":[],"jetpack_sharing_enabled":true,"_links":{"self":[{"href":"https:\/\/theperfumebottles.com\/pt\/wp-json\/wp\/v2\/product\/4570","targetHints":{"allow":["GET"]}}],"collection":[{"href":"https:\/\/theperfumebottles.com\/pt\/wp-json\/wp\/v2\/product"}],"about":[{"href":"https:\/\/theperfumebottles.com\/pt\/wp-json\/wp\/v2\/types\/product"}],"replies":[{"embeddable":true,"href":"https:\/\/theperfumebottles.com\/pt\/wp-json\/wp\/v2\/comments?post=4570"}],"wp:featuredmedia":[{"embeddable":true,"href":"https:\/\/theperfumebottles.com\/pt\/wp-json\/wp\/v2\/media\/4571"}],"wp:attachment":[{"href":"https:\/\/theperfumebottles.com\/pt\/wp-json\/wp\/v2\/media?parent=4570"}],"wp:term":[{"taxonomy":"product_brand","embeddable":true,"href":"https:\/\/theperfumebottles.com\/pt\/wp-json\/wp\/v2\/product_brand?post=4570"},{"taxonomy":"product_cat","embeddable":true,"href":"https:\/\/theperfumebottles.com\/pt\/wp-json\/wp\/v2\/product_cat?post=4570"},{"taxonomy":"product_tag","embeddable":true,"href":"https:\/\/theperfumebottles.com\/pt\/wp-json\/wp\/v2\/product_tag?post=4570"}],"curies":[{"name":"wp","href":"https:\/\/api.w.org\/{rel}","templated":true}]}}