{"id":4670,"date":"2025-07-18T17:54:50","date_gmt":"2025-07-18T09:54:50","guid":{"rendered":"https:\/\/theperfumebottles.com\/?post_type=product&#038;p=4670"},"modified":"2025-07-18T17:54:51","modified_gmt":"2025-07-18T09:54:51","slug":"wholesale-beauty-containers-cosmetic-glass-jar-lotion","status":"publish","type":"product","link":"https:\/\/theperfumebottles.com\/pt\/produto\/wholesale-beauty-containers-cosmetic-glass-jar-lotion\/","title":{"rendered":"Potes de vidro para cosm\u00e9ticos no atacado: 5g, 10g, 15g, 30g, 50g e 60g."},"content":{"rendered":"<p><span class=\"highlights\" data-v-df95d256=\"\">Procura embalagens de beleza no atacado que combinem eleg\u00e2ncia e praticidade? Estes frascos de lo\u00e7\u00e3o s\u00e3o ideais para marcas de cuidados com a pele que precisam de embalagens que protejam ingredientes sens\u00edveis e elevem o n\u00edvel de suas embalagens. Com op\u00e7\u00f5es de capacidade de 5g a 60g, vidro \u00e2mbar para prote\u00e7\u00e3o UV e tampas rosqueadas em pl\u00e1stico\/metal, s\u00e3o a sua arma secreta para inspirar a fideliza\u00e7\u00e3o de clientes.<\/span><\/p>\n<h2><span class=\"highlights\" data-v-df95d256=\"\">Especifica\u00e7\u00f5es principais<\/span><\/h2>\n<table style=\"border-collapse: collapse;width: 1086px;height: 218px;margin-left: 120px\" border=\"0\" width=\"432\" cellspacing=\"0\" cellpadding=\"0\">\n<tbody>\n<tr style=\"height: 13.50pt\">\n<td style=\"height: 13.50pt;width: 54.00pt\" width=\"72\" height=\"18\">Capacidade<\/td>\n<td style=\"width: 54.00pt\" width=\"72\">Forma<\/td>\n<td style=\"width: 54.00pt\" width=\"72\">M\u00e9todo de veda\u00e7\u00e3o<\/td>\n<td style=\"width: 54.00pt\" width=\"72\">Material<\/td>\n<td style=\"width: 54.00pt\" width=\"72\">Cor<\/td>\n<td style=\"width: 54.00pt\" width=\"72\">Caso de uso<\/td>\n<\/tr>\n<tr style=\"height: 13.50pt\">\n<td style=\"height: 13.50pt\" height=\"18\">5g<\/td>\n<td>R\u00e9gua<\/td>\n<td>Rosqueado (Pl\u00e1stico\/Metal)<\/td>\n<td>Vidro<\/td>\n<td>\u00c2mbar<\/td>\n<td>Amostra de creme facial<\/td>\n<\/tr>\n<tr style=\"height: 13.50pt\">\n<td style=\"height: 13.50pt\" height=\"18\">10g<\/td>\n<td>R\u00e9gua<\/td>\n<td>Rosqueado (Pl\u00e1stico\/Metal)<\/td>\n<td>Vidro<\/td>\n<td>\u00c2mbar<\/td>\n<td>Mini Lo\u00e7\u00e3o Corporal<\/td>\n<\/tr>\n<tr style=\"height: 13.50pt\">\n<td style=\"height: 13.50pt\" height=\"18\">15g (0,5oz)<\/td>\n<td>R\u00e9gua<\/td>\n<td>Rosqueado (Pl\u00e1stico\/Metal)<\/td>\n<td>Vidro<\/td>\n<td>\u00c2mbar<\/td>\n<td>S\u00e9rum para olhos em tamanho de viagem<\/td>\n<\/tr>\n<tr style=\"height: 13.50pt\">\n<td style=\"height: 13.50pt\" height=\"18\">30g (1oz)<\/td>\n<td>R\u00e9gua<\/td>\n<td>Rosqueado (Pl\u00e1stico\/Metal)<\/td>\n<td>Vidro<\/td>\n<td>\u00c2mbar<\/td>\n<td>Creme facial padr\u00e3o<\/td>\n<\/tr>\n<tr style=\"height: 13.50pt\">\n<td style=\"height: 13.50pt\" height=\"18\">50g<\/td>\n<td>R\u00e9gua<\/td>\n<td>Rosqueado (Pl\u00e1stico\/Metal)<\/td>\n<td>Vidro<\/td>\n<td>\u00c2mbar<\/td>\n<td>Lo\u00e7\u00e3o Corporal Tamanho Normal<\/td>\n<\/tr>\n<tr style=\"height: 13.50pt\">\n<td style=\"height: 13.50pt\" height=\"18\">60g (2oz)<\/td>\n<td>R\u00e9gua<\/td>\n<td>Rosqueado (Pl\u00e1stico\/Metal)<\/td>\n<td>Vidro<\/td>\n<td>\u00c2mbar (Personalizado)<\/td>\n<td>S\u00e9rum de luxo ou creme medicamentoso<\/td>\n<\/tr>\n<\/tbody>\n<\/table>\n<p>&nbsp;<\/p>\n<h2><span class=\"highlights\" data-v-df95d256=\"\">Caso de sucesso: A transforma\u00e7\u00e3o da embalagem luxuosa de uma marca de cuidados com a pele <\/span><\/h2>\n<p><span class=\"highlights\" data-v-df95d256=\"\">Uma startup de cuidados com a pele precisava de frascos de lo\u00e7\u00e3o em pote para sua nova linha de s\u00e9runs cosm\u00e9ticos com textura de n\u00e9voa fina. Personalizamos potes \u00e2mbar de 30g com tampas de metal e r\u00f3tulos com acabamento fosco. Resultado? Um aumento de 400% nas vendas de embalagens de beleza no atacado e avalia\u00e7\u00f5es excelentes sobre a sensa\u00e7\u00e3o de luxo. Dica profissional: quando sua embalagem parece uma lembrancinha de spa, os clientes n\u00e3o querem ir embora.<\/span><\/p>\n<h2><span class=\"highlights\" data-v-df95d256=\"\">Dicas de personaliza\u00e7\u00e3o para sua marca <\/span><\/h2>\n<ul>\n<li><span class=\"highlights\" data-v-df95d256=\"\"><strong>Cor e acabamento:<\/strong> Opte por vidro \u00e2mbar para prote\u00e7\u00e3o UV ou adicione vidro fosco para uma textura fina semelhante a uma n\u00e9voa. <\/span><\/li>\n<li><span class=\"highlights\" data-v-df95d256=\"\"><strong>Op\u00e7\u00f5es de tampa:<\/strong> Opte por embalagens de metal para um visual sofisticado e elegante, ou por embalagens de pl\u00e1stico para uma op\u00e7\u00e3o mais econ\u00f4mica em grandes quantidades.<\/span><\/li>\n<li><span class=\"highlights\" data-v-df95d256=\"\"><strong>Design do r\u00f3tulo:<\/strong> Use fontes minimalistas para embalagens de cosm\u00e9ticos que transmitam uma eleg\u00e2ncia discreta ou fontes em negrito para potes chamativos.<\/span><\/li>\n<\/ul>","protected":false},"excerpt":{"rendered":"<p>Potes de vidro \u00e2mbar resistentes para lo\u00e7\u00e3o em pote, dispon\u00edveis no atacado. Perfeitos para marcas de cuidados com a pele que buscam embalagens de beleza ecol\u00f3gicas e personaliz\u00e1veis \u200b\u200bpara revenda.<\/p>","protected":false},"featured_media":4671,"comment_status":"open","ping_status":"closed","template":"","meta":{"_acf_changed":false,"site-sidebar-layout":"default","site-content-layout":"","ast-site-content-layout":"default","site-content-style":"default","site-sidebar-style":"default","ast-global-header-display":"","ast-banner-title-visibility":"","ast-main-header-display":"","ast-hfb-above-header-display":"","ast-hfb-below-header-display":"","ast-hfb-mobile-header-display":"","site-post-title":"","ast-breadcrumbs-content":"","ast-featured-img":"","footer-sml-layout":"","ast-disable-related-posts":"","theme-transparent-header-meta":"default","adv-header-id-meta":"","stick-header-meta":"","header-above-stick-meta":"","header-main-stick-meta":"","header-below-stick-meta":"","astra-migrate-meta-layouts":"set","ast-page-background-enabled":"default","ast-page-background-meta":{"desktop":{"background-color":"var(--ast-global-color-5)","background-image":"","background-repeat":"repeat","background-position":"center center","background-size":"auto","background-attachment":"scroll","background-type":"","background-media":"","overlay-type":"","overlay-color":"","overlay-opacity":"","overlay-gradient":""},"tablet":{"background-color":"","background-image":"","background-repeat":"repeat","background-position":"center center","background-size":"auto","background-attachment":"scroll","background-type":"","background-media":"","overlay-type":"","overlay-color":"","overlay-opacity":"","overlay-gradient":""},"mobile":{"background-color":"","background-image":"","background-repeat":"repeat","background-position":"center center","background-size":"auto","background-attachment":"scroll","background-type":"","background-media":"","overlay-type":"","overlay-color":"","overlay-opacity":"","overlay-gradient":""}},"ast-content-background-meta":{"desktop":{"background-color":"var(--ast-global-color-4)","background-image":"","background-repeat":"repeat","background-position":"center center","background-size":"auto","background-attachment":"scroll","background-type":"","background-media":"","overlay-type":"","overlay-color":"","overlay-opacity":"","overlay-gradient":""},"tablet":{"background-color":"var(--ast-global-color-4)","background-image":"","background-repeat":"repeat","background-position":"center center","background-size":"auto","background-attachment":"scroll","background-type":"","background-media":"","overlay-type":"","overlay-color":"","overlay-opacity":"","overlay-gradient":""},"mobile":{"background-color":"var(--ast-global-color-4)","background-image":"","background-repeat":"repeat","background-position":"center center","background-size":"auto","background-attachment":"scroll","background-type":"","background-media":"","overlay-type":"","overlay-color":"","overlay-opacity":"","overlay-gradient":""}}},"product_brand":[],"product_cat":[56,72,62],"product_tag":[145,142],"class_list":{"0":"post-4670","1":"product","2":"type-product","3":"status-publish","4":"has-post-thumbnail","6":"product_cat-cosmetic-jars","7":"product_cat-cosmetic-packaging","8":"product_cat-cosmetic-containers","9":"product_tag-cosmetic-cream-containers","10":"product_tag-wholesale-beauty-containers","11":"desktop-align-left","12":"tablet-align-left","13":"mobile-align-left","15":"first","16":"instock","17":"shipping-taxable","18":"product-type-simple"},"acf":[],"jetpack_sharing_enabled":true,"_links":{"self":[{"href":"https:\/\/theperfumebottles.com\/pt\/wp-json\/wp\/v2\/product\/4670","targetHints":{"allow":["GET"]}}],"collection":[{"href":"https:\/\/theperfumebottles.com\/pt\/wp-json\/wp\/v2\/product"}],"about":[{"href":"https:\/\/theperfumebottles.com\/pt\/wp-json\/wp\/v2\/types\/product"}],"replies":[{"embeddable":true,"href":"https:\/\/theperfumebottles.com\/pt\/wp-json\/wp\/v2\/comments?post=4670"}],"wp:featuredmedia":[{"embeddable":true,"href":"https:\/\/theperfumebottles.com\/pt\/wp-json\/wp\/v2\/media\/4671"}],"wp:attachment":[{"href":"https:\/\/theperfumebottles.com\/pt\/wp-json\/wp\/v2\/media?parent=4670"}],"wp:term":[{"taxonomy":"product_brand","embeddable":true,"href":"https:\/\/theperfumebottles.com\/pt\/wp-json\/wp\/v2\/product_brand?post=4670"},{"taxonomy":"product_cat","embeddable":true,"href":"https:\/\/theperfumebottles.com\/pt\/wp-json\/wp\/v2\/product_cat?post=4670"},{"taxonomy":"product_tag","embeddable":true,"href":"https:\/\/theperfumebottles.com\/pt\/wp-json\/wp\/v2\/product_tag?post=4670"}],"curies":[{"name":"wp","href":"https:\/\/api.w.org\/{rel}","templated":true}]}}