{"id":4707,"date":"2025-07-21T17:54:25","date_gmt":"2025-07-21T09:54:25","guid":{"rendered":"https:\/\/theperfumebottles.com\/?post_type=product&#038;p=4707"},"modified":"2026-04-02T17:19:07","modified_gmt":"2026-04-02T09:19:07","slug":"skincare-set-50g-40ml-100ml-120ml-cosmetic-pump-bottles-wholesale","status":"publish","type":"product","link":"https:\/\/theperfumebottles.com\/pt\/produto\/skincare-set-50g-40ml-100ml-120ml-cosmetic-pump-bottles-wholesale\/","title":{"rendered":"Kit de cuidados com a pele em frascos com bomba dosadora de 50g, 40ml, 100ml e 120ml para venda por atacado."},"content":{"rendered":"<p><span class=\"highlights\" data-v-df95d256=\"\">Procurando frascos com bomba dosadora para cosm\u00e9ticos que combinem estilo e funcionalidade? Estes frascos para cuidados com a pele, dispon\u00edveis para atacado, foram criados para inspirar a embalagem dos seus produtos de beleza. Como fornecedores de embalagens para cosm\u00e9ticos, produzimos frascos de vidro com tampas de rosca e bombas dosadoras para marcas de cuidados com a pele que precisam de embalagens sofisticadas. Perfeitos para \u00f3leos faciais, s\u00e9runs ou hidratantes \u2014 e sim, est\u00e3o prontos para envio em grandes quantidades.<\/span><\/p>\n<h2><strong>Especifica\u00e7\u00f5es principais<\/strong><\/h2>\n<table style=\"border-collapse: collapse; width: 80%; margin-left: auto; margin-right: auto;\" border=\"0\" width=\"360\" cellspacing=\"0\" cellpadding=\"0\">\n<tbody>\n<tr style=\"height: 13.50pt;\">\n<td style=\"height: 13.50pt; width: 54.00pt;\" width=\"72\" height=\"18\">Capacidade<\/td>\n<td style=\"width: 54.00pt;\" width=\"72\">Forma<\/td>\n<td style=\"width: 54.00pt;\" width=\"72\">M\u00e9todos de Veda\u00e7\u00e3o<\/td>\n<td style=\"width: 54.00pt;\" width=\"72\">Material<\/td>\n<td style=\"width: 54.00pt;\" width=\"72\">Uso<\/td>\n<\/tr>\n<tr style=\"height: 13.50pt;\">\n<td style=\"height: 13.50pt;\" height=\"18\">50g<\/td>\n<td class=\"et2\" rowspan=\"4\">Cil\u00edndrico<\/td>\n<td class=\"et2\" rowspan=\"4\">Tampa de rosca da cabe\u00e7a da bomba<\/td>\n<td class=\"et2\" rowspan=\"4\">Vidro de cristal<\/td>\n<td class=\"et2\" rowspan=\"4\">Lo\u00e7\u00e3o facial, \u00f3leo cosm\u00e9tico\u2026<\/td>\n<\/tr>\n<tr style=\"height: 13.50pt;\">\n<td style=\"height: 13.50pt;\" height=\"18\">40ml<\/td>\n<\/tr>\n<tr style=\"height: 13.50pt;\">\n<td style=\"height: 13.50pt;\" height=\"18\">100ml<\/td>\n<\/tr>\n<tr style=\"height: 13.50pt;\">\n<td style=\"height: 13.50pt;\" height=\"18\">120ml<\/td>\n<\/tr>\n<\/tbody>\n<\/table>\n<h2><span class=\"highlights\" data-v-df95d256=\"\">Caso de sucesso: Reformula\u00e7\u00e3o da embalagem de uma marca de luxo de cuidados com a pele <\/span><\/h2>\n<p><span class=\"highlights\" data-v-df95d256=\"\">Uma linha de luxo de cuidados com a pele precisava de frascos com bomba dosadora que combinassem com sua est\u00e9tica de &#034;luxo minimalista&#034;. Fornecemos frascos \u00e2mbar de 100 ml com r\u00f3tulos pretos foscos e bombas dosadoras douradas. Resultado? Um aumento de 250% nas vendas no atacado de frascos para cuidados com a pele e avalia\u00e7\u00f5es excelentes sobre o design minimalista da embalagem.<\/span><\/p>\n<p>&nbsp;<\/p>","protected":false},"excerpt":{"rendered":"<p>Frascos elegantes com bomba dosadora para cosm\u00e9ticos, ideais para venda por atacado de produtos para a pele \u2013 embalagens de beleza personaliz\u00e1veis \u200b\u200bem grandes quantidades.<\/p>","protected":false},"featured_media":4710,"comment_status":"open","ping_status":"closed","template":"","meta":{"_acf_changed":false,"site-sidebar-layout":"default","site-content-layout":"","ast-site-content-layout":"default","site-content-style":"default","site-sidebar-style":"default","ast-global-header-display":"","ast-banner-title-visibility":"","ast-main-header-display":"","ast-hfb-above-header-display":"","ast-hfb-below-header-display":"","ast-hfb-mobile-header-display":"","site-post-title":"","ast-breadcrumbs-content":"","ast-featured-img":"","footer-sml-layout":"","ast-disable-related-posts":"","theme-transparent-header-meta":"default","adv-header-id-meta":"","stick-header-meta":"","header-above-stick-meta":"","header-main-stick-meta":"","header-below-stick-meta":"","astra-migrate-meta-layouts":"set","ast-page-background-enabled":"default","ast-page-background-meta":{"desktop":{"background-color":"var(--ast-global-color-5)","background-image":"","background-repeat":"repeat","background-position":"center center","background-size":"auto","background-attachment":"scroll","background-type":"","background-media":"","overlay-type":"","overlay-color":"","overlay-opacity":"","overlay-gradient":""},"tablet":{"background-color":"","background-image":"","background-repeat":"repeat","background-position":"center center","background-size":"auto","background-attachment":"scroll","background-type":"","background-media":"","overlay-type":"","overlay-color":"","overlay-opacity":"","overlay-gradient":""},"mobile":{"background-color":"","background-image":"","background-repeat":"repeat","background-position":"center center","background-size":"auto","background-attachment":"scroll","background-type":"","background-media":"","overlay-type":"","overlay-color":"","overlay-opacity":"","overlay-gradient":""}},"ast-content-background-meta":{"desktop":{"background-color":"var(--ast-global-color-4)","background-image":"","background-repeat":"repeat","background-position":"center center","background-size":"auto","background-attachment":"scroll","background-type":"","background-media":"","overlay-type":"","overlay-color":"","overlay-opacity":"","overlay-gradient":""},"tablet":{"background-color":"var(--ast-global-color-4)","background-image":"","background-repeat":"repeat","background-position":"center center","background-size":"auto","background-attachment":"scroll","background-type":"","background-media":"","overlay-type":"","overlay-color":"","overlay-opacity":"","overlay-gradient":""},"mobile":{"background-color":"var(--ast-global-color-4)","background-image":"","background-repeat":"repeat","background-position":"center center","background-size":"auto","background-attachment":"scroll","background-type":"","background-media":"","overlay-type":"","overlay-color":"","overlay-opacity":"","overlay-gradient":""}}},"product_brand":[],"product_cat":[236,62,72],"product_tag":[148,149],"class_list":{"0":"post-4707","1":"product","2":"type-product","3":"status-publish","4":"has-post-thumbnail","6":"product_cat-cosmetic-container-set","7":"product_cat-cosmetic-containers","8":"product_cat-cosmetic-packaging","9":"product_tag-cosmetic-pump-bottles","10":"product_tag-wholesale-skincare-bottles","11":"desktop-align-left","12":"tablet-align-left","13":"mobile-align-left","15":"first","16":"instock","17":"shipping-taxable","18":"product-type-simple"},"acf":[],"jetpack_sharing_enabled":true,"_links":{"self":[{"href":"https:\/\/theperfumebottles.com\/pt\/wp-json\/wp\/v2\/product\/4707","targetHints":{"allow":["GET"]}}],"collection":[{"href":"https:\/\/theperfumebottles.com\/pt\/wp-json\/wp\/v2\/product"}],"about":[{"href":"https:\/\/theperfumebottles.com\/pt\/wp-json\/wp\/v2\/types\/product"}],"replies":[{"embeddable":true,"href":"https:\/\/theperfumebottles.com\/pt\/wp-json\/wp\/v2\/comments?post=4707"}],"wp:featuredmedia":[{"embeddable":true,"href":"https:\/\/theperfumebottles.com\/pt\/wp-json\/wp\/v2\/media\/4710"}],"wp:attachment":[{"href":"https:\/\/theperfumebottles.com\/pt\/wp-json\/wp\/v2\/media?parent=4707"}],"wp:term":[{"taxonomy":"product_brand","embeddable":true,"href":"https:\/\/theperfumebottles.com\/pt\/wp-json\/wp\/v2\/product_brand?post=4707"},{"taxonomy":"product_cat","embeddable":true,"href":"https:\/\/theperfumebottles.com\/pt\/wp-json\/wp\/v2\/product_cat?post=4707"},{"taxonomy":"product_tag","embeddable":true,"href":"https:\/\/theperfumebottles.com\/pt\/wp-json\/wp\/v2\/product_tag?post=4707"}],"curies":[{"name":"wp","href":"https:\/\/api.w.org\/{rel}","templated":true}]}}