{"id":4911,"date":"2025-07-25T17:51:40","date_gmt":"2025-07-25T09:51:40","guid":{"rendered":"https:\/\/theperfumebottles.com\/?post_type=product&#038;p=4911"},"modified":"2026-05-05T13:15:47","modified_gmt":"2026-05-05T05:15:47","slug":"beauty-cream-jars-with-lids-for-cosmetic-wholesale","status":"publish","type":"product","link":"https:\/\/theperfumebottles.com\/pt\/produto\/beauty-cream-jars-with-lids-for-cosmetic-wholesale\/","title":{"rendered":"Potes de creme de beleza de 5g a 80g com tampas para atacado de cosm\u00e9ticos"},"content":{"rendered":"<p>Esses potes para creme de beleza t\u00eam um design cil\u00edndrico e s\u00e3o feitos de vidro \u00e2mbar de alta qualidade com uma tampa preta brilhante. Est\u00e3o dispon\u00edveis em v\u00e1rios tamanhos, desde pequenos potes para amostras at\u00e9 recipientes grandes de alta capacidade.<\/p>\n<h2>Especifica\u00e7\u00f5es principais<\/h2>\n<p>&nbsp;<\/p>\n<table style=\"border-collapse: collapse; width: 80%; height: 131px; margin-left: auto; margin-right: auto;\" border=\"0\" width=\"144\" cellspacing=\"0\" cellpadding=\"0\">\n<tbody>\n<tr style=\"height: 13.50pt;\">\n<td style=\"height: 13.5pt; width: 54pt; text-align: center;\" width=\"72\" height=\"18\">Mitat<\/td>\n<td style=\"width: 54pt; text-align: center;\" width=\"72\">Detalhes<\/td>\n<\/tr>\n<tr style=\"height: 13.50pt;\">\n<td style=\"height: 13.5pt; text-align: center;\" height=\"18\">Capacity(g)<\/td>\n<td style=\"text-align: center;\">5, 8, 15, 30, 40, 50, 80<\/td>\n<\/tr>\n<tr style=\"height: 13.50pt;\">\n<td style=\"height: 13.5pt; text-align: center;\" height=\"18\">Mecanismo de veda\u00e7\u00e3o<\/td>\n<td style=\"text-align: center;\">Gargalo rosqueado + tampa de metal (personaliz\u00e1vel)<\/td>\n<\/tr>\n<tr style=\"height: 13.50pt;\">\n<td style=\"height: 13.5pt; text-align: center;\" height=\"18\">Forma<\/td>\n<td style=\"text-align: center;\">Redondo<\/td>\n<\/tr>\n<tr style=\"height: 13.50pt;\">\n<td style=\"height: 13.5pt; text-align: center;\" height=\"18\">Material<\/td>\n<td style=\"text-align: center;\">Vidro de cristal<\/td>\n<\/tr>\n<tr style=\"height: 13.50pt;\">\n<td style=\"height: 13.5pt; text-align: center;\" height=\"18\">Cor<\/td>\n<td style=\"text-align: center;\">\u00c2mbar (cores personalizadas dispon\u00edveis)<\/td>\n<\/tr>\n<tr style=\"height: 13.50pt;\">\n<td style=\"height: 13.5pt; text-align: center;\" height=\"18\">Caso de uso<\/td>\n<td style=\"text-align: center;\">embalagem de creme para os olhos, m\u00e1scara, pomada<\/td>\n<\/tr>\n<\/tbody>\n<\/table>\n<h2>Hist\u00f3ria de sucesso<\/h2>\n<p>Uma empresa de cuidados com a pele do setor de sa\u00fade escolheu nossos potes cosm\u00e9ticos \u00e2mbar de 15g, 30g, 50g e 80g com tampas redondas e encomendou a impress\u00e3o serigr\u00e1fica dos n\u00fameros dos passos (1 a 4) e a cria\u00e7\u00e3o de lacres de seguran\u00e7a. A prote\u00e7\u00e3o UV, de import\u00e2ncia vital, aumentou a vida \u00fatil da f\u00f3rmula em 40 anos. Esse sistema de cuidados completo tamb\u00e9m resultou em um aumento de 30% no n\u00famero de pessoas que compraram o conjunto completo em compara\u00e7\u00e3o com a compra de um \u00fanico produto. O sucesso da marca levou a um pedido adicional de 1,5 milh\u00e3o de potes para embalar sua nova linha de produtos para cuidados p\u00f3s-cir\u00fargicos e protetor solar.<\/p>\n<h2>Dicas de personaliza\u00e7\u00e3o<\/h2>\n<ul>\n<li><strong>Contraste de cores:<\/strong> Combine o vidro \u00e2mbar com r\u00f3tulos dourados ou brancos para um visual sofisticado.<\/li>\n<li><strong>Compatibilidade com n\u00e9voa fina:<\/strong> Adicione uma bomba ou conta-gotas para softwares espec\u00edficos.<\/li>\n<li><strong>Design de textura e t\u00e1til:<\/strong> Adicione padr\u00f5es em relevo ou texturas salientes no frasco de vidro para melhorar a ader\u00eancia e o apelo visual.<\/li>\n<\/ul>","protected":false},"excerpt":{"rendered":"<p data-spm-anchor-id=\"5176.28103460.0.i4.29ab1db8t1fv9E\">Potes de creme de beleza em vidro \u00e2mbar, de 5g a 80g, com elegantes tampas pretas. Os potes cosm\u00e9ticos com tampa garantem prote\u00e7\u00e3o UV e frescor. Amostras gr\u00e1tis dispon\u00edveis.<\/p>","protected":false},"featured_media":7784,"comment_status":"open","ping_status":"closed","template":"","meta":{"_acf_changed":false,"site-sidebar-layout":"default","site-content-layout":"","ast-site-content-layout":"default","site-content-style":"default","site-sidebar-style":"default","ast-global-header-display":"","ast-banner-title-visibility":"","ast-main-header-display":"","ast-hfb-above-header-display":"","ast-hfb-below-header-display":"","ast-hfb-mobile-header-display":"","site-post-title":"","ast-breadcrumbs-content":"","ast-featured-img":"","footer-sml-layout":"","ast-disable-related-posts":"","theme-transparent-header-meta":"default","adv-header-id-meta":"","stick-header-meta":"","header-above-stick-meta":"","header-main-stick-meta":"","header-below-stick-meta":"","astra-migrate-meta-layouts":"set","ast-page-background-enabled":"default","ast-page-background-meta":{"desktop":{"background-color":"var(--ast-global-color-5)","background-image":"","background-repeat":"repeat","background-position":"center center","background-size":"auto","background-attachment":"scroll","background-type":"","background-media":"","overlay-type":"","overlay-color":"","overlay-opacity":"","overlay-gradient":""},"tablet":{"background-color":"","background-image":"","background-repeat":"repeat","background-position":"center center","background-size":"auto","background-attachment":"scroll","background-type":"","background-media":"","overlay-type":"","overlay-color":"","overlay-opacity":"","overlay-gradient":""},"mobile":{"background-color":"","background-image":"","background-repeat":"repeat","background-position":"center center","background-size":"auto","background-attachment":"scroll","background-type":"","background-media":"","overlay-type":"","overlay-color":"","overlay-opacity":"","overlay-gradient":""}},"ast-content-background-meta":{"desktop":{"background-color":"var(--ast-global-color-4)","background-image":"","background-repeat":"repeat","background-position":"center center","background-size":"auto","background-attachment":"scroll","background-type":"","background-media":"","overlay-type":"","overlay-color":"","overlay-opacity":"","overlay-gradient":""},"tablet":{"background-color":"var(--ast-global-color-4)","background-image":"","background-repeat":"repeat","background-position":"center center","background-size":"auto","background-attachment":"scroll","background-type":"","background-media":"","overlay-type":"","overlay-color":"","overlay-opacity":"","overlay-gradient":""},"mobile":{"background-color":"var(--ast-global-color-4)","background-image":"","background-repeat":"repeat","background-position":"center center","background-size":"auto","background-attachment":"scroll","background-type":"","background-media":"","overlay-type":"","overlay-color":"","overlay-opacity":"","overlay-gradient":""}}},"product_brand":[],"product_cat":[56,62,72],"product_tag":[189,190],"class_list":{"0":"post-4911","1":"product","2":"type-product","3":"status-publish","4":"has-post-thumbnail","6":"product_cat-cosmetic-jars","7":"product_cat-cosmetic-containers","8":"product_cat-cosmetic-packaging","9":"product_tag-beauty-cream-jar","10":"product_tag-cosmetic-pots-with-lids","11":"desktop-align-left","12":"tablet-align-left","13":"mobile-align-left","15":"first","16":"instock","17":"shipping-taxable","18":"product-type-simple"},"acf":[],"jetpack_sharing_enabled":true,"_links":{"self":[{"href":"https:\/\/theperfumebottles.com\/pt\/wp-json\/wp\/v2\/product\/4911","targetHints":{"allow":["GET"]}}],"collection":[{"href":"https:\/\/theperfumebottles.com\/pt\/wp-json\/wp\/v2\/product"}],"about":[{"href":"https:\/\/theperfumebottles.com\/pt\/wp-json\/wp\/v2\/types\/product"}],"replies":[{"embeddable":true,"href":"https:\/\/theperfumebottles.com\/pt\/wp-json\/wp\/v2\/comments?post=4911"}],"wp:featuredmedia":[{"embeddable":true,"href":"https:\/\/theperfumebottles.com\/pt\/wp-json\/wp\/v2\/media\/7784"}],"wp:attachment":[{"href":"https:\/\/theperfumebottles.com\/pt\/wp-json\/wp\/v2\/media?parent=4911"}],"wp:term":[{"taxonomy":"product_brand","embeddable":true,"href":"https:\/\/theperfumebottles.com\/pt\/wp-json\/wp\/v2\/product_brand?post=4911"},{"taxonomy":"product_cat","embeddable":true,"href":"https:\/\/theperfumebottles.com\/pt\/wp-json\/wp\/v2\/product_cat?post=4911"},{"taxonomy":"product_tag","embeddable":true,"href":"https:\/\/theperfumebottles.com\/pt\/wp-json\/wp\/v2\/product_tag?post=4911"}],"curies":[{"name":"wp","href":"https:\/\/api.w.org\/{rel}","templated":true}]}}