{"id":4985,"date":"2025-07-29T17:23:15","date_gmt":"2025-07-29T09:23:15","guid":{"rendered":"https:\/\/theperfumebottles.com\/?post_type=product&#038;p=4985"},"modified":"2026-04-28T15:56:07","modified_gmt":"2026-04-28T07:56:07","slug":"30ml-amber-cosmetic-jars-with-custom-options-in-bulk","status":"publish","type":"product","link":"https:\/\/theperfumebottles.com\/pt\/produto\/30ml-amber-cosmetic-jars-with-custom-options-in-bulk\/","title":{"rendered":"Potes cosm\u00e9ticos \u00e2mbar de 30ml com op\u00e7\u00f5es de personaliza\u00e7\u00e3o em grandes quantidades."},"content":{"rendered":"<p>Precisa de embalagens para cosm\u00e9ticos que combinem funcionalidade e eleg\u00e2ncia? Estes frascos \u00e2mbar de 30 ml foram concebidos para marcas de cuidados da pele e fornecedores de embalagens de beleza que desejam causar impacto.<\/p>\n<h2>Especifica\u00e7\u00f5es principais<\/h2>\n<table style=\"border-collapse: collapse; width: 986px; height: 5px; margin-left: 120px;\" border=\"0\" width=\"432\" cellspacing=\"0\" cellpadding=\"0\">\n<tbody>\n<tr style=\"height: 13.50pt;\">\n<td style=\"height: 13.5pt; width: 54pt; text-align: center;\" width=\"72\" height=\"18\">Capacidade<\/td>\n<td style=\"width: 54pt; text-align: center;\" width=\"72\">M\u00e9todo de veda\u00e7\u00e3o<\/td>\n<td style=\"width: 54pt; text-align: center;\" width=\"72\">Forma<\/td>\n<td style=\"width: 54pt; text-align: center;\" width=\"72\">Material<\/td>\n<td style=\"width: 54pt; text-align: center;\" width=\"72\">Cor<\/td>\n<td style=\"width: 54pt; text-align: center;\" width=\"72\">Caso de uso<\/td>\n<\/tr>\n<tr style=\"height: 13.50pt;\">\n<td style=\"height: 13.5pt; text-align: center;\" height=\"18\">30ml<\/td>\n<td style=\"text-align: center;\">Gargalo rosqueado + Tampa de pl\u00e1stico<\/td>\n<td style=\"text-align: center;\">Redondo<\/td>\n<td style=\"text-align: center;\">Vidro de cristal<\/td>\n<td style=\"text-align: center;\">\u00c2mbar (personaliz\u00e1vel)<\/td>\n<td style=\"text-align: center;\">B\u00e1lsamos labiais, lo\u00e7\u00f5es, cremes<\/td>\n<\/tr>\n<\/tbody>\n<\/table>\n<h2>Caso de sucesso: a reformula\u00e7\u00e3o da embalagem de uma marca de cuidados naturais para a pele.<\/h2>\n<p>Uma startup de beleza limpa precisava de potes de cosm\u00e9ticos \u00e2mbar de 30 ml para seu s\u00e9rum de vitamina C. Eles escolheram nossos recipientes cosm\u00e9ticos com tampas pretas foscas personalizadas e r\u00f3tulos minimalistas. O resultado? Um aumento de 60% na confian\u00e7a do cliente, com coment\u00e1rios como: &#034;Os potes de cosm\u00e9ticos \u00e2mbar me d\u00e3o a sensa\u00e7\u00e3o de um spa de luxo no meu banheiro.&#034;<\/p>\n<h2>Dicas de personaliza\u00e7\u00e3o<\/h2>\n<ul>\n<li><strong>Contraste de cores:<\/strong> Combine copos de vidro \u00e2mbar com tampas brancas ou douradas para um visual sofisticado.<\/li>\n<li><strong>Design do r\u00f3tulo:<\/strong> Utilize etiquetas foscas com marcas registradas em relevo para uma experi\u00eancia t\u00e1til.<\/li>\n<li><strong>Mistura de materiais:<\/strong> Combine vidro \u00e2mbar com tampas de a\u00e7o escovado ou pl\u00e1stico fosco para criar um visual contempor\u00e2neo para suas embalagens de cosm\u00e9ticos.<\/li>\n<\/ul>","protected":false},"excerpt":{"rendered":"<p>Potes de vidro \u00e2mbar de 30ml para cosm\u00e9ticos, ideais para lo\u00e7\u00f5es e cremes. Ecol\u00f3gicos, com prote\u00e7\u00e3o UV e prontos para envio. Perfeitos para embalagens de produtos de beleza em grande quantidade.<\/p>","protected":false},"featured_media":4986,"comment_status":"open","ping_status":"closed","template":"","meta":{"_acf_changed":false,"site-sidebar-layout":"default","site-content-layout":"","ast-site-content-layout":"default","site-content-style":"default","site-sidebar-style":"default","ast-global-header-display":"","ast-banner-title-visibility":"","ast-main-header-display":"","ast-hfb-above-header-display":"","ast-hfb-below-header-display":"","ast-hfb-mobile-header-display":"","site-post-title":"","ast-breadcrumbs-content":"","ast-featured-img":"","footer-sml-layout":"","ast-disable-related-posts":"","theme-transparent-header-meta":"default","adv-header-id-meta":"","stick-header-meta":"","header-above-stick-meta":"","header-main-stick-meta":"","header-below-stick-meta":"","astra-migrate-meta-layouts":"set","ast-page-background-enabled":"default","ast-page-background-meta":{"desktop":{"background-color":"var(--ast-global-color-5)","background-image":"","background-repeat":"repeat","background-position":"center center","background-size":"auto","background-attachment":"scroll","background-type":"","background-media":"","overlay-type":"","overlay-color":"","overlay-opacity":"","overlay-gradient":""},"tablet":{"background-color":"","background-image":"","background-repeat":"repeat","background-position":"center center","background-size":"auto","background-attachment":"scroll","background-type":"","background-media":"","overlay-type":"","overlay-color":"","overlay-opacity":"","overlay-gradient":""},"mobile":{"background-color":"","background-image":"","background-repeat":"repeat","background-position":"center center","background-size":"auto","background-attachment":"scroll","background-type":"","background-media":"","overlay-type":"","overlay-color":"","overlay-opacity":"","overlay-gradient":""}},"ast-content-background-meta":{"desktop":{"background-color":"var(--ast-global-color-4)","background-image":"","background-repeat":"repeat","background-position":"center center","background-size":"auto","background-attachment":"scroll","background-type":"","background-media":"","overlay-type":"","overlay-color":"","overlay-opacity":"","overlay-gradient":""},"tablet":{"background-color":"var(--ast-global-color-4)","background-image":"","background-repeat":"repeat","background-position":"center center","background-size":"auto","background-attachment":"scroll","background-type":"","background-media":"","overlay-type":"","overlay-color":"","overlay-opacity":"","overlay-gradient":""},"mobile":{"background-color":"var(--ast-global-color-4)","background-image":"","background-repeat":"repeat","background-position":"center center","background-size":"auto","background-attachment":"scroll","background-type":"","background-media":"","overlay-type":"","overlay-color":"","overlay-opacity":"","overlay-gradient":""}}},"product_brand":[],"product_cat":[56,62,72],"product_tag":[201,200],"class_list":{"0":"post-4985","1":"product","2":"type-product","3":"status-publish","4":"has-post-thumbnail","6":"product_cat-cosmetic-jars","7":"product_cat-cosmetic-containers","8":"product_cat-cosmetic-packaging","9":"product_tag-30ml-cosmetic-jars","10":"product_tag-amber-cosmetic-jars","11":"desktop-align-left","12":"tablet-align-left","13":"mobile-align-left","15":"first","16":"instock","17":"shipping-taxable","18":"product-type-simple"},"acf":[],"jetpack_sharing_enabled":true,"_links":{"self":[{"href":"https:\/\/theperfumebottles.com\/pt\/wp-json\/wp\/v2\/product\/4985","targetHints":{"allow":["GET"]}}],"collection":[{"href":"https:\/\/theperfumebottles.com\/pt\/wp-json\/wp\/v2\/product"}],"about":[{"href":"https:\/\/theperfumebottles.com\/pt\/wp-json\/wp\/v2\/types\/product"}],"replies":[{"embeddable":true,"href":"https:\/\/theperfumebottles.com\/pt\/wp-json\/wp\/v2\/comments?post=4985"}],"wp:featuredmedia":[{"embeddable":true,"href":"https:\/\/theperfumebottles.com\/pt\/wp-json\/wp\/v2\/media\/4986"}],"wp:attachment":[{"href":"https:\/\/theperfumebottles.com\/pt\/wp-json\/wp\/v2\/media?parent=4985"}],"wp:term":[{"taxonomy":"product_brand","embeddable":true,"href":"https:\/\/theperfumebottles.com\/pt\/wp-json\/wp\/v2\/product_brand?post=4985"},{"taxonomy":"product_cat","embeddable":true,"href":"https:\/\/theperfumebottles.com\/pt\/wp-json\/wp\/v2\/product_cat?post=4985"},{"taxonomy":"product_tag","embeddable":true,"href":"https:\/\/theperfumebottles.com\/pt\/wp-json\/wp\/v2\/product_tag?post=4985"}],"curies":[{"name":"wp","href":"https:\/\/api.w.org\/{rel}","templated":true}]}}