{"id":4990,"date":"2025-07-29T17:27:28","date_gmt":"2025-07-29T09:27:28","guid":{"rendered":"https:\/\/theperfumebottles.com\/?post_type=product&#038;p=4990"},"modified":"2026-03-30T14:38:28","modified_gmt":"2026-03-30T06:38:28","slug":"custom-1-oz-cosmetic-jars-with-lids-wholesale","status":"publish","type":"product","link":"https:\/\/theperfumebottles.com\/pt\/produto\/custom-1-oz-cosmetic-jars-with-lids-wholesale\/","title":{"rendered":"Potes cosm\u00e9ticos personalizados com tampas, de 5g a 80g, para venda por atacado."},"content":{"rendered":"<p>S\u00e3o potes cosm\u00e9ticos redondos de 30 ml (1 oz) feitos de dois tipos de vidro: vidro fosco e vidro cristalino, e embalados em frascos cil\u00edndricos de vidro. Os potes possuem rosca padr\u00e3o e podem ter tampas de metal com rosca nas cores preta, prateada ou dourada.<\/p>\n<h2><strong data-spm-anchor-id=\"5176.28103460.0.i23.29ab1db81jJxsg\">Especifica\u00e7\u00f5es principais<\/strong><\/h2>\n<table style=\"border-collapse: collapse; width: 80%; margin-left: auto; margin-right: auto;\" border=\"0\" width=\"360\" cellspacing=\"0\" cellpadding=\"0\">\n<tbody>\n<tr style=\"height: 13.50pt;\">\n<td style=\"height: 13.50pt; width: 54.00pt;\" width=\"72\" height=\"18\">Capacidade<\/td>\n<td style=\"width: 54.00pt;\" width=\"72\">M\u00e9todo de veda\u00e7\u00e3o<\/td>\n<td style=\"width: 54.00pt;\" width=\"72\">Material<\/td>\n<td style=\"width: 54.00pt;\" width=\"72\">Op\u00e7\u00f5es de cores<\/td>\n<td style=\"width: 54.00pt;\" width=\"72\">Uso<\/td>\n<\/tr>\n<tr style=\"height: 13.50pt;\">\n<td style=\"height: 13.50pt;\" height=\"18\">5g<\/td>\n<td class=\"et2\" rowspan=\"7\">Gargalo rosqueado + Tampa de pl\u00e1stico\/metal<\/td>\n<td class=\"et2\" rowspan=\"7\">Vidro de cristal<\/td>\n<td class=\"et2\" rowspan=\"7\">Tampa \u00e2mbar, fosca e dourada, ou conforme sua necessidade.<\/td>\n<td class=\"et2\" rowspan=\"7\">Creme facial, creme corporal, creme para os olhos, creme para os l\u00e1bios\u2026<\/td>\n<\/tr>\n<tr style=\"height: 13.50pt;\">\n<td style=\"height: 13.50pt;\" height=\"18\">10g<\/td>\n<\/tr>\n<tr style=\"height: 13.50pt;\">\n<td style=\"height: 13.50pt;\" height=\"18\">15g (0,5oz)<\/td>\n<\/tr>\n<tr style=\"height: 13.50pt;\">\n<td style=\"height: 13.50pt;\" height=\"18\">20g<\/td>\n<\/tr>\n<tr style=\"height: 13.50pt;\">\n<td style=\"height: 13.50pt;\" height=\"18\">30g (1oz)<\/td>\n<\/tr>\n<tr style=\"height: 13.50pt;\">\n<td style=\"height: 13.50pt;\" height=\"18\">50g<\/td>\n<\/tr>\n<tr style=\"height: 13.50pt;\">\n<td style=\"height: 13.50pt;\" height=\"18\">80g<\/td>\n<\/tr>\n<\/tbody>\n<\/table>\n<h2>Caso de sucesso: Encomenda personalizada com uma marca americana de cosm\u00e9ticos org\u00e2nicos.<\/h2>\n<p>Nosso sistema de embalagens cosm\u00e9ticas personalizadas foi escolhido por uma marca de cuidados com a pele org\u00e2nica da Calif\u00f3rnia, que utilizava frascos de vidro transparente com tampas douradas. A solu\u00e7\u00e3o de embalagem personalizada teve consequ\u00eancias impressionantes: a convers\u00e3o online aumentou em 20%, e as tampas met\u00e1licas de alta qualidade criaram uma veda\u00e7\u00e3o ideal que n\u00e3o s\u00f3 prolongou a vida \u00fatil dos \u00f3leos essenciais naturais em 30%, como tamb\u00e9m permitiu visualizar a textura do s\u00e9rum armazenado nos frascos transparentes de forma impec\u00e1vel. Com base nesse sucesso, a marca encomendou mais 420.000 frascos para lan\u00e7ar uma nova linha de cuidados com a pele e firmou um acordo de parceria com um servi\u00e7o de assinatura.<\/p>\n<h2>Solu\u00e7\u00f5es personalizadas de embalagens para cosm\u00e9ticos<\/h2>\n<ul>\n<li>Material e acabamento da tampa: Al\u00e9m da op\u00e7\u00e3o padr\u00e3o em metal, existem diversas op\u00e7\u00f5es de cores personalizadas, como bambu, corti\u00e7a ou pl\u00e1stico fosco.<\/li>\n<li>Tamanhos personalizados: Crie tamanhos n\u00e3o padronizados especializados (por exemplo, tamanho de viagem de 1,7 oz).<\/li>\n<li>Lacre interno: Para maior frescor, adicione papel alum\u00ednio ou um lacre com sensor sob a tampa.<\/li>\n<\/ul>","protected":false},"excerpt":{"rendered":"<p>Potes de 30ml para cosm\u00e9ticos, ideais para cuidados com a pele e beleza. Embalagens personalizadas com vidro de prote\u00e7\u00e3o UV, pre\u00e7os de atacado e prontas para envio.<\/p>","protected":false},"featured_media":4994,"comment_status":"open","ping_status":"closed","template":"","meta":{"_acf_changed":false,"site-sidebar-layout":"default","site-content-layout":"","ast-site-content-layout":"default","site-content-style":"default","site-sidebar-style":"default","ast-global-header-display":"","ast-banner-title-visibility":"","ast-main-header-display":"","ast-hfb-above-header-display":"","ast-hfb-below-header-display":"","ast-hfb-mobile-header-display":"","site-post-title":"","ast-breadcrumbs-content":"","ast-featured-img":"","footer-sml-layout":"","ast-disable-related-posts":"","theme-transparent-header-meta":"default","adv-header-id-meta":"","stick-header-meta":"","header-above-stick-meta":"","header-main-stick-meta":"","header-below-stick-meta":"","astra-migrate-meta-layouts":"set","ast-page-background-enabled":"default","ast-page-background-meta":{"desktop":{"background-color":"var(--ast-global-color-5)","background-image":"","background-repeat":"repeat","background-position":"center center","background-size":"auto","background-attachment":"scroll","background-type":"","background-media":"","overlay-type":"","overlay-color":"","overlay-opacity":"","overlay-gradient":""},"tablet":{"background-color":"","background-image":"","background-repeat":"repeat","background-position":"center center","background-size":"auto","background-attachment":"scroll","background-type":"","background-media":"","overlay-type":"","overlay-color":"","overlay-opacity":"","overlay-gradient":""},"mobile":{"background-color":"","background-image":"","background-repeat":"repeat","background-position":"center center","background-size":"auto","background-attachment":"scroll","background-type":"","background-media":"","overlay-type":"","overlay-color":"","overlay-opacity":"","overlay-gradient":""}},"ast-content-background-meta":{"desktop":{"background-color":"var(--ast-global-color-4)","background-image":"","background-repeat":"repeat","background-position":"center center","background-size":"auto","background-attachment":"scroll","background-type":"","background-media":"","overlay-type":"","overlay-color":"","overlay-opacity":"","overlay-gradient":""},"tablet":{"background-color":"var(--ast-global-color-4)","background-image":"","background-repeat":"repeat","background-position":"center center","background-size":"auto","background-attachment":"scroll","background-type":"","background-media":"","overlay-type":"","overlay-color":"","overlay-opacity":"","overlay-gradient":""},"mobile":{"background-color":"var(--ast-global-color-4)","background-image":"","background-repeat":"repeat","background-position":"center center","background-size":"auto","background-attachment":"scroll","background-type":"","background-media":"","overlay-type":"","overlay-color":"","overlay-opacity":"","overlay-gradient":""}}},"product_brand":[],"product_cat":[56,62,72],"product_tag":[203,202],"class_list":{"0":"post-4990","1":"product","2":"type-product","3":"status-publish","4":"has-post-thumbnail","6":"product_cat-cosmetic-jars","7":"product_cat-cosmetic-containers","8":"product_cat-cosmetic-packaging","9":"product_tag-1-oz-cosmetic-jars","10":"product_tag-custom-cosmetic-packaging","11":"desktop-align-left","12":"tablet-align-left","13":"mobile-align-left","15":"first","16":"instock","17":"shipping-taxable","18":"product-type-simple"},"acf":[],"jetpack_sharing_enabled":true,"_links":{"self":[{"href":"https:\/\/theperfumebottles.com\/pt\/wp-json\/wp\/v2\/product\/4990","targetHints":{"allow":["GET"]}}],"collection":[{"href":"https:\/\/theperfumebottles.com\/pt\/wp-json\/wp\/v2\/product"}],"about":[{"href":"https:\/\/theperfumebottles.com\/pt\/wp-json\/wp\/v2\/types\/product"}],"replies":[{"embeddable":true,"href":"https:\/\/theperfumebottles.com\/pt\/wp-json\/wp\/v2\/comments?post=4990"}],"wp:featuredmedia":[{"embeddable":true,"href":"https:\/\/theperfumebottles.com\/pt\/wp-json\/wp\/v2\/media\/4994"}],"wp:attachment":[{"href":"https:\/\/theperfumebottles.com\/pt\/wp-json\/wp\/v2\/media?parent=4990"}],"wp:term":[{"taxonomy":"product_brand","embeddable":true,"href":"https:\/\/theperfumebottles.com\/pt\/wp-json\/wp\/v2\/product_brand?post=4990"},{"taxonomy":"product_cat","embeddable":true,"href":"https:\/\/theperfumebottles.com\/pt\/wp-json\/wp\/v2\/product_cat?post=4990"},{"taxonomy":"product_tag","embeddable":true,"href":"https:\/\/theperfumebottles.com\/pt\/wp-json\/wp\/v2\/product_tag?post=4990"}],"curies":[{"name":"wp","href":"https:\/\/api.w.org\/{rel}","templated":true}]}}