{"id":5245,"date":"2025-08-07T10:30:11","date_gmt":"2025-08-07T02:30:11","guid":{"rendered":"https:\/\/theperfumebottles.com\/?post_type=product&#038;p=5245"},"modified":"2026-03-30T14:21:28","modified_gmt":"2026-03-30T06:21:28","slug":"essential-oil-glass-roller-bottles-for-packaging-wholesale","status":"publish","type":"product","link":"https:\/\/theperfumebottles.com\/pt\/produto\/essential-oil-glass-roller-bottles-for-packaging-wholesale\/","title":{"rendered":"Frascos de vidro roll-on para \u00f3leos essenciais de 1ml a 100ml para embalagem no atacado"},"content":{"rendered":"<p>Precisa de frascos roll-on de vidro que combinem precis\u00e3o e eleg\u00e2ncia? Estes frascos roll-on para \u00f3leos essenciais foram concebidos para marcas que desejam embalagens cosm\u00e9ticas que se destaquem.<\/p>\n<h2><strong data-spm-anchor-id=\"5176.28103460.0.i9.29ab1db8AYaOUi\">Especifica\u00e7\u00f5es principais<\/strong><\/h2>\n<table style=\"margin-left: auto; margin-right: auto; border-collapse: collapse; width: 80%;\" border=\"0\" width=\"144\" cellspacing=\"0\" cellpadding=\"0\">\n<tbody>\n<tr style=\"height: 13.50pt;\">\n<td style=\"height: 13.5pt; width: 54pt; text-align: center;\" width=\"72\" height=\"18\">Recurso<\/td>\n<td style=\"width: 54pt; text-align: center;\" width=\"72\">Detalhes<\/td>\n<\/tr>\n<tr style=\"height: 13.50pt;\">\n<td style=\"height: 13.5pt; text-align: center;\" height=\"18\">Capacidade<\/td>\n<td style=\"text-align: center;\">1 ml, 2 ml, 3 ml, 5 ml, 10 ml, 15 ml, 20 ml, 30 ml, 50 ml, 100 ml<\/td>\n<\/tr>\n<tr style=\"height: 13.50pt;\">\n<td style=\"height: 13.5pt; text-align: center;\" height=\"18\">Material<\/td>\n<td style=\"text-align: center;\">Vidro de cristal<\/td>\n<\/tr>\n<tr style=\"height: 13.50pt;\">\n<td style=\"height: 13.5pt; text-align: center;\" height=\"18\">Mecanismo de veda\u00e7\u00e3o<\/td>\n<td style=\"text-align: center;\">Roll-on (Ponta de rolo met\u00e1lica)<\/td>\n<\/tr>\n<tr style=\"height: 13.50pt;\">\n<td style=\"height: 13.5pt; text-align: center;\" height=\"18\">Cor<\/td>\n<td style=\"text-align: center;\">\u00c2mbar\/Preto\/Marrom\/Verde\/Transparente<\/td>\n<\/tr>\n<tr style=\"height: 13.50pt;\">\n<td style=\"height: 13.5pt; text-align: center;\" height=\"18\">Uso<\/td>\n<td style=\"text-align: center;\">\u00d3leos essenciais\/Perfumes\/Produtos qu\u00edmicos para laborat\u00f3rio de qu\u00edmica\u2026<\/td>\n<\/tr>\n<\/tbody>\n<\/table>\n<h2>Caso de sucesso<\/h2>\n<p>Uma empresa australiana de produtos naturais para a sa\u00fade precisava urgentemente de um estoque robusto de frascos roll-on para \u00f3leos essenciais. Eles optaram pelos frascos roll-on de vidro \u00e2mbar de 50ml que comercializ\u00e1vamos. Fabricamos as esferas roll-on em a\u00e7o inoxid\u00e1vel para facilitar a aplica\u00e7\u00e3o durante a fase de personaliza\u00e7\u00e3o e as equipamos com tampas pretas foscas, conferindo-lhes um visual moderno e elegante. Al\u00e9m disso, o cliente decidiu utilizar serigrafia para imprimir o logotipo da marca e um acabamento fosco para diferenciar as diversas formula\u00e7\u00f5es e vers\u00f5es do produto, j\u00e1 que desejava utilizar lotes distintos.<\/p>\n<p>O produto registrou um crescimento de 30% nos dois primeiros meses ap\u00f3s o seu lan\u00e7amento. Devido \u00e0 resposta positiva do mercado, o cliente fez imediatamente um novo pedido e estendeu essa solu\u00e7\u00e3o de embalagem para incluir outras linhas de sua gama de produtos que s\u00e3o misturas de \u00f3leos essenciais.<\/p>\n<h2>\u00a0Sugest\u00e3o de personaliza\u00e7\u00e3o<\/h2>\n<ul>\n<li><strong>Op\u00e7\u00f5es \u00e0 prova de luz:<\/strong> O vidro \u00e2mbar \u00e9 ideal para \u00f3leos essenciais; o vidro verde \u00e9 adequado para fragr\u00e2ncias e uso em laborat\u00f3rio.<\/li>\n<li><strong>Elegante e dur\u00e1vel:<\/strong> Populares em 2025, as cores foscas de satura\u00e7\u00e3o elevada (como o Azul Klein e o Verde Fluorescente) combinam com impress\u00e3o UV e etiquetas resistentes ao desgaste. O formato da caneta rollerball e da tampa garante a higiene.<\/li>\n<li><strong>Tamanhos vers\u00e1teis:<\/strong> Dispon\u00edvel em tamanhos de 1ml a 100ml (5ml para viagens, 30ml para ocasi\u00f5es especiais) para atender a diversas necessidades de embalagem.<\/li>\n<\/ul>","protected":false},"excerpt":{"rendered":"<p>Descubra solu\u00e7\u00f5es em frascos roll-on de vidro para \u00f3leos essenciais de um fornecedor confi\u00e1vel de embalagens cosm\u00e9ticas. Dur\u00e1veis, prontos para envio e personaliz\u00e1veis \u200b\u200bpara pedidos no atacado.<\/p>","protected":false},"featured_media":7498,"comment_status":"open","ping_status":"closed","template":"","meta":{"_acf_changed":false,"site-sidebar-layout":"default","site-content-layout":"","ast-site-content-layout":"default","site-content-style":"default","site-sidebar-style":"default","ast-global-header-display":"","ast-banner-title-visibility":"","ast-main-header-display":"","ast-hfb-above-header-display":"","ast-hfb-below-header-display":"","ast-hfb-mobile-header-display":"","site-post-title":"","ast-breadcrumbs-content":"","ast-featured-img":"","footer-sml-layout":"","ast-disable-related-posts":"","theme-transparent-header-meta":"default","adv-header-id-meta":"","stick-header-meta":"","header-above-stick-meta":"","header-main-stick-meta":"","header-below-stick-meta":"","astra-migrate-meta-layouts":"set","ast-page-background-enabled":"default","ast-page-background-meta":{"desktop":{"background-color":"var(--ast-global-color-5)","background-image":"","background-repeat":"repeat","background-position":"center center","background-size":"auto","background-attachment":"scroll","background-type":"","background-media":"","overlay-type":"","overlay-color":"","overlay-opacity":"","overlay-gradient":""},"tablet":{"background-color":"","background-image":"","background-repeat":"repeat","background-position":"center center","background-size":"auto","background-attachment":"scroll","background-type":"","background-media":"","overlay-type":"","overlay-color":"","overlay-opacity":"","overlay-gradient":""},"mobile":{"background-color":"","background-image":"","background-repeat":"repeat","background-position":"center center","background-size":"auto","background-attachment":"scroll","background-type":"","background-media":"","overlay-type":"","overlay-color":"","overlay-opacity":"","overlay-gradient":""}},"ast-content-background-meta":{"desktop":{"background-color":"var(--ast-global-color-4)","background-image":"","background-repeat":"repeat","background-position":"center center","background-size":"auto","background-attachment":"scroll","background-type":"","background-media":"","overlay-type":"","overlay-color":"","overlay-opacity":"","overlay-gradient":""},"tablet":{"background-color":"var(--ast-global-color-4)","background-image":"","background-repeat":"repeat","background-position":"center center","background-size":"auto","background-attachment":"scroll","background-type":"","background-media":"","overlay-type":"","overlay-color":"","overlay-opacity":"","overlay-gradient":""},"mobile":{"background-color":"var(--ast-global-color-4)","background-image":"","background-repeat":"repeat","background-position":"center center","background-size":"auto","background-attachment":"scroll","background-type":"","background-media":"","overlay-type":"","overlay-color":"","overlay-opacity":"","overlay-gradient":""}}},"product_brand":[],"product_cat":[60,62,72,57],"product_tag":[206,205],"class_list":{"0":"post-5245","1":"product","2":"type-product","3":"status-publish","4":"has-post-thumbnail","6":"product_cat-roller-bottles","7":"product_cat-cosmetic-containers","8":"product_cat-cosmetic-packaging","9":"product_cat-essential-oil-bottles","10":"product_tag-glass-roller-bottle","11":"product_tag-roll-on-bottles-essential-oils","12":"desktop-align-left","13":"tablet-align-left","14":"mobile-align-left","16":"first","17":"instock","18":"shipping-taxable","19":"product-type-simple"},"acf":[],"jetpack_sharing_enabled":true,"_links":{"self":[{"href":"https:\/\/theperfumebottles.com\/pt\/wp-json\/wp\/v2\/product\/5245","targetHints":{"allow":["GET"]}}],"collection":[{"href":"https:\/\/theperfumebottles.com\/pt\/wp-json\/wp\/v2\/product"}],"about":[{"href":"https:\/\/theperfumebottles.com\/pt\/wp-json\/wp\/v2\/types\/product"}],"replies":[{"embeddable":true,"href":"https:\/\/theperfumebottles.com\/pt\/wp-json\/wp\/v2\/comments?post=5245"}],"wp:featuredmedia":[{"embeddable":true,"href":"https:\/\/theperfumebottles.com\/pt\/wp-json\/wp\/v2\/media\/7498"}],"wp:attachment":[{"href":"https:\/\/theperfumebottles.com\/pt\/wp-json\/wp\/v2\/media?parent=5245"}],"wp:term":[{"taxonomy":"product_brand","embeddable":true,"href":"https:\/\/theperfumebottles.com\/pt\/wp-json\/wp\/v2\/product_brand?post=5245"},{"taxonomy":"product_cat","embeddable":true,"href":"https:\/\/theperfumebottles.com\/pt\/wp-json\/wp\/v2\/product_cat?post=5245"},{"taxonomy":"product_tag","embeddable":true,"href":"https:\/\/theperfumebottles.com\/pt\/wp-json\/wp\/v2\/product_tag?post=5245"}],"curies":[{"name":"wp","href":"https:\/\/api.w.org\/{rel}","templated":true}]}}