{"id":5355,"date":"2025-08-08T18:08:52","date_gmt":"2025-08-08T10:08:52","guid":{"rendered":"https:\/\/theperfumebottles.com\/?post_type=product&#038;p=5355"},"modified":"2026-04-01T15:09:21","modified_gmt":"2026-04-01T07:09:21","slug":"bulk-glass-amber-pump-bottle-for-cosmetic-packaging","status":"publish","type":"product","link":"https:\/\/theperfumebottles.com\/pt\/produto\/bulk-glass-amber-pump-bottle-for-cosmetic-packaging\/","title":{"rendered":"Frascos de vidro \u00e2mbar com bomba dosadora, de 5 ml a 100 ml, para embalagens de cosm\u00e9ticos."},"content":{"rendered":"<p>O frasco de vidro \u00e2mbar com bomba dosadora apresenta um design moderno, criando um recipiente com formato cil\u00edndrico arredondado, feito de vidro \u00e2mbar transl\u00facido de alta qualidade, com uma bomba dosadora preta combinando e uma tampa de seguran\u00e7a de vidro transparente.<\/p>\n<h2>Especifica\u00e7\u00f5es principais<\/h2>\n<table style=\"border-collapse: collapse; margin-left: auto; margin-right: auto; width: 80%;\" border=\"0\" width=\"486\" cellspacing=\"0\" cellpadding=\"0\">\n<tbody>\n<tr style=\"height: 13.50pt;\">\n<td style=\"height: 13.50pt; width: 117.75pt;\" width=\"157\" height=\"18\">Recurso<\/td>\n<td style=\"width: 246.75pt;\" width=\"329\">Detalhe<\/td>\n<\/tr>\n<tr style=\"height: 13.50pt;\">\n<td style=\"height: 13.50pt;\" height=\"18\">Op\u00e7\u00f5es de capacidade<\/td>\n<td>5 ml, 10 ml, 15 ml, 20 ml, 30 ml, 50 ml, 100 ml<\/td>\n<\/tr>\n<tr style=\"height: 13.50pt;\">\n<td style=\"height: 13.50pt;\" height=\"18\">Faixa de tamanho de garrafa<\/td>\n<td>Di\u00e2metro de 22 a 44,5 mm, altura de 50 a 112 mm.<\/td>\n<\/tr>\n<tr style=\"height: 13.50pt;\">\n<td style=\"height: 13.50pt;\" height=\"18\">Material<\/td>\n<td>Vidro marrom de alta transpar\u00eancia<\/td>\n<\/tr>\n<tr style=\"height: 13.50pt;\">\n<td style=\"height: 13.50pt;\" height=\"18\">Encerramento<\/td>\n<td>Sapato de salto preto com ponta angulada<\/td>\n<\/tr>\n<tr style=\"height: 13.50pt;\">\n<td style=\"height: 13.50pt;\" height=\"18\">Tubo da bomba<\/td>\n<td>Tubo longo e transparente para uso completo.<\/td>\n<\/tr>\n<tr style=\"height: 13.50pt;\">\n<td style=\"height: 13.50pt;\" height=\"18\">Ideal para<\/td>\n<td>S\u00e9runs, lo\u00e7\u00f5es, \u00f3leos faciais<\/td>\n<\/tr>\n<\/tbody>\n<\/table>\n<h2>Hist\u00f3ria de sucesso<\/h2>\n<p>A marca profissional de cuidados com a pele escolheu nossos frascos de vidro \u00e2mbar de 30 ml com bomba dosadora ap\u00f3s adicionar um r\u00f3tulo impresso em serigrafia com a inscri\u00e7\u00e3o &#034;airless&#034; e uma bomba eficiente, ideal para seus s\u00e9runs viscosos. A prote\u00e7\u00e3o UV mant\u00e9m 95% da efic\u00e1cia dos ingredientes do s\u00e9rum ao longo de 12 meses. O sistema de bomba dosadora reduz a oxida\u00e7\u00e3o e a gera\u00e7\u00e3o de res\u00edduos em 30% em compara\u00e7\u00e3o com conta-gotas. A marca obteve grande sucesso com seu produto, o que resultou em um novo pedido de 750.000 frascos para toda a sua linha de s\u00e9runs antioxidantes e produtos para a pele.<\/p>\n<h2>Frascos de vidro \u00e2mbar com op\u00e7\u00f5es de personaliza\u00e7\u00e3o da bomba dosadora.<\/h2>\n<ul>\n<li>O frasco de vidro \u00e2mbar claro est\u00e1 dispon\u00edvel em tr\u00eas tonalidades diferentes: \u00e2mbar claro, \u00e2mbar m\u00e9dio e \u00e2mbar escuro.<\/li>\n<li>O sistema de bomba de v\u00e1cuo oferece aos usu\u00e1rios um sistema completo que garante a m\u00e1xima prote\u00e7\u00e3o de seus ingredientes ativos inst\u00e1veis \u200b\u200bpor meio de mecanismos de defesa antioxidantes.<\/li>\n<li>A parte inferior da garrafa pode exibir uma escala em relevo que mostra \u201c100ml\u201d ou os usu\u00e1rios podem optar por exibir o logotipo da sua marca atrav\u00e9s de um pequeno painel de logotipo.<\/li>\n<\/ul>","protected":false},"excerpt":{"rendered":"<p>Elegante frasco de vidro \u00e2mbar com bomba dosadora e tampa segura. Frascos de vidro marrom com bomba dosadora para cremes e l\u00edquidos. Op\u00e7\u00f5es de personaliza\u00e7\u00e3o com a sua marca dispon\u00edveis. Amostras gr\u00e1tis.<\/p>","protected":false},"featured_media":5356,"comment_status":"open","ping_status":"closed","template":"","meta":{"_acf_changed":false,"site-sidebar-layout":"default","site-content-layout":"","ast-site-content-layout":"default","site-content-style":"default","site-sidebar-style":"default","ast-global-header-display":"","ast-banner-title-visibility":"","ast-main-header-display":"","ast-hfb-above-header-display":"","ast-hfb-below-header-display":"","ast-hfb-mobile-header-display":"","site-post-title":"","ast-breadcrumbs-content":"","ast-featured-img":"","footer-sml-layout":"","ast-disable-related-posts":"","theme-transparent-header-meta":"default","adv-header-id-meta":"","stick-header-meta":"","header-above-stick-meta":"","header-main-stick-meta":"","header-below-stick-meta":"","astra-migrate-meta-layouts":"set","ast-page-background-enabled":"default","ast-page-background-meta":{"desktop":{"background-color":"var(--ast-global-color-5)","background-image":"","background-repeat":"repeat","background-position":"center center","background-size":"auto","background-attachment":"scroll","background-type":"","background-media":"","overlay-type":"","overlay-color":"","overlay-opacity":"","overlay-gradient":""},"tablet":{"background-color":"","background-image":"","background-repeat":"repeat","background-position":"center center","background-size":"auto","background-attachment":"scroll","background-type":"","background-media":"","overlay-type":"","overlay-color":"","overlay-opacity":"","overlay-gradient":""},"mobile":{"background-color":"","background-image":"","background-repeat":"repeat","background-position":"center center","background-size":"auto","background-attachment":"scroll","background-type":"","background-media":"","overlay-type":"","overlay-color":"","overlay-opacity":"","overlay-gradient":""}},"ast-content-background-meta":{"desktop":{"background-color":"var(--ast-global-color-4)","background-image":"","background-repeat":"repeat","background-position":"center center","background-size":"auto","background-attachment":"scroll","background-type":"","background-media":"","overlay-type":"","overlay-color":"","overlay-opacity":"","overlay-gradient":""},"tablet":{"background-color":"var(--ast-global-color-4)","background-image":"","background-repeat":"repeat","background-position":"center center","background-size":"auto","background-attachment":"scroll","background-type":"","background-media":"","overlay-type":"","overlay-color":"","overlay-opacity":"","overlay-gradient":""},"mobile":{"background-color":"var(--ast-global-color-4)","background-image":"","background-repeat":"repeat","background-position":"center center","background-size":"auto","background-attachment":"scroll","background-type":"","background-media":"","overlay-type":"","overlay-color":"","overlay-opacity":"","overlay-gradient":""}}},"product_brand":[],"product_cat":[71,72,62],"product_tag":[190,204],"class_list":{"0":"post-5355","1":"product","2":"type-product","3":"status-publish","4":"has-post-thumbnail","6":"product_cat-glass-lotion-bottles","7":"product_cat-cosmetic-packaging","8":"product_cat-cosmetic-containers","9":"product_tag-cosmetic-pots-with-lids","10":"product_tag-frosted-cosmetic-jars","11":"desktop-align-left","12":"tablet-align-left","13":"mobile-align-left","15":"first","16":"instock","17":"shipping-taxable","18":"product-type-simple"},"acf":[],"jetpack_sharing_enabled":true,"_links":{"self":[{"href":"https:\/\/theperfumebottles.com\/pt\/wp-json\/wp\/v2\/product\/5355","targetHints":{"allow":["GET"]}}],"collection":[{"href":"https:\/\/theperfumebottles.com\/pt\/wp-json\/wp\/v2\/product"}],"about":[{"href":"https:\/\/theperfumebottles.com\/pt\/wp-json\/wp\/v2\/types\/product"}],"replies":[{"embeddable":true,"href":"https:\/\/theperfumebottles.com\/pt\/wp-json\/wp\/v2\/comments?post=5355"}],"wp:featuredmedia":[{"embeddable":true,"href":"https:\/\/theperfumebottles.com\/pt\/wp-json\/wp\/v2\/media\/5356"}],"wp:attachment":[{"href":"https:\/\/theperfumebottles.com\/pt\/wp-json\/wp\/v2\/media?parent=5355"}],"wp:term":[{"taxonomy":"product_brand","embeddable":true,"href":"https:\/\/theperfumebottles.com\/pt\/wp-json\/wp\/v2\/product_brand?post=5355"},{"taxonomy":"product_cat","embeddable":true,"href":"https:\/\/theperfumebottles.com\/pt\/wp-json\/wp\/v2\/product_cat?post=5355"},{"taxonomy":"product_tag","embeddable":true,"href":"https:\/\/theperfumebottles.com\/pt\/wp-json\/wp\/v2\/product_tag?post=5355"}],"curies":[{"name":"wp","href":"https:\/\/api.w.org\/{rel}","templated":true}]}}