{"id":6374,"date":"2025-09-15T18:04:21","date_gmt":"2025-09-15T10:04:21","guid":{"rendered":"https:\/\/theperfumebottles.com\/?post_type=product&#038;p=6374"},"modified":"2026-03-26T14:54:19","modified_gmt":"2026-03-26T06:54:19","slug":"cosmetic-glass-containers-with-gold-trim-design-bulk","status":"publish","type":"product","link":"https:\/\/theperfumebottles.com\/pt\/produto\/cosmetic-glass-containers-with-gold-trim-design-bulk\/","title":{"rendered":"Recipientes de vidro para cosm\u00e9ticos de 30 ml a 130 ml com detalhes dourados (em grande quantidade)"},"content":{"rendered":"<p>Cada produto deste conjunto de recipientes de vidro para cosm\u00e9ticos apresenta uma base triangular marcante \u2014 robusta, est\u00e1vel e que chama a aten\u00e7\u00e3o imediatamente. Os frascos brancos impec\u00e1veis \u200b\u200bcontrastam com os detalhes dourados na tampa e no centro, conferindo a cada frasco e pote um toque sofisticado. O conjunto inclui potes para creme e frascos com bomba dosadora em diversos tamanhos.<\/p>\n<h2>Especifica\u00e7\u00f5es principais<\/h2>\n<table style=\"border-collapse: collapse; margin-left: auto; margin-right: auto; width: 504.02pt;\" border=\"0\" width=\"672\" cellspacing=\"0\" cellpadding=\"0\">\n<tbody>\n<tr style=\"height: 13.50pt;\">\n<td class=\"et3\" style=\"height: 13.5pt; width: 121.5pt; text-align: center;\" width=\"162\" height=\"18\"><strong>Capacidade (ml)<\/strong><\/td>\n<td class=\"et3\" style=\"width: 76.5pt; text-align: center;\" width=\"102\"><strong>30<\/strong><\/td>\n<td class=\"et3\" style=\"width: 76.5pt; text-align: center;\" width=\"102\"><strong>45<\/strong><\/td>\n<td class=\"et3\" style=\"width: 76.5pt; text-align: center;\" width=\"102\"><strong>50<\/strong><\/td>\n<td class=\"et3\" style=\"width: 76.5pt; text-align: center;\" width=\"102\"><strong>110<\/strong><\/td>\n<td class=\"et3\" style=\"width: 76.5pt; text-align: center;\" width=\"102\"><strong>130<\/strong><\/td>\n<\/tr>\n<tr style=\"height: 13.50pt;\">\n<td class=\"et2\" style=\"height: 13.5pt; text-align: center;\" height=\"18\">Di\u00e2metro do pesco\u00e7o (mm)<\/td>\n<td class=\"et2\" style=\"text-align: center;\">46<\/td>\n<td class=\"et2\" style=\"text-align: center;\">46<\/td>\n<td class=\"et2\" style=\"text-align: center;\">17<\/td>\n<td class=\"et2\" style=\"text-align: center;\">20<\/td>\n<td class=\"et2\" style=\"text-align: center;\">20<\/td>\n<\/tr>\n<tr style=\"height: 13.50pt;\">\n<td class=\"et2\" style=\"height: 13.5pt; text-align: center;\" height=\"18\">Di\u00e2metro (mm)<\/td>\n<td class=\"et2\" style=\"text-align: center;\">56<\/td>\n<td class=\"et2\" style=\"text-align: center;\">64<\/td>\n<td class=\"et2\" style=\"text-align: center;\">38<\/td>\n<td class=\"et2\" style=\"text-align: center;\">46<\/td>\n<td class=\"et2\" style=\"text-align: center;\">48<\/td>\n<\/tr>\n<tr style=\"height: 13.50pt;\">\n<td class=\"et2\" style=\"height: 13.5pt; text-align: center;\" height=\"18\">Altura da garrafa (mm)<\/td>\n<td class=\"et2\" style=\"text-align: center;\">42<\/td>\n<td class=\"et2\" style=\"text-align: center;\">46<\/td>\n<td class=\"et2\" style=\"text-align: center;\">106<\/td>\n<td class=\"et2\" style=\"text-align: center;\">142<\/td>\n<td class=\"et2\" style=\"text-align: center;\">162<\/td>\n<\/tr>\n<tr style=\"height: 13.50pt;\">\n<td class=\"et2\" style=\"height: 13.5pt; text-align: center;\" height=\"18\">Altura total (mm)<\/td>\n<td class=\"et2\" style=\"text-align: center;\">50<\/td>\n<td class=\"et2\" style=\"text-align: center;\">60<\/td>\n<td class=\"et2\" style=\"text-align: center;\">140<\/td>\n<td class=\"et2\" style=\"text-align: center;\">182<\/td>\n<td class=\"et2\" style=\"text-align: center;\">200<\/td>\n<\/tr>\n<tr style=\"height: 13.50pt;\">\n<td class=\"et2\" style=\"height: 13.5pt; text-align: center;\" height=\"18\">Material<\/td>\n<td class=\"et2\" style=\"text-align: center;\" colspan=\"5\">Cristal<\/td>\n<\/tr>\n<tr style=\"height: 13.50pt;\">\n<td class=\"et2\" style=\"height: 13.50pt;\" height=\"18\">Op\u00e7\u00f5es personalizadas<\/td>\n<td class=\"et2\" style=\"text-align: center;\" colspan=\"5\">Tratamento de superf\u00edcie, cor, tamanho, formato, logotipo, acess\u00f3rios<\/td>\n<\/tr>\n<tr style=\"height: 13.50pt;\">\n<td class=\"et2\" style=\"height: 13.5pt; text-align: center;\" height=\"18\">Ideal para<\/td>\n<td class=\"et2\" style=\"text-align: center;\" colspan=\"5\">Kits de cuidados com a pele, limpador facial, \u00e1gua termal, lo\u00e7\u00e3o\/creme termal<\/td>\n<\/tr>\n<\/tbody>\n<\/table>\n<h2>Caso de sucesso<\/h2>\n<p>Uma das marcas de cuidados com a pele mais exclusivas da Coreia do Sul escolheu nosso conjunto de frascos de vidro branco e o personalizou profundamente para refletir sua est\u00e9tica minimalista: um frasco branco fosco com um anel dourado champanhe gravado, criando um contraste sofisticado; possui um dispensador de bomba personalizado para regular a quantidade de lo\u00e7\u00e3o e s\u00e9rum dispensada. Al\u00e9m disso, imprimimos o logotipo da marca nas c\u00e9lulas usando hot stamping para garantir durabilidade e um acabamento elegante e refinado.<\/p>\n<p>Com a introdu\u00e7\u00e3o da embalagem redesenhada, as vendas cresceram 28% em dois meses. O cliente ficou muito satisfeito com a qualidade da embalagem e com a receptividade do mercado, o que resultou em mais encomendas e na extens\u00e3o desse tipo de embalagem para outras linhas de cuidados com a pele.<\/p>\n<h2>Dicas de personaliza\u00e7\u00e3o<\/h2>\n<p>Quer personalizar este recipiente de vidro para cosm\u00e9ticos e torn\u00e1-lo verdadeiramente seu?<\/p>\n<ul>\n<li>Ajuste o acabamento do pesco\u00e7o do sif\u00e3o \u2013 combine-o com a linha de limagem existente selecionando um tamanho de rosca espec\u00edfico.<\/li>\n<li>Mude a cor do vidro \u2013 Troque para obter maior prote\u00e7\u00e3o UV ou simplesmente opte pelo azul cobalto.<\/li>\n<li>Laser - Adiciona um toque sutil de sofistica\u00e7\u00e3o \u00e0 marca diretamente no vidro com o logotipo.<\/li>\n<li>Otimize o design da borda do frasco \u2013 Escolha uma borda lisa ou rugosa para melhorar a integridade da veda\u00e7\u00e3o durante o transporte a granel.<\/li>\n<\/ul>\n<p>Essas n\u00e3o s\u00e3o apenas embalagens comuns \u2013 s\u00e3o melhorias estrat\u00e9gicas que transformam uma embalagem padr\u00e3o na identidade visual da sua marca.<\/p>","protected":false},"excerpt":{"rendered":"<p>Recipientes cosm\u00e9ticos de vidro branco com detalhes dourados. Conjuntos de frascos de vidro para atacado, ideais para cremes, s\u00e9runs e embalagens de cosm\u00e9ticos de luxo. Envio r\u00e1pido.<\/p>","protected":false},"featured_media":6380,"comment_status":"closed","ping_status":"closed","template":"","meta":{"_acf_changed":false,"site-sidebar-layout":"default","site-content-layout":"","ast-site-content-layout":"default","site-content-style":"default","site-sidebar-style":"default","ast-global-header-display":"","ast-banner-title-visibility":"","ast-main-header-display":"","ast-hfb-above-header-display":"","ast-hfb-below-header-display":"","ast-hfb-mobile-header-display":"","site-post-title":"","ast-breadcrumbs-content":"","ast-featured-img":"","footer-sml-layout":"","ast-disable-related-posts":"","theme-transparent-header-meta":"default","adv-header-id-meta":"","stick-header-meta":"","header-above-stick-meta":"","header-main-stick-meta":"","header-below-stick-meta":"","astra-migrate-meta-layouts":"set","ast-page-background-enabled":"default","ast-page-background-meta":{"desktop":{"background-color":"var(--ast-global-color-5)","background-image":"","background-repeat":"repeat","background-position":"center center","background-size":"auto","background-attachment":"scroll","background-type":"","background-media":"","overlay-type":"","overlay-color":"","overlay-opacity":"","overlay-gradient":""},"tablet":{"background-color":"","background-image":"","background-repeat":"repeat","background-position":"center center","background-size":"auto","background-attachment":"scroll","background-type":"","background-media":"","overlay-type":"","overlay-color":"","overlay-opacity":"","overlay-gradient":""},"mobile":{"background-color":"","background-image":"","background-repeat":"repeat","background-position":"center center","background-size":"auto","background-attachment":"scroll","background-type":"","background-media":"","overlay-type":"","overlay-color":"","overlay-opacity":"","overlay-gradient":""}},"ast-content-background-meta":{"desktop":{"background-color":"var(--ast-global-color-4)","background-image":"","background-repeat":"repeat","background-position":"center center","background-size":"auto","background-attachment":"scroll","background-type":"","background-media":"","overlay-type":"","overlay-color":"","overlay-opacity":"","overlay-gradient":""},"tablet":{"background-color":"var(--ast-global-color-4)","background-image":"","background-repeat":"repeat","background-position":"center center","background-size":"auto","background-attachment":"scroll","background-type":"","background-media":"","overlay-type":"","overlay-color":"","overlay-opacity":"","overlay-gradient":""},"mobile":{"background-color":"var(--ast-global-color-4)","background-image":"","background-repeat":"repeat","background-position":"center center","background-size":"auto","background-attachment":"scroll","background-type":"","background-media":"","overlay-type":"","overlay-color":"","overlay-opacity":"","overlay-gradient":""}}},"product_brand":[],"product_cat":[236,62,72],"product_tag":[226,220],"class_list":{"0":"post-6374","1":"product","2":"type-product","3":"status-publish","4":"has-post-thumbnail","6":"product_cat-cosmetic-container-set","7":"product_cat-cosmetic-containers","8":"product_cat-cosmetic-packaging","9":"product_tag-clear-glass-roller-bottles","10":"product_tag-glass-roll-on-bottles","11":"desktop-align-left","12":"tablet-align-left","13":"mobile-align-left","15":"first","16":"instock","17":"shipping-taxable","18":"product-type-simple"},"acf":[],"jetpack_sharing_enabled":true,"_links":{"self":[{"href":"https:\/\/theperfumebottles.com\/pt\/wp-json\/wp\/v2\/product\/6374","targetHints":{"allow":["GET"]}}],"collection":[{"href":"https:\/\/theperfumebottles.com\/pt\/wp-json\/wp\/v2\/product"}],"about":[{"href":"https:\/\/theperfumebottles.com\/pt\/wp-json\/wp\/v2\/types\/product"}],"replies":[{"embeddable":true,"href":"https:\/\/theperfumebottles.com\/pt\/wp-json\/wp\/v2\/comments?post=6374"}],"wp:featuredmedia":[{"embeddable":true,"href":"https:\/\/theperfumebottles.com\/pt\/wp-json\/wp\/v2\/media\/6380"}],"wp:attachment":[{"href":"https:\/\/theperfumebottles.com\/pt\/wp-json\/wp\/v2\/media?parent=6374"}],"wp:term":[{"taxonomy":"product_brand","embeddable":true,"href":"https:\/\/theperfumebottles.com\/pt\/wp-json\/wp\/v2\/product_brand?post=6374"},{"taxonomy":"product_cat","embeddable":true,"href":"https:\/\/theperfumebottles.com\/pt\/wp-json\/wp\/v2\/product_cat?post=6374"},{"taxonomy":"product_tag","embeddable":true,"href":"https:\/\/theperfumebottles.com\/pt\/wp-json\/wp\/v2\/product_tag?post=6374"}],"curies":[{"name":"wp","href":"https:\/\/api.w.org\/{rel}","templated":true}]}}