{"id":6388,"date":"2025-09-16T10:37:07","date_gmt":"2025-09-16T02:37:07","guid":{"rendered":"https:\/\/theperfumebottles.com\/?post_type=product&#038;p=6388"},"modified":"2025-09-17T11:39:39","modified_gmt":"2025-09-17T03:39:39","slug":"bulk-white-skincare-bottle-and-cream-jars-with-diagonal-texture","status":"publish","type":"product","link":"https:\/\/theperfumebottles.com\/pt\/produto\/bulk-white-skincare-bottle-and-cream-jars-with-diagonal-texture\/","title":{"rendered":"Frascos e potes de creme para cuidados com a pele em grande quantidade com textura diagonal."},"content":{"rendered":"<p>Imagine: um frasco de cuidados com a pele branco imaculado com delicadas bordas diagonais. A tampa \u00e9 igualmente simples e sofisticada: um fino anel dourado adorna o gargalo e um detalhe met\u00e1lico enfeita a parte superior. Este conjunto de cuidados com a pele inclui frascos com v\u00e1lvula pump de diferentes tamanhos e um pote para creme facial.<\/p>\n<h2>Especifica\u00e7\u00f5es principais<\/h2>\n<table style=\"border-collapse: collapse;margin-left: auto;margin-right: auto;width: 546.77pt\" border=\"0\" width=\"729\" cellspacing=\"0\" cellpadding=\"0\">\n<tbody>\n<tr style=\"height: 13.50pt\">\n<td class=\"et2\" style=\"height: 13.50pt;width: 117.75pt\" width=\"157\" height=\"18\">Capacidade (ml)<\/td>\n<td class=\"et3\" style=\"width: 119.25pt\" width=\"159\">105<\/td>\n<td class=\"et3\" style=\"width: 119.25pt\" width=\"159\">40<\/td>\n<td class=\"et3\" style=\"width: 96.75pt\" width=\"129\">105<\/td>\n<td class=\"et3\" style=\"width: 93.75pt\" width=\"125\">125<\/td>\n<\/tr>\n<tr style=\"height: 13.50pt\">\n<td class=\"et2\" style=\"height: 13.50pt\" height=\"18\">Di\u00e2metro do pesco\u00e7o (mm)<\/td>\n<td class=\"et3\">51<\/td>\n<td class=\"et3\">20<\/td>\n<td class=\"et3\">20<\/td>\n<td class=\"et3\">20<\/td>\n<\/tr>\n<tr style=\"height: 13.50pt\">\n<td class=\"et2\" style=\"height: 13.50pt\" height=\"18\">Di\u00e2metro (mm)<\/td>\n<td class=\"et3\">75<\/td>\n<td class=\"et3\">40<\/td>\n<td class=\"et3\">45<\/td>\n<td class=\"et3\">46<\/td>\n<\/tr>\n<tr style=\"height: 13.50pt\">\n<td class=\"et2\" style=\"height: 13.50pt\" height=\"18\">Altura da garrafa (mm)<\/td>\n<td class=\"et3\">56<\/td>\n<td class=\"et3\">84<\/td>\n<td class=\"et3\">125<\/td>\n<td class=\"et3\">142<\/td>\n<\/tr>\n<tr style=\"height: 13.50pt\">\n<td class=\"et2\" style=\"height: 13.50pt\" height=\"18\">Material<\/td>\n<td class=\"et3\" colspan=\"4\">Cristal<\/td>\n<\/tr>\n<tr style=\"height: 13.50pt\">\n<td class=\"et2\" style=\"height: 13.50pt\" height=\"18\">Op\u00e7\u00f5es personalizadas<\/td>\n<td class=\"et3\" colspan=\"4\">Tamanho, cor, formato da garrafa, tratamento da superf\u00edcie, tampa da garrafa, acess\u00f3rios, logotipo<\/td>\n<\/tr>\n<tr style=\"height: 13.50pt\">\n<td class=\"et2\" style=\"height: 13.50pt\" height=\"18\">Ideal para<\/td>\n<td class=\"et3\" colspan=\"4\">Produtos de limpeza, hidratantes, ess\u00eancias, cremes e conjuntos de cuidados com a pele.<\/td>\n<\/tr>\n<\/tbody>\n<\/table>\n<h2>Como as marcas podem conquistar espa\u00e7o nas prateleiras sem um or\u00e7amento publicit\u00e1rio gigantesco.<\/h2>\n<p>Uma nova linha de produtos org\u00e2nicos oferece apenas tr\u00eas itens: um s\u00e9rum, um creme diurno e uma lo\u00e7\u00e3o hidratante. Eles utilizam esses frascos para acondicionar os s\u00e9runs e os potes correspondentes do creme de beleza. Sem logotipos chamativos, apenas uma embalagem branca e minimalista com laterais texturizadas e detalhes dourados. Os compradores do varejo ficaram encantados. Um deles comentou: &#034;Parece caro, mas nada extravagante&#034;. Em quatro meses, a linha j\u00e1 estava dispon\u00edvel em duas grandes redes de boutiques. O motivo? Porque embalagens de cosm\u00e9ticos de alta qualidade duram \u2014 elas se tornam parte da experi\u00eancia do usu\u00e1rio.<\/p>\n<h2>Como personalizar embalagens de cosm\u00e9ticos?<\/h2>\n<p>Quer personalizar este recipiente ao seu gosto? Veja como, sem nem mesmo tocar na embalagem:<\/p>\n<ul>\n<li>Ajuste o \u00e2ngulo da fibra diagonal \u2014 linhas mais acentuadas criam uma sensa\u00e7\u00e3o mais din\u00e2mica. Linhas mais suaves criam uma sensa\u00e7\u00e3o mais equilibrada.<\/li>\n<li>Adicionar um revestimento interno de conserva\u00e7\u00e3o UV proporciona prote\u00e7\u00e3o adicional para ingredientes ativos inst\u00e1veis \u200b\u200bem lo\u00e7\u00f5es ou s\u00e9runs.<\/li>\n<li>Personalize o logotipo e os elementos da sua marca: Integre o slogan ao nome da sua marca, ao logotipo e ao design da garrafa.<\/li>\n<\/ul>\n<p>Essas op\u00e7\u00f5es de adapta\u00e7\u00e3o permitem otimizar o desempenho e a experi\u00eancia internamente.<\/p>","protected":false},"excerpt":{"rendered":"<p>Frascos elegantes brancos para cuidados com a pele e potes para cremes de beleza com textura diagonal e detalhes dourados, perfeitos para embalagens de luxo e pedidos no atacado.<\/p>","protected":false},"featured_media":6393,"comment_status":"closed","ping_status":"closed","template":"","meta":{"_acf_changed":false,"site-sidebar-layout":"default","site-content-layout":"","ast-site-content-layout":"default","site-content-style":"default","site-sidebar-style":"default","ast-global-header-display":"","ast-banner-title-visibility":"","ast-main-header-display":"","ast-hfb-above-header-display":"","ast-hfb-below-header-display":"","ast-hfb-mobile-header-display":"","site-post-title":"","ast-breadcrumbs-content":"","ast-featured-img":"","footer-sml-layout":"","ast-disable-related-posts":"","theme-transparent-header-meta":"default","adv-header-id-meta":"","stick-header-meta":"","header-above-stick-meta":"","header-main-stick-meta":"","header-below-stick-meta":"","astra-migrate-meta-layouts":"set","ast-page-background-enabled":"default","ast-page-background-meta":{"desktop":{"background-color":"var(--ast-global-color-5)","background-image":"","background-repeat":"repeat","background-position":"center center","background-size":"auto","background-attachment":"scroll","background-type":"","background-media":"","overlay-type":"","overlay-color":"","overlay-opacity":"","overlay-gradient":""},"tablet":{"background-color":"","background-image":"","background-repeat":"repeat","background-position":"center center","background-size":"auto","background-attachment":"scroll","background-type":"","background-media":"","overlay-type":"","overlay-color":"","overlay-opacity":"","overlay-gradient":""},"mobile":{"background-color":"","background-image":"","background-repeat":"repeat","background-position":"center center","background-size":"auto","background-attachment":"scroll","background-type":"","background-media":"","overlay-type":"","overlay-color":"","overlay-opacity":"","overlay-gradient":""}},"ast-content-background-meta":{"desktop":{"background-color":"var(--ast-global-color-4)","background-image":"","background-repeat":"repeat","background-position":"center center","background-size":"auto","background-attachment":"scroll","background-type":"","background-media":"","overlay-type":"","overlay-color":"","overlay-opacity":"","overlay-gradient":""},"tablet":{"background-color":"var(--ast-global-color-4)","background-image":"","background-repeat":"repeat","background-position":"center center","background-size":"auto","background-attachment":"scroll","background-type":"","background-media":"","overlay-type":"","overlay-color":"","overlay-opacity":"","overlay-gradient":""},"mobile":{"background-color":"var(--ast-global-color-4)","background-image":"","background-repeat":"repeat","background-position":"center center","background-size":"auto","background-attachment":"scroll","background-type":"","background-media":"","overlay-type":"","overlay-color":"","overlay-opacity":"","overlay-gradient":""}}},"product_brand":[],"product_cat":[72,236,62],"product_tag":[226,220],"class_list":{"0":"post-6388","1":"product","2":"type-product","3":"status-publish","4":"has-post-thumbnail","6":"product_cat-cosmetic-packaging","7":"product_cat-cosmetic-container-set","8":"product_cat-cosmetic-containers","9":"product_tag-clear-glass-roller-bottles","10":"product_tag-glass-roll-on-bottles","11":"desktop-align-left","12":"tablet-align-left","13":"mobile-align-left","15":"first","16":"instock","17":"shipping-taxable","18":"product-type-simple"},"acf":[],"jetpack_sharing_enabled":true,"_links":{"self":[{"href":"https:\/\/theperfumebottles.com\/pt\/wp-json\/wp\/v2\/product\/6388","targetHints":{"allow":["GET"]}}],"collection":[{"href":"https:\/\/theperfumebottles.com\/pt\/wp-json\/wp\/v2\/product"}],"about":[{"href":"https:\/\/theperfumebottles.com\/pt\/wp-json\/wp\/v2\/types\/product"}],"replies":[{"embeddable":true,"href":"https:\/\/theperfumebottles.com\/pt\/wp-json\/wp\/v2\/comments?post=6388"}],"wp:featuredmedia":[{"embeddable":true,"href":"https:\/\/theperfumebottles.com\/pt\/wp-json\/wp\/v2\/media\/6393"}],"wp:attachment":[{"href":"https:\/\/theperfumebottles.com\/pt\/wp-json\/wp\/v2\/media?parent=6388"}],"wp:term":[{"taxonomy":"product_brand","embeddable":true,"href":"https:\/\/theperfumebottles.com\/pt\/wp-json\/wp\/v2\/product_brand?post=6388"},{"taxonomy":"product_cat","embeddable":true,"href":"https:\/\/theperfumebottles.com\/pt\/wp-json\/wp\/v2\/product_cat?post=6388"},{"taxonomy":"product_tag","embeddable":true,"href":"https:\/\/theperfumebottles.com\/pt\/wp-json\/wp\/v2\/product_tag?post=6388"}],"curies":[{"name":"wp","href":"https:\/\/api.w.org\/{rel}","templated":true}]}}