{"id":6531,"date":"2025-09-22T17:19:57","date_gmt":"2025-09-22T09:19:57","guid":{"rendered":"https:\/\/theperfumebottles.com\/?post_type=product&#038;p=6531"},"modified":"2025-09-22T17:29:48","modified_gmt":"2025-09-22T09:29:48","slug":"glass-skincare-bottles-packaging-set","status":"publish","type":"product","link":"https:\/\/theperfumebottles.com\/pt\/produto\/glass-skincare-bottles-packaging-set\/","title":{"rendered":"Frascos e potes de vidro para produtos de cuidados com a pele \u2013 Conjunto de embalagens elegantes com degrad\u00ea verde."},"content":{"rendered":"<p>Cansado(a) de embalagens sem gra\u00e7a que escondem seus produtos de skincare premium? Criamos frascos vazios para skincare que exibem seus cremes, lo\u00e7\u00f5es e \u00f3leos essenciais como verdadeiras obras de arte l\u00edquidas. Os frascos de vidro com acabamento em degrad\u00ea verde bloqueiam os raios UV \u2014 sem deteriora\u00e7\u00e3o, sem abrir m\u00e3o da qualidade. Pedidos em grande quantidade recebem tampas personalizadas que combinam com a ess\u00eancia da sua marca.<\/p>\n<h2>Especifica\u00e7\u00f5es principais<\/h2>\n<table style=\"border-collapse: collapse;width: 85%;margin-left: auto;margin-right: auto\" border=\"0\" width=\"648\" cellspacing=\"0\" cellpadding=\"0\">\n<tbody>\n<tr style=\"height: 13.50pt\">\n<td style=\"height: 13.50pt;width: 54.00pt\" width=\"72\" height=\"18\">Capacidade (ml)<\/td>\n<td style=\"width: 54.00pt\" width=\"72\">Forma<\/td>\n<td style=\"width: 54.00pt\" width=\"72\">Di\u00e2metro da boca (mm)<\/td>\n<td style=\"width: 54.00pt\" width=\"72\">Di\u00e2metro da garrafa (mm)<\/td>\n<td style=\"width: 54.00pt\" width=\"72\">Altura total com tampa (mm)<\/td>\n<td style=\"width: 54.00pt\" width=\"72\">Altura total com tampa (mm)<\/td>\n<td style=\"width: 54.00pt\" width=\"72\">Cor<\/td>\n<td style=\"width: 54.00pt\" width=\"72\">Op\u00e7\u00f5es personalizadas<\/td>\n<td style=\"width: 54.00pt\" width=\"72\">Uso<\/td>\n<\/tr>\n<tr style=\"height: 13.50pt\">\n<td style=\"height: 13.50pt\" height=\"18\">125<\/td>\n<td class=\"et2\" rowspan=\"5\">Torre<\/td>\n<td>20<\/td>\n<td>49&#215;49<\/td>\n<td>146<\/td>\n<td>180<\/td>\n<td class=\"et2\" rowspan=\"5\">Gradiente Verde<\/td>\n<td class=\"et2\" rowspan=\"5\">Tratamento de superf\u00edcie, cor<\/td>\n<td class=\"et2\" rowspan=\"5\">Lo\u00e7\u00f5es, cremes, ess\u00eancias, etc.<\/td>\n<\/tr>\n<tr style=\"height: 13.50pt\">\n<td style=\"height: 13.50pt\" height=\"18\">105<\/td>\n<td>20<\/td>\n<td>49&#215;49<\/td>\n<td>130<\/td>\n<td>165<\/td>\n<\/tr>\n<tr style=\"height: 13.50pt\">\n<td style=\"height: 13.50pt\" height=\"18\">45<\/td>\n<td>20<\/td>\n<td>45&#215;45<\/td>\n<td>81<\/td>\n<td>115<\/td>\n<\/tr>\n<tr style=\"height: 13.50pt\">\n<td style=\"height: 13.50pt\" height=\"18\">90<\/td>\n<td>50<\/td>\n<td>69&#215;69<\/td>\n<td>70<\/td>\n<td>85<\/td>\n<\/tr>\n<tr style=\"height: 13.50pt\">\n<td style=\"height: 13.50pt\" height=\"18\">55<\/td>\n<td>50<\/td>\n<td>65&#215;65<\/td>\n<td>52<\/td>\n<td>65<\/td>\n<\/tr>\n<\/tbody>\n<\/table>\n<h2>Caso de sucesso: como uma empresa de m\u00e9dio porte alcan\u00e7ou o desenvolvimento.<\/h2>\n<p>Uma empresa de m\u00e9dio porte criou um kit &#034;ritual verde&#034; usando nossos frascos de vidro para cuidados com a pele: um frasco quadrado de 15 ml para creme e um frasco reto de 55 ml para lo\u00e7\u00e3o. Resultado? 82% dos clientes que viram os frascos com degrad\u00ea verde no Instagram compraram a linha completa. O representante da regi\u00e3o comentou: &#034;Foi como um presente da natureza.&#034;<\/p>\n<h2>Seu Guia de Personaliza\u00e7\u00e3o<\/h2>\n<ol>\n<li><strong>Combina\u00e7\u00e3o colorida:<\/strong>Troque os tons de verde por gradientes para a identidade visual da sua marca. Exemplo: Deep Chaiti com a linha \u201cForest Mist\u201d.<\/li>\n<li><strong>Integra\u00e7\u00e3o da bomba:<\/strong>Adicione o dispensador de bomba diretamente \u00e0s garrafas - \u00e9 uma \u00f3tima maneira de lucrar. Os vendedores varejistas vendem rapidinho.<\/li>\n<\/ol>","protected":false},"excerpt":{"rendered":"<p>Frascos e potes de vidro premium com degrad\u00ea verde para produtos de cuidados com a pele. Embalagens personalizadas com prote\u00e7\u00e3o UV, \u00e0 prova de vazamentos e com dosador de bomba. Venda por atacado para marcas de cosm\u00e9ticos de luxo.<\/p>","protected":false},"featured_media":6532,"comment_status":"closed","ping_status":"closed","template":"","meta":{"_acf_changed":false,"site-sidebar-layout":"default","site-content-layout":"","ast-site-content-layout":"default","site-content-style":"default","site-sidebar-style":"default","ast-global-header-display":"","ast-banner-title-visibility":"","ast-main-header-display":"","ast-hfb-above-header-display":"","ast-hfb-below-header-display":"","ast-hfb-mobile-header-display":"","site-post-title":"","ast-breadcrumbs-content":"","ast-featured-img":"","footer-sml-layout":"","ast-disable-related-posts":"","theme-transparent-header-meta":"default","adv-header-id-meta":"","stick-header-meta":"","header-above-stick-meta":"","header-main-stick-meta":"","header-below-stick-meta":"","astra-migrate-meta-layouts":"set","ast-page-background-enabled":"default","ast-page-background-meta":{"desktop":{"background-color":"var(--ast-global-color-5)","background-image":"","background-repeat":"repeat","background-position":"center center","background-size":"auto","background-attachment":"scroll","background-type":"","background-media":"","overlay-type":"","overlay-color":"","overlay-opacity":"","overlay-gradient":""},"tablet":{"background-color":"","background-image":"","background-repeat":"repeat","background-position":"center center","background-size":"auto","background-attachment":"scroll","background-type":"","background-media":"","overlay-type":"","overlay-color":"","overlay-opacity":"","overlay-gradient":""},"mobile":{"background-color":"","background-image":"","background-repeat":"repeat","background-position":"center center","background-size":"auto","background-attachment":"scroll","background-type":"","background-media":"","overlay-type":"","overlay-color":"","overlay-opacity":"","overlay-gradient":""}},"ast-content-background-meta":{"desktop":{"background-color":"var(--ast-global-color-4)","background-image":"","background-repeat":"repeat","background-position":"center center","background-size":"auto","background-attachment":"scroll","background-type":"","background-media":"","overlay-type":"","overlay-color":"","overlay-opacity":"","overlay-gradient":""},"tablet":{"background-color":"var(--ast-global-color-4)","background-image":"","background-repeat":"repeat","background-position":"center center","background-size":"auto","background-attachment":"scroll","background-type":"","background-media":"","overlay-type":"","overlay-color":"","overlay-opacity":"","overlay-gradient":""},"mobile":{"background-color":"var(--ast-global-color-4)","background-image":"","background-repeat":"repeat","background-position":"center center","background-size":"auto","background-attachment":"scroll","background-type":"","background-media":"","overlay-type":"","overlay-color":"","overlay-opacity":"","overlay-gradient":""}}},"product_brand":[],"product_cat":[236,72,37,62],"product_tag":[],"class_list":{"0":"post-6531","1":"product","2":"type-product","3":"status-publish","4":"has-post-thumbnail","6":"product_cat-cosmetic-container-set","7":"product_cat-cosmetic-packaging","8":"product_cat-uncategorized","9":"product_cat-cosmetic-containers","10":"desktop-align-left","11":"tablet-align-left","12":"mobile-align-left","14":"first","15":"instock","16":"shipping-taxable","17":"product-type-simple"},"acf":[],"jetpack_sharing_enabled":true,"_links":{"self":[{"href":"https:\/\/theperfumebottles.com\/pt\/wp-json\/wp\/v2\/product\/6531","targetHints":{"allow":["GET"]}}],"collection":[{"href":"https:\/\/theperfumebottles.com\/pt\/wp-json\/wp\/v2\/product"}],"about":[{"href":"https:\/\/theperfumebottles.com\/pt\/wp-json\/wp\/v2\/types\/product"}],"replies":[{"embeddable":true,"href":"https:\/\/theperfumebottles.com\/pt\/wp-json\/wp\/v2\/comments?post=6531"}],"wp:featuredmedia":[{"embeddable":true,"href":"https:\/\/theperfumebottles.com\/pt\/wp-json\/wp\/v2\/media\/6532"}],"wp:attachment":[{"href":"https:\/\/theperfumebottles.com\/pt\/wp-json\/wp\/v2\/media?parent=6531"}],"wp:term":[{"taxonomy":"product_brand","embeddable":true,"href":"https:\/\/theperfumebottles.com\/pt\/wp-json\/wp\/v2\/product_brand?post=6531"},{"taxonomy":"product_cat","embeddable":true,"href":"https:\/\/theperfumebottles.com\/pt\/wp-json\/wp\/v2\/product_cat?post=6531"},{"taxonomy":"product_tag","embeddable":true,"href":"https:\/\/theperfumebottles.com\/pt\/wp-json\/wp\/v2\/product_tag?post=6531"}],"curies":[{"name":"wp","href":"https:\/\/api.w.org\/{rel}","templated":true}]}}