{"id":7026,"date":"2025-11-11T14:11:22","date_gmt":"2025-11-11T06:11:22","guid":{"rendered":"https:\/\/theperfumebottles.com\/?post_type=product&#038;p=7026"},"modified":"2025-11-11T14:23:34","modified_gmt":"2025-11-11T06:23:34","slug":"perfume-refill-bottle-bulk-order","status":"publish","type":"product","link":"https:\/\/theperfumebottles.com\/pt\/produto\/perfume-refill-bottle-bulk-order\/","title":{"rendered":"Frasco de refil de perfume de 5ml para uso di\u00e1rio - Pedido em grande quantidade"},"content":{"rendered":"<p>Voc\u00ea est\u00e1\u200d\u200d\u200d\u200d\u200d\u200d procurando um frasco de perfume que aumentaria perfeitamente o apelo visual da sua marca. Nosso frasco de perfume de recarga de 5ml \u00e9 definitivamente o \u00fanico! Ele \u00e9 feito para deixar sua fragr\u00e2ncia ser o centro das aten\u00e7\u00f5es e ainda oferecer uma beleza agrad\u00e1vel e pr\u00e1tica aos seus clientes. \u00c9 dif\u00edcil resistir ao estilo e \u00e0 fun\u00e7\u00e3o que andam de m\u00e3os dadas neste produto da linha de embalagens.<\/p>\n<h2>Especifica\u00e7\u00f5es principais<\/h2>\n<table style=\"border-collapse: collapse;width: 80%;margin-left: auto;margin-right: auto\" border=\"0\" width=\"144\" cellspacing=\"0\" cellpadding=\"0\">\n<tbody>\n<tr style=\"height: 13.50pt\">\n<td style=\"height: 13.5pt;width: 54pt;text-align: center\" width=\"72\" height=\"18\">Recurso<\/td>\n<td style=\"width: 54pt;text-align: center\" width=\"72\">Detalhes<\/td>\n<\/tr>\n<tr style=\"height: 13.50pt\">\n<td style=\"height: 13.5pt;text-align: center\" height=\"18\">Capacidade<\/td>\n<td style=\"text-align: center\">5ml<\/td>\n<\/tr>\n<tr style=\"height: 13.50pt\">\n<td style=\"height: 13.5pt;text-align: center\" height=\"18\">Dimens\u00f5es<\/td>\n<td style=\"text-align: center\">1,7 * 8,1 cm<\/td>\n<\/tr>\n<tr style=\"height: 13.50pt\">\n<td style=\"height: 13.5pt;text-align: center\" height=\"18\">Material<\/td>\n<td style=\"text-align: center\">Alum\u00ednio com janela de vidro transparente<\/td>\n<\/tr>\n<tr style=\"height: 13.50pt\">\n<td style=\"height: 13.5pt;text-align: center\" height=\"18\">Op\u00e7\u00f5es de cores<\/td>\n<td style=\"text-align: center\">Azul, Verde, Vermelho, Amarelo, Roxo<\/td>\n<\/tr>\n<tr style=\"height: 13.50pt\">\n<td style=\"height: 13.5pt;text-align: center\" height=\"18\">Ideal para<\/td>\n<td style=\"text-align: center\">Perfumes, \u00f3leos essenciais, sprays de fragr\u00e2ncia<\/td>\n<\/tr>\n<\/tbody>\n<\/table>\n<h2>Caso de sucesso<\/h2>\n<p>Uma marca de perfumes francesa contactou-nos para personalizar este frasco de recarga de perfume em alum\u00ednio para a sua linha port\u00e1til, com uma janela transparente para uma f\u00e1cil visualiza\u00e7\u00e3o da quantidade restante. O frasco utiliza um processo de anodiza\u00e7\u00e3o para obter uma variedade de cores vibrantes e est\u00e1 gravado com o log\u00f3tipo da marca.<\/p>\n<p>Ap\u00f3s o lan\u00e7amento da nova embalagem, as vendas da linha port\u00e1til da marca registaram um aumento de 38%.<\/p>\n<h2>Personalize sua garrafa<\/h2>\n<ol>\n<li><strong>Material\u200d\u200d\u200d\u200d\u200d\u200d\u200d\u200d e op\u00e7\u00f5es de capacidade:<\/strong> A combina\u00e7\u00e3o de um inv\u00f3lucro exterior de alum\u00ednio com uma garrafa interior de vidro ou de pl\u00e1stico permite obter um produto simultaneamente leve e resistente. As capacidades de 5 ml, 8 ml e 10 ml est\u00e3o dispon\u00edveis para poderem cobrir diferentes situa\u00e7\u00f5es (viagens, transporte quotidiano, etc.).<\/li>\n<li><strong>Design do bocal:<\/strong> Pode optar por um bocal de n\u00e9voa fina que pode ser mais refinado para uma atomiza\u00e7\u00e3o mais fina; ou simplesmente escolher um mecanismo de bloqueio rotativo para evitar a pulveriza\u00e7\u00e3o acidental e tornar o aparelho mais port\u00e1til.<\/li>\n<li><strong>Forma e transpar\u00eancia da janela:<\/strong> Existem janelas de visualiza\u00e7\u00e3o personaliz\u00e1veis em diferentes formas (tira, oval, cora\u00e7\u00e3o, etc.) com transpar\u00eancia vari\u00e1vel para serem chiques e \u00fateis.<\/li>\n<\/ol>","protected":false},"excerpt":{"rendered":"<p>Frasco de recarga de perfume leve com design de janela transparente. Frasco de perfume de recarga perfeito para viagens, f\u00e1cil de transportar e recarregar em qualquer altura.<\/p>","protected":false},"featured_media":7027,"comment_status":"open","ping_status":"closed","template":"","meta":{"_acf_changed":false,"site-sidebar-layout":"default","site-content-layout":"","ast-site-content-layout":"default","site-content-style":"default","site-sidebar-style":"default","ast-global-header-display":"","ast-banner-title-visibility":"","ast-main-header-display":"","ast-hfb-above-header-display":"","ast-hfb-below-header-display":"","ast-hfb-mobile-header-display":"","site-post-title":"","ast-breadcrumbs-content":"","ast-featured-img":"","footer-sml-layout":"","ast-disable-related-posts":"","theme-transparent-header-meta":"default","adv-header-id-meta":"","stick-header-meta":"","header-above-stick-meta":"","header-main-stick-meta":"","header-below-stick-meta":"","astra-migrate-meta-layouts":"set","ast-page-background-enabled":"default","ast-page-background-meta":{"desktop":{"background-color":"var(--ast-global-color-5)","background-image":"","background-repeat":"repeat","background-position":"center center","background-size":"auto","background-attachment":"scroll","background-type":"","background-media":"","overlay-type":"","overlay-color":"","overlay-opacity":"","overlay-gradient":""},"tablet":{"background-color":"","background-image":"","background-repeat":"repeat","background-position":"center center","background-size":"auto","background-attachment":"scroll","background-type":"","background-media":"","overlay-type":"","overlay-color":"","overlay-opacity":"","overlay-gradient":""},"mobile":{"background-color":"","background-image":"","background-repeat":"repeat","background-position":"center center","background-size":"auto","background-attachment":"scroll","background-type":"","background-media":"","overlay-type":"","overlay-color":"","overlay-opacity":"","overlay-gradient":""}},"ast-content-background-meta":{"desktop":{"background-color":"var(--ast-global-color-4)","background-image":"","background-repeat":"repeat","background-position":"center center","background-size":"auto","background-attachment":"scroll","background-type":"","background-media":"","overlay-type":"","overlay-color":"","overlay-opacity":"","overlay-gradient":""},"tablet":{"background-color":"var(--ast-global-color-4)","background-image":"","background-repeat":"repeat","background-position":"center center","background-size":"auto","background-attachment":"scroll","background-type":"","background-media":"","overlay-type":"","overlay-color":"","overlay-opacity":"","overlay-gradient":""},"mobile":{"background-color":"var(--ast-global-color-4)","background-image":"","background-repeat":"repeat","background-position":"center center","background-size":"auto","background-attachment":"scroll","background-type":"","background-media":"","overlay-type":"","overlay-color":"","overlay-opacity":"","overlay-gradient":""}}},"product_brand":[],"product_cat":[72,90],"product_tag":[],"class_list":{"0":"post-7026","1":"product","2":"type-product","3":"status-publish","4":"has-post-thumbnail","6":"product_cat-cosmetic-packaging","7":"product_cat-refillable-perfume-bottles","8":"desktop-align-left","9":"tablet-align-left","10":"mobile-align-left","12":"first","13":"instock","14":"shipping-taxable","15":"product-type-simple"},"acf":[],"jetpack_sharing_enabled":true,"_links":{"self":[{"href":"https:\/\/theperfumebottles.com\/pt\/wp-json\/wp\/v2\/product\/7026","targetHints":{"allow":["GET"]}}],"collection":[{"href":"https:\/\/theperfumebottles.com\/pt\/wp-json\/wp\/v2\/product"}],"about":[{"href":"https:\/\/theperfumebottles.com\/pt\/wp-json\/wp\/v2\/types\/product"}],"replies":[{"embeddable":true,"href":"https:\/\/theperfumebottles.com\/pt\/wp-json\/wp\/v2\/comments?post=7026"}],"wp:featuredmedia":[{"embeddable":true,"href":"https:\/\/theperfumebottles.com\/pt\/wp-json\/wp\/v2\/media\/7027"}],"wp:attachment":[{"href":"https:\/\/theperfumebottles.com\/pt\/wp-json\/wp\/v2\/media?parent=7026"}],"wp:term":[{"taxonomy":"product_brand","embeddable":true,"href":"https:\/\/theperfumebottles.com\/pt\/wp-json\/wp\/v2\/product_brand?post=7026"},{"taxonomy":"product_cat","embeddable":true,"href":"https:\/\/theperfumebottles.com\/pt\/wp-json\/wp\/v2\/product_cat?post=7026"},{"taxonomy":"product_tag","embeddable":true,"href":"https:\/\/theperfumebottles.com\/pt\/wp-json\/wp\/v2\/product_tag?post=7026"}],"curies":[{"name":"wp","href":"https:\/\/api.w.org\/{rel}","templated":true}]}}