{"id":3,"date":"2024-12-05T06:22:48","date_gmt":"2024-12-05T06:22:48","guid":{"rendered":"https:\/\/theperfumebottles.com\/?page_id=3"},"modified":"2025-10-31T10:10:35","modified_gmt":"2025-10-31T02:10:35","slug":"privacy-policy","status":"publish","type":"page","link":"https:\/\/theperfumebottles.com\/ro\/privacy-policy\/","title":{"rendered":"Politica de confiden\u021bialitate"},"content":{"rendered":"<div data-elementor-type=\"wp-page\" data-elementor-id=\"3\" class=\"elementor elementor-3\" data-elementor-settings=\"{&quot;ha_cmc_init_switcher&quot;:&quot;no&quot;}\" data-elementor-post-type=\"page\">\n\t\t\t\t<div class=\"elementor-element elementor-element-7292605e e-flex e-con-boxed e-con e-parent\" data-id=\"7292605e\" data-element_type=\"container\" data-e-type=\"container\" data-settings=\"{&quot;_ha_eqh_enable&quot;:false}\">\n\t\t\t\t\t<div class=\"e-con-inner\">\n\t\t\t\t<div class=\"elementor-element elementor-element-23aa057f elementor-widget elementor-widget-text-editor\" data-id=\"23aa057f\" data-element_type=\"widget\" data-e-type=\"widget\" data-widget_type=\"text-editor.default\">\n\t\t\t\t<div class=\"elementor-widget-container\">\n\t\t\t\t\t\t\t\t\t<p>Aceast\u0103 politic\u0103 de confiden\u021bialitate descrie modul \u00een care informa\u021biile dvs. personale sunt colectate, utilizate \u0219i partajate atunci c\u00e2nd vizita\u021bi sau efectua\u021bi o achizi\u021bie de pe theperfumebottles.com (denumit \u00een continuare \"site-ul\").<\/p>\n<p><span style=\"color: #002b5b;\"><strong>INFORMA\u021aII PERSONALE PE CARE LE COLECT\u0102M<\/strong><\/span><\/p>\n<p>Atunci c\u00e2nd vizita\u021bi site-ul, colect\u0103m automat anumite informa\u021bii despre dispozitivul dumneavoastr\u0103, inclusiv informa\u021bii despre browserul dumneavoastr\u0103 web, adresa IP, fusul orar \u0219i unele dintre modulele cookie instalate pe dispozitivul dumneavoastr\u0103. \u00cen plus, pe m\u0103sur\u0103 ce naviga\u021bi pe site, colect\u0103m informa\u021bii despre paginile web sau produsele individuale pe care le vizualiza\u021bi, despre site-urile web sau termenii de c\u0103utare care v-au direc\u021bionat c\u0103tre site \u0219i informa\u021bii despre modul \u00een care interac\u021biona\u021bi cu site-ul. Ne referim la aceste informa\u021bii colectate automat sub denumirea de \"Informa\u021bii despre dispozitiv\".<\/p>\n<p>Colect\u0103m informa\u021bii despre dispozitiv utiliz\u00e2nd urm\u0103toarele tehnologii:<br \/>Podrobnosti<br \/>- \"Fi\u0219ierele jurnal\" urm\u0103resc ac\u021biunile care au loc pe Site \u0219i colecteaz\u0103 date, inclusiv adresa dvs. IP, tipul de browser, furnizorul de servicii Internet, paginile de trimitere\/ie\u0219ire \u0219i \u0219tampilele de dat\u0103\/timp.<br \/>- \"Web beacons\", \"tag-uri\" \u0219i \"pixeli\" sunt fi\u0219iere electronice utilizate pentru a \u00eenregistra informa\u021bii despre modul \u00een care naviga\u021bi pe Site.<\/p>\n<p>\u00cen plus, atunci c\u00e2nd face\u021bi o achizi\u021bie sau \u00eencerca\u021bi s\u0103 face\u021bi o achizi\u021bie prin intermediul site-ului, colect\u0103m anumite informa\u021bii de la dvs., inclusiv numele, adresa de facturare, adresa de expediere, informa\u021biile de plat\u0103, adresa de e-mail \u0219i num\u0103rul de telefon. Ne referim la aceste informa\u021bii ca la \"Informa\u021bii privind comanda\".<\/p>\n<p>C\u00e2nd vorbim despre \"Informa\u021bii personale\" \u00een aceast\u0103 Politic\u0103 de confiden\u021bialitate, ne referim at\u00e2t la Informa\u021bii despre dispozitiv, c\u00e2t \u0219i la Informa\u021bii despre comand\u0103.<\/p>\n<p><span style=\"color: #002b5b;\"><strong>CUM FOLOSIM INFORMA\u021aIILE DVS. PERSONALE?<\/strong><\/span><\/p>\n<p>Utiliz\u0103m informa\u021biile privind comenzile pe care le colect\u0103m \u00een general pentru a \u00eendeplini orice comand\u0103 plasat\u0103 prin intermediul Site-ului (inclusiv procesarea informa\u021biilor de plat\u0103, aranjarea expedierii \u0219i furnizarea de facturi \u0219i\/sau confirm\u0103ri de comand\u0103). \u00cen plus, utiliz\u0103m aceste informa\u021bii privind comenzile pentru:<br \/>- Comunic\u0103 cu dumneavoastr\u0103;<br \/>- analizeaz\u0103 comenzile noastre pentru a depista eventualele riscuri sau fraude; <br \/>- Atunci c\u00e2nd este \u00een conformitate cu preferin\u021bele pe care ni le-a\u021bi \u00eemp\u0103rt\u0103\u0219it, s\u0103 v\u0103 furniz\u0103m informa\u021bii sau publicitate referitoare la produsele sau serviciile noastre.<\/p>\n<p>Utiliz\u0103m informa\u021biile despre dispozitiv pe care le colect\u0103m pentru a ne ajuta s\u0103 depist\u0103m riscuri \u0219i fraude poten\u021biale (\u00een special, adresa dvs. IP) \u0219i, \u00een general, pentru a \u00eembun\u0103t\u0103\u021bi \u0219i optimiza site-ul nostru (de exemplu, prin generarea de analize privind modul \u00een care clien\u021bii no\u0219tri navigheaz\u0103 \u0219i interac\u021bioneaz\u0103 cu site-ul \u0219i pentru a evalua succesul campaniilor noastre de marketing \u0219i publicitate).<\/p>\n<p><span style=\"color: #002b5b;\"><strong>PARTAJAREA INFORMA\u021aIILOR DVS. PERSONALE<\/strong><\/span><\/p>\n<p>\u00cemp\u0103rt\u0103\u0219im informa\u021biile dvs. personale cu ter\u021bi pentru a ne ajuta s\u0103 utiliz\u0103m informa\u021biile dvs. personale, a\u0219a cum este descris mai sus. <br \/>Utiliz\u0103m Google Analytics pentru a ne ajuta s\u0103 \u00een\u021belegem modul \u00een care clien\u021bii no\u0219tri utilizeaz\u0103 site-ul - pute\u021bi citi mai multe despre modul \u00een care Google utilizeaz\u0103 informa\u021biile dvs. personale aici: https:\/\/www.google.com\/intl\/en\/policies\/privacy\/. De asemenea, pute\u021bi renun\u021ba la Google Analytics aici: https:\/\/tools.google.com\/dlpage\/gaoptout\/.<\/p>\n<p>\u00cen cele din urm\u0103, putem, de asemenea, s\u0103 \u00eemp\u0103rt\u0103\u0219im informa\u021biile dvs. personale pentru a respecta legile \u0219i reglement\u0103rile aplicabile, pentru a r\u0103spunde unei cita\u021bii, unui mandat de perchezi\u021bie sau altor solicit\u0103ri legale de informa\u021bii pe care le primim sau pentru a ne proteja \u00een alt mod drepturile.<\/p>\n<p><span style=\"color: #002b5b;\"><strong>NU URM\u0102RI\u021aI<\/strong><\/span><\/p>\n<p>V\u0103 rug\u0103m s\u0103 re\u021bine\u021bi c\u0103 nu modific\u0103m practicile de colectare \u0219i utilizare a datelor de pe site-ul nostru atunci c\u00e2nd vedem un semnal Do Not Track din browserul dumneavoastr\u0103.<\/p>\n<p><span style=\"color: #002b5b;\"><strong>DREPTURILE DUMNEAVOASTR\u0102<\/strong><\/span><\/p>\n<p>Dac\u0103 sunte\u021bi rezident european, ave\u021bi dreptul de a accesa informa\u021biile personale pe care le de\u021binem despre dvs. \u0219i de a solicita corectarea, actualizarea sau \u0219tergerea informa\u021biilor dvs. personale. Dac\u0103 dori\u021bi s\u0103 v\u0103 exercita\u021bi acest drept, v\u0103 rug\u0103m s\u0103 ne contacta\u021bi prin intermediul informa\u021biilor de contact de mai jos.<\/p>\n<p>\u00cen plus, dac\u0103 sunte\u021bi rezident european, men\u021bion\u0103m c\u0103 prelucr\u0103m informa\u021biile dvs. pentru a \u00eendeplini contractele pe care le-am putea avea cu dvs. (de exemplu, dac\u0103 face\u021bi o comand\u0103 prin intermediul Site-ului) sau pentru a urm\u0103ri interesele noastre comerciale legitime enumerate mai sus. \u00cen plus, v\u0103 rug\u0103m s\u0103 re\u021bine\u021bi c\u0103 informa\u021biile dumneavoastr\u0103 vor fi transferate \u00een afara Europei, inclusiv \u00een Canada \u0219i Statele Unite.<\/p>\n<p><span style=\"color: #002b5b;\"><strong>RETEN\u021aIA DATELOR<\/strong><\/span><\/p>\n<p>Atunci c\u00e2nd plasa\u021bi o comand\u0103 prin intermediul Site-ului, vom p\u0103stra informa\u021biile privind comanda dvs. \u00een eviden\u021bele noastre, cu excep\u021bia cazului \u00een care \u0219i p\u00e2n\u0103 c\u00e2nd ne solicita\u021bi s\u0103 \u0219tergem aceste informa\u021bii.<\/p>\n<p><span style=\"color: #002b5b;\"><strong>MODIFIC\u0102RI<\/strong><\/span><\/p>\n<p>Putem actualiza periodic aceast\u0103 politic\u0103 de confiden\u021bialitate pentru a reflecta, de exemplu, modific\u0103ri ale practicilor noastre sau din alte motive opera\u021bionale, juridice sau de reglementare.<\/p>\n<p><span style=\"color: #002b5b;\"><strong>MINORI<\/strong><\/span><\/p>\n<p>Site-ul nu este destinat persoanelor sub v\u00e2rsta de 18 ani.<\/p>\n<p><span style=\"color: #002b5b;\"><strong>CONTACTA\u021aI-NE<\/strong><\/span><\/p>\n<p>Pentru mai multe informa\u021bii despre practicile noastre de confiden\u021bialitate, dac\u0103 ave\u021bi \u00eentreb\u0103ri sau dac\u0103 dori\u021bi s\u0103 face\u021bi o pl\u00e2ngere, v\u0103 rug\u0103m s\u0103 ne contacta\u021bi.<\/p>\t\t\t\t\t\t\t\t<\/div>\n\t\t\t\t<\/div>\n\t\t\t\t\t<\/div>\n\t\t\t\t<\/div>\n\t\t\t\t<\/div>","protected":false},"excerpt":{"rendered":"<p>Aceast\u0103 politic\u0103 de confiden\u021bialitate descrie modul \u00een care informa\u021biile dvs. personale sunt colectate, utilizate \u0219i partajate atunci c\u00e2nd vizita\u021bi sau face\u021bi o achizi\u021bie [...]<\/p>","protected":false},"author":1,"featured_media":0,"parent":0,"menu_order":111,"comment_status":"closed","ping_status":"closed","template":"","meta":{"_acf_changed":false,"site-sidebar-layout":"default","site-content-layout":"","ast-site-content-layout":"default","site-content-style":"default","site-sidebar-style":"default","ast-global-header-display":"","ast-banner-title-visibility":"","ast-main-header-display":"","ast-hfb-above-header-display":"","ast-hfb-below-header-display":"","ast-hfb-mobile-header-display":"","site-post-title":"","ast-breadcrumbs-content":"","ast-featured-img":"","footer-sml-layout":"","ast-disable-related-posts":"","theme-transparent-header-meta":"","adv-header-id-meta":"","stick-header-meta":"","header-above-stick-meta":"","header-main-stick-meta":"","header-below-stick-meta":"","astra-migrate-meta-layouts":"default","ast-page-background-enabled":"default","ast-page-background-meta":{"desktop":{"background-color":"var(--ast-global-color-5)","background-image":"","background-repeat":"repeat","background-position":"center center","background-size":"auto","background-attachment":"scroll","background-type":"","background-media":"","overlay-type":"","overlay-color":"","overlay-opacity":"","overlay-gradient":""},"tablet":{"background-color":"","background-image":"","background-repeat":"repeat","background-position":"center center","background-size":"auto","background-attachment":"scroll","background-type":"","background-media":"","overlay-type":"","overlay-color":"","overlay-opacity":"","overlay-gradient":""},"mobile":{"background-color":"","background-image":"","background-repeat":"repeat","background-position":"center center","background-size":"auto","background-attachment":"scroll","background-type":"","background-media":"","overlay-type":"","overlay-color":"","overlay-opacity":"","overlay-gradient":""}},"ast-content-background-meta":{"desktop":{"background-color":"var(--ast-global-color-4)","background-image":"","background-repeat":"repeat","background-position":"center center","background-size":"auto","background-attachment":"scroll","background-type":"","background-media":"","overlay-type":"","overlay-color":"","overlay-opacity":"","overlay-gradient":""},"tablet":{"background-color":"var(--ast-global-color-4)","background-image":"","background-repeat":"repeat","background-position":"center center","background-size":"auto","background-attachment":"scroll","background-type":"","background-media":"","overlay-type":"","overlay-color":"","overlay-opacity":"","overlay-gradient":""},"mobile":{"background-color":"var(--ast-global-color-4)","background-image":"","background-repeat":"repeat","background-position":"center center","background-size":"auto","background-attachment":"scroll","background-type":"","background-media":"","overlay-type":"","overlay-color":"","overlay-opacity":"","overlay-gradient":""}},"footnotes":""},"class_list":["post-3","page","type-page","status-publish","hentry"],"acf":[],"jetpack_sharing_enabled":true,"_links":{"self":[{"href":"https:\/\/theperfumebottles.com\/ro\/wp-json\/wp\/v2\/pages\/3","targetHints":{"allow":["GET"]}}],"collection":[{"href":"https:\/\/theperfumebottles.com\/ro\/wp-json\/wp\/v2\/pages"}],"about":[{"href":"https:\/\/theperfumebottles.com\/ro\/wp-json\/wp\/v2\/types\/page"}],"author":[{"embeddable":true,"href":"https:\/\/theperfumebottles.com\/ro\/wp-json\/wp\/v2\/users\/1"}],"replies":[{"embeddable":true,"href":"https:\/\/theperfumebottles.com\/ro\/wp-json\/wp\/v2\/comments?post=3"}],"version-history":[{"count":5,"href":"https:\/\/theperfumebottles.com\/ro\/wp-json\/wp\/v2\/pages\/3\/revisions"}],"predecessor-version":[{"id":2216,"href":"https:\/\/theperfumebottles.com\/ro\/wp-json\/wp\/v2\/pages\/3\/revisions\/2216"}],"wp:attachment":[{"href":"https:\/\/theperfumebottles.com\/ro\/wp-json\/wp\/v2\/media?parent=3"}],"curies":[{"name":"wp","href":"https:\/\/api.w.org\/{rel}","templated":true}]}}