{"id":1698,"date":"2025-01-20T09:14:51","date_gmt":"2025-01-20T09:14:51","guid":{"rendered":"https:\/\/theperfumebottles.com\/?post_type=product&#038;p=1698"},"modified":"2025-05-30T13:11:05","modified_gmt":"2025-05-30T05:11:05","slug":"customizable-glass-perfume-bottles","status":"publish","type":"product","link":"https:\/\/theperfumebottles.com\/ro\/produs\/customizable-glass-perfume-bottles\/","title":{"rendered":"Sticle de parfum din sticl\u0103 plat\u0103 de 30 ml, 50 ml, 100 ml"},"content":{"rendered":"<p>Aceast\u0103 sticl\u0103 de parfum din sticl\u0103 plat\u0103 este \u00eenalt\u0103 c\u00e2t o cl\u0103dire modern\u0103, dar col\u021burile sale rotunjite ascund un farmec clasic. Cele trei capacit\u0103\u021bi de 30\/50\/100 ml variaz\u0103 de la bagaj de m\u00e2n\u0103 la cutie cadou, satisf\u0103c\u00e2nd nevoile mai multor scenarii. Cristalul \u00eengro\u0219at de 3,5 mm este ca lumina lunii solidificat\u0103, f\u0103c\u00e2nd ca culoarea parfumului s\u0103 par\u0103 o oper\u0103 de art\u0103. Op\u021biunile de personalizare, cum ar fi serigrafia, glazurarea \u0219i pulverizarea culorii, permit pove\u0219tii m\u0103rcii s\u0103 str\u0103luceasc\u0103 exclusiv pe sticl\u0103. Designul patentat al capului pompei permite pulverizarea precis\u0103 \u0219i, fie c\u0103 este pentru uz personal sau ca un cadou, aduce o senza\u021bie de ceremonie de despachetare la nivel de muzeu - nu este doar un recipient ideal pentru parfumuri de \u00eenalt\u0103 calitate, ci \u0219i o adnotare perfect\u0103 a esteticii vie\u021bii urbane.<\/p>\n<h2>Specifica\u021bii cheie ale sticlelor noastre de parfum din sticl\u0103 plat\u0103<\/h2>\n<table style=\"border-collapse: collapse;margin-left: auto;margin-right: auto;width: 527.27pt\" border=\"0\" width=\"703\" cellspacing=\"0\" cellpadding=\"0\">\n<tbody>\n<tr style=\"height: 13.50pt\">\n<td class=\"et2\" style=\"height: 13.50pt;width: 165.75pt\" width=\"221\" height=\"18\">Model<\/td>\n<td class=\"et2\" style=\"width: 115.50pt\" width=\"154\">PB-BF1701<\/td>\n<td class=\"et2\" style=\"width: 116.25pt\" width=\"155\">PB-BF1702<\/td>\n<td class=\"et2\" style=\"width: 129.75pt\" width=\"173\">PB-BF1703<\/td>\n<\/tr>\n<tr style=\"height: 13.50pt\">\n<td class=\"et2\" style=\"height: 13.50pt\" height=\"18\">Capacitate<\/td>\n<td class=\"et5\">30 ml<\/td>\n<td class=\"et5\">50 ml<\/td>\n<td class=\"et5\">100 ml<\/td>\n<\/tr>\n<tr style=\"height: 13.50pt\">\n<td class=\"et2\" style=\"height: 13.50pt\" height=\"18\">Calibru<\/td>\n<td class=\"et5\">15 mm<\/td>\n<td class=\"et5\">15 mm<\/td>\n<td class=\"et5\">15 mm<\/td>\n<\/tr>\n<tr style=\"height: 13.50pt\">\n<td class=\"et2\" style=\"height: 13.50pt\" height=\"18\">Dimensiunea sticlei\/mm<\/td>\n<td class=\"et5\">52*28*63<\/td>\n<td class=\"et5\">61*29*72<\/td>\n<td class=\"et5\">81*35*89<\/td>\n<\/tr>\n<tr style=\"height: 13.50pt\">\n<td class=\"et2\" style=\"height: 13.50pt\" height=\"18\">Culoare<\/td>\n<td class=\"et5\" colspan=\"3\">Transparent<\/td>\n<\/tr>\n<tr style=\"height: 13.50pt\">\n<td class=\"et2\" style=\"height: 13.50pt\" height=\"18\">Form\u0103<\/td>\n<td class=\"et5\" colspan=\"3\">Dreptunghi cu col\u021buri rotunjite<\/td>\n<\/tr>\n<tr style=\"height: 13.50pt\">\n<td class=\"et2\" style=\"height: 13.50pt\" height=\"18\">Tratament de suprafa\u021b\u0103<\/td>\n<td class=\"et5\" colspan=\"3\">Gravur\u0103 pe lateralele corpului de sticl\u0103 \u0219i ale capacului<\/td>\n<\/tr>\n<tr style=\"height: 13.50pt\">\n<td class=\"et2\" style=\"height: 13.50pt\" height=\"18\">Material<\/td>\n<td class=\"et5\" colspan=\"3\">Sticl\u0103 de cristal \u00eenalt<\/td>\n<\/tr>\n<\/tbody>\n<\/table>\n<p>Colabora\u021bi cu noi pentru sticle de parfum din sticl\u0103 de \u00eenalt\u0103 calitate, solu\u021bii personalizabile de ambalare a parfumurilor.<\/p>","protected":false},"excerpt":{"rendered":"<p>Sticlele noastre de parfum din sticl\u0103 plat\u0103 ofer\u0103 o combina\u021bie rafinat\u0103 de sofisticare, func\u021bionalitate \u0219i stil. Concepute pentru industria cosmetic\u0103, aceste sticle din sticl\u0103 cristalin\u0103 de \u00eenalt\u0103 calitate sunt perfecte pentru a g\u0103zdui parfumurile premium. Disponibile \u00een dimensiuni de 30 ml, 50 ml \u0219i 100 ml, acestea ofer\u0103 o solu\u021bie versatil\u0103 de ambalare pentru parfumuri \u0219i alte produse lichide de \u00eenalt\u0103 calitate.<\/p>","protected":false},"featured_media":2265,"comment_status":"open","ping_status":"closed","template":"","meta":{"_acf_changed":false,"site-sidebar-layout":"default","site-content-layout":"","ast-site-content-layout":"default","site-content-style":"default","site-sidebar-style":"default","ast-global-header-display":"","ast-banner-title-visibility":"","ast-main-header-display":"","ast-hfb-above-header-display":"","ast-hfb-below-header-display":"","ast-hfb-mobile-header-display":"","site-post-title":"","ast-breadcrumbs-content":"","ast-featured-img":"","footer-sml-layout":"","ast-disable-related-posts":"","theme-transparent-header-meta":"default","adv-header-id-meta":"","stick-header-meta":"","header-above-stick-meta":"","header-main-stick-meta":"","header-below-stick-meta":"","astra-migrate-meta-layouts":"set","ast-page-background-enabled":"default","ast-page-background-meta":{"desktop":{"background-color":"var(--ast-global-color-5)","background-image":"","background-repeat":"repeat","background-position":"center center","background-size":"auto","background-attachment":"scroll","background-type":"","background-media":"","overlay-type":"","overlay-color":"","overlay-opacity":"","overlay-gradient":""},"tablet":{"background-color":"","background-image":"","background-repeat":"repeat","background-position":"center center","background-size":"auto","background-attachment":"scroll","background-type":"","background-media":"","overlay-type":"","overlay-color":"","overlay-opacity":"","overlay-gradient":""},"mobile":{"background-color":"","background-image":"","background-repeat":"repeat","background-position":"center center","background-size":"auto","background-attachment":"scroll","background-type":"","background-media":"","overlay-type":"","overlay-color":"","overlay-opacity":"","overlay-gradient":""}},"ast-content-background-meta":{"desktop":{"background-color":"var(--ast-global-color-4)","background-image":"","background-repeat":"repeat","background-position":"center center","background-size":"auto","background-attachment":"scroll","background-type":"","background-media":"","overlay-type":"","overlay-color":"","overlay-opacity":"","overlay-gradient":""},"tablet":{"background-color":"var(--ast-global-color-4)","background-image":"","background-repeat":"repeat","background-position":"center center","background-size":"auto","background-attachment":"scroll","background-type":"","background-media":"","overlay-type":"","overlay-color":"","overlay-opacity":"","overlay-gradient":""},"mobile":{"background-color":"var(--ast-global-color-4)","background-image":"","background-repeat":"repeat","background-position":"center center","background-size":"auto","background-attachment":"scroll","background-type":"","background-media":"","overlay-type":"","overlay-color":"","overlay-opacity":"","overlay-gradient":""}}},"product_brand":[],"product_cat":[41,72,91],"product_tag":[50,49],"class_list":{"0":"post-1698","1":"product","2":"type-product","3":"status-publish","4":"has-post-thumbnail","6":"product_cat-perfume-bottles","7":"product_cat-cosmetic-packaging","8":"product_cat-custom-perfume-bottles","9":"product_tag-glass-perfume-bottles","10":"product_tag-perfume-bottles","11":"desktop-align-left","12":"tablet-align-left","13":"mobile-align-left","15":"first","16":"instock","17":"shipping-taxable","18":"product-type-simple"},"acf":[],"jetpack_sharing_enabled":true,"_links":{"self":[{"href":"https:\/\/theperfumebottles.com\/ro\/wp-json\/wp\/v2\/product\/1698","targetHints":{"allow":["GET"]}}],"collection":[{"href":"https:\/\/theperfumebottles.com\/ro\/wp-json\/wp\/v2\/product"}],"about":[{"href":"https:\/\/theperfumebottles.com\/ro\/wp-json\/wp\/v2\/types\/product"}],"replies":[{"embeddable":true,"href":"https:\/\/theperfumebottles.com\/ro\/wp-json\/wp\/v2\/comments?post=1698"}],"wp:featuredmedia":[{"embeddable":true,"href":"https:\/\/theperfumebottles.com\/ro\/wp-json\/wp\/v2\/media\/2265"}],"wp:attachment":[{"href":"https:\/\/theperfumebottles.com\/ro\/wp-json\/wp\/v2\/media?parent=1698"}],"wp:term":[{"taxonomy":"product_brand","embeddable":true,"href":"https:\/\/theperfumebottles.com\/ro\/wp-json\/wp\/v2\/product_brand?post=1698"},{"taxonomy":"product_cat","embeddable":true,"href":"https:\/\/theperfumebottles.com\/ro\/wp-json\/wp\/v2\/product_cat?post=1698"},{"taxonomy":"product_tag","embeddable":true,"href":"https:\/\/theperfumebottles.com\/ro\/wp-json\/wp\/v2\/product_tag?post=1698"}],"curies":[{"name":"wp","href":"https:\/\/api.w.org\/{rel}","templated":true}]}}