{"id":1734,"date":"2025-02-06T07:16:21","date_gmt":"2025-02-06T07:16:21","guid":{"rendered":"https:\/\/theperfumebottles.com\/?post_type=product&#038;p=1734"},"modified":"2025-04-15T08:12:10","modified_gmt":"2025-04-15T08:12:10","slug":"30ml-pink-small-perfume-bottles-wholesale","status":"publish","type":"product","link":"https:\/\/theperfumebottles.com\/ro\/produs\/30ml-pink-small-perfume-bottles-wholesale\/","title":{"rendered":"Sticlu\u021be mici de parfum roz de 30 ml, en-gros"},"content":{"rendered":"<p>Sticlele noastre mici de parfum sunt concepute pentru a v\u0103 \u00eembun\u0103t\u0103\u021bi ambalarea parfumurilor cu stilul lor unic \u0219i sofisticat. Cu o form\u0103 de prism\u0103 p\u0103trat\u0103, col\u021buri rotunjite \u0219i o baz\u0103 inelar\u0103 unic\u0103, aceste sticle mici de parfum aduc at\u00e2t stil, c\u00e2t \u0219i stabilitate. Sticlele de parfum au un corp din sticl\u0103 transparent\u0103 cu un capac cu bil\u0103 roz moale, Ideal pentru parfumuri high-end, colonii sau parfumuri de c\u0103l\u0103torie, ad\u0103ug\u00e2nd o not\u0103 de lux la orice linie de parfumuri.<\/p>\n<h2><span style=\"font-size: 22px; font-family: 'times new roman', times, serif;\">Specifica\u021bii cheie ale sticlelor noastre mici de parfum<\/span><\/h2>\n<table style=\"border-collapse: collapse; margin-left: auto; margin-right: auto; width: 363.02pt;\" border=\"0\" width=\"484\" cellspacing=\"0\" cellpadding=\"0\">\n<tbody>\n<tr style=\"height: 20.00pt;\">\n<td class=\"et2\" style=\"height: 20.00pt; width: 161.25pt;\" width=\"215\" height=\"26\">Num\u0103r de model<\/td>\n<td class=\"et2\" style=\"width: 201.75pt;\" width=\"269\">PB-YX09<\/td>\n<\/tr>\n<tr style=\"height: 20.00pt;\">\n<td class=\"et2\" style=\"height: 20.00pt; width: 161.25pt;\" width=\"215\" height=\"26\">Capacitate<\/td>\n<td class=\"et2\" style=\"width: 201.75pt;\" width=\"269\">30 ml<\/td>\n<\/tr>\n<tr style=\"height: 20.00pt;\">\n<td class=\"et2\" style=\"height: 20.00pt; width: 161.25pt;\" width=\"215\" height=\"26\">Calibru<\/td>\n<td class=\"et2\" style=\"width: 201.75pt;\" width=\"269\">15 mm<\/td>\n<\/tr>\n<tr style=\"height: 20.00pt;\">\n<td class=\"et2\" style=\"height: 20.00pt; width: 161.25pt;\" width=\"215\" height=\"26\">Dimensiunea sticlei<\/td>\n<td>40*40*48 mm<\/td>\n<\/tr>\n<tr style=\"height: 20.00pt;\">\n<td class=\"et2\" style=\"height: 20.00pt; width: 161.25pt;\" width=\"215\" height=\"26\">Culoare<\/td>\n<td class=\"et2\" style=\"width: 201.75pt;\" width=\"269\">Transparent cu capac de minge roz<\/td>\n<\/tr>\n<tr style=\"height: 20.00pt;\">\n<td class=\"et2\" style=\"height: 20.00pt; width: 161.25pt;\" width=\"215\" height=\"26\">Material<\/td>\n<td class=\"et2\" style=\"width: 201.75pt;\" width=\"269\">Sticl\u0103 cristalin\u0103 de \u00eenalt\u0103 calitate<\/td>\n<\/tr>\n<tr style=\"height: 20.00pt;\">\n<td class=\"et2\" style=\"height: 20.00pt; width: 161.25pt;\" width=\"215\" height=\"26\">Tip de etan\u0219are<\/td>\n<td class=\"et2\" style=\"width: 201.75pt;\" width=\"269\">Pulverizator cu pomp\u0103 + capac cu bil\u0103<\/td>\n<\/tr>\n<\/tbody>\n<\/table>\n<h3>Aplica\u021bii<\/h3>\n<p>Aceste sticlu\u021be mici de parfum sunt ideale pentru brandurile de parfumuri de lux, magazinele boutique sau colec\u021biile de parfumuri de c\u0103l\u0103torie. Cu o capacitate de 30 ml, acestea sunt perfecte pentru a oferi mostre, cadouri sau sticlu\u021be de parfum compacte pentru clien\u021bii afla\u021bi \u00een mi\u0219care. Fie c\u0103 sunte\u021bi proprietar de marc\u0103 sau angrosist, aceste flacoane sunt concepute pentru a satisface nevoile v\u00e2nz\u0103rilor cu am\u0103nuntul \u0219i directe c\u0103tre consumatori.<\/p>\n<p>Sunte\u021bi gata s\u0103 v\u0103 \u00eembun\u0103t\u0103\u021bi\u021bi ambalajul parfumurilor? Contacta\u021bi-ne ast\u0103zi pentru a plasa o comand\u0103 sau pentru a solicita informa\u021bii despre op\u021biunile de personalizare pentru marca dvs. de parfum.<\/p>","protected":false},"excerpt":{"rendered":"<p>Sticlele noastre mici de parfum sunt concepute pentru a ridica ambalajul parfumului dvs. cu stilul lor unic \u0219i sofisticat.<\/p>","protected":false},"featured_media":2342,"comment_status":"open","ping_status":"closed","template":"","meta":{"_acf_changed":false,"site-sidebar-layout":"default","site-content-layout":"","ast-site-content-layout":"default","site-content-style":"default","site-sidebar-style":"default","ast-global-header-display":"","ast-banner-title-visibility":"","ast-main-header-display":"","ast-hfb-above-header-display":"","ast-hfb-below-header-display":"","ast-hfb-mobile-header-display":"","site-post-title":"","ast-breadcrumbs-content":"","ast-featured-img":"","footer-sml-layout":"","ast-disable-related-posts":"","theme-transparent-header-meta":"default","adv-header-id-meta":"","stick-header-meta":"","header-above-stick-meta":"","header-main-stick-meta":"","header-below-stick-meta":"","astra-migrate-meta-layouts":"set","ast-page-background-enabled":"default","ast-page-background-meta":{"desktop":{"background-color":"var(--ast-global-color-5)","background-image":"","background-repeat":"repeat","background-position":"center center","background-size":"auto","background-attachment":"scroll","background-type":"","background-media":"","overlay-type":"","overlay-color":"","overlay-opacity":"","overlay-gradient":""},"tablet":{"background-color":"","background-image":"","background-repeat":"repeat","background-position":"center center","background-size":"auto","background-attachment":"scroll","background-type":"","background-media":"","overlay-type":"","overlay-color":"","overlay-opacity":"","overlay-gradient":""},"mobile":{"background-color":"","background-image":"","background-repeat":"repeat","background-position":"center center","background-size":"auto","background-attachment":"scroll","background-type":"","background-media":"","overlay-type":"","overlay-color":"","overlay-opacity":"","overlay-gradient":""}},"ast-content-background-meta":{"desktop":{"background-color":"var(--ast-global-color-4)","background-image":"","background-repeat":"repeat","background-position":"center center","background-size":"auto","background-attachment":"scroll","background-type":"","background-media":"","overlay-type":"","overlay-color":"","overlay-opacity":"","overlay-gradient":""},"tablet":{"background-color":"var(--ast-global-color-4)","background-image":"","background-repeat":"repeat","background-position":"center center","background-size":"auto","background-attachment":"scroll","background-type":"","background-media":"","overlay-type":"","overlay-color":"","overlay-opacity":"","overlay-gradient":""},"mobile":{"background-color":"var(--ast-global-color-4)","background-image":"","background-repeat":"repeat","background-position":"center center","background-size":"auto","background-attachment":"scroll","background-type":"","background-media":"","overlay-type":"","overlay-color":"","overlay-opacity":"","overlay-gradient":""}}},"product_brand":[],"product_cat":[74,72,91,41],"product_tag":[77,76,78],"class_list":{"0":"post-1734","1":"product","2":"type-product","3":"status-publish","4":"has-post-thumbnail","6":"product_cat-mini-perfume-bottles","7":"product_cat-cosmetic-packaging","8":"product_cat-custom-perfume-bottles","9":"product_cat-perfume-bottles","10":"product_tag-pink-perfume-bottles","11":"product_tag-small-perfume-bottles","12":"product_tag-tiny-perfume-bottles","13":"desktop-align-left","14":"tablet-align-left","15":"mobile-align-left","17":"first","18":"instock","19":"shipping-taxable","20":"product-type-simple"},"acf":[],"jetpack_sharing_enabled":true,"_links":{"self":[{"href":"https:\/\/theperfumebottles.com\/ro\/wp-json\/wp\/v2\/product\/1734","targetHints":{"allow":["GET"]}}],"collection":[{"href":"https:\/\/theperfumebottles.com\/ro\/wp-json\/wp\/v2\/product"}],"about":[{"href":"https:\/\/theperfumebottles.com\/ro\/wp-json\/wp\/v2\/types\/product"}],"replies":[{"embeddable":true,"href":"https:\/\/theperfumebottles.com\/ro\/wp-json\/wp\/v2\/comments?post=1734"}],"wp:featuredmedia":[{"embeddable":true,"href":"https:\/\/theperfumebottles.com\/ro\/wp-json\/wp\/v2\/media\/2342"}],"wp:attachment":[{"href":"https:\/\/theperfumebottles.com\/ro\/wp-json\/wp\/v2\/media?parent=1734"}],"wp:term":[{"taxonomy":"product_brand","embeddable":true,"href":"https:\/\/theperfumebottles.com\/ro\/wp-json\/wp\/v2\/product_brand?post=1734"},{"taxonomy":"product_cat","embeddable":true,"href":"https:\/\/theperfumebottles.com\/ro\/wp-json\/wp\/v2\/product_cat?post=1734"},{"taxonomy":"product_tag","embeddable":true,"href":"https:\/\/theperfumebottles.com\/ro\/wp-json\/wp\/v2\/product_tag?post=1734"}],"curies":[{"name":"wp","href":"https:\/\/api.w.org\/{rel}","templated":true}]}}