{"id":1827,"date":"2025-02-10T09:15:47","date_gmt":"2025-02-10T09:15:47","guid":{"rendered":"https:\/\/theperfumebottles.com\/?post_type=product&#038;p=1827"},"modified":"2025-05-29T13:08:36","modified_gmt":"2025-05-29T05:08:36","slug":"100ml-personalized-cologne-bottle","status":"publish","type":"product","link":"https:\/\/theperfumebottles.com\/ro\/produs\/100ml-personalized-cologne-bottle\/","title":{"rendered":"Sticl\u0103 de colonie personalizat\u0103 de 100 ml cu dop argintiu"},"content":{"rendered":"<p>V\u0103 prezent\u0103m o sticl\u0103 de parfum personalizat\u0103 de 100 ml (3,4 oz), care este at\u00e2t elegant\u0103, c\u00e2t \u0219i practic\u0103. Acest flacon de parfum pentru b\u0103rba\u021bi este inspirat de un dreptunghi \u00eengrijit, cu linii elegante te\u0219ite, iar coliziunea dintre negru \u0219i transparent arat\u0103 un farmec atemporal. Exist\u0103 dou\u0103 culori din care pute\u021bi alege: negru calm \u0219i cristal transparent, iar capacul argintiu al sticlei este la fel de ascu\u021bit ca col\u021burile cl\u0103dirii. Corpul bizotat al sticlei str\u0103luce\u0219te sub lumin\u0103, modelul negru arat\u0103 un comportament de gentleman, iar modelul de cristal este la fel de clar ca chihlimbarul. Fiecare parte este o art\u0103 vizual\u0103.<\/p>\n<h2>Specifica\u021bii cheie ale sticlei personalizate de colonie<\/h2>\n<table style=\"border-collapse: collapse;margin-left: auto;margin-right: auto;width: 327.77pt\" border=\"0\" width=\"437\" cellspacing=\"0\" cellpadding=\"0\">\n<tbody>\n<tr style=\"height: 18.00pt\">\n<td class=\"et2\" style=\"height: 18.00pt;width: 114.00pt\" width=\"152\" height=\"24\">Num\u0103r de model<\/td>\n<td class=\"et2\" style=\"width: 213.75pt\" width=\"285\">PB-BF03<\/td>\n<\/tr>\n<tr style=\"height: 18.00pt\">\n<td class=\"et2\" style=\"height: 18.00pt;width: 114.00pt\" width=\"152\" height=\"24\">Capacitate<\/td>\n<td class=\"et2\" style=\"width: 213.75pt\" width=\"285\">100 ml<\/td>\n<\/tr>\n<tr style=\"height: 18.00pt\">\n<td class=\"et2\" style=\"height: 18.00pt;width: 114.00pt\" width=\"152\" height=\"24\">Calibru<\/td>\n<td class=\"et2\" style=\"width: 213.75pt\" width=\"285\">15 mm<\/td>\n<\/tr>\n<tr style=\"height: 18.00pt\">\n<td class=\"et2\" style=\"height: 18.00pt;width: 114.00pt\" width=\"152\" height=\"24\">Dimensiunea sticlei<\/td>\n<td class=\"et2\" style=\"width: 213.75pt\" width=\"285\">69mm * 32mm * 110mm<\/td>\n<\/tr>\n<tr style=\"height: 18.00pt\">\n<td class=\"et2\" style=\"height: 18.00pt;width: 114.00pt\" width=\"152\" height=\"24\">Culoare<\/td>\n<td class=\"et2\" style=\"width: 213.75pt\" width=\"285\">Transparent cu capac argintiu<\/td>\n<\/tr>\n<tr style=\"height: 18.00pt\">\n<td class=\"et2\" style=\"height: 18.00pt;width: 114.00pt\" width=\"152\" height=\"24\">Material<\/td>\n<td class=\"et2\" style=\"width: 213.75pt\" width=\"285\">Sticl\u0103 cristalin\u0103 de \u00eenalt\u0103 calitate<\/td>\n<\/tr>\n<tr style=\"height: 18.00pt\">\n<td class=\"et2\" style=\"height: 18.00pt;width: 114.00pt\" width=\"152\" height=\"24\">Tip de etan\u0219are<\/td>\n<td class=\"et2\" style=\"width: 213.75pt\" width=\"285\">Pulverizator cu pomp\u0103 + capac<\/td>\n<\/tr>\n<\/tbody>\n<\/table>\n<h2>Adaptarea complet\u0103 a scenei:<\/h2>\n<ul>\n<li><strong>Marca:<\/strong> Crea\u021bi o serie de parfumuri high-end pentru b\u0103rba\u021bi, sus\u021bine\u021bi gravarea cu laser a LOGO-ului + relieful 3D al sticlei<\/li>\n<li><strong>V\u00e2nz\u0103tor cu ridicata:<\/strong> Adapta\u021bi la canalele chimice zilnice \/ afi\u0219area magazinului duty-free, costul pe sticl\u0103 este 15% mai mic dec\u00e2t produsele similare<\/li>\n<li><strong>Personalizare privat\u0103:<\/strong> De la parfumuri tematice pentru nun\u021bi la colec\u021bii private, satisface\u021bi diverse nevoi<\/li>\n<\/ul>\n<p>L\u0103sa\u021bi aceast\u0103 sticl\u0103 de parfum care combin\u0103 frumuse\u021bea \u0219i caracterul practic s\u0103 injecteze o nou\u0103 vitalitate \u00een brandul dvs. Contacta\u021bi-ne acum pentru a ob\u021bine solu\u021bii exclusive de personalizare \u0219i pentru a deschide un nou capitol \u00een estetica parfumurilor dvs.!<\/p>","protected":false},"excerpt":{"rendered":"<p>\u00cei prezent\u0103m dumneavoastr\u0103 o sticl\u0103 de cologne personalizat\u0103 de 100 ml (3.4 oz) care este at\u00e2t elegant\u0103, c\u00e2t \u0219i practic\u0103. Aceast\u0103 sticl\u0103 de cologne pentru b\u0103rba\u021bi [\u2026]<\/p>","protected":false},"featured_media":2325,"comment_status":"open","ping_status":"closed","template":"","meta":{"_acf_changed":false,"site-sidebar-layout":"default","site-content-layout":"","ast-site-content-layout":"default","site-content-style":"default","site-sidebar-style":"default","ast-global-header-display":"","ast-banner-title-visibility":"","ast-main-header-display":"","ast-hfb-above-header-display":"","ast-hfb-below-header-display":"","ast-hfb-mobile-header-display":"","site-post-title":"","ast-breadcrumbs-content":"","ast-featured-img":"","footer-sml-layout":"","ast-disable-related-posts":"","theme-transparent-header-meta":"default","adv-header-id-meta":"","stick-header-meta":"","header-above-stick-meta":"","header-main-stick-meta":"","header-below-stick-meta":"","astra-migrate-meta-layouts":"set","ast-page-background-enabled":"default","ast-page-background-meta":{"desktop":{"background-color":"var(--ast-global-color-5)","background-image":"","background-repeat":"repeat","background-position":"center center","background-size":"auto","background-attachment":"scroll","background-type":"","background-media":"","overlay-type":"","overlay-color":"","overlay-opacity":"","overlay-gradient":""},"tablet":{"background-color":"","background-image":"","background-repeat":"repeat","background-position":"center center","background-size":"auto","background-attachment":"scroll","background-type":"","background-media":"","overlay-type":"","overlay-color":"","overlay-opacity":"","overlay-gradient":""},"mobile":{"background-color":"","background-image":"","background-repeat":"repeat","background-position":"center center","background-size":"auto","background-attachment":"scroll","background-type":"","background-media":"","overlay-type":"","overlay-color":"","overlay-opacity":"","overlay-gradient":""}},"ast-content-background-meta":{"desktop":{"background-color":"var(--ast-global-color-4)","background-image":"","background-repeat":"repeat","background-position":"center center","background-size":"auto","background-attachment":"scroll","background-type":"","background-media":"","overlay-type":"","overlay-color":"","overlay-opacity":"","overlay-gradient":""},"tablet":{"background-color":"var(--ast-global-color-4)","background-image":"","background-repeat":"repeat","background-position":"center center","background-size":"auto","background-attachment":"scroll","background-type":"","background-media":"","overlay-type":"","overlay-color":"","overlay-opacity":"","overlay-gradient":""},"mobile":{"background-color":"var(--ast-global-color-4)","background-image":"","background-repeat":"repeat","background-position":"center center","background-size":"auto","background-attachment":"scroll","background-type":"","background-media":"","overlay-type":"","overlay-color":"","overlay-opacity":"","overlay-gradient":""}}},"product_brand":[],"product_cat":[41,72],"product_tag":[],"class_list":{"0":"post-1827","1":"product","2":"type-product","3":"status-publish","4":"has-post-thumbnail","6":"product_cat-perfume-bottles","7":"product_cat-cosmetic-packaging","8":"desktop-align-left","9":"tablet-align-left","10":"mobile-align-left","12":"first","13":"instock","14":"shipping-taxable","15":"product-type-simple"},"acf":[],"jetpack_sharing_enabled":true,"_links":{"self":[{"href":"https:\/\/theperfumebottles.com\/ro\/wp-json\/wp\/v2\/product\/1827","targetHints":{"allow":["GET"]}}],"collection":[{"href":"https:\/\/theperfumebottles.com\/ro\/wp-json\/wp\/v2\/product"}],"about":[{"href":"https:\/\/theperfumebottles.com\/ro\/wp-json\/wp\/v2\/types\/product"}],"replies":[{"embeddable":true,"href":"https:\/\/theperfumebottles.com\/ro\/wp-json\/wp\/v2\/comments?post=1827"}],"wp:featuredmedia":[{"embeddable":true,"href":"https:\/\/theperfumebottles.com\/ro\/wp-json\/wp\/v2\/media\/2325"}],"wp:attachment":[{"href":"https:\/\/theperfumebottles.com\/ro\/wp-json\/wp\/v2\/media?parent=1827"}],"wp:term":[{"taxonomy":"product_brand","embeddable":true,"href":"https:\/\/theperfumebottles.com\/ro\/wp-json\/wp\/v2\/product_brand?post=1827"},{"taxonomy":"product_cat","embeddable":true,"href":"https:\/\/theperfumebottles.com\/ro\/wp-json\/wp\/v2\/product_cat?post=1827"},{"taxonomy":"product_tag","embeddable":true,"href":"https:\/\/theperfumebottles.com\/ro\/wp-json\/wp\/v2\/product_tag?post=1827"}],"curies":[{"name":"wp","href":"https:\/\/api.w.org\/{rel}","templated":true}]}}