{"id":1835,"date":"2025-02-12T08:36:19","date_gmt":"2025-02-12T08:36:19","guid":{"rendered":"https:\/\/theperfumebottles.com\/?post_type=product&#038;p=1835"},"modified":"2025-05-29T14:46:40","modified_gmt":"2025-05-29T06:46:40","slug":"20g-eco-friendly-cosmetic-jars","status":"publish","type":"product","link":"https:\/\/theperfumebottles.com\/ro\/produs\/20g-eco-friendly-cosmetic-jars\/","title":{"rendered":"Borcane cosmetice ecologice de 20 g"},"content":{"rendered":"<p>Acest borcan rotund din sticl\u0103 PB-GS20 este inspirat de capacitatea sa de 20 de grame, combin\u00e2nd perfect estetica simpl\u0103 cu concepte sustenabile. Sticla transparent\u0103 arat\u0103 adev\u0103rata culoare a produsului ca o fereastr\u0103. Fie c\u0103 este vorba de o crem\u0103 hidratant\u0103, o lo\u021biune u\u0219oar\u0103 sau o esen\u021b\u0103 luxoas\u0103, poate proteja activitatea ingredientelor cu o sticl\u0103 solid\u0103, ilumin\u00e2nd \u00een acela\u0219i timp m\u0103su\u021ba de toalet\u0103 cu o form\u0103 rotund\u0103 retro.<\/p>\n<h2>Specifica\u021bii cheie ale borcanelor cosmetice ecologice Thess<\/h2>\n<p>&nbsp;<\/p>\n<table style=\"border-collapse: collapse;margin-left: auto;margin-right: auto;width: 459.02pt\" border=\"0\" width=\"612\" cellspacing=\"0\" cellpadding=\"0\">\n<tbody>\n<tr style=\"height: 15.00pt\">\n<td style=\"height: 15.00pt;width: 122.25pt\" width=\"163\" height=\"20\">Num\u0103r de model<\/td>\n<td style=\"width: 336.75pt\" width=\"449\">PB-GS20<\/td>\n<\/tr>\n<tr style=\"height: 15.00pt\">\n<td style=\"height: 15.00pt\" height=\"20\">Con\u021binut net<\/td>\n<td>20g<\/td>\n<\/tr>\n<tr style=\"height: 15.00pt\">\n<td style=\"height: 15.00pt\" height=\"20\">Capac<\/td>\n<td>Capac filetat din plastic \u0219i capac interior<\/td>\n<\/tr>\n<tr style=\"height: 15.00pt\">\n<td style=\"height: 15.00pt\" height=\"20\">Form\u0103<\/td>\n<td>Rund\u0103<\/td>\n<\/tr>\n<tr style=\"height: 15.00pt\">\n<td style=\"height: 15.00pt\" height=\"20\">Utilizare<\/td>\n<td>Crem\u0103, produse cosmetice<\/td>\n<\/tr>\n<tr style=\"height: 15.00pt\">\n<td style=\"height: 15.00pt\" height=\"20\">Utilizare industrial\u0103<\/td>\n<td>Ambalaje cosmetice<\/td>\n<\/tr>\n<tr style=\"height: 15.00pt\">\n<td style=\"height: 15.00pt\" height=\"20\">Materialul gulerului<\/td>\n<td>Sticl\u0103<\/td>\n<\/tr>\n<tr style=\"height: 15.00pt\">\n<td style=\"height: 15.00pt\" height=\"20\">Tratament de suprafa\u021b\u0103<\/td>\n<td>Mat\u0103, Decal, Polonez\u0103, Vopsea, Spray de culoare etc.<\/td>\n<\/tr>\n<tr style=\"height: 15.00pt\">\n<td style=\"height: 15.00pt\" height=\"20\">Sigl\u0103<\/td>\n<td>Sigla clientului acceptabil\u0103<\/td>\n<\/tr>\n<tr style=\"height: 15.00pt\">\n<td style=\"height: 15.00pt\" height=\"20\">E\u015fantion<\/td>\n<td>Furnizat gratuit<\/td>\n<\/tr>\n<tr style=\"height: 15.00pt\">\n<td style=\"height: 15.00pt\" height=\"20\">Ambalare<\/td>\n<td>Personalizat Acceptabil<\/td>\n<\/tr>\n<tr style=\"height: 15.00pt\">\n<td style=\"height: 15.00pt\" height=\"20\">Culoare<\/td>\n<td>Culoare personalizat\u0103<\/td>\n<\/tr>\n<\/tbody>\n<\/table>\n<h2>Recipiente versatile, care satisfac nevoi multiple<\/h2>\n<p>Acest borcan de sticl\u0103 de 20 de grame este partenerul dumneavoastr\u0103 universal pentru ambalarea cosmeticelor \u2013 fie c\u0103 este vorba de creme hidratante, lo\u021biuni u\u0219oare sau esen\u021be cu concentra\u021bie mare, rujuri moi, poate proteja activitatea fiec\u0103rei pic\u0103turi de esen\u021b\u0103 cu ajutorul sticlei transparente. Pentru branduri, este un suport elegant pentru crearea de cutii cadou limitate; pentru angrosi\u0219ti, este o alegere ideal\u0103 pentru dezvoltarea de seturi tematice ecologice; iar clien\u021bii corporativi \u00eel pot folosi pentru a proiecta pachete de c\u0103l\u0103torie creative, astfel \u00eenc\u00e2t produsele s\u0103 poat\u0103 cuceri inimile clien\u021bilor \u00een timpul experien\u021bei.<\/p>\n<p>Discuta\u021bi acum cu echipa noastr\u0103 de design \u0219i l\u0103sa\u021bi acest borcan de sticl\u0103 frumos \u0219i sustenabil s\u0103 devin\u0103 cel mai bun povestitor din linia dumneavoastr\u0103 de produse!<\/p>","protected":false},"excerpt":{"rendered":"<p>Borcanul nostru cosmetic PB-GS20 este un borcan rotund din sticl\u0103, de 20 g, conceput av\u00e2nd \u00een vedere at\u00e2t elegan\u021ba, c\u00e2t \u0219i sustenabilitatea.<\/p>","protected":false},"featured_media":1836,"comment_status":"open","ping_status":"closed","template":"","meta":{"_acf_changed":false,"site-sidebar-layout":"default","site-content-layout":"","ast-site-content-layout":"default","site-content-style":"default","site-sidebar-style":"default","ast-global-header-display":"","ast-banner-title-visibility":"","ast-main-header-display":"","ast-hfb-above-header-display":"","ast-hfb-below-header-display":"","ast-hfb-mobile-header-display":"","site-post-title":"","ast-breadcrumbs-content":"","ast-featured-img":"","footer-sml-layout":"","ast-disable-related-posts":"","theme-transparent-header-meta":"default","adv-header-id-meta":"","stick-header-meta":"","header-above-stick-meta":"","header-main-stick-meta":"","header-below-stick-meta":"","astra-migrate-meta-layouts":"set","ast-page-background-enabled":"default","ast-page-background-meta":{"desktop":{"background-color":"var(--ast-global-color-5)","background-image":"","background-repeat":"repeat","background-position":"center center","background-size":"auto","background-attachment":"scroll","background-type":"","background-media":"","overlay-type":"","overlay-color":"","overlay-opacity":"","overlay-gradient":""},"tablet":{"background-color":"","background-image":"","background-repeat":"repeat","background-position":"center center","background-size":"auto","background-attachment":"scroll","background-type":"","background-media":"","overlay-type":"","overlay-color":"","overlay-opacity":"","overlay-gradient":""},"mobile":{"background-color":"","background-image":"","background-repeat":"repeat","background-position":"center center","background-size":"auto","background-attachment":"scroll","background-type":"","background-media":"","overlay-type":"","overlay-color":"","overlay-opacity":"","overlay-gradient":""}},"ast-content-background-meta":{"desktop":{"background-color":"var(--ast-global-color-4)","background-image":"","background-repeat":"repeat","background-position":"center center","background-size":"auto","background-attachment":"scroll","background-type":"","background-media":"","overlay-type":"","overlay-color":"","overlay-opacity":"","overlay-gradient":""},"tablet":{"background-color":"var(--ast-global-color-4)","background-image":"","background-repeat":"repeat","background-position":"center center","background-size":"auto","background-attachment":"scroll","background-type":"","background-media":"","overlay-type":"","overlay-color":"","overlay-opacity":"","overlay-gradient":""},"mobile":{"background-color":"var(--ast-global-color-4)","background-image":"","background-repeat":"repeat","background-position":"center center","background-size":"auto","background-attachment":"scroll","background-type":"","background-media":"","overlay-type":"","overlay-color":"","overlay-opacity":"","overlay-gradient":""}}},"product_brand":[],"product_cat":[56,62,72],"product_tag":[],"class_list":{"0":"post-1835","1":"product","2":"type-product","3":"status-publish","4":"has-post-thumbnail","6":"product_cat-cosmetic-jars","7":"product_cat-cosmetic-containers","8":"product_cat-cosmetic-packaging","9":"desktop-align-left","10":"tablet-align-left","11":"mobile-align-left","13":"first","14":"instock","15":"shipping-taxable","16":"product-type-simple"},"acf":[],"jetpack_sharing_enabled":true,"_links":{"self":[{"href":"https:\/\/theperfumebottles.com\/ro\/wp-json\/wp\/v2\/product\/1835","targetHints":{"allow":["GET"]}}],"collection":[{"href":"https:\/\/theperfumebottles.com\/ro\/wp-json\/wp\/v2\/product"}],"about":[{"href":"https:\/\/theperfumebottles.com\/ro\/wp-json\/wp\/v2\/types\/product"}],"replies":[{"embeddable":true,"href":"https:\/\/theperfumebottles.com\/ro\/wp-json\/wp\/v2\/comments?post=1835"}],"wp:featuredmedia":[{"embeddable":true,"href":"https:\/\/theperfumebottles.com\/ro\/wp-json\/wp\/v2\/media\/1836"}],"wp:attachment":[{"href":"https:\/\/theperfumebottles.com\/ro\/wp-json\/wp\/v2\/media?parent=1835"}],"wp:term":[{"taxonomy":"product_brand","embeddable":true,"href":"https:\/\/theperfumebottles.com\/ro\/wp-json\/wp\/v2\/product_brand?post=1835"},{"taxonomy":"product_cat","embeddable":true,"href":"https:\/\/theperfumebottles.com\/ro\/wp-json\/wp\/v2\/product_cat?post=1835"},{"taxonomy":"product_tag","embeddable":true,"href":"https:\/\/theperfumebottles.com\/ro\/wp-json\/wp\/v2\/product_tag?post=1835"}],"curies":[{"name":"wp","href":"https:\/\/api.w.org\/{rel}","templated":true}]}}