{"id":1842,"date":"2025-02-13T08:27:09","date_gmt":"2025-02-13T08:27:09","guid":{"rendered":"https:\/\/theperfumebottles.com\/?post_type=product&#038;p=1842"},"modified":"2025-05-29T15:36:33","modified_gmt":"2025-05-29T07:36:33","slug":"wholesale-30ml-glass-lotion-bottles","status":"publish","type":"product","link":"https:\/\/theperfumebottles.com\/ro\/produs\/wholesale-30ml-glass-lotion-bottles\/","title":{"rendered":"Sticle de lo\u021biune din sticl\u0103 de 30 ml en-gros"},"content":{"rendered":"<p>Sticlele de lo\u021biune PB-RY30 (30 ml) \u00eembin\u0103 estetica modern\u0103 cu designul practic prin curbele lor elegante \u0219i finisajul mat - sticla p\u0103trat\u0103 este la fel de \u00eengrijit\u0103 ca liniile arhitecturale, iar capul pompei negre este ca o palet\u0103 silen\u021bioas\u0103, care poate desc\u0103rca cu precizie lichidul cu o ap\u0103sare u\u0219oar\u0103, spun\u00e2nd adio la problemele de picurare. Fie c\u0103 este umplut cu lo\u021biune hidratant\u0103 sau esen\u021b\u0103 concentrat\u0103, acesta poate proteja fiecare pic\u0103tur\u0103 de ingrediente active cu un design de etan\u0219are f\u0103r\u0103 sudur\u0103. Pentru brandurile care urm\u0103resc calitatea, este un recipient elegant pentru crearea unei serii minimaliste de \u00eengrijire a pielii; pentru angrosi\u0219ti, este o alegere ideal\u0103 pentru a echilibra costul \u0219i textura. \u00cen momentul \u00een care de\u0219uruba\u021bi capacul sticlei, parfumul r\u0103coritor este \u00eenso\u021bit de sunetul capului pompei, transform\u00e2nd timpul de \u00eengrijire a pielii \u00eentr-o auto\u00eengrijire delicat\u0103.<\/p>\n<h2>Specifica\u021bii cheie ale acestor sticle de sticl\u0103 pentru lo\u021biuni<\/h2>\n<table style=\"border-collapse: collapse;margin-left: auto;margin-right: auto;width: 330.02pt\" border=\"0\" width=\"440\" cellspacing=\"0\" cellpadding=\"0\">\n<tbody>\n<tr style=\"height: 13.50pt\">\n<td style=\"height: 13.50pt;width: 111.00pt\" width=\"148\" height=\"18\">Num\u0103r de model<\/td>\n<td style=\"width: 219.00pt\" width=\"292\">PB-RY30<\/td>\n<\/tr>\n<tr style=\"height: 13.50pt\">\n<td style=\"height: 13.50pt\" height=\"18\">Tip de etan\u0219are<\/td>\n<td>Pulverizator cu pomp\u0103<\/td>\n<\/tr>\n<tr style=\"height: 13.50pt\">\n<td style=\"height: 13.50pt\" height=\"18\">Material<\/td>\n<td>Sticl\u0103 \u0219i PET<\/td>\n<\/tr>\n<tr style=\"height: 13.50pt\">\n<td style=\"height: 13.50pt\" height=\"18\">Utilizare<\/td>\n<td>Ambalare cosmetic\u0103<\/td>\n<\/tr>\n<tr style=\"height: 13.50pt\">\n<td style=\"height: 13.50pt\" height=\"18\">Culoare<\/td>\n<td>Sticl\u0103 transparent\u0103 cu v\u00e2rf alb\/negru<\/td>\n<\/tr>\n<tr style=\"height: 13.50pt\">\n<td style=\"height: 13.50pt\" height=\"18\">Form\u0103<\/td>\n<td>P\u0103trat<\/td>\n<\/tr>\n<tr style=\"height: 13.50pt\">\n<td style=\"height: 13.50pt\" height=\"18\">Capacitate<\/td>\n<td>30 ml<\/td>\n<\/tr>\n<tr style=\"height: 13.50pt\">\n<td style=\"height: 13.50pt\" height=\"18\">Condi\u021bii de plat\u0103<\/td>\n<td>30% T\/T Depozit<\/td>\n<\/tr>\n<tr style=\"height: 13.50pt\">\n<td style=\"height: 13.50pt\" height=\"18\">Ambalaj<\/td>\n<td>Pale\u021bi din lemn \u0219i cutii de carton<\/td>\n<\/tr>\n<\/tbody>\n<\/table>\n<h2>Ideal pentru diverse produse cosmetice<\/h2>\n<p>Aceast\u0103 sticl\u0103 cu pomp\u0103 de 30 ml este partenerul dvs. intim pentru cosmetice - sticla transparent\u0103 este potrivit\u0103 pentru o varietate de formule, cum ar fi lo\u021biuni, esen\u021be, uleiuri esen\u021biale etc. Forma p\u0103trat\u0103 \u0219i capul neted al pompei permit evacuarea precis\u0103 a lichidului de fiecare dat\u0103 c\u00e2nd ap\u0103sa\u021bi. Dimensiunea mic\u0103 este potrivit\u0103 pentru c\u0103l\u0103torii \u0219i poate con\u021bine, de asemenea, teste de produse noi, permi\u021b\u00e2nd clien\u021bilor s\u0103 experimenteze cu u\u0219urin\u021b\u0103 farmecul produselor dvs.<\/p>\n<h2>Parteneri cu noi pentru nevoile dumneavoastr\u0103 de ambalare a produselor cosmetice<\/h2>\n<p>\u00cen calitate de partener axat pe ambalaje, oferim o gam\u0103 complet\u0103 de solu\u021bii, de la sticle de sticl\u0103 cu pomp\u0103 la sticle de pulverizare. Fie c\u0103 ave\u021bi nevoie s\u0103 cump\u0103ra\u021bi \u00een vrac sau s\u0103 personaliza\u021bi, echipa de profesioni\u0219ti v\u0103 va potrivi cu cea mai potrivit\u0103 solu\u021bie de ambalare. Contacta\u021bi-ne acum \u0219i l\u0103sa\u021bi aceast\u0103 sticl\u0103 mic\u0103 elegant\u0103 s\u0103 injecteze solu\u021bii practice \u0219i elegante \u00een produsele dumneavoastr\u0103!<\/p>","protected":false},"excerpt":{"rendered":"<p>V\u0103 prezent\u0103m sticlele noastre de lo\u021biune din sticl\u0103 premium, o sticl\u0103 cu pomp\u0103 de 30 ml elegant\u0103 \u0219i versatil\u0103, conceput\u0103 pentru a satisface nevoile diverse ale industriei cosmetice.<\/p>","protected":false},"featured_media":1845,"comment_status":"open","ping_status":"closed","template":"","meta":{"_acf_changed":false,"site-sidebar-layout":"default","site-content-layout":"","ast-site-content-layout":"default","site-content-style":"default","site-sidebar-style":"default","ast-global-header-display":"","ast-banner-title-visibility":"","ast-main-header-display":"","ast-hfb-above-header-display":"","ast-hfb-below-header-display":"","ast-hfb-mobile-header-display":"","site-post-title":"","ast-breadcrumbs-content":"","ast-featured-img":"","footer-sml-layout":"","ast-disable-related-posts":"","theme-transparent-header-meta":"default","adv-header-id-meta":"","stick-header-meta":"","header-above-stick-meta":"","header-main-stick-meta":"","header-below-stick-meta":"","astra-migrate-meta-layouts":"set","ast-page-background-enabled":"default","ast-page-background-meta":{"desktop":{"background-color":"var(--ast-global-color-5)","background-image":"","background-repeat":"repeat","background-position":"center center","background-size":"auto","background-attachment":"scroll","background-type":"","background-media":"","overlay-type":"","overlay-color":"","overlay-opacity":"","overlay-gradient":""},"tablet":{"background-color":"","background-image":"","background-repeat":"repeat","background-position":"center center","background-size":"auto","background-attachment":"scroll","background-type":"","background-media":"","overlay-type":"","overlay-color":"","overlay-opacity":"","overlay-gradient":""},"mobile":{"background-color":"","background-image":"","background-repeat":"repeat","background-position":"center center","background-size":"auto","background-attachment":"scroll","background-type":"","background-media":"","overlay-type":"","overlay-color":"","overlay-opacity":"","overlay-gradient":""}},"ast-content-background-meta":{"desktop":{"background-color":"var(--ast-global-color-4)","background-image":"","background-repeat":"repeat","background-position":"center center","background-size":"auto","background-attachment":"scroll","background-type":"","background-media":"","overlay-type":"","overlay-color":"","overlay-opacity":"","overlay-gradient":""},"tablet":{"background-color":"var(--ast-global-color-4)","background-image":"","background-repeat":"repeat","background-position":"center center","background-size":"auto","background-attachment":"scroll","background-type":"","background-media":"","overlay-type":"","overlay-color":"","overlay-opacity":"","overlay-gradient":""},"mobile":{"background-color":"var(--ast-global-color-4)","background-image":"","background-repeat":"repeat","background-position":"center center","background-size":"auto","background-attachment":"scroll","background-type":"","background-media":"","overlay-type":"","overlay-color":"","overlay-opacity":"","overlay-gradient":""}}},"product_brand":[],"product_cat":[62,72,71],"product_tag":[87,86],"class_list":{"0":"post-1842","1":"product","2":"type-product","3":"status-publish","4":"has-post-thumbnail","6":"product_cat-cosmetic-containers","7":"product_cat-cosmetic-packaging","8":"product_cat-glass-lotion-bottles","9":"product_tag-glass-bottles","10":"product_tag-lotion-bottles","11":"desktop-align-left","12":"tablet-align-left","13":"mobile-align-left","15":"first","16":"instock","17":"shipping-taxable","18":"product-type-simple"},"acf":[],"jetpack_sharing_enabled":true,"_links":{"self":[{"href":"https:\/\/theperfumebottles.com\/ro\/wp-json\/wp\/v2\/product\/1842","targetHints":{"allow":["GET"]}}],"collection":[{"href":"https:\/\/theperfumebottles.com\/ro\/wp-json\/wp\/v2\/product"}],"about":[{"href":"https:\/\/theperfumebottles.com\/ro\/wp-json\/wp\/v2\/types\/product"}],"replies":[{"embeddable":true,"href":"https:\/\/theperfumebottles.com\/ro\/wp-json\/wp\/v2\/comments?post=1842"}],"wp:featuredmedia":[{"embeddable":true,"href":"https:\/\/theperfumebottles.com\/ro\/wp-json\/wp\/v2\/media\/1845"}],"wp:attachment":[{"href":"https:\/\/theperfumebottles.com\/ro\/wp-json\/wp\/v2\/media?parent=1842"}],"wp:term":[{"taxonomy":"product_brand","embeddable":true,"href":"https:\/\/theperfumebottles.com\/ro\/wp-json\/wp\/v2\/product_brand?post=1842"},{"taxonomy":"product_cat","embeddable":true,"href":"https:\/\/theperfumebottles.com\/ro\/wp-json\/wp\/v2\/product_cat?post=1842"},{"taxonomy":"product_tag","embeddable":true,"href":"https:\/\/theperfumebottles.com\/ro\/wp-json\/wp\/v2\/product_tag?post=1842"}],"curies":[{"name":"wp","href":"https:\/\/api.w.org\/{rel}","templated":true}]}}