{"id":1846,"date":"2025-02-13T09:27:43","date_gmt":"2025-02-13T09:27:43","guid":{"rendered":"https:\/\/theperfumebottles.com\/?post_type=product&#038;p=1846"},"modified":"2025-05-29T16:07:24","modified_gmt":"2025-05-29T08:07:24","slug":"roller-bottles-for-essential-oils","status":"publish","type":"product","link":"https:\/\/theperfumebottles.com\/ro\/produs\/roller-bottles-for-essential-oils\/","title":{"rendered":"Sticle de sticl\u0103 octogonale rafinate cu rol\u0103 pentru uleiuri esen\u021biale roll-on"},"content":{"rendered":"<p>Aceste sticle cu rol\u0103 din sticl\u0103 PB-OC312 ies \u00een eviden\u021b\u0103 prin forma lor octogonal\u0103 inspirat\u0103 de marginile arhitecturale, combin\u00e2nd geometria modern\u0103 cu designul func\u021bional pentru aplica\u021biile cu uleiuri esen\u021biale. sticla transparent\u0103 reflect\u0103 lumina delicat\u0103 sub lumin\u0103, f\u0103c\u00e2nd momentul utiliz\u0103rii rolei de uleiuri esen\u021biale, parfumuri sau esen\u021be pentru \u00eengrijirea pielii plin de ritual. Fie c\u0103 este umplut cu uleiuri esen\u021biale vindec\u0103toare, parfumuri personalizate sau amestec\u00e2nd formule exclusive de \u00eengrijire a pielii, acesta poate proteja fiecare pic\u0103tur\u0103 de lichid pre\u021bios cu un design de etan\u0219are f\u0103r\u0103 sudur\u0103. \u00cen calitate de partener axat pe ambalaje cosmetice, oferim solu\u021bii rentabile de aprovizionare \u00een vrac, f\u0103c\u00e2nd din aceast\u0103 sticl\u0103 de sticl\u0103 elegant\u0103 \u0219i practic\u0103 o \"stea t\u0103cut\u0103\" uimitoare \u00een linia dvs. de produse.<\/p>\n<h2>Specifica\u021bii cheie ale acestor sticle cu role<\/h2>\n<table style=\"border-collapse: collapse;margin-left: auto;margin-right: auto;width: 522.02pt\" border=\"0\" width=\"696\" cellspacing=\"0\" cellpadding=\"0\">\n<tbody>\n<tr style=\"height: 13.50pt\">\n<td style=\"height: 13.50pt;width: 111.00pt\" width=\"148\" height=\"18\">Num\u0103r de model<\/td>\n<td style=\"width: 411.00pt\" width=\"548\">PB-OC312<\/td>\n<\/tr>\n<tr style=\"height: 13.50pt\">\n<td style=\"height: 13.50pt\" height=\"18\">Capacitate<\/td>\n<td>3ml, 6ml, 9ml, 12ml. (personalizabile)<\/td>\n<\/tr>\n<tr style=\"height: 13.50pt\">\n<td style=\"height: 13.50pt\" height=\"18\">Culoare<\/td>\n<td>Transparent, roz (personalizabil)<\/td>\n<\/tr>\n<tr style=\"height: 13.50pt\">\n<td style=\"height: 13.50pt\" height=\"18\">Form\u0103<\/td>\n<td>Octagonal<\/td>\n<\/tr>\n<tr style=\"height: 13.50pt\">\n<td style=\"height: 13.50pt\" height=\"18\">Materiale<\/td>\n<td>Corp din sticl\u0103, capac din aluminiu anodizat, bil\u0103 din sticl\u0103, baz\u0103 cu bil\u0103 din plastic<\/td>\n<\/tr>\n<tr style=\"height: 13.50pt\">\n<td style=\"height: 13.50pt\" height=\"18\">Tratament de suprafa\u021b\u0103<\/td>\n<td>Imprimare cu serigrafie de m\u0103tase, mat, autocolant, spray color, etichet\u0103, etc.<\/td>\n<\/tr>\n<\/tbody>\n<\/table>\n<h2>Versatil<\/h2>\n<p>Aceste sticle de sticl\u0103 rafinate sunt potrivite pentru o varietate de aplica\u021bii, inclusiv:<\/p>\n<ul>\n<li><strong>Rulouri cu uleiuri esen\u021biale:<\/strong> Aplica\u021bi direct pe piele, iar formula vindec\u0103toare este la \u00eendem\u00e2na dumneavoastr\u0103.<\/li>\n<li><strong>Compu\u0219i de aromaterapie:<\/strong> De la parfumerie la ambalaje, proteja\u021bi puritatea parfumului.<\/li>\n<li><strong>Parfum\/lip gloss:<\/strong> Roll-on machiaj precis, ritual de actualizare de \u00eengrijire zilnic\u0103.<\/li>\n<\/ul>\n<p>Fie c\u0103 ave\u021bi nevoie de o sticl\u0103 de ulei esen\u021bial cu role sau de alte recipiente cosmetice, suntem solu\u021bia dvs. unic\u0103 - contacta\u021bi-ne acum \u0219i l\u0103sa\u021bi sticla elegant\u0103 s\u0103 adauge farmec pie\u021bei produselor dvs.!<\/p>","protected":false},"excerpt":{"rendered":"<p>Sticlele noastre octogonale din sticl\u0103 cu role sunt concepute \u021bin\u00e2nd cont at\u00e2t de estetic\u0103, c\u00e2t \u0219i de func\u021bionalitate.<\/p>","protected":false},"featured_media":1849,"comment_status":"open","ping_status":"closed","template":"","meta":{"_acf_changed":false,"site-sidebar-layout":"default","site-content-layout":"","ast-site-content-layout":"default","site-content-style":"default","site-sidebar-style":"default","ast-global-header-display":"","ast-banner-title-visibility":"","ast-main-header-display":"","ast-hfb-above-header-display":"","ast-hfb-below-header-display":"","ast-hfb-mobile-header-display":"","site-post-title":"","ast-breadcrumbs-content":"","ast-featured-img":"","footer-sml-layout":"","ast-disable-related-posts":"","theme-transparent-header-meta":"default","adv-header-id-meta":"","stick-header-meta":"","header-above-stick-meta":"","header-main-stick-meta":"","header-below-stick-meta":"","astra-migrate-meta-layouts":"set","ast-page-background-enabled":"default","ast-page-background-meta":{"desktop":{"background-color":"var(--ast-global-color-5)","background-image":"","background-repeat":"repeat","background-position":"center center","background-size":"auto","background-attachment":"scroll","background-type":"","background-media":"","overlay-type":"","overlay-color":"","overlay-opacity":"","overlay-gradient":""},"tablet":{"background-color":"","background-image":"","background-repeat":"repeat","background-position":"center center","background-size":"auto","background-attachment":"scroll","background-type":"","background-media":"","overlay-type":"","overlay-color":"","overlay-opacity":"","overlay-gradient":""},"mobile":{"background-color":"","background-image":"","background-repeat":"repeat","background-position":"center center","background-size":"auto","background-attachment":"scroll","background-type":"","background-media":"","overlay-type":"","overlay-color":"","overlay-opacity":"","overlay-gradient":""}},"ast-content-background-meta":{"desktop":{"background-color":"var(--ast-global-color-4)","background-image":"","background-repeat":"repeat","background-position":"center center","background-size":"auto","background-attachment":"scroll","background-type":"","background-media":"","overlay-type":"","overlay-color":"","overlay-opacity":"","overlay-gradient":""},"tablet":{"background-color":"var(--ast-global-color-4)","background-image":"","background-repeat":"repeat","background-position":"center center","background-size":"auto","background-attachment":"scroll","background-type":"","background-media":"","overlay-type":"","overlay-color":"","overlay-opacity":"","overlay-gradient":""},"mobile":{"background-color":"var(--ast-global-color-4)","background-image":"","background-repeat":"repeat","background-position":"center center","background-size":"auto","background-attachment":"scroll","background-type":"","background-media":"","overlay-type":"","overlay-color":"","overlay-opacity":"","overlay-gradient":""}}},"product_brand":[],"product_cat":[60,72,62,57],"product_tag":[88],"class_list":{"0":"post-1846","1":"product","2":"type-product","3":"status-publish","4":"has-post-thumbnail","6":"product_cat-roller-bottles","7":"product_cat-cosmetic-packaging","8":"product_cat-cosmetic-containers","9":"product_cat-essential-oil-bottles","10":"product_tag-roller-bottles","11":"desktop-align-left","12":"tablet-align-left","13":"mobile-align-left","15":"first","16":"instock","17":"shipping-taxable","18":"product-type-simple"},"acf":[],"jetpack_sharing_enabled":true,"_links":{"self":[{"href":"https:\/\/theperfumebottles.com\/ro\/wp-json\/wp\/v2\/product\/1846","targetHints":{"allow":["GET"]}}],"collection":[{"href":"https:\/\/theperfumebottles.com\/ro\/wp-json\/wp\/v2\/product"}],"about":[{"href":"https:\/\/theperfumebottles.com\/ro\/wp-json\/wp\/v2\/types\/product"}],"replies":[{"embeddable":true,"href":"https:\/\/theperfumebottles.com\/ro\/wp-json\/wp\/v2\/comments?post=1846"}],"wp:featuredmedia":[{"embeddable":true,"href":"https:\/\/theperfumebottles.com\/ro\/wp-json\/wp\/v2\/media\/1849"}],"wp:attachment":[{"href":"https:\/\/theperfumebottles.com\/ro\/wp-json\/wp\/v2\/media?parent=1846"}],"wp:term":[{"taxonomy":"product_brand","embeddable":true,"href":"https:\/\/theperfumebottles.com\/ro\/wp-json\/wp\/v2\/product_brand?post=1846"},{"taxonomy":"product_cat","embeddable":true,"href":"https:\/\/theperfumebottles.com\/ro\/wp-json\/wp\/v2\/product_cat?post=1846"},{"taxonomy":"product_tag","embeddable":true,"href":"https:\/\/theperfumebottles.com\/ro\/wp-json\/wp\/v2\/product_tag?post=1846"}],"curies":[{"name":"wp","href":"https:\/\/api.w.org\/{rel}","templated":true}]}}