{"id":1899,"date":"2025-02-17T02:24:51","date_gmt":"2025-02-17T02:24:51","guid":{"rendered":"https:\/\/theperfumebottles.com\/?post_type=product&#038;p=1899"},"modified":"2025-05-29T16:24:46","modified_gmt":"2025-05-29T08:24:46","slug":"50ml-luxury-small-cologne-bottles-wholesale","status":"publish","type":"product","link":"https:\/\/theperfumebottles.com\/ro\/produs\/50ml-luxury-small-cologne-bottles-wholesale\/","title":{"rendered":"Sticle mici de colonie de lux de 50 ml, en-gros"},"content":{"rendered":"<p>Aceast\u0103 sticl\u0103 de parfum dreptunghiular\u0103 de 50ml interpreteaz\u0103 estetica minimalismului modern cu sticla transparent\u0103 \u2013 liniile netede \u0219i capacul de sticl\u0103 bej, a\u0219a cum condenseaz\u0103 lumina dimine\u021bii \u00eentr-un spa\u021biu mic. C\u00e2nd soarele trece prin sticl\u0103, lichidul cristalin curg\u0103 \u00een lumina \u0219i umbra, f\u0103c\u00e2nd fiecare \u00eempr\u0103\u0219tiere un moment ritualic de a pre\u021bui amintirile.<\/p>\n<h2>Specifica\u021bii cheie\uff1a<\/h2>\n<table style=\"border-collapse: collapse;margin-left: auto;margin-right: auto;width: 506.27pt\" border=\"0\" width=\"675\" cellspacing=\"0\" cellpadding=\"0\">\n<tbody>\n<tr style=\"height: 13.50pt\">\n<td style=\"height: 13.50pt;width: 130.50pt\" width=\"174\" height=\"18\">Num\u0103r de model<\/td>\n<td style=\"width: 375.75pt\" width=\"501\">PB-BF04<\/td>\n<\/tr>\n<tr style=\"height: 13.50pt\">\n<td style=\"height: 13.50pt\" height=\"18\">Capacitate<\/td>\n<td>50 ml<\/td>\n<\/tr>\n<tr style=\"height: 13.50pt\">\n<td style=\"height: 13.50pt\" height=\"18\">Diametru<\/td>\n<td>15 mm<\/td>\n<\/tr>\n<tr style=\"height: 13.50pt\">\n<td style=\"height: 13.50pt\" height=\"18\">Culoare<\/td>\n<td>Sticl\u0103 transparent\u0103 cu capac bej<\/td>\n<\/tr>\n<tr style=\"height: 13.50pt\">\n<td style=\"height: 13.50pt\" height=\"18\">Dimensiunea sticlei<\/td>\n<td>39mm * 25mm * 115mm<\/td>\n<\/tr>\n<tr style=\"height: 13.50pt\">\n<td style=\"height: 13.50pt\" height=\"18\">Form\u0103<\/td>\n<td>Dreptunghiular<\/td>\n<\/tr>\n<tr style=\"height: 13.50pt\">\n<td style=\"height: 13.50pt\" height=\"18\">Material<\/td>\n<td>Sticl\u0103 de cristal de \u00eenalt\u0103 calitate, PET<\/td>\n<\/tr>\n<tr style=\"height: 13.50pt\">\n<td style=\"height: 13.50pt\" height=\"18\">Sigl\u0103<\/td>\n<td>Personalizabil<\/td>\n<\/tr>\n<tr style=\"height: 13.50pt\">\n<td style=\"height: 13.50pt\" height=\"18\">Tratament de suprafa\u021b\u0103<\/td>\n<td>Serigrafie de m\u0103tase \/ glazur\u0103 \/ etichet\u0103 \/ spray de culoare \/ etichet\u0103, etc.<\/td>\n<\/tr>\n<\/tbody>\n<\/table>\n<h2>Aplica\u021bii ale sticlelor noastre mici de parfumerie<\/h2>\n<p>Aceast\u0103 sticl\u0103 de parfum de 50ml este un prieten apropiat al pasionatilor de parfum \u2013 sticla transparent\u0103 este potrivit\u0103 pentru parfum, cologne sau ulei esen\u021bial combinat, iar m\u0103rimea mic\u0103 poate fi u\u0219or pus\u0103 \u00een geanta sau \u00een buzunar, fiind perfect pentru c\u0103l\u0103torii sau pentru parfumul de zi cu zi.<\/p>\n<h2>Ridica\u021bi-v\u0103 brandul cu sticlele noastre de parfum premium<\/h2>\n<p>\u0218tim c\u0103 un bun parfum nu este despre aroma, ci \u0219i despre ritualul de a atinge sticla de fiecare dat\u0103. Ca partener concentrat pe ambalajul de \u00eenalt\u0103 clas\u0103 pentru parfum, fie c\u0103 cump\u0103ra\u021bi \u00een cantit\u0103\u021bi mari sau crea\u021bi propria imprim\u0103 de brand (de la \u0219tampilare LOGO la sticl\u0103 cu gradient), putem folosi diverse solu\u021bii creative pentru a face fiecare detaliu s\u0103 \u00eemp\u0103rt\u0103\u0219easc\u0103 povestea dumneavoastr\u0103. Contacta\u021bi echipa noastr\u0103 de design acum \u0219i l\u0103sa\u021bi aceast\u0103 mic\u0103 sticl\u0103 elegant\u0103 s\u0103 injecteze stil \u0219i practicitate \u00een parfumul dumneavoastr\u0103!<\/p>","protected":false},"excerpt":{"rendered":"<p>Sticlu\u021bele noastre mici de ap\u0103 de colonie sunt concepute pentru a capta aten\u021bia cu silueta lor elegant\u0103, dreptunghiular\u0103 \u0219i construc\u021bia din sticl\u0103 cristalin\u0103.<\/p>","protected":false},"featured_media":2332,"comment_status":"open","ping_status":"closed","template":"","meta":{"_acf_changed":false,"site-sidebar-layout":"default","site-content-layout":"","ast-site-content-layout":"default","site-content-style":"default","site-sidebar-style":"default","ast-global-header-display":"","ast-banner-title-visibility":"","ast-main-header-display":"","ast-hfb-above-header-display":"","ast-hfb-below-header-display":"","ast-hfb-mobile-header-display":"","site-post-title":"","ast-breadcrumbs-content":"","ast-featured-img":"","footer-sml-layout":"","ast-disable-related-posts":"","theme-transparent-header-meta":"default","adv-header-id-meta":"","stick-header-meta":"","header-above-stick-meta":"","header-main-stick-meta":"","header-below-stick-meta":"","astra-migrate-meta-layouts":"set","ast-page-background-enabled":"default","ast-page-background-meta":{"desktop":{"background-color":"var(--ast-global-color-5)","background-image":"","background-repeat":"repeat","background-position":"center center","background-size":"auto","background-attachment":"scroll","background-type":"","background-media":"","overlay-type":"","overlay-color":"","overlay-opacity":"","overlay-gradient":""},"tablet":{"background-color":"","background-image":"","background-repeat":"repeat","background-position":"center center","background-size":"auto","background-attachment":"scroll","background-type":"","background-media":"","overlay-type":"","overlay-color":"","overlay-opacity":"","overlay-gradient":""},"mobile":{"background-color":"","background-image":"","background-repeat":"repeat","background-position":"center center","background-size":"auto","background-attachment":"scroll","background-type":"","background-media":"","overlay-type":"","overlay-color":"","overlay-opacity":"","overlay-gradient":""}},"ast-content-background-meta":{"desktop":{"background-color":"var(--ast-global-color-4)","background-image":"","background-repeat":"repeat","background-position":"center center","background-size":"auto","background-attachment":"scroll","background-type":"","background-media":"","overlay-type":"","overlay-color":"","overlay-opacity":"","overlay-gradient":""},"tablet":{"background-color":"var(--ast-global-color-4)","background-image":"","background-repeat":"repeat","background-position":"center center","background-size":"auto","background-attachment":"scroll","background-type":"","background-media":"","overlay-type":"","overlay-color":"","overlay-opacity":"","overlay-gradient":""},"mobile":{"background-color":"var(--ast-global-color-4)","background-image":"","background-repeat":"repeat","background-position":"center center","background-size":"auto","background-attachment":"scroll","background-type":"","background-media":"","overlay-type":"","overlay-color":"","overlay-opacity":"","overlay-gradient":""}}},"product_brand":[],"product_cat":[41,72],"product_tag":[],"class_list":{"0":"post-1899","1":"product","2":"type-product","3":"status-publish","4":"has-post-thumbnail","6":"product_cat-perfume-bottles","7":"product_cat-cosmetic-packaging","8":"desktop-align-left","9":"tablet-align-left","10":"mobile-align-left","12":"first","13":"instock","14":"shipping-taxable","15":"product-type-simple"},"acf":[],"jetpack_sharing_enabled":true,"_links":{"self":[{"href":"https:\/\/theperfumebottles.com\/ro\/wp-json\/wp\/v2\/product\/1899","targetHints":{"allow":["GET"]}}],"collection":[{"href":"https:\/\/theperfumebottles.com\/ro\/wp-json\/wp\/v2\/product"}],"about":[{"href":"https:\/\/theperfumebottles.com\/ro\/wp-json\/wp\/v2\/types\/product"}],"replies":[{"embeddable":true,"href":"https:\/\/theperfumebottles.com\/ro\/wp-json\/wp\/v2\/comments?post=1899"}],"wp:featuredmedia":[{"embeddable":true,"href":"https:\/\/theperfumebottles.com\/ro\/wp-json\/wp\/v2\/media\/2332"}],"wp:attachment":[{"href":"https:\/\/theperfumebottles.com\/ro\/wp-json\/wp\/v2\/media?parent=1899"}],"wp:term":[{"taxonomy":"product_brand","embeddable":true,"href":"https:\/\/theperfumebottles.com\/ro\/wp-json\/wp\/v2\/product_brand?post=1899"},{"taxonomy":"product_cat","embeddable":true,"href":"https:\/\/theperfumebottles.com\/ro\/wp-json\/wp\/v2\/product_cat?post=1899"},{"taxonomy":"product_tag","embeddable":true,"href":"https:\/\/theperfumebottles.com\/ro\/wp-json\/wp\/v2\/product_tag?post=1899"}],"curies":[{"name":"wp","href":"https:\/\/api.w.org\/{rel}","templated":true}]}}