{"id":1904,"date":"2025-02-17T03:43:41","date_gmt":"2025-02-17T03:43:41","guid":{"rendered":"https:\/\/theperfumebottles.com\/?post_type=product&#038;p=1904"},"modified":"2025-05-29T09:03:10","modified_gmt":"2025-05-29T01:03:10","slug":"wholesale-custom-100ml-luxury-perfume-bottles","status":"publish","type":"product","link":"https:\/\/theperfumebottles.com\/ro\/produs\/wholesale-custom-100ml-luxury-perfume-bottles\/","title":{"rendered":"Sticle de parfum de lux personalizate en-gros de 100 ml"},"content":{"rendered":"<p>Aceste sticle de parfum de lux din sticl\u0103 p\u0103trat\u0103 de 100 ml au un design simplu \u0219i modern, material transparent, recunoa\u0219tere ridicat\u0103 \u0219i este de neuitat la prima vedere. Corpul sticlei utilizeaz\u0103 un proces unic de vopsire pentru a prezenta un ton albastru-negru stratificat. Are o textur\u0103 remarcabil\u0103 sub lumin\u0103 \u0219i un efect vizual proeminent, care ajut\u0103 la \u00eembun\u0103t\u0103\u021birea impresiei de brand \u0219i a punctului de memorie. Conceput special pentru parfumurile moderne pentru b\u0103rba\u021bi, acesta ia \u00een considerare at\u00e2t frumuse\u021bea aspectului, c\u00e2t \u0219i performan\u021ba practic\u0103, ajut\u00e2nd marca s\u0103 transmit\u0103 cu precizie o imagine de marc\u0103 rafinat\u0103, restr\u00e2ns\u0103 \u0219i elegant\u0103.<\/p>\n<h2>Specifica\u021bii cheie ale sticlelor noastre de parfum de lux<\/h2>\n<table style=\"border-collapse: collapse;margin-left: auto;margin-right: auto;width: 354.02pt\" border=\"0\" width=\"472\" cellspacing=\"0\" cellpadding=\"0\">\n<tbody>\n<tr style=\"height: 13.50pt\">\n<td style=\"height: 13.50pt;margin-left: auto;margin-right: auto;width: 130.50pt\" width=\"174\" height=\"18\">Num\u0103r de model<\/td>\n<td style=\"width: 223.50pt\" width=\"298\">PB-BF05<\/td>\n<\/tr>\n<tr style=\"height: 13.50pt\">\n<td style=\"height: 13.50pt\" height=\"18\">Capacitate<\/td>\n<td>100 ml (3,4 oz)<\/td>\n<\/tr>\n<tr style=\"height: 13.50pt\">\n<td style=\"height: 13.50pt\" height=\"18\">Diametru<\/td>\n<td>15 mm<\/td>\n<\/tr>\n<tr style=\"height: 13.50pt\">\n<td style=\"height: 13.50pt\" height=\"18\">Culoare<\/td>\n<td>Sticl\u0103 transparent\u0103 cu capac albastru\/negru<\/td>\n<\/tr>\n<tr style=\"height: 13.50pt\">\n<td style=\"height: 13.50pt\" height=\"18\">Dimensiunea sticlei<\/td>\n<td>68mm * 36mm * 100mm<\/td>\n<\/tr>\n<tr style=\"height: 13.50pt\">\n<td style=\"height: 13.50pt\" height=\"18\">Form\u0103<\/td>\n<td>Dreptunghiular<\/td>\n<\/tr>\n<tr style=\"height: 13.50pt\">\n<td style=\"height: 13.50pt\" height=\"18\">Material<\/td>\n<td>Sticl\u0103 cristalin\u0103 de \u00eenalt\u0103 calitate<\/td>\n<\/tr>\n<\/tbody>\n<\/table>\n<h2>Scenarii de utilizare<\/h2>\n<p>Aceast\u0103 sticl\u0103 de parfum albastr\u0103 de 100 ml este conceput\u0103 pentru parfumurile pentru b\u0103rba\u021bi, fie c\u0103 este vorba de ap\u0103 de colonie, aftershave sau ap\u0103 de toalet\u0103, aceasta poate fi u\u0219or controlat\u0103. Fie c\u0103 sunte\u021bi un produc\u0103tor de parfumuri care are nevoie de ambalaje la scar\u0103 larg\u0103 sau un brand care creeaz\u0103 parfumuri exclusive. Chiar \u0219i pentru m\u0103rcile de ni\u0219\u0103 sau parfumierii hand-made care urm\u0103resc expresia individual\u0103, este, de asemenea, o alegere foarte atractiv\u0103.<\/p>\n<h2>De ce s\u0103 ne alege\u021bi?<\/h2>\n<p>\u00cen calitate de partener care se concentreaz\u0103 pe sticle de parfum high-end, \u0219tim c\u0103 fiecare sticl\u0103 de parfum poart\u0103 povestea brandului. Designul acestei sticle de pulverizare nu se concentreaz\u0103 doar pe aspect, ci acord\u0103, de asemenea, aten\u021bie potrivirii profunde cu tonul m\u0103rcii - de la textura pur\u0103 a sticlei la arcul neted al corpului sticlei, fiecare detaliu a fost lustruit \u00een mod repetat, doar pentru a transmite c\u0103utarea dvs. de calitate \u0219i frumuse\u021be. Fie c\u0103 este vorba de atingerea delicat\u0103 sau de u\u0219urin\u021ba utiliz\u0103rii, sper\u0103m c\u0103 va deveni extensia perfect\u0103 a produselor dvs. de parfumerie. Fie c\u0103 ave\u021bi nevoie s\u0103 cump\u0103ra\u021bi \u00een vrac sau dori\u021bi s\u0103 personaliza\u021bi un design unic, Contacta\u021bi-ne acum pentru a discuta despre ideile dvs. - permite\u021bi-ne s\u0103 folosim ambalaje rafinate pentru a oferi parfumului dvs. o poveste mai emo\u021bionant\u0103 \u0219i pentru a v\u0103 face marca s\u0103 ias\u0103 \u00een eviden\u021b\u0103 pe pia\u021b\u0103.<\/p>","protected":false},"excerpt":{"rendered":"<p>Sticlele noastre de parfum de lux din sticl\u0103 de 100 ml sunt o dovad\u0103 a designului sofisticat \u0219i a calit\u0103\u021bii premium. \u00cen domeniul parfumurilor, prezentarea corect\u0103 poate face toat\u0103 diferen\u021ba.<\/p>","protected":false},"featured_media":2335,"comment_status":"open","ping_status":"closed","template":"","meta":{"_acf_changed":false,"site-sidebar-layout":"default","site-content-layout":"","ast-site-content-layout":"default","site-content-style":"default","site-sidebar-style":"default","ast-global-header-display":"","ast-banner-title-visibility":"","ast-main-header-display":"","ast-hfb-above-header-display":"","ast-hfb-below-header-display":"","ast-hfb-mobile-header-display":"","site-post-title":"","ast-breadcrumbs-content":"","ast-featured-img":"","footer-sml-layout":"","ast-disable-related-posts":"","theme-transparent-header-meta":"default","adv-header-id-meta":"","stick-header-meta":"","header-above-stick-meta":"","header-main-stick-meta":"","header-below-stick-meta":"","astra-migrate-meta-layouts":"set","ast-page-background-enabled":"default","ast-page-background-meta":{"desktop":{"background-color":"var(--ast-global-color-5)","background-image":"","background-repeat":"repeat","background-position":"center center","background-size":"auto","background-attachment":"scroll","background-type":"","background-media":"","overlay-type":"","overlay-color":"","overlay-opacity":"","overlay-gradient":""},"tablet":{"background-color":"","background-image":"","background-repeat":"repeat","background-position":"center center","background-size":"auto","background-attachment":"scroll","background-type":"","background-media":"","overlay-type":"","overlay-color":"","overlay-opacity":"","overlay-gradient":""},"mobile":{"background-color":"","background-image":"","background-repeat":"repeat","background-position":"center center","background-size":"auto","background-attachment":"scroll","background-type":"","background-media":"","overlay-type":"","overlay-color":"","overlay-opacity":"","overlay-gradient":""}},"ast-content-background-meta":{"desktop":{"background-color":"var(--ast-global-color-4)","background-image":"","background-repeat":"repeat","background-position":"center center","background-size":"auto","background-attachment":"scroll","background-type":"","background-media":"","overlay-type":"","overlay-color":"","overlay-opacity":"","overlay-gradient":""},"tablet":{"background-color":"var(--ast-global-color-4)","background-image":"","background-repeat":"repeat","background-position":"center center","background-size":"auto","background-attachment":"scroll","background-type":"","background-media":"","overlay-type":"","overlay-color":"","overlay-opacity":"","overlay-gradient":""},"mobile":{"background-color":"var(--ast-global-color-4)","background-image":"","background-repeat":"repeat","background-position":"center center","background-size":"auto","background-attachment":"scroll","background-type":"","background-media":"","overlay-type":"","overlay-color":"","overlay-opacity":"","overlay-gradient":""}}},"product_brand":[],"product_cat":[41,72],"product_tag":[],"class_list":{"0":"post-1904","1":"product","2":"type-product","3":"status-publish","4":"has-post-thumbnail","6":"product_cat-perfume-bottles","7":"product_cat-cosmetic-packaging","8":"desktop-align-left","9":"tablet-align-left","10":"mobile-align-left","12":"first","13":"instock","14":"shipping-taxable","15":"product-type-simple"},"acf":[],"jetpack_sharing_enabled":true,"_links":{"self":[{"href":"https:\/\/theperfumebottles.com\/ro\/wp-json\/wp\/v2\/product\/1904","targetHints":{"allow":["GET"]}}],"collection":[{"href":"https:\/\/theperfumebottles.com\/ro\/wp-json\/wp\/v2\/product"}],"about":[{"href":"https:\/\/theperfumebottles.com\/ro\/wp-json\/wp\/v2\/types\/product"}],"replies":[{"embeddable":true,"href":"https:\/\/theperfumebottles.com\/ro\/wp-json\/wp\/v2\/comments?post=1904"}],"wp:featuredmedia":[{"embeddable":true,"href":"https:\/\/theperfumebottles.com\/ro\/wp-json\/wp\/v2\/media\/2335"}],"wp:attachment":[{"href":"https:\/\/theperfumebottles.com\/ro\/wp-json\/wp\/v2\/media?parent=1904"}],"wp:term":[{"taxonomy":"product_brand","embeddable":true,"href":"https:\/\/theperfumebottles.com\/ro\/wp-json\/wp\/v2\/product_brand?post=1904"},{"taxonomy":"product_cat","embeddable":true,"href":"https:\/\/theperfumebottles.com\/ro\/wp-json\/wp\/v2\/product_cat?post=1904"},{"taxonomy":"product_tag","embeddable":true,"href":"https:\/\/theperfumebottles.com\/ro\/wp-json\/wp\/v2\/product_tag?post=1904"}],"curies":[{"name":"wp","href":"https:\/\/api.w.org\/{rel}","templated":true}]}}