{"id":2550,"date":"2025-03-06T08:49:54","date_gmt":"2025-03-06T08:49:54","guid":{"rendered":"https:\/\/theperfumebottles.com\/?post_type=product&#038;p=2550"},"modified":"2025-05-29T09:15:02","modified_gmt":"2025-05-29T01:15:02","slug":"glass-perfume-bottle-50ml-with-pump","status":"publish","type":"product","link":"https:\/\/theperfumebottles.com\/ro\/produs\/glass-perfume-bottle-50ml-with-pump\/","title":{"rendered":"Sticl\u0103 de parfum din sticl\u0103 50 ml cu pomp\u0103"},"content":{"rendered":"<h2>Sticl\u0103 de parfum Premium 50ml<\/h2>\n<p>Realizat\u0103 pentru rafinament, sticla noastr\u0103 de parfum de 50 ml are o form\u0103 dreptunghiular\u0103 elegant\u0103, cu linii geometrice ascu\u021bite \u0219i margini netede. aceast\u0103 sticl\u0103 de parfum de 50 ml afi\u0219eaz\u0103 perfect culoarea pur\u0103 a parfumului cu material din sticl\u0103 transparent\u0103, iar capacul argintiu al sticlei este lustruit cu aten\u021bie, prezent\u00e2nd un aspect modern discret \u0219i str\u0103lucitor. gura sticlei adopt\u0103 un design neted al pulverizatorului, care poate elibera parfumul uniform cu fiecare ap\u0103sare, iar acesta se simte neted \u0219i nu se blocheaz\u0103. Am proiectat sticla pentru a fi etan\u0219\u0103, astfel \u00eenc\u00e2t dvs. \u0219i clien\u021bii dvs. s\u0103 o pute\u021bi utiliza cu \u00eencredere, indiferent de c\u0103l\u0103toria accidentat\u0103 sau de schimb\u0103rile de temperatur\u0103.<\/p>\n<h2>Adaptare versatil\u0103 pentru a satisface diverse nevoi<\/h2>\n<p>Fie c\u0103 este vorba de parfum high-end, dimensiune de c\u0103l\u0103torie, edi\u021bie limitat\u0103 sau ulei esen\u021bial de aromaterapie, esen\u021b\u0103 pentru \u00eengrijirea pielii, aceast\u0103 sticl\u0103 se poate descurca cu u\u0219urin\u021b\u0103. Capacitatea mic\u0103 este convenabil\u0103 pentru depozitarea pe masa de toalet\u0103, rafturile de v\u00e2nzare cu am\u0103nuntul sau cutiile cadou, f\u0103c\u00e2nd ca produsul dvs. s\u0103 ias\u0103 \u00een eviden\u021b\u0103 \u00een orice scen\u0103.<\/p>\n<h2>Specifica\u021bii cheie<\/h2>\n<table>\n<thead>\n<tr>\n<th><strong>Atribut<\/strong><\/th>\n<th><strong>Detalii<\/strong><\/th>\n<\/tr>\n<\/thead>\n<tbody>\n<tr>\n<td>Model<\/td>\n<td>PB-BF07<\/td>\n<\/tr>\n<tr>\n<td>Capacitate<\/td>\n<td>50 ml<\/td>\n<\/tr>\n<tr>\n<td>Material<\/td>\n<td>Sticl\u0103 de cristal + Metal + PE<\/td>\n<\/tr>\n<tr>\n<td>Dimensiuni<\/td>\n<td>41 * <em>30 * <\/em>107 mm<\/td>\n<\/tr>\n<tr>\n<td>Tip de etan\u0219are<\/td>\n<td>Pulverizator (atomizor)<\/td>\n<\/tr>\n<tr>\n<td>Op\u021biuni de culoare<\/td>\n<td>Sticl\u0103 transparent\u0103 cu capac argintiu<\/td>\n<\/tr>\n<tr>\n<td>Personalizare<\/td>\n<td>Gravuri, imprimare UV, glazurare etc.<\/td>\n<\/tr>\n<\/tbody>\n<\/table>\n<h2>\u00cembun\u0103t\u0103\u021bi\u021bi ambalajul parfumului dvs.<\/h2>\n<p>Crea\u021bi o impresie de durat\u0103 cu aceast\u0103 sticl\u0103 de parfum de 50 ml. Nu mai c\u0103uta\u021bi - fabrica noastr\u0103 ofer\u0103 aprovizionare stabil\u0103, ambalare sigur\u0103 \u0219i solu\u021bii personalizate. Alege\u021bi sticlele noastre de parfum pentru a satisface nevoia de lux a clientului dvs. Contacta\u021bi-ne ast\u0103zi pentru a v\u0103 crea un cont \u0219i a solicita o ofert\u0103 etapizat\u0103!<\/p>","protected":false},"excerpt":{"rendered":"<p>Fabricat pentru sofisticare, nostru <strong>Sticl\u0103 de sticl\u0103 pentru parfum 50ml<\/strong>\u00a0are o form\u0103 dreptunghiular\u0103 elegant\u0103, cu linii geometrice ascu\u021bite \u0219i margini netede.<\/p>","protected":false},"featured_media":2551,"comment_status":"open","ping_status":"closed","template":"","meta":{"_acf_changed":false,"site-sidebar-layout":"default","site-content-layout":"","ast-site-content-layout":"default","site-content-style":"default","site-sidebar-style":"default","ast-global-header-display":"","ast-banner-title-visibility":"","ast-main-header-display":"","ast-hfb-above-header-display":"","ast-hfb-below-header-display":"","ast-hfb-mobile-header-display":"","site-post-title":"","ast-breadcrumbs-content":"","ast-featured-img":"","footer-sml-layout":"","ast-disable-related-posts":"","theme-transparent-header-meta":"default","adv-header-id-meta":"","stick-header-meta":"","header-above-stick-meta":"","header-main-stick-meta":"","header-below-stick-meta":"","astra-migrate-meta-layouts":"set","ast-page-background-enabled":"default","ast-page-background-meta":{"desktop":{"background-color":"var(--ast-global-color-5)","background-image":"","background-repeat":"repeat","background-position":"center center","background-size":"auto","background-attachment":"scroll","background-type":"","background-media":"","overlay-type":"","overlay-color":"","overlay-opacity":"","overlay-gradient":""},"tablet":{"background-color":"","background-image":"","background-repeat":"repeat","background-position":"center center","background-size":"auto","background-attachment":"scroll","background-type":"","background-media":"","overlay-type":"","overlay-color":"","overlay-opacity":"","overlay-gradient":""},"mobile":{"background-color":"","background-image":"","background-repeat":"repeat","background-position":"center center","background-size":"auto","background-attachment":"scroll","background-type":"","background-media":"","overlay-type":"","overlay-color":"","overlay-opacity":"","overlay-gradient":""}},"ast-content-background-meta":{"desktop":{"background-color":"var(--ast-global-color-4)","background-image":"","background-repeat":"repeat","background-position":"center center","background-size":"auto","background-attachment":"scroll","background-type":"","background-media":"","overlay-type":"","overlay-color":"","overlay-opacity":"","overlay-gradient":""},"tablet":{"background-color":"var(--ast-global-color-4)","background-image":"","background-repeat":"repeat","background-position":"center center","background-size":"auto","background-attachment":"scroll","background-type":"","background-media":"","overlay-type":"","overlay-color":"","overlay-opacity":"","overlay-gradient":""},"mobile":{"background-color":"var(--ast-global-color-4)","background-image":"","background-repeat":"repeat","background-position":"center center","background-size":"auto","background-attachment":"scroll","background-type":"","background-media":"","overlay-type":"","overlay-color":"","overlay-opacity":"","overlay-gradient":""}}},"product_brand":[],"product_cat":[72,41],"product_tag":[89],"class_list":{"0":"post-2550","1":"product","2":"type-product","3":"status-publish","4":"has-post-thumbnail","6":"product_cat-cosmetic-packaging","7":"product_cat-perfume-bottles","8":"product_tag-perfume-bottle","9":"desktop-align-left","10":"tablet-align-left","11":"mobile-align-left","13":"first","14":"instock","15":"shipping-taxable","16":"product-type-simple"},"acf":[],"jetpack_sharing_enabled":true,"_links":{"self":[{"href":"https:\/\/theperfumebottles.com\/ro\/wp-json\/wp\/v2\/product\/2550","targetHints":{"allow":["GET"]}}],"collection":[{"href":"https:\/\/theperfumebottles.com\/ro\/wp-json\/wp\/v2\/product"}],"about":[{"href":"https:\/\/theperfumebottles.com\/ro\/wp-json\/wp\/v2\/types\/product"}],"replies":[{"embeddable":true,"href":"https:\/\/theperfumebottles.com\/ro\/wp-json\/wp\/v2\/comments?post=2550"}],"wp:featuredmedia":[{"embeddable":true,"href":"https:\/\/theperfumebottles.com\/ro\/wp-json\/wp\/v2\/media\/2551"}],"wp:attachment":[{"href":"https:\/\/theperfumebottles.com\/ro\/wp-json\/wp\/v2\/media?parent=2550"}],"wp:term":[{"taxonomy":"product_brand","embeddable":true,"href":"https:\/\/theperfumebottles.com\/ro\/wp-json\/wp\/v2\/product_brand?post=2550"},{"taxonomy":"product_cat","embeddable":true,"href":"https:\/\/theperfumebottles.com\/ro\/wp-json\/wp\/v2\/product_cat?post=2550"},{"taxonomy":"product_tag","embeddable":true,"href":"https:\/\/theperfumebottles.com\/ro\/wp-json\/wp\/v2\/product_tag?post=2550"}],"curies":[{"name":"wp","href":"https:\/\/api.w.org\/{rel}","templated":true}]}}