{"id":2573,"date":"2025-03-10T06:34:47","date_gmt":"2025-03-10T06:34:47","guid":{"rendered":"https:\/\/theperfumebottles.com\/?post_type=product&#038;p=2573"},"modified":"2026-01-12T10:46:54","modified_gmt":"2026-01-12T02:46:54","slug":"custom-perfume-bottles-mens-cologne-bottles","status":"publish","type":"product","link":"https:\/\/theperfumebottles.com\/ro\/produs\/custom-perfume-bottles-mens-cologne-bottles\/","title":{"rendered":"Sticle de parfum din sticl\u0103 personalizate dreptunghiulare de 50 ml\/100 ml"},"content":{"rendered":"<p>Sticlu\u021b\u0103 exclusivist\u0103 de ap\u0103 de colonie pentru b\u0103rba\u021bi, cu capacitate dubl\u0103 de 50ml\/100ml. Sticla de cristal t\u0103iat\u0103 unghiular este la fel de clar\u0103 ca chihlimbarul \u0219i este asortat\u0103 cu un capac de sticl\u0103 din metal negru mat pentru a crea un contrast \u00eentre duritate \u0219i moliciune. Fundul \u00eengro\u0219at al sticlei st\u0103 ferm pe mas\u0103, satisf\u0103c\u00e2nd cu u\u0219urin\u021b\u0103 nevoile zilnice sau de c\u0103l\u0103torie. De la arta vizual\u0103 a m\u0103su\u021bei de toalet\u0103 la precipitarea tactil\u0103 \u00een palma m\u00e2inii, fiecare detaliu echilibreaz\u0103 designul ra\u021bional \u0219i experien\u021ba emo\u021bional\u0103.<\/p>\n<h2>Specifica\u021bii cheie<\/h2>\n<table style=\"border-collapse: collapse;margin-left: auto;margin-right: auto;width: 443.27pt\" border=\"0\" width=\"591\" cellspacing=\"0\" cellpadding=\"0\">\n<tbody>\n<tr style=\"height: 17.25pt\">\n<td class=\"et2\" style=\"height: 17.25pt;width: 139.50pt\" width=\"186\" height=\"23\"><strong>Model<\/strong><\/td>\n<td class=\"et2\" style=\"width: 139.50pt\" width=\"186\"><strong>PB-BF1001<\/strong><\/td>\n<td class=\"et2\" style=\"width: 164.25pt\" width=\"219\"><strong>PB-BF1002<\/strong><\/td>\n<\/tr>\n<tr style=\"height: 17.25pt\">\n<td class=\"et3\" style=\"height: 17.25pt;width: 139.50pt\" width=\"186\" height=\"23\"><strong>Capacitate<\/strong><\/td>\n<td class=\"et3\" style=\"width: 139.50pt\" width=\"186\">50 ml<\/td>\n<td class=\"et3\" style=\"width: 164.25pt\" width=\"219\">100 ml<\/td>\n<\/tr>\n<tr style=\"height: 17.25pt\">\n<td class=\"et3\" style=\"height: 17.25pt;width: 139.50pt\" width=\"186\" height=\"23\"><strong>Dimensiuni (H\u00d7W\u00d7D)<\/strong><\/td>\n<td class=\"et3\" style=\"width: 139.50pt\" width=\"186\">82\u00d754\u00d729 mm<\/td>\n<td class=\"et3\" style=\"width: 164.25pt\" width=\"219\">107\u00d772\u00d731 mm<\/td>\n<\/tr>\n<tr style=\"height: 17.25pt\">\n<td class=\"et3\" style=\"height: 17.25pt;width: 139.50pt\" width=\"186\" height=\"23\"><strong>Culoarea capacului<\/strong><\/td>\n<td class=\"et3\" style=\"width: 139.50pt\" width=\"186\">Negru<\/td>\n<td class=\"et3\" style=\"width: 164.25pt\" width=\"219\">Negru<\/td>\n<\/tr>\n<tr style=\"height: 17.25pt\">\n<td class=\"et3\" style=\"height: 17.25pt;width: 139.50pt\" width=\"186\" height=\"23\"><strong>Material<\/strong><\/td>\n<td class=\"et3\" style=\"width: 139.50pt\" width=\"186\">Sticl\u0103 de cristal<\/td>\n<td class=\"et3\" style=\"width: 164.25pt\" width=\"219\">Sticl\u0103 de cristal<\/td>\n<\/tr>\n<tr style=\"height: 17.25pt\">\n<td class=\"et3\" style=\"height: 17.25pt;width: 139.50pt\" width=\"186\" height=\"23\"><strong>Tip de etan\u0219are<\/strong><\/td>\n<td class=\"et3\" style=\"width: 139.50pt\" width=\"186\">Pulverizare de sus<\/td>\n<td class=\"et3\" style=\"width: 164.25pt\" width=\"219\">Pulverizare de sus<\/td>\n<\/tr>\n<\/tbody>\n<\/table>\n<h2>\u00cembun\u0103t\u0103\u021be\u0219te-\u021bi brandul de parfumuri ast\u0103zi<\/h2>\n<p>Crea\u021bi experien\u021be de neuitat cu sticlele noastre de parfum personalizate. Alege\u021bi din modelele disponibile sau colabora\u021bi cu echipa noastr\u0103 pentru a\u00a0<em>crea\u021bi<\/em>\u00a0ambalaje de parfum de marc\u0103. Vizita\u021bi pagina noastr\u0103 de pornire pentru a c\u0103uta modele disponibile, pentru a solicita mostre sau pentru a deschide o\u00a0<em>cont<\/em>\u00a0pentru pre\u021buri cu ridicata. Ave\u021bi nevoie de stoc urgent? Furniz\u0103m at\u00e2t bunuri la vedere, c\u00e2t \u0219i loturi personalizate - \u00eentreba\u021bi acum pentru a v\u0103 asigura comanda!<\/p>","protected":false},"excerpt":{"rendered":"<p>Flaco de parfum exclusiv pentru b\u0103rba\u021bi, capacitate dual\u0103 50ml\/100ml. Sticla de cristal cu t\u0103iere angular\u0103 este la fel de clar\u0103 ca aurul, \u0219i [\u2026]<\/p>","protected":false},"featured_media":2574,"comment_status":"open","ping_status":"closed","template":"","meta":{"_acf_changed":false,"site-sidebar-layout":"default","site-content-layout":"","ast-site-content-layout":"default","site-content-style":"default","site-sidebar-style":"default","ast-global-header-display":"","ast-banner-title-visibility":"","ast-main-header-display":"","ast-hfb-above-header-display":"","ast-hfb-below-header-display":"","ast-hfb-mobile-header-display":"","site-post-title":"","ast-breadcrumbs-content":"","ast-featured-img":"","footer-sml-layout":"","ast-disable-related-posts":"","theme-transparent-header-meta":"default","adv-header-id-meta":"","stick-header-meta":"","header-above-stick-meta":"","header-main-stick-meta":"","header-below-stick-meta":"","astra-migrate-meta-layouts":"set","ast-page-background-enabled":"default","ast-page-background-meta":{"desktop":{"background-color":"var(--ast-global-color-5)","background-image":"","background-repeat":"repeat","background-position":"center center","background-size":"auto","background-attachment":"scroll","background-type":"","background-media":"","overlay-type":"","overlay-color":"","overlay-opacity":"","overlay-gradient":""},"tablet":{"background-color":"","background-image":"","background-repeat":"repeat","background-position":"center center","background-size":"auto","background-attachment":"scroll","background-type":"","background-media":"","overlay-type":"","overlay-color":"","overlay-opacity":"","overlay-gradient":""},"mobile":{"background-color":"","background-image":"","background-repeat":"repeat","background-position":"center center","background-size":"auto","background-attachment":"scroll","background-type":"","background-media":"","overlay-type":"","overlay-color":"","overlay-opacity":"","overlay-gradient":""}},"ast-content-background-meta":{"desktop":{"background-color":"var(--ast-global-color-4)","background-image":"","background-repeat":"repeat","background-position":"center center","background-size":"auto","background-attachment":"scroll","background-type":"","background-media":"","overlay-type":"","overlay-color":"","overlay-opacity":"","overlay-gradient":""},"tablet":{"background-color":"var(--ast-global-color-4)","background-image":"","background-repeat":"repeat","background-position":"center center","background-size":"auto","background-attachment":"scroll","background-type":"","background-media":"","overlay-type":"","overlay-color":"","overlay-opacity":"","overlay-gradient":""},"mobile":{"background-color":"var(--ast-global-color-4)","background-image":"","background-repeat":"repeat","background-position":"center center","background-size":"auto","background-attachment":"scroll","background-type":"","background-media":"","overlay-type":"","overlay-color":"","overlay-opacity":"","overlay-gradient":""}}},"product_brand":[],"product_cat":[72,41],"product_tag":[],"class_list":{"0":"post-2573","1":"product","2":"type-product","3":"status-publish","4":"has-post-thumbnail","6":"product_cat-cosmetic-packaging","7":"product_cat-perfume-bottles","8":"desktop-align-left","9":"tablet-align-left","10":"mobile-align-left","12":"first","13":"instock","14":"shipping-taxable","15":"product-type-simple"},"acf":[],"jetpack_sharing_enabled":true,"_links":{"self":[{"href":"https:\/\/theperfumebottles.com\/ro\/wp-json\/wp\/v2\/product\/2573","targetHints":{"allow":["GET"]}}],"collection":[{"href":"https:\/\/theperfumebottles.com\/ro\/wp-json\/wp\/v2\/product"}],"about":[{"href":"https:\/\/theperfumebottles.com\/ro\/wp-json\/wp\/v2\/types\/product"}],"replies":[{"embeddable":true,"href":"https:\/\/theperfumebottles.com\/ro\/wp-json\/wp\/v2\/comments?post=2573"}],"wp:featuredmedia":[{"embeddable":true,"href":"https:\/\/theperfumebottles.com\/ro\/wp-json\/wp\/v2\/media\/2574"}],"wp:attachment":[{"href":"https:\/\/theperfumebottles.com\/ro\/wp-json\/wp\/v2\/media?parent=2573"}],"wp:term":[{"taxonomy":"product_brand","embeddable":true,"href":"https:\/\/theperfumebottles.com\/ro\/wp-json\/wp\/v2\/product_brand?post=2573"},{"taxonomy":"product_cat","embeddable":true,"href":"https:\/\/theperfumebottles.com\/ro\/wp-json\/wp\/v2\/product_cat?post=2573"},{"taxonomy":"product_tag","embeddable":true,"href":"https:\/\/theperfumebottles.com\/ro\/wp-json\/wp\/v2\/product_tag?post=2573"}],"curies":[{"name":"wp","href":"https:\/\/api.w.org\/{rel}","templated":true}]}}