{"id":2588,"date":"2025-03-10T09:12:01","date_gmt":"2025-03-10T09:12:01","guid":{"rendered":"https:\/\/theperfumebottles.com\/?post_type=product&#038;p=2588"},"modified":"2025-05-28T18:09:05","modified_gmt":"2025-05-28T10:09:05","slug":"cologne-bottles-wholesale-custom-fragrance-packaging","status":"publish","type":"product","link":"https:\/\/theperfumebottles.com\/ro\/produs\/cologne-bottles-wholesale-custom-fragrance-packaging\/","title":{"rendered":"Sticle de colonie de 60ml, 80ml, 100ml, en-gros"},"content":{"rendered":"<p>Ideal\u0103 pentru sticlele de ap\u0103 de colonie en-gros, sticla noastr\u0103 de parfum PB-BF13 este conceput\u0103 pentru brandurile de parfumuri de lux. Aceasta are o form\u0103 dreptunghiular\u0103 rafinat\u0103, cu sticl\u0103 transparent\u0103 de cristal gros \u0219i un capac dreptunghiular negru \u00eendr\u0103zne\u021b. M\u0103sur\u00e2nd 53x35x116mm, aceast\u0103 sticl\u0103 de parfum combin\u0103 stabilitatea (printr-o baz\u0103 solid\u0103) cu o estetic\u0103 modern\u0103. Structura concav\u0103 curbat\u0103 special conceput\u0103 pe peretele interior al flaconului nu numai c\u0103 permite lichidului s\u0103 curg\u0103 mai natural, dar ofer\u0103, de asemenea, flaconului un nivel vizual profund. Disponibil \u00een trei capacit\u0103\u021bi de 60ml\/80ml\/100ml, este potrivit pentru uzura zilnic\u0103, m\u0103rimea de c\u0103l\u0103torie \u0219i edi\u021bia limitat\u0103 pentru a v\u0103 satisface diferitele nevoi.<\/p>\n<h2>Specifica\u021bii cheie<\/h2>\n<table style=\"border-collapse: collapse;margin-left: auto;margin-right: auto;width: 384.77pt\" border=\"0\" width=\"513\" cellspacing=\"0\" cellpadding=\"0\">\n<tbody>\n<tr style=\"height: 13.50pt\">\n<td style=\"height: 13.50pt;width: 127.50pt\" width=\"170\" height=\"18\">Atribut<\/td>\n<td style=\"width: 257.25pt\" width=\"343\">Detalii<\/td>\n<\/tr>\n<tr style=\"height: 13.50pt\">\n<td style=\"height: 13.50pt\" height=\"18\">Model<\/td>\n<td>PB-BF13<\/td>\n<\/tr>\n<tr style=\"height: 13.50pt\">\n<td style=\"height: 13.50pt\" height=\"18\">Op\u021biuni de capacitate<\/td>\n<td>60ml, 80ml, 100ml (flacon de ap\u0103 de colonie de 2 oz)<\/td>\n<\/tr>\n<tr style=\"height: 13.50pt\">\n<td style=\"height: 13.50pt\" height=\"18\">Dimensiuni<\/td>\n<td>53 x 35 x 116 mm<\/td>\n<\/tr>\n<tr style=\"height: 13.50pt\">\n<td style=\"height: 13.50pt\" height=\"18\">Material<\/td>\n<td>Sticl\u0103 de cristal, capac spray negru<\/td>\n<\/tr>\n<tr style=\"height: 13.50pt\">\n<td style=\"height: 13.50pt\" height=\"18\">Culoare<\/td>\n<td>Sticl\u0103 transparent\u0103, capac negru mat<\/td>\n<\/tr>\n<tr style=\"height: 13.50pt\">\n<td style=\"height: 13.50pt\" height=\"18\">Tip de etan\u0219are<\/td>\n<td>Spray top<\/td>\n<\/tr>\n<\/tbody>\n<\/table>\n<h2>Aplica\u021bii versatile pentru marcarea parfumurilor<\/h2>\n<p>Aceste sticle goale de parfum sunt concepute pentru ambalarea apei de colonie de lux, a parfumului sau a ce\u021bii parfumate. Potrivit pentru parfumuri de c\u0103l\u0103torie, serii de colec\u021bii limitate sau seturi de cadouri de vacan\u021b\u0103. Designul universal al parfumurilor masculine \u0219i feminine poate nu numai s\u0103 pun\u0103 \u00een eviden\u021b\u0103 moliciunea notelor florale ale femeilor, ci \u0219i s\u0103 transporte profunzimea apei de colonie pentru b\u0103rba\u021bi. Este potrivit \u00een special pentru brandurile de parfumuri high-end care urm\u0103resc un sentiment de limite f\u0103r\u0103 gen, realiz\u00e2nd o solu\u021bie elegant\u0103 a unei sticle pentru mai multe scenarii.<\/p>\n<h2>Parteneriat cu un produc\u0103tor de \u00eencredere<\/h2>\n<p>Ridica\u021bi-v\u0103 linia de parfumuri cu aceste sticle de parfum din sticl\u0103 premium. Indiferent dac\u0103 ave\u021bi nevoie de sticle de ap\u0103 de colonie en-gros, branding personalizat sau comenzi \u00een vrac de sticle de spray de 100 ml, fabrica noastr\u0103 garanteaz\u0103 un termen de execu\u021bie rapid, ambalare sigur\u0103 \u0219i conformitate cu exporturile. Contacta\u021bi-ne ast\u0103zi pentru a crea ambalaje de parfum personalizate care s\u0103 v\u0103 captiveze clien\u021bii!<\/p>","protected":false},"excerpt":{"rendered":"<p>Creat pentru brandingul parfumurilor de lux, flaconul nostru de parfum din sticl\u0103 Model PB-BF13 are o form\u0103 dreptunghiular\u0103 rafinat\u0103, cu sticl\u0103 transparent\u0103, de cristal gros \u0219i un capac dreptunghiular negru \u00eendr\u0103zne\u021b.<\/p>","protected":false},"featured_media":2592,"comment_status":"open","ping_status":"closed","template":"","meta":{"_acf_changed":false,"site-sidebar-layout":"default","site-content-layout":"","ast-site-content-layout":"default","site-content-style":"default","site-sidebar-style":"default","ast-global-header-display":"","ast-banner-title-visibility":"","ast-main-header-display":"","ast-hfb-above-header-display":"","ast-hfb-below-header-display":"","ast-hfb-mobile-header-display":"","site-post-title":"","ast-breadcrumbs-content":"","ast-featured-img":"","footer-sml-layout":"","ast-disable-related-posts":"","theme-transparent-header-meta":"default","adv-header-id-meta":"","stick-header-meta":"","header-above-stick-meta":"","header-main-stick-meta":"","header-below-stick-meta":"","astra-migrate-meta-layouts":"set","ast-page-background-enabled":"default","ast-page-background-meta":{"desktop":{"background-color":"var(--ast-global-color-5)","background-image":"","background-repeat":"repeat","background-position":"center center","background-size":"auto","background-attachment":"scroll","background-type":"","background-media":"","overlay-type":"","overlay-color":"","overlay-opacity":"","overlay-gradient":""},"tablet":{"background-color":"","background-image":"","background-repeat":"repeat","background-position":"center center","background-size":"auto","background-attachment":"scroll","background-type":"","background-media":"","overlay-type":"","overlay-color":"","overlay-opacity":"","overlay-gradient":""},"mobile":{"background-color":"","background-image":"","background-repeat":"repeat","background-position":"center center","background-size":"auto","background-attachment":"scroll","background-type":"","background-media":"","overlay-type":"","overlay-color":"","overlay-opacity":"","overlay-gradient":""}},"ast-content-background-meta":{"desktop":{"background-color":"var(--ast-global-color-4)","background-image":"","background-repeat":"repeat","background-position":"center center","background-size":"auto","background-attachment":"scroll","background-type":"","background-media":"","overlay-type":"","overlay-color":"","overlay-opacity":"","overlay-gradient":""},"tablet":{"background-color":"var(--ast-global-color-4)","background-image":"","background-repeat":"repeat","background-position":"center center","background-size":"auto","background-attachment":"scroll","background-type":"","background-media":"","overlay-type":"","overlay-color":"","overlay-opacity":"","overlay-gradient":""},"mobile":{"background-color":"var(--ast-global-color-4)","background-image":"","background-repeat":"repeat","background-position":"center center","background-size":"auto","background-attachment":"scroll","background-type":"","background-media":"","overlay-type":"","overlay-color":"","overlay-opacity":"","overlay-gradient":""}}},"product_brand":[],"product_cat":[41,72],"product_tag":[],"class_list":{"0":"post-2588","1":"product","2":"type-product","3":"status-publish","4":"has-post-thumbnail","6":"product_cat-perfume-bottles","7":"product_cat-cosmetic-packaging","8":"desktop-align-left","9":"tablet-align-left","10":"mobile-align-left","12":"first","13":"instock","14":"shipping-taxable","15":"product-type-simple"},"acf":[],"jetpack_sharing_enabled":true,"_links":{"self":[{"href":"https:\/\/theperfumebottles.com\/ro\/wp-json\/wp\/v2\/product\/2588","targetHints":{"allow":["GET"]}}],"collection":[{"href":"https:\/\/theperfumebottles.com\/ro\/wp-json\/wp\/v2\/product"}],"about":[{"href":"https:\/\/theperfumebottles.com\/ro\/wp-json\/wp\/v2\/types\/product"}],"replies":[{"embeddable":true,"href":"https:\/\/theperfumebottles.com\/ro\/wp-json\/wp\/v2\/comments?post=2588"}],"wp:featuredmedia":[{"embeddable":true,"href":"https:\/\/theperfumebottles.com\/ro\/wp-json\/wp\/v2\/media\/2592"}],"wp:attachment":[{"href":"https:\/\/theperfumebottles.com\/ro\/wp-json\/wp\/v2\/media?parent=2588"}],"wp:term":[{"taxonomy":"product_brand","embeddable":true,"href":"https:\/\/theperfumebottles.com\/ro\/wp-json\/wp\/v2\/product_brand?post=2588"},{"taxonomy":"product_cat","embeddable":true,"href":"https:\/\/theperfumebottles.com\/ro\/wp-json\/wp\/v2\/product_cat?post=2588"},{"taxonomy":"product_tag","embeddable":true,"href":"https:\/\/theperfumebottles.com\/ro\/wp-json\/wp\/v2\/product_tag?post=2588"}],"curies":[{"name":"wp","href":"https:\/\/api.w.org\/{rel}","templated":true}]}}