{"id":2595,"date":"2025-03-11T04:01:42","date_gmt":"2025-03-11T04:01:42","guid":{"rendered":"https:\/\/theperfumebottles.com\/?post_type=product&#038;p=2595"},"modified":"2026-04-08T16:16:49","modified_gmt":"2026-04-08T08:16:49","slug":"glass-cologne-bottles-custom-luxury-fragrance-containers","status":"publish","type":"product","link":"https:\/\/theperfumebottles.com\/ro\/produs\/glass-cologne-bottles-custom-luxury-fragrance-containers\/","title":{"rendered":"Sticle de colonie din sticl\u0103 personalizate de 30 ml, 50 ml \u0219i 100 ml"},"content":{"rendered":"<p>Aceste sticle dreptunghiulare din sticl\u0103 cristalin\u0103 pentru ap\u0103 de colonie combin\u0103 inteligent designul modern cu func\u021bii practice. Disponibile \u00een variante de 30 ml, 50 ml \u0219i 100 ml, cu capace violet deschis, verde deschis sau transparente, liniile ascu\u021bite ale sticlei \u0219i marginile mate \u0219i mate transmit un temperament neutru \u0219i elegant. Pot afi\u0219a perfect farmecul parfumului sau al apei de colonie.<\/p>\n<h2>Adaptare flexibil\u0103 la o varietate de scenarii<\/h2>\n<ul>\n<li><strong>Prob\u0103 de 30 ml: <\/strong>u\u0219or \u0219i portabil, potrivit pentru rucsacuri de prob\u0103 sau o experien\u021b\u0103 rapid\u0103 \u00een magazinele duty-free din aeroporturi.<\/li>\n<li><strong>Cutie cadou de 50 ml: <\/strong>Capacitate deosebit\u0103, perfect\u0103 pentru cadouri de s\u0103rb\u0103tori sau parfumuri hoteliere de \u00eenalt\u0103 calitate.<\/li>\n<li><strong>100 ml formaldehid\u0103: <\/strong>specifica\u021bii atmosferice, devenind un articol vedet\u0103 \u00een magazinele emblematice ale m\u0103rcii sau pe platformele de comer\u021b electronic.<\/li>\n<\/ul>\n<h2>Specifica\u021bii cheie: Op\u021biuni de sticl\u0103 de colonie de lux<\/h2>\n<p>&nbsp;<\/p>\n<table>\n<thead>\n<tr>\n<th>Model<\/th>\n<th>Capacitate<\/th>\n<th>Dimensiuni (mm)<\/th>\n<th>Op\u021biuni de culoare pentru capac<\/th>\n<th>Material<\/th>\n<\/tr>\n<\/thead>\n<tbody>\n<tr>\n<td>PB-BF1401<\/td>\n<td>30 ml<\/td>\n<td>36\u00d724\u00d790<\/td>\n<td>Mov deschis, Verde, Transparent<\/td>\n<td>Sticl\u0103 de cristal<\/td>\n<\/tr>\n<tr>\n<td>PB-BF1402<\/td>\n<td>50 ml<\/td>\n<td>45\u00d728\u00d7103<\/td>\n<td>Mov deschis, Verde, Transparent<\/td>\n<td>Sticl\u0103 de cristal<\/td>\n<\/tr>\n<tr>\n<td>PB-BF1403<\/td>\n<td>100 ml<\/td>\n<td>56\u00d727\u00d7132<\/td>\n<td>Mov deschis, Verde, Transparent<\/td>\n<td>Sticl\u0103 de cristal<\/td>\n<\/tr>\n<\/tbody>\n<\/table>\n<p><em>Toate modelele includ etan\u0219are prin pulverizare \u0219i capace cu diametrul de 15 mm.<\/em><\/p>\n<h2>Poveste de succes: Comand\u0103 personalizat\u0103 de la un brand californian de produse de \u00eengrijire pentru b\u0103rba\u021bi<\/h2>\n<p>Brandul californian de produse de \u00eengrijire pentru b\u0103rba\u021bi a selectat sticlele noastre de colonie din sticl\u0103 de 100 ml, pe care le-a personalizat cu o duz\u0103 de pulverizare neagr\u0103 mat\u0103. Designul personalizat al sticlei a dus la rezultate remarcabile, deoarece forma sa concav\u0103 unic\u0103 \u0219i duza de pulverizare dintr-o singur\u0103 bucat\u0103 au f\u0103cut ca produsul s\u0103 se diferen\u021bieze de articolele concurente din magazine, ceea ce a dus la o cre\u0219tere a v\u00e2nz\u0103rilor cu 40%, iar designul special al sticlei a produs o cre\u0219tere cu 25% a achizi\u021biilor repetate. Compania a comandat 500.000 de sticle de diferite dimensiuni dup\u0103 ce noua lor linie de parfumuri lemnoase\/picante a avut succes.<\/p>\n<h2>Colabora\u021bi cu un furnizor de \u00eencredere de sticle de colonie<\/h2>\n<p>\u00cen calitate de produc\u0103tori de top de sticle de parfum, oferim solu\u021bii complete:<\/p>\n<ul>\n<li>Aprovizionare rapid\u0103: Articole \u00een stoc disponibile pentru comenzi urgente<\/li>\n<li>Design personalizat: Adapta\u021bi formele, culorile \u0219i op\u021biunile de finisaj<\/li>\n<li>Export \u00een siguran\u021b\u0103: Ambalaje conforme \u0219i reduceri la comenzi \u00een vrac<\/li>\n<\/ul>\n<p>Contacta\u021bi-ne pentru a solicita mostre gratuite sau pentru a discuta despre sticle de parfum din sticl\u0103 personalizate pentru linia dvs. de parfumuri. \u00cembun\u0103t\u0103\u021bi\u021bi-v\u0103 ambalajele parfumurilor cu calitate direct din fabric\u0103 \u0219i pre\u021buri competitive!<\/p>","protected":false},"excerpt":{"rendered":"<p>Sticle de colonie de \u00eenalt\u0103 calitate, cu design p\u0103trat rafinat. Sticle de colonie din sticl\u0103, potrivite pentru parfumuri de lux \u0219i mostre de colonie. Mostre gratuite disponibile.<\/p>","protected":false},"featured_media":2599,"comment_status":"open","ping_status":"closed","template":"","meta":{"_acf_changed":false,"site-sidebar-layout":"default","site-content-layout":"","ast-site-content-layout":"default","site-content-style":"default","site-sidebar-style":"default","ast-global-header-display":"","ast-banner-title-visibility":"","ast-main-header-display":"","ast-hfb-above-header-display":"","ast-hfb-below-header-display":"","ast-hfb-mobile-header-display":"","site-post-title":"","ast-breadcrumbs-content":"","ast-featured-img":"","footer-sml-layout":"","ast-disable-related-posts":"","theme-transparent-header-meta":"default","adv-header-id-meta":"","stick-header-meta":"","header-above-stick-meta":"","header-main-stick-meta":"","header-below-stick-meta":"","astra-migrate-meta-layouts":"set","ast-page-background-enabled":"default","ast-page-background-meta":{"desktop":{"background-color":"var(--ast-global-color-5)","background-image":"","background-repeat":"repeat","background-position":"center center","background-size":"auto","background-attachment":"scroll","background-type":"","background-media":"","overlay-type":"","overlay-color":"","overlay-opacity":"","overlay-gradient":""},"tablet":{"background-color":"","background-image":"","background-repeat":"repeat","background-position":"center center","background-size":"auto","background-attachment":"scroll","background-type":"","background-media":"","overlay-type":"","overlay-color":"","overlay-opacity":"","overlay-gradient":""},"mobile":{"background-color":"","background-image":"","background-repeat":"repeat","background-position":"center center","background-size":"auto","background-attachment":"scroll","background-type":"","background-media":"","overlay-type":"","overlay-color":"","overlay-opacity":"","overlay-gradient":""}},"ast-content-background-meta":{"desktop":{"background-color":"var(--ast-global-color-4)","background-image":"","background-repeat":"repeat","background-position":"center center","background-size":"auto","background-attachment":"scroll","background-type":"","background-media":"","overlay-type":"","overlay-color":"","overlay-opacity":"","overlay-gradient":""},"tablet":{"background-color":"var(--ast-global-color-4)","background-image":"","background-repeat":"repeat","background-position":"center center","background-size":"auto","background-attachment":"scroll","background-type":"","background-media":"","overlay-type":"","overlay-color":"","overlay-opacity":"","overlay-gradient":""},"mobile":{"background-color":"var(--ast-global-color-4)","background-image":"","background-repeat":"repeat","background-position":"center center","background-size":"auto","background-attachment":"scroll","background-type":"","background-media":"","overlay-type":"","overlay-color":"","overlay-opacity":"","overlay-gradient":""}}},"product_brand":[],"product_cat":[91,72,41],"product_tag":[],"class_list":{"0":"post-2595","1":"product","2":"type-product","3":"status-publish","4":"has-post-thumbnail","6":"product_cat-custom-perfume-bottles","7":"product_cat-cosmetic-packaging","8":"product_cat-perfume-bottles","9":"desktop-align-left","10":"tablet-align-left","11":"mobile-align-left","13":"first","14":"instock","15":"shipping-taxable","16":"product-type-simple"},"acf":[],"jetpack_sharing_enabled":true,"_links":{"self":[{"href":"https:\/\/theperfumebottles.com\/ro\/wp-json\/wp\/v2\/product\/2595","targetHints":{"allow":["GET"]}}],"collection":[{"href":"https:\/\/theperfumebottles.com\/ro\/wp-json\/wp\/v2\/product"}],"about":[{"href":"https:\/\/theperfumebottles.com\/ro\/wp-json\/wp\/v2\/types\/product"}],"replies":[{"embeddable":true,"href":"https:\/\/theperfumebottles.com\/ro\/wp-json\/wp\/v2\/comments?post=2595"}],"wp:featuredmedia":[{"embeddable":true,"href":"https:\/\/theperfumebottles.com\/ro\/wp-json\/wp\/v2\/media\/2599"}],"wp:attachment":[{"href":"https:\/\/theperfumebottles.com\/ro\/wp-json\/wp\/v2\/media?parent=2595"}],"wp:term":[{"taxonomy":"product_brand","embeddable":true,"href":"https:\/\/theperfumebottles.com\/ro\/wp-json\/wp\/v2\/product_brand?post=2595"},{"taxonomy":"product_cat","embeddable":true,"href":"https:\/\/theperfumebottles.com\/ro\/wp-json\/wp\/v2\/product_cat?post=2595"},{"taxonomy":"product_tag","embeddable":true,"href":"https:\/\/theperfumebottles.com\/ro\/wp-json\/wp\/v2\/product_tag?post=2595"}],"curies":[{"name":"wp","href":"https:\/\/api.w.org\/{rel}","templated":true}]}}