{"id":2603,"date":"2025-03-11T06:35:46","date_gmt":"2025-03-11T06:35:46","guid":{"rendered":"https:\/\/theperfumebottles.com\/?post_type=product&#038;p=2603"},"modified":"2025-05-29T09:38:03","modified_gmt":"2025-05-29T01:38:03","slug":"customised-perfume-bottles-bulk-empty-fragrance-bottles","status":"publish","type":"product","link":"https:\/\/theperfumebottles.com\/ro\/produs\/customised-perfume-bottles-bulk-empty-fragrance-bottles\/","title":{"rendered":"Sticle de parfum personalizate de lux cu baz\u0103 groas\u0103 de 30 ml, 50 ml \u0219i 100 ml"},"content":{"rendered":"<h2>Sticlu\u021b\u0103 de parfum goal\u0103 de lux pentru branduri de lux<\/h2>\n<p>Conceput pentru brandurile care urm\u0103resc calitatea, acest flacon dreptunghiular de parfum din sticl\u0103 de cristal combin\u0103 inteligent elegan\u021ba \u0219i caracterul practic. Liniile netede ale flaconului, baza din sticl\u0103 groas\u0103 \u0219i designul neted al pulverizatorului fac ca fiecare utilizare s\u0103 fie plin\u0103 de ritual. Disponibil \u00een trei volume de 30 ml, 50 ml \u0219i 100 ml, cu capace negre, argintii sau transparente mat, nu numai c\u0103 arat\u0103 culoarea pur\u0103 a parfumului \/ coloniei, dar transmite \u0219i personalitatea m\u0103rcii prin detalii - fie c\u0103 este vorba de parfum pentru b\u0103rba\u021bi sau parfum pentru femei, pute\u021bi g\u0103si o modalitate unic\u0103 de a o exprima.<\/p>\n<table style=\"border-collapse: collapse;border: 0;margin-left: auto;margin-right: auto;width: 162.03pt\" border=\"0\" width=\"216\" cellspacing=\"0\" cellpadding=\"0\">\n<tbody>\n<tr style=\"height: 13.50pt;border: 0\">\n<td style=\"height: 13.50pt;width: 54.00pt\" width=\"72\" height=\"18\">\n<p><figure id=\"attachment_2605\" aria-describedby=\"caption-attachment-2605\" style=\"width: 300px\" class=\"wp-caption aligncenter\"><img fetchpriority=\"high\" decoding=\"async\" class=\"size-medium wp-image-2605\" src=\"https:\/\/theperfumebottles.com\/wp-content\/uploads\/2025\/03\/customised-perfume-bottles-bf1501-300x300.jpg\" alt=\"sticle de parfum personalizate\" width=\"300\" height=\"300\" srcset=\"https:\/\/theperfumebottles.com\/wp-content\/uploads\/2025\/03\/customised-perfume-bottles-bf1501-300x300.jpg 300w, https:\/\/theperfumebottles.com\/wp-content\/uploads\/2025\/03\/customised-perfume-bottles-bf1501-150x150.jpg 150w, https:\/\/theperfumebottles.com\/wp-content\/uploads\/2025\/03\/customised-perfume-bottles-bf1501-768x768.jpg 768w, https:\/\/theperfumebottles.com\/wp-content\/uploads\/2025\/03\/customised-perfume-bottles-bf1501-12x12.jpg 12w, https:\/\/theperfumebottles.com\/wp-content\/uploads\/2025\/03\/customised-perfume-bottles-bf1501-600x600.jpg 600w, https:\/\/theperfumebottles.com\/wp-content\/uploads\/2025\/03\/customised-perfume-bottles-bf1501-100x100.jpg 100w, https:\/\/theperfumebottles.com\/wp-content\/uploads\/2025\/03\/customised-perfume-bottles-bf1501.jpg 1000w\" sizes=\"(max-width: 300px) 100vw, 300px\" \/><figcaption id=\"caption-attachment-2605\" class=\"wp-caption-text\">Sticlu\u021be de parfum personalizate de 30 ml<\/figcaption><\/figure><\/td>\n<td style=\"width: 54.00pt\" width=\"72\">\n<p><figure id=\"attachment_2606\" aria-describedby=\"caption-attachment-2606\" style=\"width: 300px\" class=\"wp-caption aligncenter\"><img decoding=\"async\" class=\"size-medium wp-image-2606\" src=\"https:\/\/theperfumebottles.com\/wp-content\/uploads\/2025\/03\/customised-perfume-bottles-bf1502-300x300.jpg\" alt=\"sticle de parfum personalizate\" width=\"300\" height=\"300\" srcset=\"https:\/\/theperfumebottles.com\/wp-content\/uploads\/2025\/03\/customised-perfume-bottles-bf1502-300x300.jpg 300w, https:\/\/theperfumebottles.com\/wp-content\/uploads\/2025\/03\/customised-perfume-bottles-bf1502-150x150.jpg 150w, https:\/\/theperfumebottles.com\/wp-content\/uploads\/2025\/03\/customised-perfume-bottles-bf1502-768x768.jpg 768w, https:\/\/theperfumebottles.com\/wp-content\/uploads\/2025\/03\/customised-perfume-bottles-bf1502-12x12.jpg 12w, https:\/\/theperfumebottles.com\/wp-content\/uploads\/2025\/03\/customised-perfume-bottles-bf1502-600x600.jpg 600w, https:\/\/theperfumebottles.com\/wp-content\/uploads\/2025\/03\/customised-perfume-bottles-bf1502-100x100.jpg 100w, https:\/\/theperfumebottles.com\/wp-content\/uploads\/2025\/03\/customised-perfume-bottles-bf1502.jpg 1000w\" sizes=\"(max-width: 300px) 100vw, 300px\" \/><figcaption id=\"caption-attachment-2606\" class=\"wp-caption-text\">Sticle de parfum personalizate de 50 ml<\/figcaption><\/figure><\/td>\n<td style=\"width: 54.00pt\" width=\"72\">\n<p><figure id=\"attachment_2608\" aria-describedby=\"caption-attachment-2608\" style=\"width: 300px\" class=\"wp-caption aligncenter\"><img decoding=\"async\" class=\"size-medium wp-image-2608\" src=\"https:\/\/theperfumebottles.com\/wp-content\/uploads\/2025\/03\/perfume-spray-bottles-bulk-bf1503-300x300.jpg\" alt=\"flacoane spray pentru parfum vrac\" width=\"300\" height=\"300\" srcset=\"https:\/\/theperfumebottles.com\/wp-content\/uploads\/2025\/03\/perfume-spray-bottles-bulk-bf1503-300x300.jpg 300w, https:\/\/theperfumebottles.com\/wp-content\/uploads\/2025\/03\/perfume-spray-bottles-bulk-bf1503-150x150.jpg 150w, https:\/\/theperfumebottles.com\/wp-content\/uploads\/2025\/03\/perfume-spray-bottles-bulk-bf1503-768x768.jpg 768w, https:\/\/theperfumebottles.com\/wp-content\/uploads\/2025\/03\/perfume-spray-bottles-bulk-bf1503-12x12.jpg 12w, https:\/\/theperfumebottles.com\/wp-content\/uploads\/2025\/03\/perfume-spray-bottles-bulk-bf1503-600x600.jpg 600w, https:\/\/theperfumebottles.com\/wp-content\/uploads\/2025\/03\/perfume-spray-bottles-bulk-bf1503-100x100.jpg 100w, https:\/\/theperfumebottles.com\/wp-content\/uploads\/2025\/03\/perfume-spray-bottles-bulk-bf1503.jpg 1000w\" sizes=\"(max-width: 300px) 100vw, 300px\" \/><figcaption id=\"caption-attachment-2608\" class=\"wp-caption-text\">Sticle de parfum personalizate de 100 ml<\/figcaption><\/figure><\/td>\n<\/tr>\n<\/tbody>\n<\/table>\n<h2>Adaptare flexibil\u0103 la nevoile m\u0103rcii<\/h2>\n<ul>\n<li><strong>Prob\u0103 de 30 ml:<\/strong> u\u0219or \u0219i portabil, potrivit pentru testele magazinelor duty-free din aeroporturi sau pentru pachetele de experien\u021b\u0103 pentru clien\u021bi.<\/li>\n<li><strong>Cutie cadou de 50 ml:<\/strong> capacitate rafinat\u0103, un punct culminant al cadourilor de vacan\u021b\u0103 sau al parfumurilor hoteliere high-end.<\/li>\n<li><strong>100ml pachet flagship:<\/strong> specifica\u021bii atmosferice, potrivire perfect\u0103 pentru magazinele emblematice de marc\u0103 sau modelele principale de comer\u021b electronic.<\/li>\n<\/ul>\n<h2>Specifica\u021bii cheie<\/h2>\n<div class=\"hyc-common-markdown__table-wrapper\">\n<table>\n<thead>\n<tr>\n<th>Model<\/th>\n<th>Capacitate<\/th>\n<th>Dimensiuni (mm)<\/th>\n<th>Op\u021biuni plafon<\/th>\n<th>Material<\/th>\n<\/tr>\n<\/thead>\n<tbody>\n<tr>\n<td>PB-BF1501<\/td>\n<td>30 ml<\/td>\n<td>51\u00d733\u00d768<\/td>\n<td>Negru, Argint, Frosted<\/td>\n<td>Sticl\u0103 de cristal<\/td>\n<\/tr>\n<tr>\n<td>PB-BF1502<\/td>\n<td>50 ml<\/td>\n<td>56\u00d737\u00d782<\/td>\n<td>Negru, Argint, Frosted<\/td>\n<td>Sticl\u0103 de cristal<\/td>\n<\/tr>\n<tr>\n<td>PB-BF1503<\/td>\n<td>100 ml<\/td>\n<td>62\u00d740\u00d7117<\/td>\n<td>Negru, Argint, Frosted<\/td>\n<td>Sticl\u0103 de cristal<\/td>\n<\/tr>\n<\/tbody>\n<\/table>\n<\/div>\n<p><em>Toate modelele includ capace de pulverizare de 15 mm \u0219i modele dreptunghiulare cu margini netede.<\/em><\/p>\n<h2>Parteneriat cu un furnizor de top de sticle de parfum<\/h2>\n<p>Ca produc\u0103tori de \u00eencredere de sticle de parfum, oferim:<\/p>\n<ul>\n<li><strong>Comenzi \u00een vrac:<\/strong>\u00a0Pre\u021buri competitive pentru achizi\u021biile \u00een vrac de sticle de spray pentru parfum<\/li>\n<li><strong>Modele personalizate:<\/strong>\u00a0Personaliza\u021bi formele, grosimea sticlei \u0219i op\u021biunile de finisare<\/li>\n<li><strong>Livrare rapid\u0103:\u00a0<\/strong>Articole \u00een stoc gata pentru expediere imediat\u0103<\/li>\n<\/ul>\n<p>Solicita\u021bi o ofert\u0103 ast\u0103zi pentru a explora sticlele de parfum personalizate sau pentru a asigura comenzile \u00een vrac. L\u0103sa\u021bi-ne s\u0103 v\u0103 confec\u021bion\u0103m ambalajele pentru parfumuri de lux cu precizie \u0219i rapiditate!<\/p>","protected":false},"excerpt":{"rendered":"<p>\u00cembun\u0103t\u0103\u021bi\u021bi ambalajul parfumurilor dvs. cu recipientele noastre dreptunghiulare din sticl\u0103 de cristal, concepute pentru m\u0103rci de lux \u0219i comenzi \u00een vrac.<\/p>","protected":false},"featured_media":2606,"comment_status":"open","ping_status":"closed","template":"","meta":{"_acf_changed":false,"site-sidebar-layout":"default","site-content-layout":"","ast-site-content-layout":"default","site-content-style":"default","site-sidebar-style":"default","ast-global-header-display":"","ast-banner-title-visibility":"","ast-main-header-display":"","ast-hfb-above-header-display":"","ast-hfb-below-header-display":"","ast-hfb-mobile-header-display":"","site-post-title":"","ast-breadcrumbs-content":"","ast-featured-img":"","footer-sml-layout":"","ast-disable-related-posts":"","theme-transparent-header-meta":"default","adv-header-id-meta":"","stick-header-meta":"","header-above-stick-meta":"","header-main-stick-meta":"","header-below-stick-meta":"","astra-migrate-meta-layouts":"set","ast-page-background-enabled":"default","ast-page-background-meta":{"desktop":{"background-color":"var(--ast-global-color-5)","background-image":"","background-repeat":"repeat","background-position":"center center","background-size":"auto","background-attachment":"scroll","background-type":"","background-media":"","overlay-type":"","overlay-color":"","overlay-opacity":"","overlay-gradient":""},"tablet":{"background-color":"","background-image":"","background-repeat":"repeat","background-position":"center center","background-size":"auto","background-attachment":"scroll","background-type":"","background-media":"","overlay-type":"","overlay-color":"","overlay-opacity":"","overlay-gradient":""},"mobile":{"background-color":"","background-image":"","background-repeat":"repeat","background-position":"center center","background-size":"auto","background-attachment":"scroll","background-type":"","background-media":"","overlay-type":"","overlay-color":"","overlay-opacity":"","overlay-gradient":""}},"ast-content-background-meta":{"desktop":{"background-color":"var(--ast-global-color-4)","background-image":"","background-repeat":"repeat","background-position":"center center","background-size":"auto","background-attachment":"scroll","background-type":"","background-media":"","overlay-type":"","overlay-color":"","overlay-opacity":"","overlay-gradient":""},"tablet":{"background-color":"var(--ast-global-color-4)","background-image":"","background-repeat":"repeat","background-position":"center center","background-size":"auto","background-attachment":"scroll","background-type":"","background-media":"","overlay-type":"","overlay-color":"","overlay-opacity":"","overlay-gradient":""},"mobile":{"background-color":"var(--ast-global-color-4)","background-image":"","background-repeat":"repeat","background-position":"center center","background-size":"auto","background-attachment":"scroll","background-type":"","background-media":"","overlay-type":"","overlay-color":"","overlay-opacity":"","overlay-gradient":""}}},"product_brand":[],"product_cat":[41,72,91],"product_tag":[],"class_list":{"0":"post-2603","1":"product","2":"type-product","3":"status-publish","4":"has-post-thumbnail","6":"product_cat-perfume-bottles","7":"product_cat-cosmetic-packaging","8":"product_cat-custom-perfume-bottles","9":"desktop-align-left","10":"tablet-align-left","11":"mobile-align-left","13":"first","14":"instock","15":"shipping-taxable","16":"product-type-simple"},"acf":[],"jetpack_sharing_enabled":true,"_links":{"self":[{"href":"https:\/\/theperfumebottles.com\/ro\/wp-json\/wp\/v2\/product\/2603","targetHints":{"allow":["GET"]}}],"collection":[{"href":"https:\/\/theperfumebottles.com\/ro\/wp-json\/wp\/v2\/product"}],"about":[{"href":"https:\/\/theperfumebottles.com\/ro\/wp-json\/wp\/v2\/types\/product"}],"replies":[{"embeddable":true,"href":"https:\/\/theperfumebottles.com\/ro\/wp-json\/wp\/v2\/comments?post=2603"}],"wp:featuredmedia":[{"embeddable":true,"href":"https:\/\/theperfumebottles.com\/ro\/wp-json\/wp\/v2\/media\/2606"}],"wp:attachment":[{"href":"https:\/\/theperfumebottles.com\/ro\/wp-json\/wp\/v2\/media?parent=2603"}],"wp:term":[{"taxonomy":"product_brand","embeddable":true,"href":"https:\/\/theperfumebottles.com\/ro\/wp-json\/wp\/v2\/product_brand?post=2603"},{"taxonomy":"product_cat","embeddable":true,"href":"https:\/\/theperfumebottles.com\/ro\/wp-json\/wp\/v2\/product_cat?post=2603"},{"taxonomy":"product_tag","embeddable":true,"href":"https:\/\/theperfumebottles.com\/ro\/wp-json\/wp\/v2\/product_tag?post=2603"}],"curies":[{"name":"wp","href":"https:\/\/api.w.org\/{rel}","templated":true}]}}