{"id":2622,"date":"2025-03-12T06:50:06","date_gmt":"2025-03-12T06:50:06","guid":{"rendered":"https:\/\/theperfumebottles.com\/?post_type=product&#038;p=2622"},"modified":"2025-05-30T09:44:39","modified_gmt":"2025-05-30T01:44:39","slug":"25ml-silver-topped-mini-fragrance-bottles","status":"publish","type":"product","link":"https:\/\/theperfumebottles.com\/ro\/produs\/25ml-silver-topped-mini-fragrance-bottles\/","title":{"rendered":"Sticlu\u021be mini de parfum cu capac argintiu de 25 ml"},"content":{"rendered":"<p>Acest flacon de parfum din sticl\u0103 dreptunghiular\u0103 de 25 ml are un design elegant \u0219i o manoper\u0103 fin\u0103, special conceput pentru brandurile moderne high-end. Sticla transparent\u0103 de cristal cu margini te\u0219ite are un aspect simplu \u0219i \u00eengrijit \u0219i o senza\u021bie confortabil\u0103. capacul de pulverizare negru sau transparent \u0219i capacul de sticl\u0103 argintiu sunt simple \u0219i elegante. Corpul mic al sticlei \u0219i g\u00e2tul sticlei de 13 mm sunt u\u0219or de transportat \u0219i mai u\u0219or de integrat \u00een diverse ambalaje high-end. potrivit pentru parfum, ap\u0103 de colonie sau parfum personalizat, potrivit at\u00e2t pentru b\u0103rba\u021bi c\u00e2t \u0219i pentru femei.<\/p>\n<h2>O alegere elegant\u0103 pentru c\u0103l\u0103torii, un partener de calitate pentru m\u0103rci<\/h2>\n<p>Acest mini flacon de parfum este compact \u0219i portabil, perfect pentru c\u0103l\u0103torii, seturi de prob\u0103 sau colonii personalizate. Aspectul s\u0103u sofisticat va pune \u00een valoare seturile de cadouri, cutiile de abonamente \u0219i display-urile \u0219i este, de asemenea, potrivit pentru cadouri de parfumuri personalizate pentru promo\u021bii, nun\u021bi sau evenimente.<\/p>\n<h2>Specifica\u021bii cheie<\/h2>\n<div class=\"hyc-common-markdown__table-wrapper\">\n<table>\n<thead>\n<tr>\n<th>Parametru<\/th>\n<th>Detaliu<\/th>\n<\/tr>\n<\/thead>\n<tbody>\n<tr>\n<td>Model<\/td>\n<td>PB-BF1801<\/td>\n<\/tr>\n<tr>\n<td>Capacitate<\/td>\n<td>25 ml<\/td>\n<\/tr>\n<tr>\n<td>Dimensiuni<\/td>\n<td>52x21x68mm<\/td>\n<\/tr>\n<tr>\n<td>Material<\/td>\n<td>Sticl\u0103 cristalin\u0103 de \u00eenalt\u0103 calitate<\/td>\n<\/tr>\n<tr>\n<td>Op\u021biuni plafon<\/td>\n<td>Negru, transparent, argintiu Top<\/td>\n<\/tr>\n<tr>\n<td>Tip de etan\u0219are<\/td>\n<td>Pulverizare de sus<\/td>\n<\/tr>\n<tr>\n<td>Form\u0103<\/td>\n<td>Dreptunghiular cu margini te\u0219ite<\/td>\n<\/tr>\n<\/tbody>\n<\/table>\n<\/div>\n<h2>Lucra\u021bi cu furnizori de \u00eencredere<\/h2>\n<p>\u00cen calitate de produc\u0103tor profesionist de sticle de parfum, ne angaj\u0103m s\u0103 oferim o gam\u0103 complet\u0103 de servicii de asisten\u021b\u0103 pentru angrosi\u0219ti \u0219i m\u0103rci:<\/p>\n<ul>\n<li><strong>Aprovizionare gata de stocare:<\/strong> sus\u021binerea comenzilor de volume mari \u0219i a livr\u0103rii rapide.<\/li>\n<li><strong>Personalizare personalizat\u0103:<\/strong> forma sticlei, culoarea, metoda de sigilare \u0219i procesul de glazurare personalizabile.<\/li>\n<li><strong>Suport pentru ambalare:<\/strong> V\u0103 putem ajuta \u0219i cu designul ambalajelor! Suntem bucuro\u0219i s\u0103 cre\u0103m o solu\u021bie unic\u0103 de ambalare pentru dvs.<\/li>\n<\/ul>\n<p>Dori\u021bi s\u0103 personaliza\u021bi o sticl\u0103 de parfum unic\u0103? Nu ezita\u021bi s\u0103 vorbi\u021bi cu noi! Alege\u021bi-ne pentru a v\u0103 face parfumul mai elegant.<\/p>","protected":false},"excerpt":{"rendered":"<p>Descoperi\u021bi mini-sticle de parfum elegante de 25 ml cu capac argintiu - ambalaje de parfum din sticl\u0103 premium pentru m\u0103rci. Comenzi \u00een vrac \u0219i modele personalizate disponibile.<\/p>","protected":false},"featured_media":2625,"comment_status":"open","ping_status":"closed","template":"","meta":{"_acf_changed":false,"site-sidebar-layout":"default","site-content-layout":"","ast-site-content-layout":"default","site-content-style":"default","site-sidebar-style":"default","ast-global-header-display":"","ast-banner-title-visibility":"","ast-main-header-display":"","ast-hfb-above-header-display":"","ast-hfb-below-header-display":"","ast-hfb-mobile-header-display":"","site-post-title":"","ast-breadcrumbs-content":"","ast-featured-img":"","footer-sml-layout":"","ast-disable-related-posts":"","theme-transparent-header-meta":"default","adv-header-id-meta":"","stick-header-meta":"","header-above-stick-meta":"","header-main-stick-meta":"","header-below-stick-meta":"","astra-migrate-meta-layouts":"set","ast-page-background-enabled":"default","ast-page-background-meta":{"desktop":{"background-color":"var(--ast-global-color-5)","background-image":"","background-repeat":"repeat","background-position":"center center","background-size":"auto","background-attachment":"scroll","background-type":"","background-media":"","overlay-type":"","overlay-color":"","overlay-opacity":"","overlay-gradient":""},"tablet":{"background-color":"","background-image":"","background-repeat":"repeat","background-position":"center center","background-size":"auto","background-attachment":"scroll","background-type":"","background-media":"","overlay-type":"","overlay-color":"","overlay-opacity":"","overlay-gradient":""},"mobile":{"background-color":"","background-image":"","background-repeat":"repeat","background-position":"center center","background-size":"auto","background-attachment":"scroll","background-type":"","background-media":"","overlay-type":"","overlay-color":"","overlay-opacity":"","overlay-gradient":""}},"ast-content-background-meta":{"desktop":{"background-color":"var(--ast-global-color-4)","background-image":"","background-repeat":"repeat","background-position":"center center","background-size":"auto","background-attachment":"scroll","background-type":"","background-media":"","overlay-type":"","overlay-color":"","overlay-opacity":"","overlay-gradient":""},"tablet":{"background-color":"var(--ast-global-color-4)","background-image":"","background-repeat":"repeat","background-position":"center center","background-size":"auto","background-attachment":"scroll","background-type":"","background-media":"","overlay-type":"","overlay-color":"","overlay-opacity":"","overlay-gradient":""},"mobile":{"background-color":"var(--ast-global-color-4)","background-image":"","background-repeat":"repeat","background-position":"center center","background-size":"auto","background-attachment":"scroll","background-type":"","background-media":"","overlay-type":"","overlay-color":"","overlay-opacity":"","overlay-gradient":""}}},"product_brand":[],"product_cat":[41,72,74],"product_tag":[84],"class_list":{"0":"post-2622","1":"product","2":"type-product","3":"status-publish","4":"has-post-thumbnail","6":"product_cat-perfume-bottles","7":"product_cat-cosmetic-packaging","8":"product_cat-mini-perfume-bottles","9":"product_tag-fragrance-bottles","10":"desktop-align-left","11":"tablet-align-left","12":"mobile-align-left","14":"first","15":"instock","16":"shipping-taxable","17":"product-type-simple"},"acf":[],"jetpack_sharing_enabled":true,"_links":{"self":[{"href":"https:\/\/theperfumebottles.com\/ro\/wp-json\/wp\/v2\/product\/2622","targetHints":{"allow":["GET"]}}],"collection":[{"href":"https:\/\/theperfumebottles.com\/ro\/wp-json\/wp\/v2\/product"}],"about":[{"href":"https:\/\/theperfumebottles.com\/ro\/wp-json\/wp\/v2\/types\/product"}],"replies":[{"embeddable":true,"href":"https:\/\/theperfumebottles.com\/ro\/wp-json\/wp\/v2\/comments?post=2622"}],"wp:featuredmedia":[{"embeddable":true,"href":"https:\/\/theperfumebottles.com\/ro\/wp-json\/wp\/v2\/media\/2625"}],"wp:attachment":[{"href":"https:\/\/theperfumebottles.com\/ro\/wp-json\/wp\/v2\/media?parent=2622"}],"wp:term":[{"taxonomy":"product_brand","embeddable":true,"href":"https:\/\/theperfumebottles.com\/ro\/wp-json\/wp\/v2\/product_brand?post=2622"},{"taxonomy":"product_cat","embeddable":true,"href":"https:\/\/theperfumebottles.com\/ro\/wp-json\/wp\/v2\/product_cat?post=2622"},{"taxonomy":"product_tag","embeddable":true,"href":"https:\/\/theperfumebottles.com\/ro\/wp-json\/wp\/v2\/product_tag?post=2622"}],"curies":[{"name":"wp","href":"https:\/\/api.w.org\/{rel}","templated":true}]}}