{"id":2696,"date":"2025-03-14T09:32:49","date_gmt":"2025-03-14T09:32:49","guid":{"rendered":"https:\/\/theperfumebottles.com\/?post_type=product&#038;p=2696"},"modified":"2025-05-27T10:50:16","modified_gmt":"2025-05-27T02:50:16","slug":"50ml-100ml-empty-perfume-spray-bottles","status":"publish","type":"product","link":"https:\/\/theperfumebottles.com\/ro\/produs\/50ml-100ml-empty-perfume-spray-bottles\/","title":{"rendered":"Sticle goale de parfum cu pulverizator de 50 ml 100 ml"},"content":{"rendered":"<p>Aceste sticle goale de parfum sunt special proiectate pentru m\u0103rci care urm\u0103resc calitatea \u00eenalt\u0103. Fabricate din crystal glass de calitate superioar\u0103, sticla adopt\u0103 un design rectangular u\u0219or inclinat cu linii curate. Aspectul general este simplu \u0219i generos, eman\u00e2nd elegan\u021b\u0103 \u0219i senza\u021bie de \u00eenalt\u0103 clas\u0103 \u00eentr-un mod discret. Sticla transparent\u0103 poate ar\u0103ta perfect culoarea farmecei sau a colognei, f\u0103c\u00e2nd fiecare pic\u0103tur\u0103 de parfum plin\u0103 de atractie vizual\u0103. Cu un capac metalic albastru sau un capac negru mat, nu este doar versatil din punct de vedere al stilului, ci are \u0219i un temperament unic. Fundul sticlei sub\u021bire este stabil \u0219i solid, oferind o senza\u021bie de calm \u0219i lux \u00een m\u00e2na ta, fiind foarte potrivit pentru serii de parfum de \u00eenalt\u0103 clas\u0103 sau specializate.<\/p>\n<h2>alegere ideal\u0103 pentru crearea de parfume exclusiviste<\/h2>\n<p>Fie c\u0103 crea\u021bi o nou\u0103 m\u0103rc\u0103 sau lansa\u021bi o serie de parfumuri limitate, aceste sticle goale sunt parteneri de ambalare ideali. Suprafa\u021ba sticlei neted\u0103 sus\u021bine diverse metode de personalizare precum tip\u0103rirea, gravarea sau etichetarea, ajut\u00e2ndu-v\u0103 s\u0103 prezenta\u021bi u\u0219or personalitatea m\u0103rcii dumneavoastr\u0103.<\/p>\n<h2>Specifica\u021bii cheie: Precizie \u0219i calitate<\/h2>\n<div class=\"hyc-common-markdown__table-wrapper\">\n<table>\n<thead>\n<tr>\n<th>\u200b<strong>Specifica\u021bii<\/strong><\/th>\n<th>\u200b<strong>Detalii<\/strong><\/th>\n<\/tr>\n<\/thead>\n<tbody>\n<tr>\n<td>\u200b<strong>Modele<\/strong><\/td>\n<td>PB-BF1802 (50ml), PB-BF1803 (100ml)<\/td>\n<\/tr>\n<tr>\n<td>\u200b<strong>Dimensiuni<\/strong><\/td>\n<td>70 * 27 * 84 mm (50ml), 95 * 30 * 109 mm (100ml)<\/td>\n<\/tr>\n<tr>\n<td>\u200b<strong>Op\u021biuni plafon<\/strong><\/td>\n<td>Capac metalic albastru, Capac PE negru mat<\/td>\n<\/tr>\n<tr>\n<td>\u200b<strong>Form\u0103<\/strong><\/td>\n<td>Dreptunghiular cu margini u\u0219or te\u0219ite<\/td>\n<\/tr>\n<tr>\n<td>\u200b<strong>Material<\/strong><\/td>\n<td>Sticl\u0103 cristalin\u0103 de \u00eenalt\u0103 calitate<\/td>\n<\/tr>\n<tr>\n<td>\u200b<strong>Tip de etan\u0219are<\/strong><\/td>\n<td>Spray top<\/td>\n<\/tr>\n<\/tbody>\n<\/table>\n<\/div>\n<h2>Ridica\u021bi-v\u0103 brandul cu ambalaje premium<\/h2>\n<p>Dori\u021bi s\u0103 infuza\u021bi mai mult stil \u00een seria dvs. de parfum? Noi oferim dou\u0103 capacit\u0103\u021bi de 50 ml \u0219i 100 ml, iar culoarea capacului sticlei poate fi ales liber \u00een func\u021bie de stilul m\u0103rcii. Sus\u021binem comenzi \u00een cantit\u0103\u021bi mari, aprovizionare stabil\u0103 \u0219i ajut\u0103m la cre\u0219terea m\u0103rcii.<\/p>\n<p>V\u0103 \u00eencuraj\u0103m s\u0103 ne contacta\u021bi orice dat\u0103 pentru a crea \u00eempreun\u0103 ambalajul unic pentru parfumul dumneavoastr\u0103 \u2013 \u00eencep\u00e2nd cu o sticl\u0103, f\u0103c\u00e2nd m\u0103rca mai cald\u0103.<\/p>","protected":false},"excerpt":{"rendered":"<p>Sticlele noastre goale pentru spray de parfum sunt concepute pentru a ridica ambalajul parfumului dvs. cu o estetic\u0103 modern\u0103 \u0219i rafinat\u0103.<\/p>","protected":false},"featured_media":2697,"comment_status":"open","ping_status":"closed","template":"","meta":{"_acf_changed":false,"site-sidebar-layout":"default","site-content-layout":"","ast-site-content-layout":"default","site-content-style":"default","site-sidebar-style":"default","ast-global-header-display":"","ast-banner-title-visibility":"","ast-main-header-display":"","ast-hfb-above-header-display":"","ast-hfb-below-header-display":"","ast-hfb-mobile-header-display":"","site-post-title":"","ast-breadcrumbs-content":"","ast-featured-img":"","footer-sml-layout":"","ast-disable-related-posts":"","theme-transparent-header-meta":"default","adv-header-id-meta":"","stick-header-meta":"","header-above-stick-meta":"","header-main-stick-meta":"","header-below-stick-meta":"","astra-migrate-meta-layouts":"set","ast-page-background-enabled":"default","ast-page-background-meta":{"desktop":{"background-color":"var(--ast-global-color-5)","background-image":"","background-repeat":"repeat","background-position":"center center","background-size":"auto","background-attachment":"scroll","background-type":"","background-media":"","overlay-type":"","overlay-color":"","overlay-opacity":"","overlay-gradient":""},"tablet":{"background-color":"","background-image":"","background-repeat":"repeat","background-position":"center center","background-size":"auto","background-attachment":"scroll","background-type":"","background-media":"","overlay-type":"","overlay-color":"","overlay-opacity":"","overlay-gradient":""},"mobile":{"background-color":"","background-image":"","background-repeat":"repeat","background-position":"center center","background-size":"auto","background-attachment":"scroll","background-type":"","background-media":"","overlay-type":"","overlay-color":"","overlay-opacity":"","overlay-gradient":""}},"ast-content-background-meta":{"desktop":{"background-color":"var(--ast-global-color-4)","background-image":"","background-repeat":"repeat","background-position":"center center","background-size":"auto","background-attachment":"scroll","background-type":"","background-media":"","overlay-type":"","overlay-color":"","overlay-opacity":"","overlay-gradient":""},"tablet":{"background-color":"var(--ast-global-color-4)","background-image":"","background-repeat":"repeat","background-position":"center center","background-size":"auto","background-attachment":"scroll","background-type":"","background-media":"","overlay-type":"","overlay-color":"","overlay-opacity":"","overlay-gradient":""},"mobile":{"background-color":"var(--ast-global-color-4)","background-image":"","background-repeat":"repeat","background-position":"center center","background-size":"auto","background-attachment":"scroll","background-type":"","background-media":"","overlay-type":"","overlay-color":"","overlay-opacity":"","overlay-gradient":""}}},"product_brand":[],"product_cat":[72,41],"product_tag":[],"class_list":{"0":"post-2696","1":"product","2":"type-product","3":"status-publish","4":"has-post-thumbnail","6":"product_cat-cosmetic-packaging","7":"product_cat-perfume-bottles","8":"desktop-align-left","9":"tablet-align-left","10":"mobile-align-left","12":"first","13":"instock","14":"shipping-taxable","15":"product-type-simple"},"acf":[],"jetpack_sharing_enabled":true,"_links":{"self":[{"href":"https:\/\/theperfumebottles.com\/ro\/wp-json\/wp\/v2\/product\/2696","targetHints":{"allow":["GET"]}}],"collection":[{"href":"https:\/\/theperfumebottles.com\/ro\/wp-json\/wp\/v2\/product"}],"about":[{"href":"https:\/\/theperfumebottles.com\/ro\/wp-json\/wp\/v2\/types\/product"}],"replies":[{"embeddable":true,"href":"https:\/\/theperfumebottles.com\/ro\/wp-json\/wp\/v2\/comments?post=2696"}],"wp:featuredmedia":[{"embeddable":true,"href":"https:\/\/theperfumebottles.com\/ro\/wp-json\/wp\/v2\/media\/2697"}],"wp:attachment":[{"href":"https:\/\/theperfumebottles.com\/ro\/wp-json\/wp\/v2\/media?parent=2696"}],"wp:term":[{"taxonomy":"product_brand","embeddable":true,"href":"https:\/\/theperfumebottles.com\/ro\/wp-json\/wp\/v2\/product_brand?post=2696"},{"taxonomy":"product_cat","embeddable":true,"href":"https:\/\/theperfumebottles.com\/ro\/wp-json\/wp\/v2\/product_cat?post=2696"},{"taxonomy":"product_tag","embeddable":true,"href":"https:\/\/theperfumebottles.com\/ro\/wp-json\/wp\/v2\/product_tag?post=2696"}],"curies":[{"name":"wp","href":"https:\/\/api.w.org\/{rel}","templated":true}]}}