{"id":2729,"date":"2025-03-17T06:08:29","date_gmt":"2025-03-17T06:08:29","guid":{"rendered":"https:\/\/theperfumebottles.com\/?post_type=product&#038;p=2729"},"modified":"2025-05-30T10:04:54","modified_gmt":"2025-05-30T02:04:54","slug":"little-perfume-bottles-empty-mini-containers-wholesale","status":"publish","type":"product","link":"https:\/\/theperfumebottles.com\/ro\/produs\/little-perfume-bottles-empty-mini-containers-wholesale\/","title":{"rendered":"Sticlu\u021be mici de parfum de 25 ml \u2013 Recipiente mini goale en-gros"},"content":{"rendered":"<p>Aceast\u0103 sticl\u0103 de parfum mini de 25 ml este conceput\u0103 pentru brandurile care urm\u0103resc calitatea. Este at\u00e2t la mod\u0103, c\u00e2t \u0219i practic\u0103 \u0219i eman\u0103 o textur\u0103 u\u0219oar\u0103 \u0219i luxoas\u0103 \u00een simplitate. Aceast\u0103 sticl\u0103 de parfum mini de 25 ml este disponibil\u0103 cu capace \u00een trei culori: auriu \u0219ampanie, argintiu oglind\u0103 \u0219i negru mat, potrivite pentru diferite stiluri de brand. Corpul transparent al sticlei arat\u0103 clar culoarea parfumului, iar designul inovator al duzei face ca pulverizarea s\u0103 fie delicat\u0103 \u0219i uniform\u0103, fiind u\u0219or de utilizat cu o singur\u0103 m\u00e2n\u0103. Designul modern, u\u0219or \u0219i luxos + detaliile rafinate sunt ideale pentru personalizarea brandului \u0219i achizi\u021biile \u00een vrac.<\/p>\n<h2>Aplica\u021bii versatile: de la mostre la colec\u021bii de lux<\/h2>\n<p>Aceast\u0103 mini sticlu\u021b\u0103 de parfum este ca un portavoce personal de parfumuri \u00een buzunar \u2013 fie c\u0103 este vorba de un parfum de c\u0103l\u0103torie, o colonie \u00een edi\u021bie limitat\u0103 sau un set de parfumuri de lux, este perfect\u0103. De dimensiunea palmei (41x25x77mm), poate con\u021bine cu u\u0219urin\u021b\u0103 parfumul delicat al femeilor sau respira\u021bia calm\u0103 a b\u0103rba\u021bilor. Este mai potrivit\u0103 ca atingere final\u0103 a unei cutii cadou de nunt\u0103 sau a unui set de parfumuri de lux.<\/p>\n<h2>Specifica\u021bii cheie<\/h2>\n<div class=\"hyc-common-markdown__table-wrapper\">\n<table>\n<thead>\n<tr>\n<th>Parametru<\/th>\n<th>Detaliu<\/th>\n<\/tr>\n<\/thead>\n<tbody>\n<tr>\n<td>Model<\/td>\n<td>PB-BF1901<\/td>\n<\/tr>\n<tr>\n<td>Capacitate<\/td>\n<td>25 ml<\/td>\n<\/tr>\n<tr>\n<td>Dimensiuni<\/td>\n<td>41 mm x 25 mm x 77 mm<\/td>\n<\/tr>\n<tr>\n<td>Culorile capacelor<\/td>\n<td>Aur lustruit, Argint, Negru mat<\/td>\n<\/tr>\n<tr>\n<td>Material<\/td>\n<td>Sticl\u0103 cristalin\u0103 de \u00eenalt\u0103 calitate<\/td>\n<\/tr>\n<tr>\n<td>Tip de \u00eenchidere<\/td>\n<td>Pulverizare de sus<\/td>\n<\/tr>\n<tr>\n<td>Op\u021biuni personalizate<\/td>\n<td>Gravur\u0103, Etichete, Finisaj Mat<\/td>\n<\/tr>\n<\/tbody>\n<\/table>\n<\/div>\n<h2>Solu\u021bii complete pentru brandul t\u0103u<\/h2>\n<p>\u00cen calitate de produc\u0103tor de \u00eencredere de sticle de parfum, oferim flexibilitate la comenzile \u00een vrac \u0219i articole \u00een stoc pentru o livrare rapid\u0103. Indiferent dac\u0103 ave\u021bi nevoie de sticle de parfum goale en-gros sau de ambalaje personalizate pentru parfum, fabrica noastr\u0103 ofer\u0103 solu\u021bii complete - de la forme \u0219i culori p\u00e2n\u0103 la \u00eenchideri \u0219i accesorii.<\/p>\n<h2>Ac\u021bioneaz\u0103 ast\u0103zi:<\/h2>\n<ul>\n<li>Solicita\u021bi mostre gratuite<\/li>\n<li>Exploreaz\u0103 op\u021biunile de finisaj personalizate<\/li>\n<li>Cump\u0103ra\u021bi cantit\u0103\u021bi mari cu ambalaje personalizate<\/li>\n<\/ul>\n<p>\u00cembun\u0103t\u0103\u021be\u0219te-\u021bi linia de parfumuri cu un recipient premium care reflect\u0103 sofisticarea brandului t\u0103u. Contacteaz\u0103-ne acum pentru a crea o colec\u021bie atemporal\u0103 de sticle cu pulverizator de parfum!<\/p>","protected":false},"excerpt":{"rendered":"<p>Create pentru branduri exigente, aceste sticlu\u021be de parfum de 25 ml combin\u0103 designul elegant cu func\u021bionalitatea premium.<\/p>","protected":false},"featured_media":2733,"comment_status":"open","ping_status":"closed","template":"","meta":{"_acf_changed":false,"site-sidebar-layout":"default","site-content-layout":"","ast-site-content-layout":"default","site-content-style":"default","site-sidebar-style":"default","ast-global-header-display":"","ast-banner-title-visibility":"","ast-main-header-display":"","ast-hfb-above-header-display":"","ast-hfb-below-header-display":"","ast-hfb-mobile-header-display":"","site-post-title":"","ast-breadcrumbs-content":"","ast-featured-img":"","footer-sml-layout":"","ast-disable-related-posts":"","theme-transparent-header-meta":"default","adv-header-id-meta":"","stick-header-meta":"","header-above-stick-meta":"","header-main-stick-meta":"","header-below-stick-meta":"","astra-migrate-meta-layouts":"set","ast-page-background-enabled":"default","ast-page-background-meta":{"desktop":{"background-color":"var(--ast-global-color-5)","background-image":"","background-repeat":"repeat","background-position":"center center","background-size":"auto","background-attachment":"scroll","background-type":"","background-media":"","overlay-type":"","overlay-color":"","overlay-opacity":"","overlay-gradient":""},"tablet":{"background-color":"","background-image":"","background-repeat":"repeat","background-position":"center center","background-size":"auto","background-attachment":"scroll","background-type":"","background-media":"","overlay-type":"","overlay-color":"","overlay-opacity":"","overlay-gradient":""},"mobile":{"background-color":"","background-image":"","background-repeat":"repeat","background-position":"center center","background-size":"auto","background-attachment":"scroll","background-type":"","background-media":"","overlay-type":"","overlay-color":"","overlay-opacity":"","overlay-gradient":""}},"ast-content-background-meta":{"desktop":{"background-color":"var(--ast-global-color-4)","background-image":"","background-repeat":"repeat","background-position":"center center","background-size":"auto","background-attachment":"scroll","background-type":"","background-media":"","overlay-type":"","overlay-color":"","overlay-opacity":"","overlay-gradient":""},"tablet":{"background-color":"var(--ast-global-color-4)","background-image":"","background-repeat":"repeat","background-position":"center center","background-size":"auto","background-attachment":"scroll","background-type":"","background-media":"","overlay-type":"","overlay-color":"","overlay-opacity":"","overlay-gradient":""},"mobile":{"background-color":"var(--ast-global-color-4)","background-image":"","background-repeat":"repeat","background-position":"center center","background-size":"auto","background-attachment":"scroll","background-type":"","background-media":"","overlay-type":"","overlay-color":"","overlay-opacity":"","overlay-gradient":""}}},"product_brand":[],"product_cat":[72,74,41],"product_tag":[],"class_list":{"0":"post-2729","1":"product","2":"type-product","3":"status-publish","4":"has-post-thumbnail","6":"product_cat-cosmetic-packaging","7":"product_cat-mini-perfume-bottles","8":"product_cat-perfume-bottles","9":"desktop-align-left","10":"tablet-align-left","11":"mobile-align-left","13":"first","14":"instock","15":"shipping-taxable","16":"product-type-simple"},"acf":[],"jetpack_sharing_enabled":true,"_links":{"self":[{"href":"https:\/\/theperfumebottles.com\/ro\/wp-json\/wp\/v2\/product\/2729","targetHints":{"allow":["GET"]}}],"collection":[{"href":"https:\/\/theperfumebottles.com\/ro\/wp-json\/wp\/v2\/product"}],"about":[{"href":"https:\/\/theperfumebottles.com\/ro\/wp-json\/wp\/v2\/types\/product"}],"replies":[{"embeddable":true,"href":"https:\/\/theperfumebottles.com\/ro\/wp-json\/wp\/v2\/comments?post=2729"}],"wp:featuredmedia":[{"embeddable":true,"href":"https:\/\/theperfumebottles.com\/ro\/wp-json\/wp\/v2\/media\/2733"}],"wp:attachment":[{"href":"https:\/\/theperfumebottles.com\/ro\/wp-json\/wp\/v2\/media?parent=2729"}],"wp:term":[{"taxonomy":"product_brand","embeddable":true,"href":"https:\/\/theperfumebottles.com\/ro\/wp-json\/wp\/v2\/product_brand?post=2729"},{"taxonomy":"product_cat","embeddable":true,"href":"https:\/\/theperfumebottles.com\/ro\/wp-json\/wp\/v2\/product_cat?post=2729"},{"taxonomy":"product_tag","embeddable":true,"href":"https:\/\/theperfumebottles.com\/ro\/wp-json\/wp\/v2\/product_tag?post=2729"}],"curies":[{"name":"wp","href":"https:\/\/api.w.org\/{rel}","templated":true}]}}