{"id":2734,"date":"2025-03-17T06:43:29","date_gmt":"2025-03-17T06:43:29","guid":{"rendered":"https:\/\/theperfumebottles.com\/?post_type=product&#038;p=2734"},"modified":"2026-04-08T15:31:41","modified_gmt":"2026-04-08T07:31:41","slug":"best-perfume-bottles-glass-perfume-bottles-wholesale","status":"publish","type":"product","link":"https:\/\/theperfumebottles.com\/ro\/produs\/best-perfume-bottles-glass-perfume-bottles-wholesale\/","title":{"rendered":"Cele mai bune sticle de parfum 50ml 100ml \u2013 Sticle de parfum din sticl\u0103 en-gros"},"content":{"rendered":"<h2>Infuzeaz\u0103-\u021bi brandul cu un sentiment de lux<\/h2>\n<p>Disponibil \u00een dimensiuni de 50 ml \u0219i 100 ml, potrivit pentru sticle de parfum din sticl\u0103 de prob\u0103, edi\u021bie complet\u0103 sau limitat\u0103, en-gros. Sticla dreptunghiular\u0103 rotunjit\u0103 este asociat\u0103 cu sticl\u0103 cristalin\u0103 groas\u0103, cu un luciu transparent \u0219i un sentiment de lux, integrat\u0103 perfect \u00een seria de parfumuri pentru b\u0103rba\u021bi\/femei pentru a construi o viziune unificat\u0103 a m\u0103rcii. Capacul sticlei este disponibil \u00een auriu lustruit, argintiu \u0219i negru mat, care se pot potrivi cu u\u0219urin\u021b\u0103 cu sistemul de culori al m\u0103rcii. Sticla transparent\u0103 arat\u0103 clar culoarea parfumului, designul pulveriz\u0103rii este precis \u0219i uniform, iar func\u021bionarea este lin\u0103, ceea ce \u00eembun\u0103t\u0103\u021be\u0219te experien\u021ba utilizatorului final.<\/p>\n<h2>Aplica\u021bii versatile: de la e\u0219antionare la parfumuri distinctive<\/h2>\n<p>Aceste sticle de parfum de cea mai bun\u0103 calitate sunt perfecte pentru colec\u021bii de sticle de 3,4 oz, flacoane de parfum de dimensiuni reduse pentru c\u0103l\u0103torie sau sticle de parfum \u00een edi\u021bie limitat\u0103. Designul lor elegant se potrive\u0219te liniilor de parfumuri de ni\u0219\u0103, expunerilor din magazine sau seturilor de cadouri personalizate. Fie c\u0103 este vorba de colonie sau parfum, acestea ofer\u0103 un aspect luxos \u00een toate aplica\u021biile.<\/p>\n<h2>Specifica\u021bii cheie: Sticle de parfum din sticl\u0103 premium<\/h2>\n<div class=\"hyc-common-markdown__table-wrapper\">\n<table>\n<thead>\n<tr>\n<th>Model<\/th>\n<th>Capacitate<\/th>\n<th>Dimensiuni (mm)<\/th>\n<th>Culorile capacelor<\/th>\n<th>Material<\/th>\n<th>\u00cenchidere<\/th>\n<\/tr>\n<\/thead>\n<tbody>\n<tr>\n<td>PB-BF1902<\/td>\n<td>50 ml<\/td>\n<td>53x31x73<\/td>\n<td>Auriu, Argintiu, Negru Mat<\/td>\n<td>Sticl\u0103 cristalin\u0103 de \u00eenalt\u0103 calitate<\/td>\n<td>Pulverizare de sus<\/td>\n<\/tr>\n<tr>\n<td>PB-BF1903<\/td>\n<td>50 ml<\/td>\n<td>43x30x88<\/td>\n<td>Auriu, Argintiu, Negru Mat<\/td>\n<td>Sticl\u0103 cristalin\u0103 de \u00eenalt\u0103 calitate<\/td>\n<td>Pulverizare de sus<\/td>\n<\/tr>\n<tr>\n<td>PB-BF1904<\/td>\n<td>100 ml<\/td>\n<td>57x38x107<\/td>\n<td>Auriu, Argintiu, Negru Mat<\/td>\n<td>Sticl\u0103 cristalin\u0103 de \u00eenalt\u0103 calitate<\/td>\n<td>Pulverizare de sus<\/td>\n<\/tr>\n<\/tbody>\n<\/table>\n<\/div>\n<h2>Poveste de succes: Comand\u0103 personalizat\u0103 de la o marc\u0103 de parfumuri de ni\u0219\u0103 din New York<\/h2>\n<p>Un brand de parfumuri de ni\u0219\u0103 din New York a ales serviciul nostru en-gros de sticle de parfum din sticl\u0103 pentru a crea produse personalizate prin utilizarea sticlelor din sticl\u0103 gri fumurie. Sticlele personalizate au ob\u021binut rezultate remarcabile: 40% dintre recenziile pozitive ale clien\u021bilor au men\u021bionat aspectul lor substan\u021bial \u0219i designul minimalist. Aspectul lor fotogenic a dus la o cre\u0219tere cu 300% a implic\u0103rii influencerilor pe re\u021belele sociale. Compania a decis s\u0103 achizi\u021bioneze 650.000 de sticle suplimentare, deoarece prima lor linie de produse a avut succes cu parfumuri concentrate \u0219i colabor\u0103ri artistice \u00een edi\u021bie limitat\u0103.<\/p>\n<h2><strong>Ac\u021bioneaz\u0103 acum pentru a-\u021bi promova brandul:<\/strong><\/h2>\n<ul>\n<li>Solicita\u021bi mostre gratuite din cele mai bune sticle de parfum ale noastre<\/li>\n<li>Exploreaz\u0103 op\u021biunile de gravare \u0219i finisare personalizate<\/li>\n<li>Cump\u0103ra\u021bi cantit\u0103\u021bi mari cu ambalaje personalizate<\/li>\n<\/ul>\n<p>Transform\u0103-\u021bi linia de parfumuri cu sticle de parfum de lux din sticl\u0103, en-gros \u2013 unde designul \u00eent\u00e2lne\u0219te me\u0219te\u0219ugul. Contacteaz\u0103-ne ast\u0103zi pentru a crea o colec\u021bie atemporal\u0103!<\/p>","protected":false},"excerpt":{"rendered":"<p>Sticle de parfum din sticl\u0103 premium, en-gros, pentru m\u0103rci de lux. Sticle de parfum personalizabile de 50 ml \u0219i 100 ml, cu capace aurii\/argintii\/negre mate lustruite.<\/p>","protected":false},"featured_media":2736,"comment_status":"open","ping_status":"closed","template":"","meta":{"_acf_changed":false,"site-sidebar-layout":"default","site-content-layout":"","ast-site-content-layout":"default","site-content-style":"default","site-sidebar-style":"default","ast-global-header-display":"","ast-banner-title-visibility":"","ast-main-header-display":"","ast-hfb-above-header-display":"","ast-hfb-below-header-display":"","ast-hfb-mobile-header-display":"","site-post-title":"","ast-breadcrumbs-content":"","ast-featured-img":"","footer-sml-layout":"","ast-disable-related-posts":"","theme-transparent-header-meta":"default","adv-header-id-meta":"","stick-header-meta":"","header-above-stick-meta":"","header-main-stick-meta":"","header-below-stick-meta":"","astra-migrate-meta-layouts":"set","ast-page-background-enabled":"default","ast-page-background-meta":{"desktop":{"background-color":"var(--ast-global-color-5)","background-image":"","background-repeat":"repeat","background-position":"center center","background-size":"auto","background-attachment":"scroll","background-type":"","background-media":"","overlay-type":"","overlay-color":"","overlay-opacity":"","overlay-gradient":""},"tablet":{"background-color":"","background-image":"","background-repeat":"repeat","background-position":"center center","background-size":"auto","background-attachment":"scroll","background-type":"","background-media":"","overlay-type":"","overlay-color":"","overlay-opacity":"","overlay-gradient":""},"mobile":{"background-color":"","background-image":"","background-repeat":"repeat","background-position":"center center","background-size":"auto","background-attachment":"scroll","background-type":"","background-media":"","overlay-type":"","overlay-color":"","overlay-opacity":"","overlay-gradient":""}},"ast-content-background-meta":{"desktop":{"background-color":"var(--ast-global-color-4)","background-image":"","background-repeat":"repeat","background-position":"center center","background-size":"auto","background-attachment":"scroll","background-type":"","background-media":"","overlay-type":"","overlay-color":"","overlay-opacity":"","overlay-gradient":""},"tablet":{"background-color":"var(--ast-global-color-4)","background-image":"","background-repeat":"repeat","background-position":"center center","background-size":"auto","background-attachment":"scroll","background-type":"","background-media":"","overlay-type":"","overlay-color":"","overlay-opacity":"","overlay-gradient":""},"mobile":{"background-color":"var(--ast-global-color-4)","background-image":"","background-repeat":"repeat","background-position":"center center","background-size":"auto","background-attachment":"scroll","background-type":"","background-media":"","overlay-type":"","overlay-color":"","overlay-opacity":"","overlay-gradient":""}}},"product_brand":[],"product_cat":[91,72,41],"product_tag":[],"class_list":{"0":"post-2734","1":"product","2":"type-product","3":"status-publish","4":"has-post-thumbnail","6":"product_cat-custom-perfume-bottles","7":"product_cat-cosmetic-packaging","8":"product_cat-perfume-bottles","9":"desktop-align-left","10":"tablet-align-left","11":"mobile-align-left","13":"first","14":"instock","15":"shipping-taxable","16":"product-type-simple"},"acf":[],"jetpack_sharing_enabled":true,"_links":{"self":[{"href":"https:\/\/theperfumebottles.com\/ro\/wp-json\/wp\/v2\/product\/2734","targetHints":{"allow":["GET"]}}],"collection":[{"href":"https:\/\/theperfumebottles.com\/ro\/wp-json\/wp\/v2\/product"}],"about":[{"href":"https:\/\/theperfumebottles.com\/ro\/wp-json\/wp\/v2\/types\/product"}],"replies":[{"embeddable":true,"href":"https:\/\/theperfumebottles.com\/ro\/wp-json\/wp\/v2\/comments?post=2734"}],"wp:featuredmedia":[{"embeddable":true,"href":"https:\/\/theperfumebottles.com\/ro\/wp-json\/wp\/v2\/media\/2736"}],"wp:attachment":[{"href":"https:\/\/theperfumebottles.com\/ro\/wp-json\/wp\/v2\/media?parent=2734"}],"wp:term":[{"taxonomy":"product_brand","embeddable":true,"href":"https:\/\/theperfumebottles.com\/ro\/wp-json\/wp\/v2\/product_brand?post=2734"},{"taxonomy":"product_cat","embeddable":true,"href":"https:\/\/theperfumebottles.com\/ro\/wp-json\/wp\/v2\/product_cat?post=2734"},{"taxonomy":"product_tag","embeddable":true,"href":"https:\/\/theperfumebottles.com\/ro\/wp-json\/wp\/v2\/product_tag?post=2734"}],"curies":[{"name":"wp","href":"https:\/\/api.w.org\/{rel}","templated":true}]}}