{"id":2787,"date":"2025-03-19T09:25:42","date_gmt":"2025-03-19T09:25:42","guid":{"rendered":"https:\/\/theperfumebottles.com\/?post_type=product&#038;p=2787"},"modified":"2025-05-30T15:39:08","modified_gmt":"2025-05-30T07:39:08","slug":"luxury-mens-cologne-black-bottles","status":"publish","type":"product","link":"https:\/\/theperfumebottles.com\/ro\/produs\/luxury-mens-cologne-black-bottles\/","title":{"rendered":"Ap\u0103 de colonie de lux pentru b\u0103rba\u021bi, 30 ml, 50 ml, 100 ml, sticle negre"},"content":{"rendered":"<h2>Sticle negre premium pentru ap\u0103 de colonie: Elegan\u021b\u0103 atemporal\u0103 pentru m\u0103rci moderne<\/h2>\n<p>Aceast\u0103 sticl\u0103 de cristal negru lucioas\u0103 de parfum este ca o noapte \u00eenghe\u021bat\u0103, iar liniile sticlei sunt combinate cu textura timpului, cre\u00e2nd un container misterios pentru colonia b\u0103rba\u021bilor. Culoarea \u00eenchis\u0103 translucid\u0103 face ca parfumul s\u0103 fie iluzoriu, a\u0219a cum este rochia neagr\u0103 pur\u0103 din garderoba unui b\u0103rbat care nu se\u6d88\u892a, cu un profiliu sc\u0103zut \u0219i un edge ascuns. Fie c\u0103 este tonul de lemn rece sau parfumul oriental cald, poate s\u0103 treac\u0103 grani\u021bele genului \u0219i s\u0103 g\u0103seasc\u0103 rezonan\u021b\u0103 sufleteasc\u0103 \u00een ad\u00e2ncimea negrei lucioase. Nozul de pas\u0103re personalizat \u0219i emblema gravat\u0103 cu laser fac fiecare detaliu o not\u0103 de subsol a nara\u021biunii brandului \u2013 c\u00e2nd cele trei capacit\u0103\u021bi de 30\/50\/100ml se \u00eent\u00e2lnesc cu coperta de sticl\u0103 geometric\u0103, fiecare sticl\u0103 de pe raft este o declara\u021bie t\u0103cut\u0103 a calit\u0103\u021bii, permi\u021b\u00e2nd brandului s\u0103 ias\u0103 \u00een eviden\u021b\u0103 pe pia\u021ba zgomotoas\u0103.<\/p>\n<h2>Aplica\u021bii \u0219i scenarii<\/h2>\n<p><strong>Aceste sticle de parfum negre sunt concepute pentru branduri care \u021bintesc pie\u021bele de lux \u0219i specializate:<\/strong><\/p>\n<ul>\n<li>\u200b<strong>Colonia de b\u0103rba\u021bi:<\/strong> Sticla neagr\u0103 lucioas\u0103 \u0219i forma p\u0103trat\u0103 evoc\u0103 masculinitatea, ideal\u0103 pentru colec\u021biile de sticle de coloni\u0103 negre pentru b\u0103rba\u021bi.<\/li>\n<li><strong>Perfumul de femei:<\/strong> P\u0103re\u0219te cu accente de aur pentru liniile de parfum de femei cu sticl\u0103 neagr\u0103.<\/li>\n<li><strong>Edi\u021bii limitate:<\/strong> Folose\u0219te gravare personalizat\u0103 pentru lans\u0103rile sezoniere sau exclusive.<\/li>\n<li>\u200b<strong>Cadouri corporative:<\/strong> Comenzi \u00een mas\u0103 cu con\u021binuturi de parfum etichetate \u00eembun\u0103t\u0103\u021besc cadourile B2B.<\/li>\n<\/ul>\n<h2>Specifica\u021bii tehnice<\/h2>\n<div class=\"hyc-common-markdown__table-wrapper\">\n<table>\n<thead>\n<tr>\n<th>\u200b<strong>Model<\/strong><\/th>\n<th>Capacitate<\/th>\n<th>Dimensiuni (mm)<\/th>\n<th>Culoarea sticlei<\/th>\n<th>Stil capac<\/th>\n<th>Material<\/th>\n<\/tr>\n<\/thead>\n<tbody>\n<tr>\n<td>PB-BM0601<\/td>\n<td>30 ml<\/td>\n<td>42x29x76<\/td>\n<td>Negru mat<\/td>\n<td>Negru lustruit<\/td>\n<td>Sticl\u0103 de cristal<\/td>\n<\/tr>\n<tr>\n<td>PB-BM0602<\/td>\n<td>50 ml<\/td>\n<td>51x28x91<\/td>\n<td>Negru mat<\/td>\n<td>Negru lustruit<\/td>\n<td>Sticl\u0103 de cristal<\/td>\n<\/tr>\n<tr>\n<td>PB-BM0603<\/td>\n<td>100 ml<\/td>\n<td>53x36x116<\/td>\n<td>Negru mat<\/td>\n<td>Negru lustruit<\/td>\n<td>Sticl\u0103 de cristal<\/td>\n<\/tr>\n<\/tbody>\n<\/table>\n<\/div>\n<h2>Solu\u021bii de personalizare \u0219i v\u00e2nzare en-gros<\/h2>\n<p>Ne specializ\u0103m \u00een<strong>solu\u021bii complete<\/strong>\u00a0pentru m\u0103rci:<\/p>\n<ul>\n<li>\u200b<strong>MOQ (minim valoare minim\u0103)<\/strong>: Comenzi \u00een vrac flexibile \u00eencep\u00e2nd de la 500 de unit\u0103\u021bi.<\/li>\n<li>\u200b<strong>Branding<\/strong>: Alege\u021bi imprimare, gravur\u0103 sau logo-uri \u00een relief.<\/li>\n<li>\u200b<strong>\u00cenchideri<\/strong>: Capace aurii\/argintii, capace magnetice sau \u00eenchideri personalizate.<\/li>\n<li>\u200b<strong>Ambalaj<\/strong>: Asocia\u021bi cutiile de lux sau cu husele ecologice.<\/li>\n<\/ul>\n<h2>\u00cembun\u0103t\u0103\u021bi\u021bi marca dvs. de parfum cu sticle negre<\/h2>\n<p>De la linii de sticle negre de ap\u0103 de colonie pentru b\u0103rba\u021bi la sticle negre de parfum pentru femei, modelele noastre \u00eembin\u0103 estetica elegant\u0103 \u0219i caracterul practic. Cu MOQ-uri reduse, ambalaje personalizate \u0219i flacoane de parfum din sticl\u0103 durabil\u0103, permitem m\u0103rcilor s\u0103 creeze parfumuri unice, premium, care captiveaz\u0103 consumatorii.<br \/>\nContacta\u021bi-ne ast\u0103zi pentru a discuta despre pre\u021burile cu ridicata \u0219i solu\u021biile personalizate pentru sticlele de spray pentru parfum!<\/p>","protected":false},"excerpt":{"rendered":"<p>Pentru brandurile care creeaz\u0103 sticle negre de ap\u0103 de colonie pentru b\u0103rba\u021bi sau colec\u021bii de sticle negre de parfum, modelele noastre din sticl\u0103 neagr\u0103 mat\u0103 redefinesc sofisticarea.<\/p>","protected":false},"featured_media":2792,"comment_status":"open","ping_status":"closed","template":"","meta":{"_acf_changed":false,"site-sidebar-layout":"default","site-content-layout":"","ast-site-content-layout":"default","site-content-style":"default","site-sidebar-style":"default","ast-global-header-display":"","ast-banner-title-visibility":"","ast-main-header-display":"","ast-hfb-above-header-display":"","ast-hfb-below-header-display":"","ast-hfb-mobile-header-display":"","site-post-title":"","ast-breadcrumbs-content":"","ast-featured-img":"","footer-sml-layout":"","ast-disable-related-posts":"","theme-transparent-header-meta":"default","adv-header-id-meta":"","stick-header-meta":"","header-above-stick-meta":"","header-main-stick-meta":"","header-below-stick-meta":"","astra-migrate-meta-layouts":"set","ast-page-background-enabled":"default","ast-page-background-meta":{"desktop":{"background-color":"var(--ast-global-color-5)","background-image":"","background-repeat":"repeat","background-position":"center center","background-size":"auto","background-attachment":"scroll","background-type":"","background-media":"","overlay-type":"","overlay-color":"","overlay-opacity":"","overlay-gradient":""},"tablet":{"background-color":"","background-image":"","background-repeat":"repeat","background-position":"center center","background-size":"auto","background-attachment":"scroll","background-type":"","background-media":"","overlay-type":"","overlay-color":"","overlay-opacity":"","overlay-gradient":""},"mobile":{"background-color":"","background-image":"","background-repeat":"repeat","background-position":"center center","background-size":"auto","background-attachment":"scroll","background-type":"","background-media":"","overlay-type":"","overlay-color":"","overlay-opacity":"","overlay-gradient":""}},"ast-content-background-meta":{"desktop":{"background-color":"var(--ast-global-color-4)","background-image":"","background-repeat":"repeat","background-position":"center center","background-size":"auto","background-attachment":"scroll","background-type":"","background-media":"","overlay-type":"","overlay-color":"","overlay-opacity":"","overlay-gradient":""},"tablet":{"background-color":"var(--ast-global-color-4)","background-image":"","background-repeat":"repeat","background-position":"center center","background-size":"auto","background-attachment":"scroll","background-type":"","background-media":"","overlay-type":"","overlay-color":"","overlay-opacity":"","overlay-gradient":""},"mobile":{"background-color":"var(--ast-global-color-4)","background-image":"","background-repeat":"repeat","background-position":"center center","background-size":"auto","background-attachment":"scroll","background-type":"","background-media":"","overlay-type":"","overlay-color":"","overlay-opacity":"","overlay-gradient":""}}},"product_brand":[],"product_cat":[79,72,91,41],"product_tag":[],"class_list":{"0":"post-2787","1":"product","2":"type-product","3":"status-publish","4":"has-post-thumbnail","6":"product_cat-black-perfume-bottles","7":"product_cat-cosmetic-packaging","8":"product_cat-custom-perfume-bottles","9":"product_cat-perfume-bottles","10":"desktop-align-left","11":"tablet-align-left","12":"mobile-align-left","14":"first","15":"instock","16":"shipping-taxable","17":"product-type-simple"},"acf":[],"jetpack_sharing_enabled":true,"_links":{"self":[{"href":"https:\/\/theperfumebottles.com\/ro\/wp-json\/wp\/v2\/product\/2787","targetHints":{"allow":["GET"]}}],"collection":[{"href":"https:\/\/theperfumebottles.com\/ro\/wp-json\/wp\/v2\/product"}],"about":[{"href":"https:\/\/theperfumebottles.com\/ro\/wp-json\/wp\/v2\/types\/product"}],"replies":[{"embeddable":true,"href":"https:\/\/theperfumebottles.com\/ro\/wp-json\/wp\/v2\/comments?post=2787"}],"wp:featuredmedia":[{"embeddable":true,"href":"https:\/\/theperfumebottles.com\/ro\/wp-json\/wp\/v2\/media\/2792"}],"wp:attachment":[{"href":"https:\/\/theperfumebottles.com\/ro\/wp-json\/wp\/v2\/media?parent=2787"}],"wp:term":[{"taxonomy":"product_brand","embeddable":true,"href":"https:\/\/theperfumebottles.com\/ro\/wp-json\/wp\/v2\/product_brand?post=2787"},{"taxonomy":"product_cat","embeddable":true,"href":"https:\/\/theperfumebottles.com\/ro\/wp-json\/wp\/v2\/product_cat?post=2787"},{"taxonomy":"product_tag","embeddable":true,"href":"https:\/\/theperfumebottles.com\/ro\/wp-json\/wp\/v2\/product_tag?post=2787"}],"curies":[{"name":"wp","href":"https:\/\/api.w.org\/{rel}","templated":true}]}}