{"id":2795,"date":"2025-03-20T08:59:46","date_gmt":"2025-03-20T08:59:46","guid":{"rendered":"https:\/\/theperfumebottles.com\/?post_type=product&#038;p=2795"},"modified":"2026-04-07T16:06:36","modified_gmt":"2026-04-07T08:06:36","slug":"custom-luxury-crystal-perfume-bottle-wholesale","status":"publish","type":"product","link":"https:\/\/theperfumebottles.com\/ro\/produs\/custom-luxury-crystal-perfume-bottle-wholesale\/","title":{"rendered":"Sticl\u0103 de parfum de cristal de lux personalizat\u0103 de 100 ml, en-gros"},"content":{"rendered":"<p>Sticla de parfum din cristal \u00ee\u0219i etaleaz\u0103 structura cubic\u0103 prin designul s\u0103u, care utilizeaz\u0103 material din sticl\u0103 transparent\u0103. Capacul con\u021bine dou\u0103 p\u0103r\u021bi distincte, care includ un inel metalic cu finisaj cromat lucios \u0219i con\u021bine duza de pulverizare, precum \u0219i un capac separat din cristal t\u0103iat.<\/p>\n<h2>Specifica\u021bii<\/h2>\n<div>\n<table class=\"aligncenter\" style=\"border-collapse: collapse; width: 300.77pt;\" border=\"0\" width=\"401\" cellspacing=\"0\" cellpadding=\"0\">\n<tbody>\n<tr style=\"height: 13.50pt;\">\n<td style=\"height: 13.50pt; width: 88.50pt;\" width=\"118\" height=\"18\">Caracteristic\u0103<\/td>\n<td style=\"width: 212.25pt;\" width=\"283\">Detalii<\/td>\n<\/tr>\n<tr style=\"height: 13.50pt;\">\n<td style=\"height: 13.50pt;\" height=\"18\">Capacitate<\/td>\n<td>100 ml (3,4 oz)<\/td>\n<\/tr>\n<tr style=\"height: 13.50pt;\">\n<td style=\"height: 13.50pt;\" height=\"18\">Material<\/td>\n<td>Sticl\u0103 cristalin\u0103, capac acrilic argintiu<\/td>\n<\/tr>\n<tr style=\"height: 13.50pt;\">\n<td style=\"height: 13.50pt;\" height=\"18\">Dimensiuni<\/td>\n<td>57\u00d757\u00d769 mm (form\u0103 p\u0103trat\u0103)<\/td>\n<\/tr>\n<tr style=\"height: 13.50pt;\">\n<td style=\"height: 13.50pt;\" height=\"18\">Personalizare<\/td>\n<td>Gravur\u0103, glazurare, imprimare UV<\/td>\n<\/tr>\n<tr style=\"height: 13.50pt;\">\n<td style=\"height: 13.50pt;\" height=\"18\">MOQ (minim valoare minim\u0103)<\/td>\n<td>Pre\u021buri competitive disponibile \u00een vrac<\/td>\n<\/tr>\n<tr style=\"height: 13.50pt;\">\n<td style=\"height: 13.50pt;\" height=\"18\">Transport<\/td>\n<td>Suport logistic global<\/td>\n<\/tr>\n<\/tbody>\n<\/table>\n<\/div>\n<h2>Poveste de succes<\/h2>\n<p>Acest brand francez de parfumuri a ales o sticl\u0103 de parfum din cristal antic \u0219i a comandat o sticl\u0103 de sticl\u0103 gri fumurie, personalizat\u0103, cu un design interior auriu. Sticla de parfum personalizat\u0103 a avut un mare succes deoarece designul s\u0103u vintage din cristal a atras puternic clien\u021bii, ceea ce a dus la o cre\u0219tere cu 300% a precomenzilor de la clien\u021bii existen\u021bi. Materialele \u0219i greutatea superioare au dus, de asemenea, la o cre\u0219tere cu 120% a pre\u021bului acestui parfum de lux. Marca a continuat s\u0103 comande 580.000 de sticle de parfum pe care le-a folosit pentru a-\u0219i lansa viitoarea colec\u021bie de parfumuri vintage.<\/p>\n<h2>Sugestii de personalizare a sticlei de parfum din cristal antic<\/h2>\n<ul>\n<li>Vitrina de ornamente de top prezint\u0103 multiple op\u021biuni, care includ diverse tipuri de pietre pre\u021bioase, cristale colorate \u0219i decora\u021biuni personalizate din sticl\u0103 care urmeaz\u0103 modelul exclusiv de design al m\u0103rcii.<\/li>\n<li>Op\u021biunile de finisaj metalic pentru inelul pomp\u0103 includ patru finisaje elaborate, care prev\u0103d placare cu aur de 24K, aur roz, rodiu negru \u0219i argint antic.<\/li>\n<li>Ornamentul magnetic superior are o pies\u0103 superioar\u0103 din cristal care se ata\u0219eaz\u0103 de suprafe\u021be cu un mecanism sigur \u0219i confortabil.<\/li>\n<\/ul>","protected":false},"excerpt":{"rendered":"<p>Pentru proprietarii de m\u0103rci \u0219i angrosi\u0219tii care doresc s\u0103 captiveze clien\u021bii exigen\u021bi, sticla de parfum din cristal de 3,4 oz \u00eembin\u0103 elegan\u021ba atemporal\u0103 cu func\u021bionalitatea modern\u0103.<\/p>","protected":false},"featured_media":2798,"comment_status":"open","ping_status":"closed","template":"","meta":{"_acf_changed":false,"site-sidebar-layout":"default","site-content-layout":"","ast-site-content-layout":"default","site-content-style":"default","site-sidebar-style":"default","ast-global-header-display":"","ast-banner-title-visibility":"","ast-main-header-display":"","ast-hfb-above-header-display":"","ast-hfb-below-header-display":"","ast-hfb-mobile-header-display":"","site-post-title":"","ast-breadcrumbs-content":"","ast-featured-img":"","footer-sml-layout":"","ast-disable-related-posts":"","theme-transparent-header-meta":"default","adv-header-id-meta":"","stick-header-meta":"","header-above-stick-meta":"","header-main-stick-meta":"","header-below-stick-meta":"","astra-migrate-meta-layouts":"set","ast-page-background-enabled":"default","ast-page-background-meta":{"desktop":{"background-color":"var(--ast-global-color-5)","background-image":"","background-repeat":"repeat","background-position":"center center","background-size":"auto","background-attachment":"scroll","background-type":"","background-media":"","overlay-type":"","overlay-color":"","overlay-opacity":"","overlay-gradient":""},"tablet":{"background-color":"","background-image":"","background-repeat":"repeat","background-position":"center center","background-size":"auto","background-attachment":"scroll","background-type":"","background-media":"","overlay-type":"","overlay-color":"","overlay-opacity":"","overlay-gradient":""},"mobile":{"background-color":"","background-image":"","background-repeat":"repeat","background-position":"center center","background-size":"auto","background-attachment":"scroll","background-type":"","background-media":"","overlay-type":"","overlay-color":"","overlay-opacity":"","overlay-gradient":""}},"ast-content-background-meta":{"desktop":{"background-color":"var(--ast-global-color-4)","background-image":"","background-repeat":"repeat","background-position":"center center","background-size":"auto","background-attachment":"scroll","background-type":"","background-media":"","overlay-type":"","overlay-color":"","overlay-opacity":"","overlay-gradient":""},"tablet":{"background-color":"var(--ast-global-color-4)","background-image":"","background-repeat":"repeat","background-position":"center center","background-size":"auto","background-attachment":"scroll","background-type":"","background-media":"","overlay-type":"","overlay-color":"","overlay-opacity":"","overlay-gradient":""},"mobile":{"background-color":"var(--ast-global-color-4)","background-image":"","background-repeat":"repeat","background-position":"center center","background-size":"auto","background-attachment":"scroll","background-type":"","background-media":"","overlay-type":"","overlay-color":"","overlay-opacity":"","overlay-gradient":""}}},"product_brand":[],"product_cat":[91,72,41],"product_tag":[],"class_list":{"0":"post-2795","1":"product","2":"type-product","3":"status-publish","4":"has-post-thumbnail","6":"product_cat-custom-perfume-bottles","7":"product_cat-cosmetic-packaging","8":"product_cat-perfume-bottles","9":"desktop-align-left","10":"tablet-align-left","11":"mobile-align-left","13":"first","14":"instock","15":"shipping-taxable","16":"product-type-simple"},"acf":[],"jetpack_sharing_enabled":true,"_links":{"self":[{"href":"https:\/\/theperfumebottles.com\/ro\/wp-json\/wp\/v2\/product\/2795","targetHints":{"allow":["GET"]}}],"collection":[{"href":"https:\/\/theperfumebottles.com\/ro\/wp-json\/wp\/v2\/product"}],"about":[{"href":"https:\/\/theperfumebottles.com\/ro\/wp-json\/wp\/v2\/types\/product"}],"replies":[{"embeddable":true,"href":"https:\/\/theperfumebottles.com\/ro\/wp-json\/wp\/v2\/comments?post=2795"}],"wp:featuredmedia":[{"embeddable":true,"href":"https:\/\/theperfumebottles.com\/ro\/wp-json\/wp\/v2\/media\/2798"}],"wp:attachment":[{"href":"https:\/\/theperfumebottles.com\/ro\/wp-json\/wp\/v2\/media?parent=2795"}],"wp:term":[{"taxonomy":"product_brand","embeddable":true,"href":"https:\/\/theperfumebottles.com\/ro\/wp-json\/wp\/v2\/product_brand?post=2795"},{"taxonomy":"product_cat","embeddable":true,"href":"https:\/\/theperfumebottles.com\/ro\/wp-json\/wp\/v2\/product_cat?post=2795"},{"taxonomy":"product_tag","embeddable":true,"href":"https:\/\/theperfumebottles.com\/ro\/wp-json\/wp\/v2\/product_tag?post=2795"}],"curies":[{"name":"wp","href":"https:\/\/api.w.org\/{rel}","templated":true}]}}