{"id":2801,"date":"2025-03-21T02:08:59","date_gmt":"2025-03-21T02:08:59","guid":{"rendered":"https:\/\/theperfumebottles.com\/?post_type=product&#038;p=2801"},"modified":"2026-04-08T15:16:34","modified_gmt":"2026-04-08T07:16:34","slug":"perfume-square-bottles-for-wholesale-custom-packaging","status":"publish","type":"product","link":"https:\/\/theperfumebottles.com\/ro\/produs\/perfume-square-bottles-for-wholesale-custom-packaging\/","title":{"rendered":"Sticle p\u0103trate de parfum de 100 ml pentru ambalare en-gros \u0219i personalizat\u0103"},"content":{"rendered":"<p>\u00cembun\u0103t\u0103\u021be\u0219te-\u021bi gama de parfumuri cu sticla noastr\u0103 p\u0103trat\u0103 de parfum PB-FZ02. Aceast\u0103 sticl\u0103 p\u0103trat\u0103 de parfum este fabricat\u0103 din sticl\u0103 cristalin\u0103 ultra-clar\u0103, cu pere\u021bi gro\u0219i. Capacul p\u0103trat negru lustruit spore\u0219te forma clasic\u0103 de prism\u0103 dreptunghiular\u0103, aduc\u00e2nd \u00een eviden\u021b\u0103 o calitate elegant\u0103 subtil\u0103.<\/p>\n<h2>Specifica\u021bii tehnice<\/h2>\n<div>\n<table class=\"aligncenter\" style=\"border-collapse: collapse; width: 318.77pt;\" border=\"0\" width=\"425\" cellspacing=\"0\" cellpadding=\"0\">\n<tbody>\n<tr style=\"height: 13.50pt;\">\n<td style=\"height: 13.50pt; width: 124.50pt;\" width=\"166\" height=\"18\">Caracteristic\u0103<\/td>\n<td style=\"width: 194.25pt;\" width=\"259\">Detaliu<\/td>\n<\/tr>\n<tr style=\"height: 13.50pt;\">\n<td style=\"height: 13.50pt;\" height=\"18\">Model<\/td>\n<td>PB-FZ02<\/td>\n<\/tr>\n<tr style=\"height: 13.50pt;\">\n<td style=\"height: 13.50pt;\" height=\"18\">Material<\/td>\n<td>Sticl\u0103 de cristal<\/td>\n<\/tr>\n<tr style=\"height: 13.50pt;\">\n<td style=\"height: 13.50pt;\" height=\"18\">Capacitate<\/td>\n<td>100 ml (3,4 oz)<\/td>\n<\/tr>\n<tr style=\"height: 13.50pt;\">\n<td style=\"height: 13.50pt;\" height=\"18\">Dimensiuni<\/td>\n<td>52 \u00d7 52 \u00d7 103 mm<\/td>\n<\/tr>\n<tr style=\"height: 13.50pt;\">\n<td style=\"height: 13.50pt;\" height=\"18\">Capac<\/td>\n<td>Capac p\u0103trat negru mat<\/td>\n<\/tr>\n<tr style=\"height: 13.50pt;\">\n<td style=\"height: 13.50pt;\" height=\"18\">Op\u021biuni de culoare<\/td>\n<td>Clar (culori personalizabile)<\/td>\n<\/tr>\n<tr style=\"height: 13.50pt;\">\n<td style=\"height: 13.50pt;\" height=\"18\">Personalizare<\/td>\n<td>Logo, gravare, op\u021biuni de finisare<\/td>\n<\/tr>\n<tr style=\"height: 13.50pt;\">\n<td style=\"height: 13.50pt;\" height=\"18\">Disponibilitatea mostrelor<\/td>\n<td>Furnizat<\/td>\n<\/tr>\n<tr style=\"height: 13.50pt;\">\n<td style=\"height: 13.50pt;\" height=\"18\">Comand\u0103 minim\u0103<\/td>\n<td>V\u00e2nzarea \u00een vrac\/angros<\/td>\n<\/tr>\n<\/tbody>\n<\/table>\n<\/div>\n<h2>Poveste de succes: Linia de produse emblematic\u0103 a unui brand minimalist din New York<\/h2>\n<p>Brandul de parfumuri minimaliste din New York a ales ambalajul nostru p\u0103trat personalizat pentru parfum, care include o sticl\u0103 personalizat\u0103 cu aspect mat \u0219i un logo alb serigrafiat. Designul a ob\u021binut un aspect minimalist curat, care a dus la o cre\u0219tere cu 50% a recunoa\u0219terii m\u0103rcii \u00een timpul testelor pe rafturi invizibile. Brandul \u0219i-a stabilit stilul caracteristic prin designul minimalist, care i-a permis s\u0103 ob\u021bin\u0103 o cre\u0219tere cu 300% a interac\u021biunilor pe re\u021belele sociale. Brandul a ob\u021binut un mare succes, plas\u00e2nd ulterior o comand\u0103 suplimentar\u0103 de 550.000 de sticle de parfum pentru a lansa o nou\u0103 linie de parfumuri de cas\u0103 \u0219i lum\u00e2n\u0103ri parfumate.<\/p>\n<h2>Sugestii de personalizare en-gros pentru sticle de pulverizare de 100 ml<\/h2>\n<ul>\n<li>Mecanismul de pulverizare premium prezint\u0103 mai multe pompe de pulverizare de \u00eenalt\u0103 calitate, care dispun de diferite modele de duze, inclusiv op\u021biuni plate \u0219i convexe, produc\u00e2nd \u00een acela\u0219i timp diferite niveluri de debit de pulverizare.<\/li>\n<li>Designul dreptunghiular al sticlei permite utilizatorilor s\u0103 creeze diverse op\u021biuni de dimensiuni, inclusiv sticle de 30 ml, 50 ml \u0219i 200 ml.<\/li>\n<li>Tratamentele speciale de suprafa\u021b\u0103 ofer\u0103 utilizatorilor op\u021biunea de a alege \u00eentre decorarea cu foi\u021b\u0103 de aur aplicat\u0103 manual \u0219i un strat special de acoperire.<\/li>\n<\/ul>","protected":false},"excerpt":{"rendered":"<p>Sticlu\u021be de parfum p\u0103trate premium din sticl\u0103 de 100 ml, pentru ambalaje en-gros \u0219i personalizate. Durabile, personalizabile \u0219i ideale pentru m\u0103rci de parfumuri de lux.<\/p>","protected":false},"featured_media":2803,"comment_status":"open","ping_status":"closed","template":"","meta":{"_acf_changed":false,"site-sidebar-layout":"default","site-content-layout":"","ast-site-content-layout":"default","site-content-style":"default","site-sidebar-style":"default","ast-global-header-display":"","ast-banner-title-visibility":"","ast-main-header-display":"","ast-hfb-above-header-display":"","ast-hfb-below-header-display":"","ast-hfb-mobile-header-display":"","site-post-title":"","ast-breadcrumbs-content":"","ast-featured-img":"","footer-sml-layout":"","ast-disable-related-posts":"","theme-transparent-header-meta":"default","adv-header-id-meta":"","stick-header-meta":"","header-above-stick-meta":"","header-main-stick-meta":"","header-below-stick-meta":"","astra-migrate-meta-layouts":"set","ast-page-background-enabled":"default","ast-page-background-meta":{"desktop":{"background-color":"var(--ast-global-color-5)","background-image":"","background-repeat":"repeat","background-position":"center center","background-size":"auto","background-attachment":"scroll","background-type":"","background-media":"","overlay-type":"","overlay-color":"","overlay-opacity":"","overlay-gradient":""},"tablet":{"background-color":"","background-image":"","background-repeat":"repeat","background-position":"center center","background-size":"auto","background-attachment":"scroll","background-type":"","background-media":"","overlay-type":"","overlay-color":"","overlay-opacity":"","overlay-gradient":""},"mobile":{"background-color":"","background-image":"","background-repeat":"repeat","background-position":"center center","background-size":"auto","background-attachment":"scroll","background-type":"","background-media":"","overlay-type":"","overlay-color":"","overlay-opacity":"","overlay-gradient":""}},"ast-content-background-meta":{"desktop":{"background-color":"var(--ast-global-color-4)","background-image":"","background-repeat":"repeat","background-position":"center center","background-size":"auto","background-attachment":"scroll","background-type":"","background-media":"","overlay-type":"","overlay-color":"","overlay-opacity":"","overlay-gradient":""},"tablet":{"background-color":"var(--ast-global-color-4)","background-image":"","background-repeat":"repeat","background-position":"center center","background-size":"auto","background-attachment":"scroll","background-type":"","background-media":"","overlay-type":"","overlay-color":"","overlay-opacity":"","overlay-gradient":""},"mobile":{"background-color":"var(--ast-global-color-4)","background-image":"","background-repeat":"repeat","background-position":"center center","background-size":"auto","background-attachment":"scroll","background-type":"","background-media":"","overlay-type":"","overlay-color":"","overlay-opacity":"","overlay-gradient":""}}},"product_brand":[],"product_cat":[91,72,41],"product_tag":[],"class_list":{"0":"post-2801","1":"product","2":"type-product","3":"status-publish","4":"has-post-thumbnail","6":"product_cat-custom-perfume-bottles","7":"product_cat-cosmetic-packaging","8":"product_cat-perfume-bottles","9":"desktop-align-left","10":"tablet-align-left","11":"mobile-align-left","13":"first","14":"instock","15":"shipping-taxable","16":"product-type-simple"},"acf":[],"jetpack_sharing_enabled":true,"_links":{"self":[{"href":"https:\/\/theperfumebottles.com\/ro\/wp-json\/wp\/v2\/product\/2801","targetHints":{"allow":["GET"]}}],"collection":[{"href":"https:\/\/theperfumebottles.com\/ro\/wp-json\/wp\/v2\/product"}],"about":[{"href":"https:\/\/theperfumebottles.com\/ro\/wp-json\/wp\/v2\/types\/product"}],"replies":[{"embeddable":true,"href":"https:\/\/theperfumebottles.com\/ro\/wp-json\/wp\/v2\/comments?post=2801"}],"wp:featuredmedia":[{"embeddable":true,"href":"https:\/\/theperfumebottles.com\/ro\/wp-json\/wp\/v2\/media\/2803"}],"wp:attachment":[{"href":"https:\/\/theperfumebottles.com\/ro\/wp-json\/wp\/v2\/media?parent=2801"}],"wp:term":[{"taxonomy":"product_brand","embeddable":true,"href":"https:\/\/theperfumebottles.com\/ro\/wp-json\/wp\/v2\/product_brand?post=2801"},{"taxonomy":"product_cat","embeddable":true,"href":"https:\/\/theperfumebottles.com\/ro\/wp-json\/wp\/v2\/product_cat?post=2801"},{"taxonomy":"product_tag","embeddable":true,"href":"https:\/\/theperfumebottles.com\/ro\/wp-json\/wp\/v2\/product_tag?post=2801"}],"curies":[{"name":"wp","href":"https:\/\/api.w.org\/{rel}","templated":true}]}}