{"id":2806,"date":"2025-03-21T03:55:26","date_gmt":"2025-03-21T03:55:26","guid":{"rendered":"https:\/\/theperfumebottles.com\/?post_type=product&#038;p=2806"},"modified":"2025-05-29T10:24:39","modified_gmt":"2025-05-29T02:24:39","slug":"small-perfume-spray-bottle-30ml-50ml-perfume-oil-bottles","status":"publish","type":"product","link":"https:\/\/theperfumebottles.com\/ro\/produs\/small-perfume-spray-bottle-30ml-50ml-perfume-oil-bottles\/","title":{"rendered":"Sticle mici de parfum cu pulverizator de 30 ml \u0219i 50 ml cu capace din lemn"},"content":{"rendered":"<p>V\u0103 prezent\u0103m seria noastr\u0103 de sticle mici cu pulverizator de parfum, disponibile \u00een dimensiuni de 30 ml \u0219i 50 ml, cu ulei de parfum. Aceast\u0103 sticl\u0103 din sticl\u0103 cristalin\u0103 este conceput\u0103 pentru m\u0103rci de lux \u0219i ecologi\u0219ti. Combin\u0103 un capac din lemn lucrat manual cu un design modern, p\u0103trat, natural, ecologic \u0219i rafinat. Capacul sticlei din lemn natural permite personalizarea logo-urilor m\u0103rcilor, iar capacitatea de 30 ml\/50 ml este flexibil\u0103 pentru a se potrivi dimensiunilor de c\u0103l\u0103torie, parfumurilor de ni\u0219\u0103 sau nevoilor de v\u00e2nzare en-gros.<\/p>\n<h2>Specifica\u021bii cheie<\/h2>\n<div class=\"hyc-common-markdown__table-wrapper\">\n<table>\n<thead>\n<tr>\n<th>Caracteristic\u0103<\/th>\n<th>PB-FZ0401<\/th>\n<th>PB-FZ0402<\/th>\n<\/tr>\n<\/thead>\n<tbody>\n<tr>\n<td>Material<\/td>\n<td>Sticl\u0103 de cristal<\/td>\n<td>Sticl\u0103 de cristal<\/td>\n<\/tr>\n<tr>\n<td>Capacitate<\/td>\n<td>30 ml<\/td>\n<td>50 ml<\/td>\n<\/tr>\n<tr>\n<td>Dimensiuni<\/td>\n<td>36 x 36 x 66 mm<\/td>\n<td>42 x 42 x 77 mm<\/td>\n<\/tr>\n<tr>\n<td>Capac<\/td>\n<td>Capac din lemn natural<\/td>\n<td>Capac din lemn natural<\/td>\n<\/tr>\n<tr>\n<td>Op\u021biuni de culoare<\/td>\n<td>\u0218terge (Personalizabil)<\/td>\n<td>\u0218terge (Personalizabil)<\/td>\n<\/tr>\n<tr>\n<td>Personalizare<\/td>\n<td>Logo, Gravur\u0103, Finisare<\/td>\n<td>Logo, Gravur\u0103, Finisare<\/td>\n<\/tr>\n<tr>\n<td>Disponibilitatea mostrelor<\/td>\n<td>Furnizat<\/td>\n<td>Furnizat<\/td>\n<\/tr>\n<\/tbody>\n<\/table>\n<\/div>\n<h2>De ce s\u0103 alege\u021bi aceste sticle de parfum din sticl\u0103?<\/h2>\n<p>Create pentru versatilitate, acestea<strong>sticlu\u021be mici de parfum<\/strong>\u00a0sunt ideale pentru m\u0103rci de ni\u0219\u0103, m\u0103rci private sau parteneri angro. Construc\u021bia groas\u0103 din sticl\u0103 asigur\u0103 durabilitate, \u00een timp ce forma p\u0103trat\u0103 \u0219i capacele din lemn creeaz\u0103 o prezen\u021b\u0103 remarcabil\u0103 pe raft. Disponibile \u00een<strong>30 ml<\/strong>\u00a0\u0219i<strong>50 ml<\/strong>\u00a0dimensiuni, acestea sunt optimizate pentru uleiuri, colonii sau parfumuri concentrate.<\/p>\n<h2>Perfect pentru nevoi personalizate \u0219i en-gros<\/h2>\n<p>Indiferent dac\u0103 ave\u021bi nevoie de sticle de parfum goale de 30 ml pentru edi\u021bii limitate sau de sticle de ulei de parfum de 50 ml pentru comenzi \u00een vrac, aceast\u0103 serie ofer\u0103 solu\u021bii flexibile. Livrarea rapid\u0103, asisten\u021ba ODM\/OEM \u0219i cantit\u0103\u021bile minime de comand\u0103 reduse faciliteaz\u0103 scalarea m\u0103rcii dvs. Ridica\u021bi-v\u0103 ambalajele parfumului cu modelele noastre de sticle de pulverizare de parfum sustenabile \u0219i portabile. Solicita\u021bi ast\u0103zi mostre de sticle de parfum de 30 ml sau de ulei de parfum de 50 ml \u0219i experimenta\u021bi luxul \u00een fiecare detaliu!<\/p>","protected":false},"excerpt":{"rendered":"<p>Sticlu\u021be mici de parfum premium cu pulverizator, cu capace din lemn \u2014 perfecte pentru uleiuri parfumate, branding personalizat \u0219i comenzi \u00een vrac. Ecologice, portabile \u0219i gata de branding.<\/p>","protected":false},"featured_media":2808,"comment_status":"open","ping_status":"closed","template":"","meta":{"_acf_changed":false,"site-sidebar-layout":"default","site-content-layout":"","ast-site-content-layout":"default","site-content-style":"default","site-sidebar-style":"default","ast-global-header-display":"","ast-banner-title-visibility":"","ast-main-header-display":"","ast-hfb-above-header-display":"","ast-hfb-below-header-display":"","ast-hfb-mobile-header-display":"","site-post-title":"","ast-breadcrumbs-content":"","ast-featured-img":"","footer-sml-layout":"","ast-disable-related-posts":"","theme-transparent-header-meta":"default","adv-header-id-meta":"","stick-header-meta":"","header-above-stick-meta":"","header-main-stick-meta":"","header-below-stick-meta":"","astra-migrate-meta-layouts":"set","ast-page-background-enabled":"default","ast-page-background-meta":{"desktop":{"background-color":"var(--ast-global-color-5)","background-image":"","background-repeat":"repeat","background-position":"center center","background-size":"auto","background-attachment":"scroll","background-type":"","background-media":"","overlay-type":"","overlay-color":"","overlay-opacity":"","overlay-gradient":""},"tablet":{"background-color":"","background-image":"","background-repeat":"repeat","background-position":"center center","background-size":"auto","background-attachment":"scroll","background-type":"","background-media":"","overlay-type":"","overlay-color":"","overlay-opacity":"","overlay-gradient":""},"mobile":{"background-color":"","background-image":"","background-repeat":"repeat","background-position":"center center","background-size":"auto","background-attachment":"scroll","background-type":"","background-media":"","overlay-type":"","overlay-color":"","overlay-opacity":"","overlay-gradient":""}},"ast-content-background-meta":{"desktop":{"background-color":"var(--ast-global-color-4)","background-image":"","background-repeat":"repeat","background-position":"center center","background-size":"auto","background-attachment":"scroll","background-type":"","background-media":"","overlay-type":"","overlay-color":"","overlay-opacity":"","overlay-gradient":""},"tablet":{"background-color":"var(--ast-global-color-4)","background-image":"","background-repeat":"repeat","background-position":"center center","background-size":"auto","background-attachment":"scroll","background-type":"","background-media":"","overlay-type":"","overlay-color":"","overlay-opacity":"","overlay-gradient":""},"mobile":{"background-color":"var(--ast-global-color-4)","background-image":"","background-repeat":"repeat","background-position":"center center","background-size":"auto","background-attachment":"scroll","background-type":"","background-media":"","overlay-type":"","overlay-color":"","overlay-opacity":"","overlay-gradient":""}}},"product_brand":[],"product_cat":[72,41],"product_tag":[],"class_list":{"0":"post-2806","1":"product","2":"type-product","3":"status-publish","4":"has-post-thumbnail","6":"product_cat-cosmetic-packaging","7":"product_cat-perfume-bottles","8":"desktop-align-left","9":"tablet-align-left","10":"mobile-align-left","12":"first","13":"instock","14":"shipping-taxable","15":"product-type-simple"},"acf":[],"jetpack_sharing_enabled":true,"_links":{"self":[{"href":"https:\/\/theperfumebottles.com\/ro\/wp-json\/wp\/v2\/product\/2806","targetHints":{"allow":["GET"]}}],"collection":[{"href":"https:\/\/theperfumebottles.com\/ro\/wp-json\/wp\/v2\/product"}],"about":[{"href":"https:\/\/theperfumebottles.com\/ro\/wp-json\/wp\/v2\/types\/product"}],"replies":[{"embeddable":true,"href":"https:\/\/theperfumebottles.com\/ro\/wp-json\/wp\/v2\/comments?post=2806"}],"wp:featuredmedia":[{"embeddable":true,"href":"https:\/\/theperfumebottles.com\/ro\/wp-json\/wp\/v2\/media\/2808"}],"wp:attachment":[{"href":"https:\/\/theperfumebottles.com\/ro\/wp-json\/wp\/v2\/media?parent=2806"}],"wp:term":[{"taxonomy":"product_brand","embeddable":true,"href":"https:\/\/theperfumebottles.com\/ro\/wp-json\/wp\/v2\/product_brand?post=2806"},{"taxonomy":"product_cat","embeddable":true,"href":"https:\/\/theperfumebottles.com\/ro\/wp-json\/wp\/v2\/product_cat?post=2806"},{"taxonomy":"product_tag","embeddable":true,"href":"https:\/\/theperfumebottles.com\/ro\/wp-json\/wp\/v2\/product_tag?post=2806"}],"curies":[{"name":"wp","href":"https:\/\/api.w.org\/{rel}","templated":true}]}}