{"id":2861,"date":"2025-03-24T07:22:27","date_gmt":"2025-03-24T07:22:27","guid":{"rendered":"https:\/\/theperfumebottles.com\/?post_type=product&#038;p=2861"},"modified":"2025-05-30T15:51:46","modified_gmt":"2025-05-30T07:51:46","slug":"30ml-glass-travel-perfume-bottle-refillable-customizable-luxury","status":"publish","type":"product","link":"https:\/\/theperfumebottles.com\/ro\/produs\/30ml-glass-travel-perfume-bottle-refillable-customizable-luxury\/","title":{"rendered":"Sticl\u0103 de parfum de c\u0103l\u0103torie din sticl\u0103 de 30 ml, re\u00eenc\u0103rcabil\u0103 \u2013 Lux personalizabil"},"content":{"rendered":"<p>Conceput\u0103 pentru brandurile care urm\u0103resc un sim\u021b rafinat al ritualului, aceast\u0103 sticl\u0103 de parfum re\u00eenc\u0103rcabil\u0103 de 30 ml combin\u0103 perfect estetica de linie a sculpturii artistice cu pragmatismul. Brandurile \u0219i designerii de parfumuri de ni\u0219\u0103 \u00eel folosesc pentru a-\u0219i spune propriile pove\u0219ti olfactive, iar fiecare pic\u0103tur\u0103 de parfum devine o oper\u0103 de art\u0103 de colec\u021bie.<\/p>\n<h2>Specifica\u021bii cheie<\/h2>\n<table style=\"border-collapse: collapse;margin-left: auto;margin-right: auto;width: 80%\" border=\"0\" width=\"80%\" cellspacing=\"0\" cellpadding=\"0\">\n<tbody>\n<tr style=\"height: 13.50pt\">\n<td style=\"height: 13.50pt;width: 99.75pt\" width=\"133\" height=\"18\"><strong>Model<\/strong><\/td>\n<td style=\"width: 253.50pt\" width=\"338\">PB-BF1101<\/td>\n<\/tr>\n<tr style=\"height: 13.50pt\">\n<td style=\"height: 13.50pt\" height=\"18\"><strong>Material<\/strong><\/td>\n<td>Sticl\u0103 de cristal + capace din metal\/plastic<\/td>\n<\/tr>\n<tr style=\"height: 13.50pt\">\n<td style=\"height: 13.50pt\" height=\"18\"><strong>Capacitate<\/strong><\/td>\n<td>Sticl\u0103 de parfum de c\u0103l\u0103torie de 30 ml<\/td>\n<\/tr>\n<tr style=\"height: 13.50pt\">\n<td style=\"height: 13.50pt\" height=\"18\"><strong>Dimensiuni<\/strong><\/td>\n<td>45 x 26 x 84 mm (calibru 18 mm)<\/td>\n<\/tr>\n<tr style=\"height: 13.50pt\">\n<td style=\"height: 13.50pt\" height=\"18\"><strong>Op\u021biuni de culoare<\/strong><\/td>\n<td>Sticl\u0103 transparent\u0103 + top auriu\/argintiu\/negru<\/td>\n<\/tr>\n<tr style=\"height: 13.50pt\">\n<td style=\"height: 13.50pt\" height=\"18\"><strong>E\u0219antioane<\/strong><\/td>\n<td>E\u0219antioane personalizate gratuite disponibile<\/td>\n<\/tr>\n<tr style=\"height: 13.50pt\">\n<td style=\"height: 13.50pt\" height=\"18\"><strong>Tipul capacului<\/strong><\/td>\n<td>Spray atomizor rotund cu capac cu \u0219urub<\/td>\n<\/tr>\n<tr style=\"height: 13.50pt\">\n<td style=\"height: 13.50pt\" height=\"18\"><strong>Personalizare<\/strong><\/td>\n<td>Imprimare logo, spray-uri color, ODM\/OEM<\/td>\n<\/tr>\n<\/tbody>\n<\/table>\n<h2>De ce s\u0103 alege\u021bi aceste sticle de parfum re\u00eenc\u0103rcabile?<\/h2>\n<ul>\n<li><strong>Ideal pentru c\u0103l\u0103torii \u0219i comenzi en-gros: <\/strong>Dimensiunea compact\u0103 respect\u0103 reglement\u0103rile TSA, \u00een timp ce op\u021biunile de comand\u0103 \u00een vrac satisfac nevoile m\u0103rcilor care caut\u0103 o solu\u021bie en-gros pentru sticlele de parfum din sticl\u0103.<\/li>\n<li><strong>Posibilit\u0103\u021bi nelimitate de branding: <\/strong>De la logo-uri gravate la finisaje \u00een gradient, proiecta\u021bi sticle goale de parfum care reflect\u0103 povestea m\u0103rcii dvs. Dezvoltarea privat\u0103 a matri\u021belor asigur\u0103 exclusivitatea complet\u0103.<\/li>\n<li><strong>O experien\u021b\u0103 superioar\u0103 de despachetare: <\/strong>Sticla de pulverizare din sticl\u0103 cu talie, asociat\u0103 cu un capac metalic (disponibil \u00een auriu, argintiu sau negru), adaug\u0103 o not\u0103 high-end - perfect\u0103 pentru ambalarea parfumurilor de lux.<\/li>\n<\/ul>\n<h2>Solu\u021bii de personalizare pentru fiecare brand<\/h2>\n<ul>\n<li>\u200b<strong>Aplicarea logo-ului<\/strong>: Ecran de m\u0103tase, \u0219tampilare la cald sau imprimare UV.<\/li>\n<li>\u200b<strong>Materiale pentru capace<\/strong>: Aluminiu, plastic sau lemn durabil.<\/li>\n<li>\u200b<strong>Efecte de sticl\u0103<\/strong>: Finisaje glazurate, gradient ombr\u00e9 sau pulverizate \u00een culori.<\/li>\n<li>\u200b<strong>Beneficiile comenzii \u00een vrac<\/strong>: Pre\u021buri competitive pentru sticlele de sticl\u0103 en-gros.<\/li>\n<\/ul>\n<h2>Ideal pentru:<\/h2>\n<ol>\n<li>Brandurile de parfumuri de tip boutique lanseaz\u0103 edi\u021bii de c\u0103l\u0103torie.<\/li>\n<li>Proiecte de m\u0103rci private care necesit\u0103 ambalaje unice pentru parfumuri.<\/li>\n<li>Brandurile acord\u0103 prioritate recipientelor de parfum re\u00eenc\u0103rcabile ecologice.<\/li>\n<\/ol>","protected":false},"excerpt":{"rendered":"<p>Descoperi\u021bi sticla premium de 30 ml sticla de parfum de c\u0103l\u0103torie re\u00eenc\u0103rcabil\u0103. Capace personalizabile, design ergonomic, comenzi \u00een vrac. \u00cembun\u0103t\u0103\u021bi\u021bi ast\u0103zi brandingul dvs. de parfumuri!<\/p>","protected":false},"featured_media":2862,"comment_status":"open","ping_status":"closed","template":"","meta":{"_acf_changed":false,"site-sidebar-layout":"default","site-content-layout":"","ast-site-content-layout":"default","site-content-style":"default","site-sidebar-style":"default","ast-global-header-display":"","ast-banner-title-visibility":"","ast-main-header-display":"","ast-hfb-above-header-display":"","ast-hfb-below-header-display":"","ast-hfb-mobile-header-display":"","site-post-title":"","ast-breadcrumbs-content":"","ast-featured-img":"","footer-sml-layout":"","ast-disable-related-posts":"","theme-transparent-header-meta":"default","adv-header-id-meta":"","stick-header-meta":"","header-above-stick-meta":"","header-main-stick-meta":"","header-below-stick-meta":"","astra-migrate-meta-layouts":"set","ast-page-background-enabled":"default","ast-page-background-meta":{"desktop":{"background-color":"var(--ast-global-color-5)","background-image":"","background-repeat":"repeat","background-position":"center center","background-size":"auto","background-attachment":"scroll","background-type":"","background-media":"","overlay-type":"","overlay-color":"","overlay-opacity":"","overlay-gradient":""},"tablet":{"background-color":"","background-image":"","background-repeat":"repeat","background-position":"center center","background-size":"auto","background-attachment":"scroll","background-type":"","background-media":"","overlay-type":"","overlay-color":"","overlay-opacity":"","overlay-gradient":""},"mobile":{"background-color":"","background-image":"","background-repeat":"repeat","background-position":"center center","background-size":"auto","background-attachment":"scroll","background-type":"","background-media":"","overlay-type":"","overlay-color":"","overlay-opacity":"","overlay-gradient":""}},"ast-content-background-meta":{"desktop":{"background-color":"var(--ast-global-color-4)","background-image":"","background-repeat":"repeat","background-position":"center center","background-size":"auto","background-attachment":"scroll","background-type":"","background-media":"","overlay-type":"","overlay-color":"","overlay-opacity":"","overlay-gradient":""},"tablet":{"background-color":"var(--ast-global-color-4)","background-image":"","background-repeat":"repeat","background-position":"center center","background-size":"auto","background-attachment":"scroll","background-type":"","background-media":"","overlay-type":"","overlay-color":"","overlay-opacity":"","overlay-gradient":""},"mobile":{"background-color":"var(--ast-global-color-4)","background-image":"","background-repeat":"repeat","background-position":"center center","background-size":"auto","background-attachment":"scroll","background-type":"","background-media":"","overlay-type":"","overlay-color":"","overlay-opacity":"","overlay-gradient":""}}},"product_brand":[],"product_cat":[72,74,41,90],"product_tag":[],"class_list":{"0":"post-2861","1":"product","2":"type-product","3":"status-publish","4":"has-post-thumbnail","6":"product_cat-cosmetic-packaging","7":"product_cat-mini-perfume-bottles","8":"product_cat-perfume-bottles","9":"product_cat-refillable-perfume-bottles","10":"desktop-align-left","11":"tablet-align-left","12":"mobile-align-left","14":"first","15":"instock","16":"shipping-taxable","17":"product-type-simple"},"acf":[],"jetpack_sharing_enabled":true,"_links":{"self":[{"href":"https:\/\/theperfumebottles.com\/ro\/wp-json\/wp\/v2\/product\/2861","targetHints":{"allow":["GET"]}}],"collection":[{"href":"https:\/\/theperfumebottles.com\/ro\/wp-json\/wp\/v2\/product"}],"about":[{"href":"https:\/\/theperfumebottles.com\/ro\/wp-json\/wp\/v2\/types\/product"}],"replies":[{"embeddable":true,"href":"https:\/\/theperfumebottles.com\/ro\/wp-json\/wp\/v2\/comments?post=2861"}],"wp:featuredmedia":[{"embeddable":true,"href":"https:\/\/theperfumebottles.com\/ro\/wp-json\/wp\/v2\/media\/2862"}],"wp:attachment":[{"href":"https:\/\/theperfumebottles.com\/ro\/wp-json\/wp\/v2\/media?parent=2861"}],"wp:term":[{"taxonomy":"product_brand","embeddable":true,"href":"https:\/\/theperfumebottles.com\/ro\/wp-json\/wp\/v2\/product_brand?post=2861"},{"taxonomy":"product_cat","embeddable":true,"href":"https:\/\/theperfumebottles.com\/ro\/wp-json\/wp\/v2\/product_cat?post=2861"},{"taxonomy":"product_tag","embeddable":true,"href":"https:\/\/theperfumebottles.com\/ro\/wp-json\/wp\/v2\/product_tag?post=2861"}],"curies":[{"name":"wp","href":"https:\/\/api.w.org\/{rel}","templated":true}]}}