{"id":2886,"date":"2025-03-25T09:57:46","date_gmt":"2025-03-25T09:57:46","guid":{"rendered":"https:\/\/theperfumebottles.com\/?post_type=product&#038;p=2886"},"modified":"2025-04-18T03:37:48","modified_gmt":"2025-04-18T03:37:48","slug":"small-fragrance-bottles-cologne-spray-bottles","status":"publish","type":"product","link":"https:\/\/theperfumebottles.com\/ro\/produs\/small-fragrance-bottles-cologne-spray-bottles\/","title":{"rendered":"Sticlu\u021be mici de parfum de 30 ml, 45 ml, 50 ml \u0219i 100 ml, cu capac din lemn"},"content":{"rendered":"<p>\u00cembun\u0103t\u0103\u021bi\u021bi-v\u0103 parfumul, aftershave-ul sau linia de wellness cu seria Natural Essence - o colec\u021bie minimalist\u0103 de\u00a0<em>sticlu\u021be mici cu spray de ap\u0103 de colonie<\/em>\u00a0\u015fi\u00a0<em>sticle goale de parfum<\/em>\u00a0concepute pentru m\u0103rci artizanale. Realizate din sticl\u0103 cristalin\u0103 cu blaturi ecologice din lemn sau negru mat, aceste recipiente \u00eembin\u0103 elegan\u021ba modern\u0103 cu versatilitatea practic\u0103.<\/p>\n<h2>Specifica\u021bii cheie pentru sticle mici de parfum<\/h2>\n<table style=\"border-collapse: collapse; margin-left: auto; margin-right: auto; width: 100%;\" border=\"0\" width=\"100%\" cellspacing=\"0\" cellpadding=\"0\">\n<tbody>\n<tr style=\"height: 10pt;\">\n<td style=\"height: 10pt; width: 87.75pt;\" width=\"117\" height=\"18\">Model<\/td>\n<td style=\"width: 54.00pt;\" width=\"72\">Capacitate<\/td>\n<td style=\"width: 184.50pt;\" width=\"246\">Specifica\u021bii<\/td>\n<td style=\"width: 81.00pt;\" width=\"108\">Tipul de etan\u0219are<\/td>\n<td class=\"et2\" style=\"width: 262.50pt;\" width=\"350\">Culoare<\/td>\n<\/tr>\n<tr style=\"height: 40.50pt;\">\n<td style=\"height: 40.50pt;\" height=\"54\">PB-FZ0801<\/td>\n<td>30 ml<\/td>\n<td>35\u00d735\u00d766 mm, calibru 15 mm<\/td>\n<td>Top sterilizare<\/td>\n<td class=\"et2\" style=\"width: 262.50pt;\" width=\"350\">Sticl\u0103 transparent\u0103, maro nuc, stejar deschis, capac negru mat (personalizabil)<\/td>\n<\/tr>\n<tr style=\"height: 40.50pt;\">\n<td style=\"height: 40.50pt;\" height=\"54\">PB-FZ0802<\/td>\n<td>30 ml<\/td>\n<td>37\u00d737\u00d765 mm, calibru 15 mm<\/td>\n<td>Top sterilizare<\/td>\n<td class=\"et2\" style=\"width: 262.50pt;\" width=\"350\">Sticl\u0103 transparent\u0103, maro nuc, stejar deschis, capac negru mat (personalizabil)<\/td>\n<\/tr>\n<tr style=\"height: 40.50pt;\">\n<td style=\"height: 40.50pt;\" height=\"54\">PB-FZ0803<\/td>\n<td>50 ml<\/td>\n<td>32\u00d732\u00d785 mm, calibru 15 mm<\/td>\n<td>Top sterilizare<\/td>\n<td class=\"et2\" style=\"width: 262.50pt;\" width=\"350\">Sticl\u0103 transparent\u0103, maro nuc, stejar deschis, capac negru mat (personalizabil)<\/td>\n<\/tr>\n<tr style=\"height: 40.50pt;\">\n<td style=\"height: 40.50pt;\" height=\"54\">PB-FZ0804<\/td>\n<td>45ml<\/td>\n<td>37\u00d737\u00d786 mm, calibru 15 mm<\/td>\n<td>Top sterilizare<\/td>\n<td class=\"et2\" style=\"width: 262.50pt;\" width=\"350\">Sticl\u0103 transparent\u0103, maro nuc, stejar deschis, capac negru mat (personalizabil)<\/td>\n<\/tr>\n<tr style=\"height: 40.50pt;\">\n<td style=\"height: 40.50pt;\" height=\"54\">PB-FZ0805<\/td>\n<td>100 ml<\/td>\n<td>47\u00d747\u00d7103 mm, calibru 15 mm<\/td>\n<td>Top sterilizare<\/td>\n<td class=\"et2\" style=\"width: 262.50pt;\" width=\"350\">Sticl\u0103 transparent\u0103, maro nuc, stejar deschis, capac negru mat (personalizabil)<\/td>\n<\/tr>\n<\/tbody>\n<\/table>\n<h2>Ne\u00eendoielnic al t\u0103u:<\/h2>\n<ul>\n<li>Capace care sparg tiparele: Finisaje metalice imprimate 3D sau plut\u0103 reciclat\u0103<\/li>\n<li>Bonus: Kituri de mostre gratuite - pentru c\u0103 merita\u021bi s\u0103 sim\u021bi\u021bi calitatea \u00eenainte de a v\u0103 angaja.<\/li>\n<\/ul>\n<h2>Pentru:<\/h2>\n<ul>\n<li>Alchimi\u0219tii de parfumuri s-au s\u0103turat de sticlele generice<\/li>\n<li>M\u0103rcile de produse de \u00eengrijire care disting sexul rescriu regulile<\/li>\n<li>R\u0103zboinicii ecologici transform\u0103 re\u00eenc\u0103rc\u0103rile \u00een ritualuri<\/li>\n<li>Hoteluri care doresc ca oaspe\u021bii s\u0103 fure facilit\u0103\u021bile (serios, se \u00eent\u00e2mpl\u0103)<\/li>\n<\/ul>","protected":false},"excerpt":{"rendered":"<p>\u00cembun\u0103t\u0103\u021bi\u021bi-v\u0103 parfumul, aftershave-ul sau linia de wellness cu seria Natural Essence - o colec\u021bie minimalist\u0103 de\u00a0<em>sticlu\u021be mici cu spray de ap\u0103 de colonie<\/em>\u00a0\u015fi\u00a0<em>sticle goale de parfum<\/em>\u00a0concepute pentru m\u0103rci artizanale.<\/p>","protected":false},"featured_media":2887,"comment_status":"open","ping_status":"closed","template":"","meta":{"_acf_changed":false,"site-sidebar-layout":"default","site-content-layout":"","ast-site-content-layout":"default","site-content-style":"default","site-sidebar-style":"default","ast-global-header-display":"","ast-banner-title-visibility":"","ast-main-header-display":"","ast-hfb-above-header-display":"","ast-hfb-below-header-display":"","ast-hfb-mobile-header-display":"","site-post-title":"","ast-breadcrumbs-content":"","ast-featured-img":"","footer-sml-layout":"","ast-disable-related-posts":"","theme-transparent-header-meta":"default","adv-header-id-meta":"","stick-header-meta":"","header-above-stick-meta":"","header-main-stick-meta":"","header-below-stick-meta":"","astra-migrate-meta-layouts":"set","ast-page-background-enabled":"default","ast-page-background-meta":{"desktop":{"background-color":"var(--ast-global-color-5)","background-image":"","background-repeat":"repeat","background-position":"center center","background-size":"auto","background-attachment":"scroll","background-type":"","background-media":"","overlay-type":"","overlay-color":"","overlay-opacity":"","overlay-gradient":""},"tablet":{"background-color":"","background-image":"","background-repeat":"repeat","background-position":"center center","background-size":"auto","background-attachment":"scroll","background-type":"","background-media":"","overlay-type":"","overlay-color":"","overlay-opacity":"","overlay-gradient":""},"mobile":{"background-color":"","background-image":"","background-repeat":"repeat","background-position":"center center","background-size":"auto","background-attachment":"scroll","background-type":"","background-media":"","overlay-type":"","overlay-color":"","overlay-opacity":"","overlay-gradient":""}},"ast-content-background-meta":{"desktop":{"background-color":"var(--ast-global-color-4)","background-image":"","background-repeat":"repeat","background-position":"center center","background-size":"auto","background-attachment":"scroll","background-type":"","background-media":"","overlay-type":"","overlay-color":"","overlay-opacity":"","overlay-gradient":""},"tablet":{"background-color":"var(--ast-global-color-4)","background-image":"","background-repeat":"repeat","background-position":"center center","background-size":"auto","background-attachment":"scroll","background-type":"","background-media":"","overlay-type":"","overlay-color":"","overlay-opacity":"","overlay-gradient":""},"mobile":{"background-color":"var(--ast-global-color-4)","background-image":"","background-repeat":"repeat","background-position":"center center","background-size":"auto","background-attachment":"scroll","background-type":"","background-media":"","overlay-type":"","overlay-color":"","overlay-opacity":"","overlay-gradient":""}}},"product_brand":[],"product_cat":[72,91,41],"product_tag":[],"class_list":{"0":"post-2886","1":"product","2":"type-product","3":"status-publish","4":"has-post-thumbnail","6":"product_cat-cosmetic-packaging","7":"product_cat-custom-perfume-bottles","8":"product_cat-perfume-bottles","9":"desktop-align-left","10":"tablet-align-left","11":"mobile-align-left","13":"first","14":"instock","15":"shipping-taxable","16":"product-type-simple"},"acf":[],"jetpack_sharing_enabled":true,"_links":{"self":[{"href":"https:\/\/theperfumebottles.com\/ro\/wp-json\/wp\/v2\/product\/2886","targetHints":{"allow":["GET"]}}],"collection":[{"href":"https:\/\/theperfumebottles.com\/ro\/wp-json\/wp\/v2\/product"}],"about":[{"href":"https:\/\/theperfumebottles.com\/ro\/wp-json\/wp\/v2\/types\/product"}],"replies":[{"embeddable":true,"href":"https:\/\/theperfumebottles.com\/ro\/wp-json\/wp\/v2\/comments?post=2886"}],"wp:featuredmedia":[{"embeddable":true,"href":"https:\/\/theperfumebottles.com\/ro\/wp-json\/wp\/v2\/media\/2887"}],"wp:attachment":[{"href":"https:\/\/theperfumebottles.com\/ro\/wp-json\/wp\/v2\/media?parent=2886"}],"wp:term":[{"taxonomy":"product_brand","embeddable":true,"href":"https:\/\/theperfumebottles.com\/ro\/wp-json\/wp\/v2\/product_brand?post=2886"},{"taxonomy":"product_cat","embeddable":true,"href":"https:\/\/theperfumebottles.com\/ro\/wp-json\/wp\/v2\/product_cat?post=2886"},{"taxonomy":"product_tag","embeddable":true,"href":"https:\/\/theperfumebottles.com\/ro\/wp-json\/wp\/v2\/product_tag?post=2886"}],"curies":[{"name":"wp","href":"https:\/\/api.w.org\/{rel}","templated":true}]}}