{"id":2915,"date":"2025-03-26T09:33:10","date_gmt":"2025-03-26T09:33:10","guid":{"rendered":"https:\/\/theperfumebottles.com\/?post_type=product&#038;p=2915"},"modified":"2025-05-27T15:12:42","modified_gmt":"2025-05-27T07:12:42","slug":"30ml-50ml-most-beautiful-perfume-bottles-with-ball-tops","status":"publish","type":"product","link":"https:\/\/theperfumebottles.com\/ro\/produs\/30ml-50ml-most-beautiful-perfume-bottles-with-ball-tops\/","title":{"rendered":"30ml 50ml Cele mai frumoase sticle de parfum cu dop sferic"},"content":{"rendered":"<p>Pentru brandurile \u0219i comercian\u021bii care doresc s\u0103 captiveze clien\u021bii cu sticle de parfum frumoase, seria noastr\u0103 de sticle de parfum cele mai frumoase (modelele PB-GK0301 \u0219i PB-GK0302) combin\u0103 elegan\u021ba, durabilitatea \u0219i personalizarea pentru a v\u0103 \u00eembun\u0103t\u0103\u021bi parfumul, colonia sau linia de aftershave. Create pentru branding premium, aceste recipiente din sticl\u0103 sunt concepute pentru a v\u0103 prezenta parfumul cu o sofisticare de neegalat.<\/p>\n<h2>Specifica\u021bii cheie dintr-o privire<\/h2>\n<div class=\"hyc-common-markdown__table-wrapper\">\n<table>\n<thead>\n<tr>\n<th>\u200b<strong>Model<\/strong><\/th>\n<th>PB-GK0301<\/th>\n<th>PB-GK0302<\/th>\n<\/tr>\n<\/thead>\n<tbody>\n<tr>\n<td>\u200b<strong>Capacitate<\/strong><\/td>\n<td>50 ml<\/td>\n<td>100 ml<\/td>\n<\/tr>\n<tr>\n<td>\u200b<strong>Dimensiuni<\/strong><\/td>\n<td>39\u00d749\u00d7119 mm<\/td>\n<td>45\u00d755\u00d7130 mm<\/td>\n<\/tr>\n<tr>\n<td>\u200b<strong>Material<\/strong><\/td>\n<td>Sticl\u0103 de cristal<\/td>\n<td>Sticl\u0103 de cristal<\/td>\n<\/tr>\n<tr>\n<td>\u200b<strong>Culorile capacelor<\/strong><\/td>\n<td>Albastru\/Alb\/Personalizat<\/td>\n<td>Albastru\/Alb\/Personalizat<\/td>\n<\/tr>\n<tr>\n<td>\u200b<strong>Tipul de etan\u0219are<\/strong><\/td>\n<td>Pulverizare de sus<\/td>\n<td>Pulverizare de sus<\/td>\n<\/tr>\n<\/tbody>\n<\/table>\n<\/div>\n<h2>De ce sticlele noastre de parfum se aliniaz\u0103 cu obiectivele m\u0103rcii tale<\/h2>\n<ul>\n<li>\u200b<strong>Branding personalizat<\/strong>Transforma\u021bi sticlele de parfum goale \u00een piese emblematice cu gravarea logo-ului, culori personalizate ale capacelor sau etichete personalizate.<\/li>\n<li>\u200b<strong>Ambalaje premium<\/strong>Designul corpului de sticl\u0103 \u0219i al atomizorului se aliniaz\u0103 cu estetica luxoas\u0103, ideale pentru parfumuri, aftershave-uri sau linii de colonie de \u00eenalt\u0103 calitate.<\/li>\n<li>\u200b<strong>Eficien\u021b\u0103 \u00een vrac<\/strong>\u00cen calitate de produc\u0103tor de \u00eencredere, oferim pre\u021buri competitive \u00een vrac \u0219i livrare securizat\u0103 pentru a sprijini angrosi\u0219tii \u0219i startup-urile.<\/li>\n<\/ul>\n<h2>Ideal pentru:<\/h2>\n<p>\u200b<strong>M\u0103rci de lux<\/strong>Ridic\u0103-\u021bi \u200b<strong>parfum<\/strong>\u00a0linie cu<strong>ambalaj elegant<\/strong>\u00a0care reflect\u0103 calitate premium.<br \/>\n<strong>Potrivit pentru c\u0103l\u0103torii:<\/strong> Sticla rafinat\u0103 \u0219i compact\u0103 de 50 ml poate fi u\u0219or pus\u0103 \u00eentr-o geant\u0103, elegant\u0103 oriunde te-ai duce.<br \/>\n\u200b<strong>Etichete private<\/strong>Crea\u021bi<strong>unic<\/strong>\u00a0branding cu personalizabilitate<strong>containere<\/strong>\u00a0pentru pie\u021be de ni\u0219\u0103.<\/p>\n<p><strong>Parteneria\u021bi cu noi ast\u0103zi<\/strong><br \/>\nIe\u0219i \u00een eviden\u021b\u0103 \u00een industria competitiv\u0103 a parfumurilor cu<strong>sticlu\u021be de parfum frumoase<\/strong>\u00a0Conceput pentru a impresiona. Solicita\u021bi mostre sau discuta\u021bi comenzi \u00een vrac acum pentru a debloca poten\u021bialul m\u0103rcii dvs.!<\/p>","protected":false},"excerpt":{"rendered":"<p>Descoper\u0103 cele mai frumoase sticlu\u021be de parfum pentru m\u0103rci de lux. Modele premium din sticl\u0103 cristalin\u0103 de 50 ml \u0219i 100 ml, capace personalizabile \u0219i op\u021biuni vrac.<\/p>","protected":false},"featured_media":2918,"comment_status":"open","ping_status":"closed","template":"","meta":{"_acf_changed":false,"site-sidebar-layout":"default","site-content-layout":"","ast-site-content-layout":"default","site-content-style":"default","site-sidebar-style":"default","ast-global-header-display":"","ast-banner-title-visibility":"","ast-main-header-display":"","ast-hfb-above-header-display":"","ast-hfb-below-header-display":"","ast-hfb-mobile-header-display":"","site-post-title":"","ast-breadcrumbs-content":"","ast-featured-img":"","footer-sml-layout":"","ast-disable-related-posts":"","theme-transparent-header-meta":"default","adv-header-id-meta":"","stick-header-meta":"","header-above-stick-meta":"","header-main-stick-meta":"","header-below-stick-meta":"","astra-migrate-meta-layouts":"set","ast-page-background-enabled":"default","ast-page-background-meta":{"desktop":{"background-color":"var(--ast-global-color-5)","background-image":"","background-repeat":"repeat","background-position":"center center","background-size":"auto","background-attachment":"scroll","background-type":"","background-media":"","overlay-type":"","overlay-color":"","overlay-opacity":"","overlay-gradient":""},"tablet":{"background-color":"","background-image":"","background-repeat":"repeat","background-position":"center center","background-size":"auto","background-attachment":"scroll","background-type":"","background-media":"","overlay-type":"","overlay-color":"","overlay-opacity":"","overlay-gradient":""},"mobile":{"background-color":"","background-image":"","background-repeat":"repeat","background-position":"center center","background-size":"auto","background-attachment":"scroll","background-type":"","background-media":"","overlay-type":"","overlay-color":"","overlay-opacity":"","overlay-gradient":""}},"ast-content-background-meta":{"desktop":{"background-color":"var(--ast-global-color-4)","background-image":"","background-repeat":"repeat","background-position":"center center","background-size":"auto","background-attachment":"scroll","background-type":"","background-media":"","overlay-type":"","overlay-color":"","overlay-opacity":"","overlay-gradient":""},"tablet":{"background-color":"var(--ast-global-color-4)","background-image":"","background-repeat":"repeat","background-position":"center center","background-size":"auto","background-attachment":"scroll","background-type":"","background-media":"","overlay-type":"","overlay-color":"","overlay-opacity":"","overlay-gradient":""},"mobile":{"background-color":"var(--ast-global-color-4)","background-image":"","background-repeat":"repeat","background-position":"center center","background-size":"auto","background-attachment":"scroll","background-type":"","background-media":"","overlay-type":"","overlay-color":"","overlay-opacity":"","overlay-gradient":""}}},"product_brand":[],"product_cat":[72,41],"product_tag":[],"class_list":{"0":"post-2915","1":"product","2":"type-product","3":"status-publish","4":"has-post-thumbnail","6":"product_cat-cosmetic-packaging","7":"product_cat-perfume-bottles","8":"desktop-align-left","9":"tablet-align-left","10":"mobile-align-left","12":"first","13":"instock","14":"shipping-taxable","15":"product-type-simple"},"acf":[],"jetpack_sharing_enabled":true,"_links":{"self":[{"href":"https:\/\/theperfumebottles.com\/ro\/wp-json\/wp\/v2\/product\/2915","targetHints":{"allow":["GET"]}}],"collection":[{"href":"https:\/\/theperfumebottles.com\/ro\/wp-json\/wp\/v2\/product"}],"about":[{"href":"https:\/\/theperfumebottles.com\/ro\/wp-json\/wp\/v2\/types\/product"}],"replies":[{"embeddable":true,"href":"https:\/\/theperfumebottles.com\/ro\/wp-json\/wp\/v2\/comments?post=2915"}],"wp:featuredmedia":[{"embeddable":true,"href":"https:\/\/theperfumebottles.com\/ro\/wp-json\/wp\/v2\/media\/2918"}],"wp:attachment":[{"href":"https:\/\/theperfumebottles.com\/ro\/wp-json\/wp\/v2\/media?parent=2915"}],"wp:term":[{"taxonomy":"product_brand","embeddable":true,"href":"https:\/\/theperfumebottles.com\/ro\/wp-json\/wp\/v2\/product_brand?post=2915"},{"taxonomy":"product_cat","embeddable":true,"href":"https:\/\/theperfumebottles.com\/ro\/wp-json\/wp\/v2\/product_cat?post=2915"},{"taxonomy":"product_tag","embeddable":true,"href":"https:\/\/theperfumebottles.com\/ro\/wp-json\/wp\/v2\/product_tag?post=2915"}],"curies":[{"name":"wp","href":"https:\/\/api.w.org\/{rel}","templated":true}]}}